{"id":9298,"date":"2018-02-22T19:23:07","date_gmt":"2018-02-22T19:23:07","guid":{"rendered":"http:\/\/www2.unifap.br\/drh\/?page_id=9298"},"modified":"2019-05-23T17:49:16","modified_gmt":"2019-05-23T17:49:16","slug":"abandono-de-cargo-e-inassiduidade-habitual","status":"publish","type":"page","link":"https:\/\/www2.unifap.br\/drh\/manual-do-servidor\/abandono-de-cargo-e-inassiduidade-habitual\/","title":{"rendered":"Abandono de Cargo e Inassiduidade Habitual"},"content":{"rendered":"<p style=\"text-align: justify\"><span style=\"color: #008000\"><strong>DEFINI\u00c7\u00c3O<\/strong><\/span><\/p>\n<p style=\"text-align: justify\" align=\"justify\"><strong>Abandono de cargo<\/strong>&nbsp;\u00e9 a aus\u00eancia intencional do servidor ao servi\u00e7o por mais de 30 (trinta) dias consecutivos.<\/p>\n<p style=\"text-align: justify\" align=\"justify\"><strong>Inassiduidade habitual<\/strong>&nbsp;\u00e9 a aus\u00eancia injustificada por per\u00edodo igual ou superior a 60 (sessenta) dias, interpoladamente, durante o per\u00edodo de 12 (doze) meses.<\/p>\n<p style=\"text-align: justify\"><span style=\"color: #008000\"><strong>REQUISITO B\u00c1SICO<\/strong><\/span><\/p>\n<p style=\"text-align: justify\" align=\"justify\">Configura\u00e7\u00e3o do abandono intencional do cargo ou inassiduidade habitual por meio de processo administrativo disciplinar, adotando-se o procedimento sum\u00e1rio.<\/p>\n<p style=\"text-align: justify\"><span style=\"color: #008000\"><strong>DOCUMENTA\u00c7\u00c3O<\/strong><\/span><\/p>\n<p style=\"text-align: justify\" align=\"justify\">1. Comprova\u00e7\u00e3o da aus\u00eancia atrav\u00e9s do documento de apura\u00e7\u00e3o di\u00e1ria da frequ\u00eancia;<\/p>\n<p style=\"text-align: justify\" align=\"justify\">2. Ato de designa\u00e7\u00e3o da comiss\u00e3o de processo administrativo disciplinar.<\/p>\n<p style=\"text-align: justify\"><span style=\"color: #008000\"><strong>INFORMA\u00c7\u00d5ES GERAIS<\/strong><\/span><\/p>\n<p style=\"text-align: justify\" align=\"justify\">1. Na apura\u00e7\u00e3o do abandono de cargo ou inassiduidade habitual tamb\u00e9m ser\u00e1 adotado o procedimento sum\u00e1rio, a que se refere o artigo 133, da Lei n\u00ba 8.112\/90, observando-se especialmente que: (Art. 140 da Lei n\u00ba 8.112\/90 e Lei n\u00ba 9.784\/99, que regula o processo administrativo);<\/p>\n<p style=\"text-align: justify\" align=\"justify\">I. A indica\u00e7\u00e3o da materialidade dar-se-\u00e1:<\/p>\n<p style=\"text-align: justify\" align=\"justify\">a) Na hip\u00f3tese de abandono de cargo, pela indica\u00e7\u00e3o precisa do per\u00edodo de aus\u00eancia intencional do servidor ao servi\u00e7o superior a 30 (trinta) dias;<\/p>\n<p style=\"text-align: justify\" align=\"justify\">b) No caso de inassiduidade habitual, pela indica\u00e7\u00e3o dos dias de falta ao servi\u00e7o sem causa justificada, por per\u00edodo igual ou superior a 60 (sessenta) dias interpoladamente, durante o per\u00edodo de 12 (doze) meses;<\/p>\n<p style=\"text-align: justify\" align=\"justify\">II. Ap\u00f3s a apresenta\u00e7\u00e3o da defesa a comiss\u00e3o elaborar\u00e1 relat\u00f3rio conclusivo quanto \u00e0 inoc\u00eancia ou \u00e0 responsabilidade do servidor, em que resumir\u00e1 as pe\u00e7as principais dos autos, indicar\u00e1 o respectivo dispositivo legal, na hip\u00f3tese de abandono de cargo, sobre a intencionalidade da aus\u00eancia ao servi\u00e7o superior a 30 (trinta) dias e remeter\u00e1 o processo \u00e0 autoridade instauradora para julgamento.<\/p>\n<p style=\"text-align: justify\" align=\"justify\">2. Caso o servidor indiciado encontre-se em lugar incerto e n\u00e3o sabido, ser\u00e1 citado por edital, publicado no Di\u00e1rio Oficial da Uni\u00e3o e em jornal de grande circula\u00e7\u00e3o na localidade do \u00faltimo domic\u00edlio conhecido, para apresentar sua defesa. Neste caso o prazo para defesa ser\u00e1 de 15 (quinze) dias a partir da publica\u00e7\u00e3o do edital. (Art. 163 da Lei n\u00ba 8.112\/90);<\/p>\n<p style=\"text-align: justify\" align=\"justify\">3. Abandonar cargo p\u00fablico, fora dos casos permitidos em lei: Pena \u2013 deten\u00e7\u00e3o, de quinze dias a um m\u00eas, ou multa, se do fato resulta preju\u00edzo p\u00fablico: Pena \u2013 deten\u00e7\u00e3o, de tr\u00eas meses a um ano, e multa. (Art. 323, \u00a7 1\u00ba do C\u00f3digo Penal).<\/p>\n<p>&nbsp;<\/p>\n<p><span style=\"color: #0000ff\"><strong>FUNDAMENTA\u00c7\u00c3O<\/strong><\/span><\/p>\n<p align=\"justify\">1. Artigos 132, incisos II e III, 138 e 163 da&nbsp;<strong><a href=\"http:\/\/www.planalto.gov.br\/ccivil_03\/leis\/L8112cons.htm\" target=\"_blank\" rel=\"alternate noopener\">Lei n\u00ba 8.112<\/a><\/strong>, de 11\/12\/1990 (DOU 12\/12\/1990);<\/p>\n<p align=\"justify\">2. Artigo 140, al\u00ednea \u201ca\u201d, inciso II da&nbsp;<strong><a href=\"http:\/\/www.planalto.gov.br\/ccivil_03\/leis\/L8112cons.htm\" target=\"_blank\" rel=\"alternate noopener\">Lei n\u00ba 8.112<\/a><\/strong>, de 11\/12\/1990 (DOU 12\/12\/1990), com reda\u00e7\u00e3o dada pela&nbsp;<strong><a href=\"http:\/\/www.planalto.gov.br\/ccivil_03\/leis\/l9527.htm\" target=\"_blank\" rel=\"alternate noopener\">Lei n\u00ba 9.527<\/a><\/strong>, de 10\/12\/97 (DOU 11\/12\/1997);<\/p>\n<p align=\"justify\">3.&nbsp;<strong><a href=\"http:\/\/www.planalto.gov.br\/ccivil_03\/decreto\/D3035.htm\" target=\"_blank\" rel=\"alternate noopener\">Decreto n\u00ba 3.035<\/a><\/strong>, de 27\/04\/1999 (DOU 28\/04\/1999);<\/p>\n<p align=\"justify\">4.&nbsp;<strong><a href=\"http:\/\/www.planalto.gov.br\/ccivil_03\/_ato2007-2010\/2007\/Decreto\/D6097.htm\" target=\"_blank\" rel=\"alternate noopener\">Decreto n\u00ba 6.097<\/a><\/strong>, de 24\/04\/2007 (DOU 25\/04\/2007);<\/p>\n<p align=\"justify\">5.&nbsp;<strong><a href=\"http:\/\/www.planalto.gov.br\/ccivil_03\/leis\/L9784.htm\" target=\"_blank\" rel=\"alternate noopener\">Lei n\u00ba 9.784<\/a><\/strong>, de 29\/01\/1999 (DOU 01\/02\/1999);<\/p>\n<p align=\"justify\">6.&nbsp;<strong><a href=\"http:\/\/www.planalto.gov.br\/ccivil_03\/decreto\/d1171.htm\" target=\"_blank\" rel=\"alternate noopener\">Decreto n\u00ba 1.171<\/a><\/strong>, de 22\/06\/1994 (DOU 23\/06\/1994);<\/p>\n<p align=\"justify\">7. Art. 323, \u00a7 1\u00ba do C\u00f3digo Penal.<\/p>\n","protected":false},"excerpt":{"rendered":"<p>DEFINI\u00c7\u00c3O Abandono de cargo&nbsp;\u00e9 a aus\u00eancia intencional do servidor ao servi\u00e7o por mais de 30 (trinta) dias consecutivos. Inassiduidade habitual&nbsp;\u00e9 a aus\u00eancia injustificada por per\u00edodo igual ou superior a 60 (sessenta) dias, interpoladamente, durante o per\u00edodo de 12 (doze) meses. REQUISITO B\u00c1SICO Configura\u00e7\u00e3o do abandono intencional do cargo ou inassiduidade habitual por meio de processo&#8230;<\/p>\n","protected":false},"author":685,"featured_media":0,"parent":1831,"menu_order":10,"comment_status":"open","ping_status":"open","template":"fullwidth.php","meta":{"inline_featured_image":false,"ngg_post_thumbnail":0,"footnotes":""},"class_list":["post-9298","page","type-page","status-publish","hentry","entry"],"_links":{"self":[{"href":"https:\/\/www2.unifap.br\/drh\/wp-json\/wp\/v2\/pages\/9298","targetHints":{"allow":["GET"]}}],"collection":[{"href":"https:\/\/www2.unifap.br\/drh\/wp-json\/wp\/v2\/pages"}],"about":[{"href":"https:\/\/www2.unifap.br\/drh\/wp-json\/wp\/v2\/types\/page"}],"author":[{"embeddable":true,"href":"https:\/\/www2.unifap.br\/drh\/wp-json\/wp\/v2\/users\/685"}],"replies":[{"embeddable":true,"href":"https:\/\/www2.unifap.br\/drh\/wp-json\/wp\/v2\/comments?post=9298"}],"version-history":[{"count":2,"href":"https:\/\/www2.unifap.br\/drh\/wp-json\/wp\/v2\/pages\/9298\/revisions"}],"predecessor-version":[{"id":11429,"href":"https:\/\/www2.unifap.br\/drh\/wp-json\/wp\/v2\/pages\/9298\/revisions\/11429"}],"up":[{"embeddable":true,"href":"https:\/\/www2.unifap.br\/drh\/wp-json\/wp\/v2\/pages\/1831"}],"wp:attachment":[{"href":"https:\/\/www2.unifap.br\/drh\/wp-json\/wp\/v2\/media?parent=9298"}],"curies":[{"name":"wp","href":"https:\/\/api.w.org\/{rel}","templated":true}]}}