{"id":9527,"date":"2018-03-05T17:41:41","date_gmt":"2018-03-05T17:41:41","guid":{"rendered":"http:\/\/www2.unifap.br\/drh\/?page_id=9527"},"modified":"2018-03-05T17:44:19","modified_gmt":"2018-03-05T17:44:19","slug":"pericia-medica-em-transito","status":"publish","type":"page","link":"https:\/\/www2.unifap.br\/drh\/saude-do-servidor\/pericia-medica-em-transito\/","title":{"rendered":"Per\u00edcia M\u00e9dica em Tr\u00e2nsito"},"content":{"rendered":"<p><span style=\"color: #000000\"><strong>Conforme o Manual de Per\u00edcia Oficial em Sa\u00fade<\/strong><\/span><\/p>\n<p style=\"text-align: justify\"><em>Per\u00edcia em Tr\u00e2nsito: Servidor, familiar ou Dependente que necessita de Avalia\u00e7\u00e3o Pericial Fora do Local de Lota\u00e7\u00e3o ou Exerc\u00edcio<\/em><\/p>\n<p style=\"text-align: justify\"><em><\/em>O servidor em transito, que necessitar de avalia\u00e7\u00e3o pericial, para a concess\u00e3o de licen\u00e7a dever\u00e1 solicitar a \u00e1rea de gest\u00e3o de pessoas de seu \u00f3rg\u00e3o de lota\u00e7\u00e3o ou de exerc\u00edcio, que indicar\u00e1 a Unidade SIASS ou servi\u00e7o de sa\u00fade mais adequado \u00e0 realiza\u00e7\u00e3o da per\u00edcia, a qual formalizar\u00e1 o pedido de atendimento.<\/p>\n<p style=\"text-align: justify\">Essa avalia\u00e7\u00e3o ser\u00e1 realizada por pericia singular ou junta, dependendo do pleito e do per\u00edodo de afastamento, cujo resultado ser\u00e1 encaminhado ao local de lota\u00e7\u00e3o ou exerc\u00edcio do servidor, obedecendo as demais disposi\u00e7\u00f5es das normas aplicadas a per\u00edcia oficial em sa\u00fade, respeitando o tipo de licen\u00e7a e o v\u00ednculo empregat\u00edcio.<\/p>\n<p style=\"text-align: justify\">Por haver exig\u00eancia legal e \u00e9tica, os documentos de exame de per\u00edcia medica e odontol\u00f3gica tramitar\u00e3o em envelope lacrado, por seu car\u00e1ter sigiloso.<\/p>\n<p style=\"text-align: justify\">Fonte:\u00a0<span style=\"color: #008000\"><strong><a href=\"http:\/\/www2.unifap.br\/drh\/files\/2018\/03\/MANUAL-DE-PER\u00cdCIA-OFICIAL-EM-SA\u00daDE-DO-SERVIDOR-P\u00daBLICO-FEDERAL-3\u00aa-EDI\u00c7\u00c3O-ANO-2017-Vers\u00e3o-28abr2017.pdf\"><span style=\"color: #008000\">MANUAL DE PER\u00cdCIA OFICIAL EM SA\u00daDE DO SERVIDOR P\u00daBLICO FEDERAL &#8211; 3\u00aa EDI\u00c7\u00c3O &#8211; ANO 2017<\/span><\/a><\/strong><\/span><\/p>\n","protected":false},"excerpt":{"rendered":"<p>Conforme o Manual de Per\u00edcia Oficial em Sa\u00fade Per\u00edcia em Tr\u00e2nsito: Servidor, familiar ou Dependente que necessita de Avalia\u00e7\u00e3o Pericial Fora do Local de Lota\u00e7\u00e3o ou Exerc\u00edcio O servidor em transito, que necessitar de avalia\u00e7\u00e3o pericial, para a concess\u00e3o de licen\u00e7a dever\u00e1 solicitar a \u00e1rea de gest\u00e3o de pessoas de seu \u00f3rg\u00e3o de lota\u00e7\u00e3o ou&#8230;<\/p>\n","protected":false},"author":685,"featured_media":0,"parent":5270,"menu_order":2,"comment_status":"open","ping_status":"open","template":"","meta":{"inline_featured_image":false,"ngg_post_thumbnail":0,"footnotes":""},"class_list":["post-9527","page","type-page","status-publish","hentry","entry"],"_links":{"self":[{"href":"https:\/\/www2.unifap.br\/drh\/wp-json\/wp\/v2\/pages\/9527","targetHints":{"allow":["GET"]}}],"collection":[{"href":"https:\/\/www2.unifap.br\/drh\/wp-json\/wp\/v2\/pages"}],"about":[{"href":"https:\/\/www2.unifap.br\/drh\/wp-json\/wp\/v2\/types\/page"}],"author":[{"embeddable":true,"href":"https:\/\/www2.unifap.br\/drh\/wp-json\/wp\/v2\/users\/685"}],"replies":[{"embeddable":true,"href":"https:\/\/www2.unifap.br\/drh\/wp-json\/wp\/v2\/comments?post=9527"}],"version-history":[{"count":4,"href":"https:\/\/www2.unifap.br\/drh\/wp-json\/wp\/v2\/pages\/9527\/revisions"}],"predecessor-version":[{"id":9532,"href":"https:\/\/www2.unifap.br\/drh\/wp-json\/wp\/v2\/pages\/9527\/revisions\/9532"}],"up":[{"embeddable":true,"href":"https:\/\/www2.unifap.br\/drh\/wp-json\/wp\/v2\/pages\/5270"}],"wp:attachment":[{"href":"https:\/\/www2.unifap.br\/drh\/wp-json\/wp\/v2\/media?parent=9527"}],"curies":[{"name":"wp","href":"https:\/\/api.w.org\/{rel}","templated":true}]}}