{"id":394,"date":"2021-06-23T19:13:47","date_gmt":"2021-06-23T19:13:47","guid":{"rendered":"http:\/\/www2.unifap.br\/drinf\/?page_id=394"},"modified":"2023-06-15T22:45:10","modified_gmt":"2023-06-15T22:45:10","slug":"sobre-a-drinf","status":"publish","type":"page","link":"https:\/\/www2.unifap.br\/drinf\/sobre-a-drinf\/","title":{"rendered":"Sobre a DRINF"},"content":{"rendered":"\t\t<div data-elementor-type=\"wp-page\" data-elementor-id=\"394\" class=\"elementor elementor-394\">\n\t\t\t\t\t\t<section class=\"elementor-section elementor-top-section elementor-element elementor-element-04f5d80 elementor-section-boxed elementor-section-height-default elementor-section-height-default elementor-invisible\" data-id=\"04f5d80\" data-element_type=\"section\" data-e-type=\"section\" data-settings=\"{&quot;animation&quot;:&quot;fadeIn&quot;}\">\n\t\t\t\t\t\t<div class=\"elementor-container elementor-column-gap-default\">\n\t\t\t\t\t<div class=\"elementor-column elementor-col-50 elementor-top-column elementor-element elementor-element-82ae619\" data-id=\"82ae619\" data-element_type=\"column\" data-e-type=\"column\">\n\t\t\t<div class=\"elementor-widget-wrap elementor-element-populated\">\n\t\t\t\t\t\t<div class=\"elementor-element elementor-element-07fff0f elementor-widget elementor-widget-heading\" data-id=\"07fff0f\" data-element_type=\"widget\" data-e-type=\"widget\" data-widget_type=\"heading.default\">\n\t\t\t\t<div class=\"elementor-widget-container\">\n\t\t\t\t\t<h2 class=\"elementor-heading-title elementor-size-default\">Quantos pontos de rede cabeada h\u00e1 no Campus Marco Zero?<\/h2>\t\t\t\t<\/div>\n\t\t\t\t<\/div>\n\t\t\t\t<div class=\"elementor-element elementor-element-2456934 elementor-widget elementor-widget-text-editor\" data-id=\"2456934\" data-element_type=\"widget\" data-e-type=\"widget\" data-widget_type=\"text-editor.default\">\n\t\t\t\t<div class=\"elementor-widget-container\">\n\t\t\t\t\t\t\t\t\t<p>Atualmente dispomos de, estimadamente, cerca de 5.000 pontos de acesso a rede cabeada no campus, sendo destes 4.704 pontos disponibilizados atrav\u00e9s do contrato 003\/2015, encerrado em dezembro\/2019, com a empresa Dantec Telecom.<\/p>\t\t\t\t\t\t\t\t<\/div>\n\t\t\t\t<\/div>\n\t\t\t\t\t<\/div>\n\t\t<\/div>\n\t\t\t\t<div class=\"elementor-column elementor-col-50 elementor-top-column elementor-element elementor-element-006c483\" data-id=\"006c483\" data-element_type=\"column\" data-e-type=\"column\">\n\t\t\t<div class=\"elementor-widget-wrap elementor-element-populated\">\n\t\t\t\t\t\t<div class=\"elementor-element elementor-element-360ddd3 elementor-widget elementor-widget-image\" data-id=\"360ddd3\" data-element_type=\"widget\" data-e-type=\"widget\" data-widget_type=\"image.default\">\n\t\t\t\t<div class=\"elementor-widget-container\">\n\t\t\t\t\t\t\t\t\t\t\t\t\t\t\t<img fetchpriority=\"high\" decoding=\"async\" width=\"2560\" height=\"1707\" src=\"https:\/\/www2.unifap.br\/drinf\/files\/2023\/06\/20945800-scaled.jpg\" class=\"attachment-full size-full wp-image-835\" alt=\"\" srcset=\"https:\/\/www2.unifap.br\/drinf\/files\/2023\/06\/20945800-scaled.jpg 2560w, https:\/\/www2.unifap.br\/drinf\/files\/2023\/06\/20945800-300x200.jpg 300w, https:\/\/www2.unifap.br\/drinf\/files\/2023\/06\/20945800-1024x683.jpg 1024w, https:\/\/www2.unifap.br\/drinf\/files\/2023\/06\/20945800-768x512.jpg 768w, https:\/\/www2.unifap.br\/drinf\/files\/2023\/06\/20945800-1536x1024.jpg 1536w, https:\/\/www2.unifap.br\/drinf\/files\/2023\/06\/20945800-2048x1365.jpg 2048w\" sizes=\"(max-width: 2560px) 100vw, 2560px\" \/>\t\t\t\t\t\t\t\t\t\t\t\t\t\t\t<\/div>\n\t\t\t\t<\/div>\n\t\t\t\t\t<\/div>\n\t\t<\/div>\n\t\t\t\t\t<\/div>\n\t\t<\/section>\n\t\t\t\t<section class=\"elementor-section elementor-top-section elementor-element elementor-element-fa3edba elementor-section-boxed elementor-section-height-default elementor-section-height-default elementor-invisible\" data-id=\"fa3edba\" data-element_type=\"section\" data-e-type=\"section\" data-settings=\"{&quot;animation&quot;:&quot;fadeIn&quot;}\">\n\t\t\t\t\t\t<div class=\"elementor-container elementor-column-gap-default\">\n\t\t\t\t\t<div class=\"elementor-column elementor-col-50 elementor-top-column elementor-element elementor-element-fc85419\" data-id=\"fc85419\" data-element_type=\"column\" data-e-type=\"column\">\n\t\t\t<div class=\"elementor-widget-wrap elementor-element-populated\">\n\t\t\t\t\t\t<div class=\"elementor-element elementor-element-69a81ea elementor-widget elementor-widget-image\" data-id=\"69a81ea\" data-element_type=\"widget\" data-e-type=\"widget\" data-widget_type=\"image.default\">\n\t\t\t\t<div class=\"elementor-widget-container\">\n\t\t\t\t\t\t\t\t\t\t\t\t\t\t\t<img decoding=\"async\" width=\"626\" height=\"326\" src=\"https:\/\/www2.unifap.br\/drinf\/files\/2023\/06\/Captura-de-tela-2023-06-15-193206.png\" class=\"attachment-large size-large wp-image-836\" alt=\"\" srcset=\"https:\/\/www2.unifap.br\/drinf\/files\/2023\/06\/Captura-de-tela-2023-06-15-193206.png 626w, https:\/\/www2.unifap.br\/drinf\/files\/2023\/06\/Captura-de-tela-2023-06-15-193206-300x156.png 300w\" sizes=\"(max-width: 626px) 100vw, 626px\" \/>\t\t\t\t\t\t\t\t\t\t\t\t\t\t\t<\/div>\n\t\t\t\t<\/div>\n\t\t\t\t\t<\/div>\n\t\t<\/div>\n\t\t\t\t<div class=\"elementor-column elementor-col-50 elementor-top-column elementor-element elementor-element-82748f0\" data-id=\"82748f0\" data-element_type=\"column\" data-e-type=\"column\">\n\t\t\t<div class=\"elementor-widget-wrap elementor-element-populated\">\n\t\t\t\t\t\t<div class=\"elementor-element elementor-element-ba76725 elementor-widget elementor-widget-heading\" data-id=\"ba76725\" data-element_type=\"widget\" data-e-type=\"widget\" data-widget_type=\"heading.default\">\n\t\t\t\t<div class=\"elementor-widget-container\">\n\t\t\t\t\t<h2 class=\"elementor-heading-title elementor-size-default\">Quantos equipamentos do tipo Switch h\u00e1 no Campus Marco Zero?<\/h2>\t\t\t\t<\/div>\n\t\t\t\t<\/div>\n\t\t\t\t<div class=\"elementor-element elementor-element-0bd06c5 elementor-widget elementor-widget-text-editor\" data-id=\"0bd06c5\" data-element_type=\"widget\" data-e-type=\"widget\" data-widget_type=\"text-editor.default\">\n\t\t\t\t<div class=\"elementor-widget-container\">\n\t\t\t\t\t\t\t\t\t<p style=\"text-align: left\">Quanto ao quantitativo de switches, atualmente dispomos de cerca de pouco mais de 200 equipamentos deste tipo realizando a conectividade de redes e VLANs pelo campus.<\/p>\t\t\t\t\t\t\t\t<\/div>\n\t\t\t\t<\/div>\n\t\t\t\t\t<\/div>\n\t\t<\/div>\n\t\t\t\t\t<\/div>\n\t\t<\/section>\n\t\t\t\t<section class=\"elementor-section elementor-top-section elementor-element elementor-element-53f8765 elementor-section-boxed elementor-section-height-default elementor-section-height-default elementor-invisible\" data-id=\"53f8765\" data-element_type=\"section\" data-e-type=\"section\" data-settings=\"{&quot;animation&quot;:&quot;fadeIn&quot;}\">\n\t\t\t\t\t\t<div class=\"elementor-container elementor-column-gap-default\">\n\t\t\t\t\t<div class=\"elementor-column elementor-col-50 elementor-top-column elementor-element elementor-element-5f18706\" data-id=\"5f18706\" data-element_type=\"column\" data-e-type=\"column\">\n\t\t\t<div class=\"elementor-widget-wrap elementor-element-populated\">\n\t\t\t\t\t\t<div class=\"elementor-element elementor-element-48c91d0 elementor-widget elementor-widget-heading\" data-id=\"48c91d0\" data-element_type=\"widget\" data-e-type=\"widget\" data-widget_type=\"heading.default\">\n\t\t\t\t<div class=\"elementor-widget-container\">\n\t\t\t\t\t<h2 class=\"elementor-heading-title elementor-size-default\">H\u00e1 um tempo estimado de inatividade da infraestrutura de TI?<\/h2>\t\t\t\t<\/div>\n\t\t\t\t<\/div>\n\t\t\t\t<div class=\"elementor-element elementor-element-7d699ad elementor-widget elementor-widget-text-editor\" data-id=\"7d699ad\" data-element_type=\"widget\" data-e-type=\"widget\" data-widget_type=\"text-editor.default\">\n\t\t\t\t<div class=\"elementor-widget-container\">\n\t\t\t\t\t\t\t\t\t<p>O tempo de inatividade da infraestrutura de TI ocorre em depend\u00eancia do tempo de inatividade do servi\u00e7o de energia el\u00e9trica fornecido pela Companhia de Eletricidade do Amap\u00e1. Quando ocorre falha no fornecimento de energia, os servidores (e seus servi\u00e7os) s\u00e3o desligados por alguns segundos at\u00e9 a entrada em funcionamento do grupo gerador; o mesmo ocorre quando o fornecimento de energia el\u00e9trica retorna \u00e0 normalidade.<\/p>\t\t\t\t\t\t\t\t<\/div>\n\t\t\t\t<\/div>\n\t\t\t\t\t<\/div>\n\t\t<\/div>\n\t\t\t\t<div class=\"elementor-column elementor-col-50 elementor-top-column elementor-element elementor-element-3a88761\" data-id=\"3a88761\" data-element_type=\"column\" data-e-type=\"column\">\n\t\t\t<div class=\"elementor-widget-wrap elementor-element-populated\">\n\t\t\t\t\t\t<div class=\"elementor-element elementor-element-a2fc9d6 elementor-widget elementor-widget-image\" data-id=\"a2fc9d6\" data-element_type=\"widget\" data-e-type=\"widget\" data-widget_type=\"image.default\">\n\t\t\t\t<div class=\"elementor-widget-container\">\n\t\t\t\t\t\t\t\t\t\t\t\t\t\t\t<img decoding=\"async\" width=\"1024\" height=\"1024\" src=\"https:\/\/www2.unifap.br\/drinf\/files\/2023\/06\/7320502-1024x1024.jpg\" class=\"attachment-large size-large wp-image-837\" alt=\"\" srcset=\"https:\/\/www2.unifap.br\/drinf\/files\/2023\/06\/7320502-1024x1024.jpg 1024w, https:\/\/www2.unifap.br\/drinf\/files\/2023\/06\/7320502-300x300.jpg 300w, https:\/\/www2.unifap.br\/drinf\/files\/2023\/06\/7320502-150x150.jpg 150w, https:\/\/www2.unifap.br\/drinf\/files\/2023\/06\/7320502-768x768.jpg 768w, https:\/\/www2.unifap.br\/drinf\/files\/2023\/06\/7320502-1536x1536.jpg 1536w, https:\/\/www2.unifap.br\/drinf\/files\/2023\/06\/7320502-600x600.jpg 600w, https:\/\/www2.unifap.br\/drinf\/files\/2023\/06\/7320502.jpg 2000w\" sizes=\"(max-width: 1024px) 100vw, 1024px\" \/>\t\t\t\t\t\t\t\t\t\t\t\t\t\t\t<\/div>\n\t\t\t\t<\/div>\n\t\t\t\t\t<\/div>\n\t\t<\/div>\n\t\t\t\t\t<\/div>\n\t\t<\/section>\n\t\t\t\t<section class=\"elementor-section elementor-top-section elementor-element elementor-element-0c39f36 elementor-section-boxed elementor-section-height-default elementor-section-height-default elementor-invisible\" data-id=\"0c39f36\" data-element_type=\"section\" data-e-type=\"section\" data-settings=\"{&quot;animation&quot;:&quot;fadeIn&quot;}\">\n\t\t\t\t\t\t<div class=\"elementor-container elementor-column-gap-default\">\n\t\t\t\t\t<div class=\"elementor-column elementor-col-50 elementor-top-column elementor-element elementor-element-409a96d\" data-id=\"409a96d\" data-element_type=\"column\" data-e-type=\"column\">\n\t\t\t<div class=\"elementor-widget-wrap elementor-element-populated\">\n\t\t\t\t\t\t<div class=\"elementor-element elementor-element-ada7795 elementor-widget elementor-widget-image\" data-id=\"ada7795\" data-element_type=\"widget\" data-e-type=\"widget\" data-widget_type=\"image.default\">\n\t\t\t\t<div class=\"elementor-widget-container\">\n\t\t\t\t\t\t\t\t\t\t\t\t\t\t\t<img loading=\"lazy\" decoding=\"async\" width=\"1024\" height=\"683\" src=\"https:\/\/www2.unifap.br\/drinf\/files\/2023\/06\/20945851-1024x683.jpg\" class=\"attachment-large size-large wp-image-838\" alt=\"\" srcset=\"https:\/\/www2.unifap.br\/drinf\/files\/2023\/06\/20945851-1024x683.jpg 1024w, https:\/\/www2.unifap.br\/drinf\/files\/2023\/06\/20945851-300x200.jpg 300w, https:\/\/www2.unifap.br\/drinf\/files\/2023\/06\/20945851-768x512.jpg 768w, https:\/\/www2.unifap.br\/drinf\/files\/2023\/06\/20945851-1536x1024.jpg 1536w, https:\/\/www2.unifap.br\/drinf\/files\/2023\/06\/20945851-2048x1365.jpg 2048w\" sizes=\"(max-width: 1024px) 100vw, 1024px\" \/>\t\t\t\t\t\t\t\t\t\t\t\t\t\t\t<\/div>\n\t\t\t\t<\/div>\n\t\t\t\t\t<\/div>\n\t\t<\/div>\n\t\t\t\t<div class=\"elementor-column elementor-col-50 elementor-top-column elementor-element elementor-element-e36a2f1\" data-id=\"e36a2f1\" data-element_type=\"column\" data-e-type=\"column\">\n\t\t\t<div class=\"elementor-widget-wrap elementor-element-populated\">\n\t\t\t\t\t\t<div class=\"elementor-element elementor-element-6782673 elementor-widget elementor-widget-spacer\" data-id=\"6782673\" data-element_type=\"widget\" data-e-type=\"widget\" data-widget_type=\"spacer.default\">\n\t\t\t\t<div class=\"elementor-widget-container\">\n\t\t\t\t\t\t\t<div class=\"elementor-spacer\">\n\t\t\t<div class=\"elementor-spacer-inner\"><\/div>\n\t\t<\/div>\n\t\t\t\t\t\t<\/div>\n\t\t\t\t<\/div>\n\t\t\t\t<div class=\"elementor-element elementor-element-adfe88f elementor-widget elementor-widget-heading\" data-id=\"adfe88f\" data-element_type=\"widget\" data-e-type=\"widget\" data-widget_type=\"heading.default\">\n\t\t\t\t<div class=\"elementor-widget-container\">\n\t\t\t\t\t<h2 class=\"elementor-heading-title elementor-size-default\">Qual a velocidade do link de internet que chega no campus Marco Zero?<\/h2>\t\t\t\t<\/div>\n\t\t\t\t<\/div>\n\t\t\t\t<div class=\"elementor-element elementor-element-20dc1ad elementor-widget elementor-widget-text-editor\" data-id=\"20dc1ad\" data-element_type=\"widget\" data-e-type=\"widget\" data-widget_type=\"text-editor.default\">\n\t\t\t\t<div class=\"elementor-widget-container\">\n\t\t\t\t\t\t\t\t\t<p>A velocidade de internet hoje recebida pela universidade \u00e9 de 1GB, fornecida pela Rede Nacional de Ensino e Pesquisa &#8211; RNP, e gerenciada no estado pelo Ponto de Presen\u00e7a &#8211; POP\/AP, localizado nas depend\u00eancias do NTI no Campus Marco Zero.\u00a0<\/p>\t\t\t\t\t\t\t\t<\/div>\n\t\t\t\t<\/div>\n\t\t\t\t\t<\/div>\n\t\t<\/div>\n\t\t\t\t\t<\/div>\n\t\t<\/section>\n\t\t\t\t<section class=\"elementor-section elementor-top-section elementor-element elementor-element-1f31e52 elementor-section-boxed elementor-section-height-default elementor-section-height-default elementor-invisible\" data-id=\"1f31e52\" data-element_type=\"section\" data-e-type=\"section\" data-settings=\"{&quot;animation&quot;:&quot;fadeIn&quot;}\">\n\t\t\t\t\t\t<div class=\"elementor-container elementor-column-gap-default\">\n\t\t\t\t\t<div class=\"elementor-column elementor-col-50 elementor-top-column elementor-element elementor-element-e42d68e\" data-id=\"e42d68e\" data-element_type=\"column\" data-e-type=\"column\">\n\t\t\t<div class=\"elementor-widget-wrap elementor-element-populated\">\n\t\t\t\t\t\t<div class=\"elementor-element elementor-element-eb9352d elementor-widget elementor-widget-spacer\" data-id=\"eb9352d\" data-element_type=\"widget\" data-e-type=\"widget\" data-widget_type=\"spacer.default\">\n\t\t\t\t<div class=\"elementor-widget-container\">\n\t\t\t\t\t\t\t<div class=\"elementor-spacer\">\n\t\t\t<div class=\"elementor-spacer-inner\"><\/div>\n\t\t<\/div>\n\t\t\t\t\t\t<\/div>\n\t\t\t\t<\/div>\n\t\t\t\t<div class=\"elementor-element elementor-element-02d8599 elementor-widget elementor-widget-heading\" data-id=\"02d8599\" data-element_type=\"widget\" data-e-type=\"widget\" data-widget_type=\"heading.default\">\n\t\t\t\t<div class=\"elementor-widget-container\">\n\t\t\t\t\t<h2 class=\"elementor-heading-title elementor-size-default\">Qual a velocidade obtida nos pontos de acesso sem fio e cabeado do Campus Marco Zero?<\/h2>\t\t\t\t<\/div>\n\t\t\t\t<\/div>\n\t\t\t\t<div class=\"elementor-element elementor-element-d541c86 elementor-widget elementor-widget-text-editor\" data-id=\"d541c86\" data-element_type=\"widget\" data-e-type=\"widget\" data-widget_type=\"text-editor.default\">\n\t\t\t\t<div class=\"elementor-widget-container\">\n\t\t\t\t\t\t\t\t\t<p>A velocidade obtida na rede cabeada \u00e9 de 1GB; j\u00e1 a velocidade obtida na rede sem fio \u00e9 de 860 MB.<\/p>\t\t\t\t\t\t\t\t<\/div>\n\t\t\t\t<\/div>\n\t\t\t\t\t<\/div>\n\t\t<\/div>\n\t\t\t\t<div class=\"elementor-column elementor-col-50 elementor-top-column elementor-element elementor-element-c132109\" data-id=\"c132109\" data-element_type=\"column\" data-e-type=\"column\">\n\t\t\t<div class=\"elementor-widget-wrap elementor-element-populated\">\n\t\t\t\t\t\t<div class=\"elementor-element elementor-element-3083f8e elementor-widget elementor-widget-image\" data-id=\"3083f8e\" data-element_type=\"widget\" data-e-type=\"widget\" data-widget_type=\"image.default\">\n\t\t\t\t<div class=\"elementor-widget-container\">\n\t\t\t\t\t\t\t\t\t\t\t\t\t\t\t<img loading=\"lazy\" decoding=\"async\" width=\"631\" height=\"583\" src=\"https:\/\/www2.unifap.br\/drinf\/files\/2023\/06\/Captura-de-tela-2023-06-15-194014.png\" class=\"attachment-large size-large wp-image-839\" alt=\"\" srcset=\"https:\/\/www2.unifap.br\/drinf\/files\/2023\/06\/Captura-de-tela-2023-06-15-194014.png 631w, https:\/\/www2.unifap.br\/drinf\/files\/2023\/06\/Captura-de-tela-2023-06-15-194014-300x277.png 300w\" sizes=\"(max-width: 631px) 100vw, 631px\" \/>\t\t\t\t\t\t\t\t\t\t\t\t\t\t\t<\/div>\n\t\t\t\t<\/div>\n\t\t\t\t\t<\/div>\n\t\t<\/div>\n\t\t\t\t\t<\/div>\n\t\t<\/section>\n\t\t\t\t<section class=\"elementor-section elementor-top-section elementor-element elementor-element-2aea711 elementor-section-boxed elementor-section-height-default elementor-section-height-default elementor-invisible\" data-id=\"2aea711\" data-element_type=\"section\" data-e-type=\"section\" data-settings=\"{&quot;animation&quot;:&quot;fadeIn&quot;}\">\n\t\t\t\t\t\t<div class=\"elementor-container elementor-column-gap-default\">\n\t\t\t\t\t<div class=\"elementor-column elementor-col-50 elementor-top-column elementor-element elementor-element-9f1f8ae\" data-id=\"9f1f8ae\" data-element_type=\"column\" data-e-type=\"column\">\n\t\t\t<div class=\"elementor-widget-wrap elementor-element-populated\">\n\t\t\t\t\t\t<div class=\"elementor-element elementor-element-97d6046 elementor-widget elementor-widget-image\" data-id=\"97d6046\" data-element_type=\"widget\" data-e-type=\"widget\" data-widget_type=\"image.default\">\n\t\t\t\t<div class=\"elementor-widget-container\">\n\t\t\t\t\t\t\t\t\t\t\t\t\t\t\t<img loading=\"lazy\" decoding=\"async\" width=\"617\" height=\"590\" src=\"https:\/\/www2.unifap.br\/drinf\/files\/2023\/06\/Captura-de-tela-2023-06-15-194204.png\" class=\"attachment-large size-large wp-image-840\" alt=\"\" srcset=\"https:\/\/www2.unifap.br\/drinf\/files\/2023\/06\/Captura-de-tela-2023-06-15-194204.png 617w, https:\/\/www2.unifap.br\/drinf\/files\/2023\/06\/Captura-de-tela-2023-06-15-194204-300x287.png 300w\" sizes=\"(max-width: 617px) 100vw, 617px\" \/>\t\t\t\t\t\t\t\t\t\t\t\t\t\t\t<\/div>\n\t\t\t\t<\/div>\n\t\t\t\t\t<\/div>\n\t\t<\/div>\n\t\t\t\t<div class=\"elementor-column elementor-col-50 elementor-top-column elementor-element elementor-element-de876cf\" data-id=\"de876cf\" data-element_type=\"column\" data-e-type=\"column\">\n\t\t\t<div class=\"elementor-widget-wrap elementor-element-populated\">\n\t\t\t\t\t\t<div class=\"elementor-element elementor-element-b61b013 elementor-widget elementor-widget-spacer\" data-id=\"b61b013\" data-element_type=\"widget\" data-e-type=\"widget\" data-widget_type=\"spacer.default\">\n\t\t\t\t<div class=\"elementor-widget-container\">\n\t\t\t\t\t\t\t<div class=\"elementor-spacer\">\n\t\t\t<div class=\"elementor-spacer-inner\"><\/div>\n\t\t<\/div>\n\t\t\t\t\t\t<\/div>\n\t\t\t\t<\/div>\n\t\t\t\t<div class=\"elementor-element elementor-element-e2e50d4 elementor-widget elementor-widget-heading\" data-id=\"e2e50d4\" data-element_type=\"widget\" data-e-type=\"widget\" data-widget_type=\"heading.default\">\n\t\t\t\t<div class=\"elementor-widget-container\">\n\t\t\t\t\t<h2 class=\"elementor-heading-title elementor-size-default\">Qual a quantidade de pontos sem fio no Campus Marco Zero?<\/h2>\t\t\t\t<\/div>\n\t\t\t\t<\/div>\n\t\t\t\t<div class=\"elementor-element elementor-element-3533d41 elementor-widget elementor-widget-text-editor\" data-id=\"3533d41\" data-element_type=\"widget\" data-e-type=\"widget\" data-widget_type=\"text-editor.default\">\n\t\t\t\t<div class=\"elementor-widget-container\">\n\t\t\t\t\t\t\t\t\t<p>Hoje dispomos cerca de 250 pontos de rede wi-fi, garantindo a cobertura completa dos pr\u00e9dios que receberam uma infraestrutura de rede nova nos \u00faltimos 6 anos.\u00a0<\/p>\t\t\t\t\t\t\t\t<\/div>\n\t\t\t\t<\/div>\n\t\t\t\t\t<\/div>\n\t\t<\/div>\n\t\t\t\t\t<\/div>\n\t\t<\/section>\n\t\t\t\t<\/div>\n\t\t","protected":false},"excerpt":{"rendered":"<p>Quantos pontos de rede cabeada h\u00e1 no Campus Marco Zero? Atualmente dispomos de, estimadamente, cerca de 5.000 pontos de acesso a rede cabeada no campus, sendo destes 4.704 pontos disponibilizados atrav\u00e9s do contrato 003\/2015, encerrado em dezembro\/2019, com a empresa Dantec Telecom. Quantos equipamentos do tipo Switch h\u00e1 no Campus Marco Zero? Quanto ao quantitativo&#8230;<\/p>\n","protected":false},"author":167,"featured_media":0,"parent":0,"menu_order":0,"comment_status":"closed","ping_status":"closed","template":"elementor_header_footer","meta":{"inline_featured_image":false,"ngg_post_thumbnail":0,"footnotes":""},"class_list":["post-394","page","type-page","status-publish","hentry","entry"],"_links":{"self":[{"href":"https:\/\/www2.unifap.br\/drinf\/wp-json\/wp\/v2\/pages\/394","targetHints":{"allow":["GET"]}}],"collection":[{"href":"https:\/\/www2.unifap.br\/drinf\/wp-json\/wp\/v2\/pages"}],"about":[{"href":"https:\/\/www2.unifap.br\/drinf\/wp-json\/wp\/v2\/types\/page"}],"author":[{"embeddable":true,"href":"https:\/\/www2.unifap.br\/drinf\/wp-json\/wp\/v2\/users\/167"}],"replies":[{"embeddable":true,"href":"https:\/\/www2.unifap.br\/drinf\/wp-json\/wp\/v2\/comments?post=394"}],"version-history":[{"count":19,"href":"https:\/\/www2.unifap.br\/drinf\/wp-json\/wp\/v2\/pages\/394\/revisions"}],"predecessor-version":[{"id":852,"href":"https:\/\/www2.unifap.br\/drinf\/wp-json\/wp\/v2\/pages\/394\/revisions\/852"}],"wp:attachment":[{"href":"https:\/\/www2.unifap.br\/drinf\/wp-json\/wp\/v2\/media?parent=394"}],"curies":[{"name":"wp","href":"https:\/\/api.w.org\/{rel}","templated":true}]}}