{"id":135,"date":"2024-12-23T12:00:07","date_gmt":"2024-12-23T15:00:07","guid":{"rendered":"https:\/\/www2.unifap.br\/ds\/?page_id=135"},"modified":"2025-01-03T11:21:20","modified_gmt":"2025-01-03T14:21:20","slug":"dsp","status":"publish","type":"page","link":"https:\/\/www2.unifap.br\/ds\/sobre_ds\/dsp\/","title":{"rendered":"Divis\u00e3o de Servi\u00e7o Psicossocial &#8211; DSP"},"content":{"rendered":"\t\t<div data-elementor-type=\"wp-page\" data-elementor-id=\"135\" class=\"elementor elementor-135\">\n\t\t\t\t\t\t<section class=\"elementor-section elementor-top-section elementor-element elementor-element-72ae8d8 elementor-section-boxed elementor-section-height-default elementor-section-height-default\" data-id=\"72ae8d8\" data-element_type=\"section\" data-e-type=\"section\">\n\t\t\t\t\t\t<div class=\"elementor-container elementor-column-gap-default\">\n\t\t\t\t\t<div class=\"elementor-column elementor-col-100 elementor-top-column elementor-element elementor-element-0125c4a\" data-id=\"0125c4a\" data-element_type=\"column\" data-e-type=\"column\">\n\t\t\t<div class=\"elementor-widget-wrap elementor-element-populated\">\n\t\t\t\t\t\t<div class=\"elementor-element elementor-element-abcc397 eael_simple_menu_hamburger_disable_selected_menu_no eael-simple-menu-hamburger-align-right eael-hamburger--tablet elementor-widget elementor-widget-eael-simple-menu\" data-id=\"abcc397\" data-element_type=\"widget\" data-e-type=\"widget\" data-widget_type=\"eael-simple-menu.default\">\n\t\t\t\t<div class=\"elementor-widget-container\">\n\t\t\t\t\t<style>\n                        @media screen and (max-width: 1024px) {\n                            .eael-hamburger--tablet {\n                                .eael-simple-menu-horizontal,\n                                .eael-simple-menu-vertical {\n                                    display: none;\n                                }\n                            }\n                            .eael-hamburger--tablet {\n                                .eael-simple-menu-container .eael-simple-menu-toggle {\n                                    display: block;\n                                }\n                            }\n                        }\n                    <\/style>            <div data-hamburger-icon=\"&lt;i aria-hidden=&quot;true&quot; class=&quot;fas fa-bars&quot;&gt;&lt;\/i&gt;\" data-indicator-icon=\"&lt;i aria-hidden=&quot;true&quot; class=&quot;fas fa-angle-down&quot;&gt;&lt;\/i&gt;\" data-dropdown-indicator-icon=\"&lt;i class=&quot;fas fa-angle-down&quot;&gt;&lt;\/i&gt;\" class=\"eael-simple-menu-container eael-simple-menu-align-left eael-simple-menu-dropdown-align-left preset-1\" data-hamburger-breakpoints=\"{&quot;mobile&quot;:&quot;Dispositivos m\\u00f3veis no modo retrato (&gt; 767px)&quot;,&quot;tablet&quot;:&quot;Tablet no modo retrato (&gt; 1024px)&quot;,&quot;desktop&quot;:&quot;Desktop (&gt; 2400px)&quot;,&quot;none&quot;:&quot;Nenhum&quot;}\" data-hamburger-device=\"tablet\">\n                <ul id=\"menu-dsp\" class=\"eael-simple-menu eael-simple-menu-dropdown-animate-to-top eael-simple-menu-indicator eael-simple-menu-horizontal\"><li id=\"menu-item-279\" class=\"menu-item menu-item-type-custom menu-item-object-custom menu-item-279\"><a href=\"#\" class=\"menu-link\">Plant\u00e3o Psic\u00f3logo<\/a><\/li>\n<li id=\"menu-item-280\" class=\"menu-item menu-item-type-custom menu-item-object-custom menu-item-280\"><a href=\"http:\/\/$\" class=\"menu-link\">Acolhimento Psicossocial<\/a><\/li>\n<li id=\"menu-item-281\" class=\"menu-item menu-item-type-custom menu-item-object-custom menu-item-281\"><a href=\"#\" class=\"menu-link\">Acompanhamento psicol\u00f3gico<\/a><\/li>\n<li id=\"menu-item-282\" class=\"menu-item menu-item-type-custom menu-item-object-custom menu-item-282\"><a href=\"#\" class=\"menu-link\">Acompanhamento psicol\u00f3gico grupal<\/a><\/li>\n<li id=\"menu-item-283\" class=\"menu-item menu-item-type-custom menu-item-object-custom menu-item-283\"><a href=\"#\" class=\"menu-link\">Refer\u00eancia e contrarrefer\u00eancia<\/a><\/li>\n<li id=\"menu-item-284\" class=\"menu-item menu-item-type-custom menu-item-object-custom menu-item-284\"><a href=\"#\" class=\"menu-link\">Atividades preventivas<\/a><\/li>\n<li id=\"menu-item-285\" class=\"menu-item menu-item-type-custom menu-item-object-custom menu-item-285\"><a href=\"#\" class=\"menu-link\">Orienta\u00e7\u00f5es em Sa\u00fade<\/a><\/li>\n<li id=\"menu-item-286\" class=\"menu-item menu-item-type-custom menu-item-object-custom menu-item-286\"><a href=\"#\" class=\"menu-link\">Perguntas frequentes<\/a><\/li>\n<\/ul>                <button class=\"eael-simple-menu-toggle\">\n                    <span class=\"sr-only \">Menu de altern\u00e2ncia de hamb\u00farguer<\/span>\n                    <i aria-hidden=\"true\" class=\"fas fa-bars\"><\/i>                <\/button>\n            <\/div>\n            \t\t\t\t<\/div>\n\t\t\t\t<\/div>\n\t\t\t\t\t<\/div>\n\t\t<\/div>\n\t\t\t\t\t<\/div>\n\t\t<\/section>\n\t\t\t\t<\/div>\n\t\t","protected":false},"excerpt":{"rendered":"<p>@media screen and (max-width: 1024px) { .eael-hamburger&#8211;tablet { .eael-simple-menu-horizontal, .eael-simple-menu-vertical { display: none; } } .eael-hamburger&#8211;tablet { .eael-simple-menu-container .eael-simple-menu-toggle { display: block; } } } Plant\u00e3o Psic\u00f3logo Acolhimento Psicossocial Acompanhamento psicol\u00f3gico Acompanhamento psicol\u00f3gico grupal Refer\u00eancia e contrarrefer\u00eancia Atividades preventivas Orienta\u00e7\u00f5es em Sa\u00fade Perguntas frequentes Menu de altern\u00e2ncia de hamb\u00farguer<\/p>\n","protected":false},"author":1206,"featured_media":0,"parent":20,"menu_order":0,"comment_status":"closed","ping_status":"closed","template":"","meta":{"inline_featured_image":false,"site-sidebar-layout":"no-sidebar","site-content-layout":"page-builder","ast-site-content-layout":"full-width-container","site-content-style":"unboxed","site-sidebar-style":"unboxed","ast-global-header-display":"","ast-banner-title-visibility":"","ast-main-header-display":"","ast-hfb-above-header-display":"","ast-hfb-below-header-display":"","ast-hfb-mobile-header-display":"","site-post-title":"disabled","ast-breadcrumbs-content":"","ast-featured-img":"disabled","footer-sml-layout":"","theme-transparent-header-meta":"default","adv-header-id-meta":"","stick-header-meta":"","header-above-stick-meta":"","header-main-stick-meta":"","header-below-stick-meta":"","astra-migrate-meta-layouts":"set","ast-page-background-enabled":"default","ast-page-background-meta":{"desktop":{"background-color":"var(--ast-global-color-4)","background-image":"","background-repeat":"repeat","background-position":"center center","background-size":"auto","background-attachment":"scroll","background-type":"","background-media":"","overlay-type":"","overlay-color":"","overlay-opacity":"","overlay-gradient":""},"tablet":{"background-color":"","background-image":"","background-repeat":"repeat","background-position":"center center","background-size":"auto","background-attachment":"scroll","background-type":"","background-media":"","overlay-type":"","overlay-color":"","overlay-opacity":"","overlay-gradient":""},"mobile":{"background-color":"","background-image":"","background-repeat":"repeat","background-position":"center center","background-size":"auto","background-attachment":"scroll","background-type":"","background-media":"","overlay-type":"","overlay-color":"","overlay-opacity":"","overlay-gradient":""}},"ast-content-background-meta":{"desktop":{"background-color":"var(--ast-global-color-5)","background-image":"","background-repeat":"repeat","background-position":"center center","background-size":"auto","background-attachment":"scroll","background-type":"","background-media":"","overlay-type":"","overlay-color":"","overlay-opacity":"","overlay-gradient":""},"tablet":{"background-color":"var(--ast-global-color-5)","background-image":"","background-repeat":"repeat","background-position":"center center","background-size":"auto","background-attachment":"scroll","background-type":"","background-media":"","overlay-type":"","overlay-color":"","overlay-opacity":"","overlay-gradient":""},"mobile":{"background-color":"var(--ast-global-color-5)","background-image":"","background-repeat":"repeat","background-position":"center center","background-size":"auto","background-attachment":"scroll","background-type":"","background-media":"","overlay-type":"","overlay-color":"","overlay-opacity":"","overlay-gradient":""}},"ngg_post_thumbnail":0,"footnotes":""},"class_list":["post-135","page","type-page","status-publish","hentry"],"_links":{"self":[{"href":"https:\/\/www2.unifap.br\/ds\/wp-json\/wp\/v2\/pages\/135","targetHints":{"allow":["GET"]}}],"collection":[{"href":"https:\/\/www2.unifap.br\/ds\/wp-json\/wp\/v2\/pages"}],"about":[{"href":"https:\/\/www2.unifap.br\/ds\/wp-json\/wp\/v2\/types\/page"}],"author":[{"embeddable":true,"href":"https:\/\/www2.unifap.br\/ds\/wp-json\/wp\/v2\/users\/1206"}],"replies":[{"embeddable":true,"href":"https:\/\/www2.unifap.br\/ds\/wp-json\/wp\/v2\/comments?post=135"}],"version-history":[{"count":9,"href":"https:\/\/www2.unifap.br\/ds\/wp-json\/wp\/v2\/pages\/135\/revisions"}],"predecessor-version":[{"id":370,"href":"https:\/\/www2.unifap.br\/ds\/wp-json\/wp\/v2\/pages\/135\/revisions\/370"}],"up":[{"embeddable":true,"href":"https:\/\/www2.unifap.br\/ds\/wp-json\/wp\/v2\/pages\/20"}],"wp:attachment":[{"href":"https:\/\/www2.unifap.br\/ds\/wp-json\/wp\/v2\/media?parent=135"}],"curies":[{"name":"wp","href":"https:\/\/api.w.org\/{rel}","templated":true}]}}