{"id":16,"date":"2020-09-20T20:22:21","date_gmt":"2020-09-20T20:22:21","guid":{"rendered":"http:\/\/www2.unifap.br\/ds\/?page_id=16"},"modified":"2024-12-23T11:41:10","modified_gmt":"2024-12-23T14:41:10","slug":"contato","status":"publish","type":"page","link":"https:\/\/www2.unifap.br\/ds\/contato\/","title":{"rendered":"Contato"},"content":{"rendered":"\t\t<div data-elementor-type=\"wp-page\" data-elementor-id=\"16\" class=\"elementor elementor-16\">\n\t\t\t\t\t\t<section class=\"elementor-section elementor-top-section elementor-element elementor-element-cea0e70 elementor-section-boxed elementor-section-height-default elementor-section-height-default\" data-id=\"cea0e70\" data-element_type=\"section\" data-e-type=\"section\">\n\t\t\t\t\t\t<div class=\"elementor-container elementor-column-gap-default\">\n\t\t\t\t\t<div class=\"elementor-column elementor-col-100 elementor-top-column elementor-element elementor-element-b727fea\" data-id=\"b727fea\" data-element_type=\"column\" data-e-type=\"column\">\n\t\t\t<div class=\"elementor-widget-wrap elementor-element-populated\">\n\t\t\t\t\t\t<div class=\"elementor-element elementor-element-46d9f63 eael-fg-hoverer-content-align-left elementor-widget elementor-widget-eael-filterable-gallery\" data-id=\"46d9f63\" data-element_type=\"widget\" data-e-type=\"widget\" data-settings=\"{&quot;photo_gallery&quot;:&quot;yes&quot;,&quot;pagination&quot;:&quot;false&quot;}\" data-widget_type=\"eael-filterable-gallery.default\">\n\t\t\t\t<div class=\"elementor-widget-container\">\n\t\t\t\t\t<style id=\"eael-fg-inline-css-46d9f63\">@media only screen and (max-width: 2399px) {\n\t\t\t\t\t.elementor-element.elementor-element-46d9f63 .eael-filterable-gallery-item-wrap {\n\t\t\t\t\t        width: 33.333333333333%;\n\t\t\t\t\t    }\n\t\t\t\t\t}@media only screen and (max-width: 1024px) {\n\t\t\t\t\t.elementor-element.elementor-element-46d9f63  .eael-filterable-gallery-item-wrap {\n\t\t\t\t\t        width: 50%;\n\t\t\t\t\t    }\n\t\t\t\t\t}@media only screen and (max-width: 767px) {\n\t\t\t\t\t.elementor-element.elementor-element-46d9f63  .eael-filterable-gallery-item-wrap {\n\t\t\t\t\t        width: 100%;\n\t\t\t\t\t    }\n\t\t\t\t\t}<\/style>        <div id=\"eael-filter-gallery-wrapper-46d9f63\" class=\"eael-filter-gallery-wrapper\" data-layout-mode=\"hoverer\" data-breakpoints=\"{&quot;mobile&quot;:{&quot;label&quot;:&quot;Dispositivos m\\u00f3veis no modo retrato&quot;,&quot;value&quot;:767,&quot;default_value&quot;:767,&quot;direction&quot;:&quot;max&quot;,&quot;is_enabled&quot;:true},&quot;mobile_extra&quot;:{&quot;label&quot;:&quot;Dispositivos m\\u00f3veis no modo paisagem&quot;,&quot;value&quot;:880,&quot;default_value&quot;:880,&quot;direction&quot;:&quot;max&quot;,&quot;is_enabled&quot;:false},&quot;tablet&quot;:{&quot;label&quot;:&quot;Tablet no modo retrato&quot;,&quot;value&quot;:1024,&quot;default_value&quot;:1024,&quot;direction&quot;:&quot;max&quot;,&quot;is_enabled&quot;:true},&quot;tablet_extra&quot;:{&quot;label&quot;:&quot;Tablet no modo paisagem&quot;,&quot;value&quot;:1200,&quot;default_value&quot;:1200,&quot;direction&quot;:&quot;max&quot;,&quot;is_enabled&quot;:false},&quot;laptop&quot;:{&quot;label&quot;:&quot;Notebook&quot;,&quot;value&quot;:1366,&quot;default_value&quot;:1366,&quot;direction&quot;:&quot;max&quot;,&quot;is_enabled&quot;:false},&quot;widescreen&quot;:{&quot;label&quot;:&quot;Tela ampla (widescreen)&quot;,&quot;value&quot;:2400,&quot;default_value&quot;:2400,&quot;direction&quot;:&quot;min&quot;,&quot;is_enabled&quot;:false}}\" data-default_control_key=\"0\" data-custom_default_control=\"1\">\n                    <div class=\"eael-filter-gallery-container eael-filter-gallery-grid\" data-images-per-page=\"\" data-total-gallery-items=\"3\" data-nomore-item-text=\"\" data-is-randomize=\"no\" data-settings=\"{&quot;grid_style&quot;:&quot;grid&quot;,&quot;popup&quot;:&quot;none&quot;,&quot;duration&quot;:&quot;500&quot;,&quot;gallery_enabled&quot;:&quot;yes&quot;,&quot;video_gallery_yt_privacy&quot;:&quot;&quot;,&quot;control_all_text&quot;:null,&quot;post_id&quot;:16,&quot;widget_id&quot;:&quot;46d9f63&quot;}\" data-search-all=\"\" data-gallery-items=\"WyI8ZGl2IGNsYXNzPVwiZWFlbC1maWx0ZXJhYmxlLWdhbGxlcnktaXRlbS13cmFwIGVhZWwtY2YtcHJvZi0tbWUtLW1hcmlvLXRlaXhlaXJhLWRvcy1zYW50b3MtbmV0b1wiPlxuXHRcdFx0XHQ8ZGl2IGNsYXNzPVwiZWFlbC1nYWxsZXJ5LWdyaWQtaXRlbVwiPjxkaXYgY2xhc3M9XCJnYWxsZXJ5LWl0ZW0tdGh1bWJuYWlsLXdyYXBcIj48aW1nIHNyYz1cImh0dHA6XC9cL3d3dzIudW5pZmFwLmJyXC9kc1wvZmlsZXNcLzIwMjRcLzEyXC9tYXJpb25ldG8uanBnXCIgZGF0YS1sYXp5LXNyYz1cImh0dHA6XC9cL3d3dzIudW5pZmFwLmJyXC9kc1wvZmlsZXNcLzIwMjRcLzEyXC9tYXJpb25ldG8uanBnXCIgYWx0PVwiUHJvZi4gTWUuIE1hcmlvIFRlaXhlaXJhIGRvcyBTYW50b3MgTmV0b1wiIGNsYXNzPVwiZ2FsbGVyeS1pdGVtLXRodW1ibmFpbFwiPjxcL2Rpdj48ZGl2IGNsYXNzPVwiZ2FsbGVyeS1pdGVtLWNhcHRpb24td3JhcCBjYXB0aW9uLXN0eWxlLWhvdmVyZXIgZWFlbC1zbGlkZS11cFwiPjxkaXYgY2xhc3M9XCJnYWxsZXJ5LWl0ZW0taG92ZXJlci1iZ1wiPjxcL2Rpdj48ZGl2IGNsYXNzPVwiZ2FsbGVyeS1pdGVtLWNhcHRpb24tb3ZlclwiPjxoMiBjbGFzcz1cImZnLWl0ZW0tdGl0bGVcIj5Qcm9mLiBNZS4gTWFyaW8gVGVpeGVpcmEgZG9zIFNhbnRvcyBOZXRvPFwvaDI+PGRpdiBjbGFzcz1cImZnLWl0ZW0tY29udGVudFwiPjxwPjxzdHJvbmc+RGlyZXRvciBkbyBEZXBhcnRhbWVudG8gZGUgU2FcdTAwZmFkZSAmIzgyMTE7IERTPGJyIFwvPjxcL3N0cm9uZz48YnIgXC8+UG9ydGFyaWEgblx1MDBiYSAxMjI1XC8yMDI0PGJyIFwvPm1hcmlvbmV0b0B1bmlmYXAuYnI8XC9wPlxuPFwvZGl2PjxcL2Rpdj48XC9kaXY+PFwvZGl2PjxcL2Rpdj4iLCI8ZGl2IGNsYXNzPVwiZWFlbC1maWx0ZXJhYmxlLWdhbGxlcnktaXRlbS13cmFwIGVhZWwtY2YtZHJhLS1hbmFuZGEtbGFyaXNzZS1iZXplcnJhLWRhLXNpbHZhXCI+XG5cdFx0XHRcdDxkaXYgY2xhc3M9XCJlYWVsLWdhbGxlcnktZ3JpZC1pdGVtXCI+PGRpdiBjbGFzcz1cImdhbGxlcnktaXRlbS10aHVtYm5haWwtd3JhcFwiPjxpbWcgc3JjPVwiaHR0cDpcL1wvd3d3Mi51bmlmYXAuYnJcL2RzXC9maWxlc1wvMjAyNFwvMTJcL2FuYW5kYXNpbHZhLmpwZ1wiIGRhdGEtbGF6eS1zcmM9XCJodHRwOlwvXC93d3cyLnVuaWZhcC5iclwvZHNcL2ZpbGVzXC8yMDI0XC8xMlwvYW5hbmRhc2lsdmEuanBnXCIgYWx0PVwiRHJhLiBBbmFuZGEgTGFyaXNzZSBCZXplcnJhIGRhIFNpbHZhXCIgY2xhc3M9XCJnYWxsZXJ5LWl0ZW0tdGh1bWJuYWlsXCI+PFwvZGl2PjxkaXYgY2xhc3M9XCJnYWxsZXJ5LWl0ZW0tY2FwdGlvbi13cmFwIGNhcHRpb24tc3R5bGUtaG92ZXJlciBlYWVsLXNsaWRlLXVwXCI+PGRpdiBjbGFzcz1cImdhbGxlcnktaXRlbS1ob3ZlcmVyLWJnXCI+PFwvZGl2PjxkaXYgY2xhc3M9XCJnYWxsZXJ5LWl0ZW0tY2FwdGlvbi1vdmVyXCI+PGgyIGNsYXNzPVwiZmctaXRlbS10aXRsZVwiPkRyYS4gQW5hbmRhIExhcmlzc2UgQmV6ZXJyYSBkYSBTaWx2YTxcL2gyPjxkaXYgY2xhc3M9XCJmZy1pdGVtLWNvbnRlbnRcIj48cD48c3Ryb25nPkRpdmlzXHUwMGUzbyBCXHUwMGUxc2ljYSBkZSBTYVx1MDBmYWRlIFx1MjAxMyBEQlM8XC9zdHJvbmc+PFwvcD5cbjxwPlBvcnRhcmlhIG5cdTAwYmEgMTIyNFwvMjAyNDxiciBcLz5cbmFuYW5kYS5zaWx2YUB1bmlmYXAuYnI8XC9wPlxuPFwvZGl2PjxcL2Rpdj48XC9kaXY+PFwvZGl2PjxcL2Rpdj4iLCI8ZGl2IGNsYXNzPVwiZWFlbC1maWx0ZXJhYmxlLWdhbGxlcnktaXRlbS13cmFwIGVhZWwtY2YtbHVjaWNsXHUwMGU5YS1jYXN0cm8tcGVyZWlyYVwiPlxuXHRcdFx0XHQ8ZGl2IGNsYXNzPVwiZWFlbC1nYWxsZXJ5LWdyaWQtaXRlbVwiPjxkaXYgY2xhc3M9XCJnYWxsZXJ5LWl0ZW0tdGh1bWJuYWlsLXdyYXBcIj48aW1nIHNyYz1cImh0dHA6XC9cL3d3dzIudW5pZmFwLmJyXC9kc1wvZmlsZXNcLzIwMjNcLzAzXC8yMjQ0ODE5MV8xNzE1ODIxMTQxNzg0Nzk3XzcyNDc3NzE2NTIwODQzNzk5X24uanBnXCIgZGF0YS1sYXp5LXNyYz1cImh0dHA6XC9cL3d3dzIudW5pZmFwLmJyXC9kc1wvZmlsZXNcLzIwMjNcLzAzXC8yMjQ0ODE5MV8xNzE1ODIxMTQxNzg0Nzk3XzcyNDc3NzE2NTIwODQzNzk5X24uanBnXCIgYWx0PVwiTHVjaWNsXHUwMGU5YSBDYXN0cm8gUGVyZWlyYVwiIGNsYXNzPVwiZ2FsbGVyeS1pdGVtLXRodW1ibmFpbFwiPjxcL2Rpdj48ZGl2IGNsYXNzPVwiZ2FsbGVyeS1pdGVtLWNhcHRpb24td3JhcCBjYXB0aW9uLXN0eWxlLWhvdmVyZXIgZWFlbC1zbGlkZS11cFwiPjxkaXYgY2xhc3M9XCJnYWxsZXJ5LWl0ZW0taG92ZXJlci1iZ1wiPjxcL2Rpdj48ZGl2IGNsYXNzPVwiZ2FsbGVyeS1pdGVtLWNhcHRpb24tb3ZlclwiPjxoMiBjbGFzcz1cImZnLWl0ZW0tdGl0bGVcIj5MdWNpY2xcdTAwZTlhIENhc3RybyBQZXJlaXJhPFwvaDI+PGRpdiBjbGFzcz1cImZnLWl0ZW0tY29udGVudFwiPjxwPjxzdHJvbmc+RGl2aXNcdTAwZTNvIGRlIFNlcnZpXHUwMGU3byBQc2ljb3Nzb2NpYWwgJiM4MjExOyBEU1A8XC9zdHJvbmc+PFwvcD5cbjxwPlBvcnRhcmlhIG5cdTAwYmEgMjA1NlwvMjAxODxiciBcLz5sdWNpY2xlYUB1bmlmYXAuYnI8XC9wPlxuPFwvZGl2PjxcL2Rpdj48XC9kaXY+PFwvZGl2PjxcL2Rpdj4iXQ==\" data-init-show=\"3\">\n            <div class=\"eael-filterable-gallery-item-wrap eael-cf-prof--me--mario-teixeira-dos-santos-neto\">\n\t\t\t\t<div class=\"eael-gallery-grid-item\"><div class=\"gallery-item-thumbnail-wrap\"><img decoding=\"async\" src=\"http:\/\/www2.unifap.br\/ds\/files\/2024\/12\/marioneto.jpg\" data-lazy-src=\"http:\/\/www2.unifap.br\/ds\/files\/2024\/12\/marioneto.jpg\" alt=\"Prof. Me. Mario Teixeira dos Santos Neto\" class=\"gallery-item-thumbnail\"><\/div><div class=\"gallery-item-caption-wrap caption-style-hoverer eael-slide-up\"><div class=\"gallery-item-hoverer-bg\"><\/div><div class=\"gallery-item-caption-over\"><h2 class=\"fg-item-title\">Prof. Me. Mario Teixeira dos Santos Neto<\/h2><div class=\"fg-item-content\"><p><strong>Diretor do Departamento de Sa\u00fade &#8211; DS<br \/><\/strong><br \/>Portaria n\u00ba 1225\/2024<br \/>marioneto@unifap.br<\/p>\n<\/div><\/div><\/div><\/div><\/div><div class=\"eael-filterable-gallery-item-wrap eael-cf-dra--ananda-larisse-bezerra-da-silva\">\n\t\t\t\t<div class=\"eael-gallery-grid-item\"><div class=\"gallery-item-thumbnail-wrap\"><img decoding=\"async\" src=\"http:\/\/www2.unifap.br\/ds\/files\/2024\/12\/anandasilva.jpg\" data-lazy-src=\"http:\/\/www2.unifap.br\/ds\/files\/2024\/12\/anandasilva.jpg\" alt=\"Dra. Ananda Larisse Bezerra da Silva\" class=\"gallery-item-thumbnail\"><\/div><div class=\"gallery-item-caption-wrap caption-style-hoverer eael-slide-up\"><div class=\"gallery-item-hoverer-bg\"><\/div><div class=\"gallery-item-caption-over\"><h2 class=\"fg-item-title\">Dra. Ananda Larisse Bezerra da Silva<\/h2><div class=\"fg-item-content\"><p><strong>Divis\u00e3o B\u00e1sica de Sa\u00fade \u2013 DBS<\/strong><\/p>\n<p>Portaria n\u00ba 1224\/2024<br \/>\nananda.silva@unifap.br<\/p>\n<\/div><\/div><\/div><\/div><\/div><div class=\"eael-filterable-gallery-item-wrap eael-cf-lucicl\u00e9a-castro-pereira\">\n\t\t\t\t<div class=\"eael-gallery-grid-item\"><div class=\"gallery-item-thumbnail-wrap\"><img decoding=\"async\" src=\"http:\/\/www2.unifap.br\/ds\/files\/2023\/03\/22448191_1715821141784797_72477716520843799_n.jpg\" data-lazy-src=\"http:\/\/www2.unifap.br\/ds\/files\/2023\/03\/22448191_1715821141784797_72477716520843799_n.jpg\" alt=\"Lucicl\u00e9a Castro Pereira\" class=\"gallery-item-thumbnail\"><\/div><div class=\"gallery-item-caption-wrap caption-style-hoverer eael-slide-up\"><div class=\"gallery-item-hoverer-bg\"><\/div><div class=\"gallery-item-caption-over\"><h2 class=\"fg-item-title\">Lucicl\u00e9a Castro Pereira<\/h2><div class=\"fg-item-content\"><p><strong>Divis\u00e3o de Servi\u00e7o Psicossocial &#8211; DSP<\/strong><\/p>\n<p>Portaria n\u00ba 2056\/2018<br \/>luciclea@unifap.br<\/p>\n<\/div><\/div><\/div><\/div><\/div>        <\/div>\n                <\/div>\n        \n        \t\t\t\t<\/div>\n\t\t\t\t<\/div>\n\t\t\t\t\t<\/div>\n\t\t<\/div>\n\t\t\t\t\t<\/div>\n\t\t<\/section>\n\t\t\t\t<\/div>\n\t\t","protected":false},"excerpt":{"rendered":"<p>@media only screen and (max-width: 2399px) { .elementor-element.elementor-element-46d9f63 .eael-filterable-gallery-item-wrap { width: 33.333333333333%; } }@media only screen and (max-width: 1024px) { .elementor-element.elementor-element-46d9f63 .eael-filterable-gallery-item-wrap { width: 50%; } }@media only screen and (max-width: 767px) { .elementor-element.elementor-element-46d9f63 .eael-filterable-gallery-item-wrap { width: 100%; } } Prof. Me. Mario Teixeira dos Santos Neto Diretor do Departamento de Sa\u00fade &#8211; DSPortaria n\u00ba&#8230;<\/p>\n","protected":false},"author":895,"featured_media":0,"parent":0,"menu_order":0,"comment_status":"closed","ping_status":"closed","template":"","meta":{"inline_featured_image":false,"site-sidebar-layout":"default","site-content-layout":"default","ast-site-content-layout":"default","site-content-style":"default","site-sidebar-style":"default","ast-global-header-display":"","ast-banner-title-visibility":"","ast-main-header-display":"","ast-hfb-above-header-display":"","ast-hfb-below-header-display":"","ast-hfb-mobile-header-display":"","site-post-title":"","ast-breadcrumbs-content":"","ast-featured-img":"","footer-sml-layout":"","theme-transparent-header-meta":"default","adv-header-id-meta":"","stick-header-meta":"","header-above-stick-meta":"","header-main-stick-meta":"","header-below-stick-meta":"","astra-migrate-meta-layouts":"set","ast-page-background-enabled":"default","ast-page-background-meta":{"desktop":{"background-color":"var(--ast-global-color-4)","background-image":"","background-repeat":"repeat","background-position":"center center","background-size":"auto","background-attachment":"scroll","background-type":"","background-media":"","overlay-type":"","overlay-color":"","overlay-opacity":"","overlay-gradient":""},"tablet":{"background-color":"","background-image":"","background-repeat":"repeat","background-position":"center center","background-size":"auto","background-attachment":"scroll","background-type":"","background-media":"","overlay-type":"","overlay-color":"","overlay-opacity":"","overlay-gradient":""},"mobile":{"background-color":"","background-image":"","background-repeat":"repeat","background-position":"center center","background-size":"auto","background-attachment":"scroll","background-type":"","background-media":"","overlay-type":"","overlay-color":"","overlay-opacity":"","overlay-gradient":""}},"ast-content-background-meta":{"desktop":{"background-color":"var(--ast-global-color-5)","background-image":"","background-repeat":"repeat","background-position":"center center","background-size":"auto","background-attachment":"scroll","background-type":"","background-media":"","overlay-type":"","overlay-color":"","overlay-opacity":"","overlay-gradient":""},"tablet":{"background-color":"var(--ast-global-color-5)","background-image":"","background-repeat":"repeat","background-position":"center center","background-size":"auto","background-attachment":"scroll","background-type":"","background-media":"","overlay-type":"","overlay-color":"","overlay-opacity":"","overlay-gradient":""},"mobile":{"background-color":"var(--ast-global-color-5)","background-image":"","background-repeat":"repeat","background-position":"center center","background-size":"auto","background-attachment":"scroll","background-type":"","background-media":"","overlay-type":"","overlay-color":"","overlay-opacity":"","overlay-gradient":""}},"ngg_post_thumbnail":0,"footnotes":""},"class_list":["post-16","page","type-page","status-publish","hentry"],"_links":{"self":[{"href":"https:\/\/www2.unifap.br\/ds\/wp-json\/wp\/v2\/pages\/16","targetHints":{"allow":["GET"]}}],"collection":[{"href":"https:\/\/www2.unifap.br\/ds\/wp-json\/wp\/v2\/pages"}],"about":[{"href":"https:\/\/www2.unifap.br\/ds\/wp-json\/wp\/v2\/types\/page"}],"author":[{"embeddable":true,"href":"https:\/\/www2.unifap.br\/ds\/wp-json\/wp\/v2\/users\/895"}],"replies":[{"embeddable":true,"href":"https:\/\/www2.unifap.br\/ds\/wp-json\/wp\/v2\/comments?post=16"}],"version-history":[{"count":64,"href":"https:\/\/www2.unifap.br\/ds\/wp-json\/wp\/v2\/pages\/16\/revisions"}],"predecessor-version":[{"id":267,"href":"https:\/\/www2.unifap.br\/ds\/wp-json\/wp\/v2\/pages\/16\/revisions\/267"}],"wp:attachment":[{"href":"https:\/\/www2.unifap.br\/ds\/wp-json\/wp\/v2\/media?parent=16"}],"curies":[{"name":"wp","href":"https:\/\/api.w.org\/{rel}","templated":true}]}}