{"id":20,"date":"2020-09-20T20:28:46","date_gmt":"2020-09-20T20:28:46","guid":{"rendered":"http:\/\/www2.unifap.br\/ds\/?page_id=20"},"modified":"2022-12-16T15:33:05","modified_gmt":"2022-12-16T18:33:05","slug":"sobre_ds","status":"publish","type":"page","link":"https:\/\/www2.unifap.br\/ds\/sobre_ds\/","title":{"rendered":"DS"},"content":{"rendered":"\t\t<div data-elementor-type=\"wp-page\" data-elementor-id=\"20\" class=\"elementor elementor-20\">\n\t\t\t\t\t\t<section class=\"elementor-section elementor-top-section elementor-element elementor-element-f63ebb7 elementor-section-boxed elementor-section-height-default elementor-section-height-default\" data-id=\"f63ebb7\" data-element_type=\"section\" data-e-type=\"section\">\n\t\t\t\t\t\t<div class=\"elementor-container elementor-column-gap-default\">\n\t\t\t\t\t<div class=\"elementor-column elementor-col-100 elementor-top-column elementor-element elementor-element-6e70b5b\" data-id=\"6e70b5b\" data-element_type=\"column\" data-e-type=\"column\">\n\t\t\t<div class=\"elementor-widget-wrap elementor-element-populated\">\n\t\t\t\t\t\t<div class=\"elementor-element elementor-element-437711b elementor-widget elementor-widget-text-editor\" data-id=\"437711b\" data-element_type=\"widget\" data-e-type=\"widget\" data-widget_type=\"text-editor.default\">\n\t\t\t\t<div class=\"elementor-widget-container\">\n\t\t\t\t\t\t\t\t\t<p><strong>Departamento de Sa\u00fade \u2013 DS<\/strong><\/p>\n<p style=\"text-align: justify\">O Departamento de Sa\u00fade \u2013 DS est\u00e1 \u00e9 vinculado \u00e0 Pr\u00f3-Reitoria de Extens\u00e3o e A\u00e7\u00f5es Comunit\u00e1rias \u2013 PROEAC conforme o Regimento Geral da UNIFAP, Art. 64 e Resolu\u00e7\u00e3o N\u00ba 01\/2013-CONDIR.<\/p>\n<p style=\"text-align: justify\"><b>Nome do servi\u00e7o oferecido:<\/b> Servi\u00e7o de Apoio Psicossocial<\/p>\n<p style=\"text-align: justify\"><b>Descri\u00e7\u00e3o:<\/b> O Servi\u00e7o de Apoio Psicossocial \u00e9 um servi\u00e7o que promove a\u00e7\u00f5es de&nbsp;psicologia e assist\u00eancia social direcionadas \u00e0 comunidade universit\u00e1ria, com a finalidade&nbsp;de contribuir com o processo educacional e com o desenvolvimento integral de estudantes&nbsp;da UNIFAP.<\/p>\n<p style=\"text-align: justify\"><b>OBJETIVOS<\/b><\/p>\n<ul>\n<li style=\"text-align: justify\">Promover o atendimento \u00e0 queixa escolar-acad\u00eamica, sobretudo, de estudantes em situa\u00e7\u00e3o de vulnerabilidade social, visando \u00e0 perman\u00eancia e a conclus\u00e3o do curso em tempo regulamentar<\/li>\n<li style=\"text-align: justify\">Desenvolver a\u00e7\u00f5es para a sa\u00fade mental da comunidade universit\u00e1ria<\/li>\n<li style=\"text-align: justify\">Auxiliar na supera\u00e7\u00e3o de dificuldades emocionais relacionadas \u00e0 vida&nbsp;acad\u00eamica<\/li>\n<li style=\"text-align: justify\">Construir estrat\u00e9gias de enfrentamento de problemas de natureza psicossocial<\/li>\n<\/ul>\n<div style=\"text-align: justify\"><b>A\u00c7\u00d5ES<\/b><\/div>\n<ul>\n<li style=\"text-align: justify\">Individuais: O atendimento psicol\u00f3gico (aconselhamento psicol\u00f3gico ou psicoterapia breve) \u00e9 realizado em encontros individuais, com atendimentos de at\u00e9 50 minutos e com per\u00edodo de dura\u00e7\u00e3o de at\u00e9 4 encontros, que poder\u00e3o ser estendidos de acordo com a avalia\u00e7\u00e3o de cada profissional respons\u00e1vel.<\/li>\n<li style=\"text-align: justify\">Coletivas: Participa\u00e7\u00e3o em eventos, divulga\u00e7\u00e3o de conte\u00fados relativos a sa\u00fade&nbsp;mental nas redes sociais do servi\u00e7o e site oficial da universidade, realiza\u00e7\u00e3o&nbsp;de encontros e rodas de conversa, entre outras a\u00e7\u00f5es que tenham rela\u00e7\u00e3o com&nbsp;as atribui\u00e7\u00f5es do psic\u00f3logo e assist\u00eancia estudantil.<\/li>\n<\/ul>\n<div style=\"text-align: justify\"><b>P\u00fablico-alvo:<\/b> Estudantes matriculados em cursos de gradua\u00e7\u00e3o da UNIFAP<\/div>\n<div style=\"text-align: justify\">&nbsp;<\/div>\n<div style=\"text-align: justify\"><b>Base legal:<\/b> Partindo da proposta do Programa Nacional de Assist\u00eancia Estudantil &#8211;&nbsp;PNAES, considerando o entendimento de que apenas o apoio financeiro n\u00e3o \u00e9 suficiente&nbsp;para atender as necessidades reais da vida estudantil, o Departamento de Sa\u00fade possui&nbsp;em sua estrutura o Setor de Apoio Psicossocial, cuja miss\u00e3o \u00e9 colaborar com a pol\u00edtica de<br>Assist\u00eancia Estudantil, auxiliando a perman\u00eancia do aluno na UNIFAP; a melhoria do&nbsp;desempenho acad\u00eamico e o est\u00edmulo \u00e0 constru\u00e7\u00e3o de novos conceitos na rela\u00e7\u00e3o aluno Universidade.<\/div>\n<div style=\"text-align: justify\">&nbsp;<\/div>\n<div style=\"text-align: justify\"><b>Requisitos necess\u00e1rios a solicita\u00e7\u00e3o:<\/b> Ser aluno da gradua\u00e7\u00e3o com matr\u00edcula ativa.&nbsp;<\/div>\n<div style=\"text-align: justify\">&nbsp;<\/div>\n<p><b style=\"font-size: 14px\">Solicita\u00e7\u00e3o de Apoio Psicol\u00f3gico:<\/b><\/p>\n<p><b style=\"font-size: 14px\">Quais as informa\u00e7\u00f5es necess\u00e1rias para a solicita\u00e7\u00e3o do apoio psicol\u00f3gico?&nbsp;<\/b><br><span style=\"font-size: 14px\">O estudante dever\u00e1 informar seu nome completo, idade, curso, CPF, matr\u00edcula ativa da&nbsp;UNIFAP, o motivo da solicita\u00e7\u00e3o e a disponibilidade de hor\u00e1rio para o acolhimento,<\/span><br><span style=\"font-size: 14px\">especificando se remoto ou presencial.<\/span><br><\/p>\n\n<p><b>O que acontece ap\u00f3s o envio do e-mail?<\/b><br>O setor entrar\u00e1 em contato para agendamento de um Acolhimento.<\/p>\n<p><b>O que \u00e9 Acolhimento?<\/b><br>\u00c9 o procedimento de porta de entrada. \u00c9 o momento de recep\u00e7\u00e3o e acolhimento do&nbsp;estudante que busca aux\u00edlio para lidar com quest\u00f5es que estejam impactando a vida<br>acad\u00eamica.<\/p>\n<p><b style=\"font-size: 14px\">Confirmei presen\u00e7a no Acolhimento, mas n\u00e3o fui e nem justifiquei.&nbsp;<span style=\"font-size: 14px\">O que fa\u00e7o?<\/span><\/b><br><span style=\"font-size: 14px\">O estudante deve enviar outro e-mail para realizar uma nova solicita\u00e7\u00e3o.<\/span><br><\/p>\n\n<p><b>O que acontece ap\u00f3s o Acolhimento?<br><\/b>Depender\u00e1 da avalia\u00e7\u00e3o t\u00e9cnica dos profissionais.<span style=\"font-size: 14px\"><br><\/span><\/p>\n<p><b>OBSERVA\u00c7\u00d5ES IMPORTANTES:<\/b><\/p>\n<ul>\n<li>N\u00e3o somos um servi\u00e7o de emerg\u00eancia psiqui\u00e1trica e n\u00e3o contamos com m\u00e9dicos em nossa equipe.&nbsp;<\/li>\n<li>\u00c9 necess\u00e1rio que o estudante justifique previamente por e-mail toda e&nbsp;qualquer aus\u00eancia.<\/li>\n<li>&nbsp;Prazo m\u00e1ximo para a presta\u00e7\u00e3o do servi\u00e7o: geralmente uma semana.&nbsp;<\/li>\n<\/ul>\n<p><span style=\"font-size: 14px\">&nbsp;<\/span><\/p>\t\t\t\t\t\t\t\t<\/div>\n\t\t\t\t<\/div>\n\t\t\t\t\t<\/div>\n\t\t<\/div>\n\t\t\t\t\t<\/div>\n\t\t<\/section>\n\t\t\t\t<section class=\"elementor-section elementor-top-section elementor-element elementor-element-6dc35c9 elementor-section-boxed elementor-section-height-default elementor-section-height-default\" data-id=\"6dc35c9\" data-element_type=\"section\" data-e-type=\"section\">\n\t\t\t\t\t\t<div class=\"elementor-container elementor-column-gap-default\">\n\t\t\t\t\t<div class=\"elementor-column elementor-col-100 elementor-top-column elementor-element elementor-element-5d4a9e5\" data-id=\"5d4a9e5\" data-element_type=\"column\" data-e-type=\"column\">\n\t\t\t<div class=\"elementor-widget-wrap elementor-element-populated\">\n\t\t\t\t\t\t<div class=\"elementor-element elementor-element-ace068c elementor-widget elementor-widget-spacer\" data-id=\"ace068c\" data-element_type=\"widget\" data-e-type=\"widget\" data-widget_type=\"spacer.default\">\n\t\t\t\t<div class=\"elementor-widget-container\">\n\t\t\t\t\t\t\t<div class=\"elementor-spacer\">\n\t\t\t<div class=\"elementor-spacer-inner\"><\/div>\n\t\t<\/div>\n\t\t\t\t\t\t<\/div>\n\t\t\t\t<\/div>\n\t\t\t\t\t<\/div>\n\t\t<\/div>\n\t\t\t\t\t<\/div>\n\t\t<\/section>\n\t\t\t\t<section class=\"elementor-section elementor-top-section elementor-element elementor-element-020b7ea elementor-section-boxed elementor-section-height-default elementor-section-height-default\" data-id=\"020b7ea\" data-element_type=\"section\" data-e-type=\"section\">\n\t\t\t\t\t\t<div class=\"elementor-container elementor-column-gap-default\">\n\t\t\t\t\t<div class=\"elementor-column elementor-col-100 elementor-top-column elementor-element elementor-element-a7576da\" data-id=\"a7576da\" data-element_type=\"column\" data-e-type=\"column\">\n\t\t\t<div class=\"elementor-widget-wrap elementor-element-populated\">\n\t\t\t\t\t\t<div class=\"elementor-element elementor-element-d1a94dc elementor-widget elementor-widget-wp-widget-recent-posts\" data-id=\"d1a94dc\" data-element_type=\"widget\" data-e-type=\"widget\" data-widget_type=\"wp-widget-recent-posts.default\">\n\t\t\t\t<div class=\"elementor-widget-container\">\n\t\t\t\t\t\n\t\t\n\t\t<h5>\u00daltimas Not\u00edcias<\/h5><nav aria-label=\"\u00daltimas Not\u00edcias\">\n\t\t<ul>\n\t\t\t\t\t\t\t\t\t\t\t<li>\n\t\t\t\t\t<a href=\"https:\/\/www2.unifap.br\/ds\/2023\/07\/20\/relatorio-de-atendimentos-psicologicos-agendamentos-de-novembro-de-2022-a-junho-de-2023\/\">RELAT\u00d3RIO DE ATENDIMENTOS PSICOL\u00d3GICOS &#8211; AGENDAMENTOS DE NOVEMBRO DE 2022 A JUNHO DE 2023<\/a>\n\t\t\t\t\t\t\t\t\t\t\t<span class=\"post-date\">20 de julho de 2023<\/span>\n\t\t\t\t\t\t\t\t\t<\/li>\n\t\t\t\t\t\t\t\t\t\t\t<li>\n\t\t\t\t\t<a href=\"https:\/\/www2.unifap.br\/ds\/2023\/04\/24\/formulario-para-atendimento-psicossocial-proeac\/\">Formul\u00e1rio para Atendimento Psicossocial PROEAC<\/a>\n\t\t\t\t\t\t\t\t\t\t\t<span class=\"post-date\">24 de abril de 2023<\/span>\n\t\t\t\t\t\t\t\t\t<\/li>\n\t\t\t\t\t<\/ul>\n\n\t\t<\/nav>\t\t\t\t<\/div>\n\t\t\t\t<\/div>\n\t\t\t\t\t<\/div>\n\t\t<\/div>\n\t\t\t\t\t<\/div>\n\t\t<\/section>\n\t\t\t\t<\/div>\n\t\t","protected":false},"excerpt":{"rendered":"<p>Departamento de Sa\u00fade \u2013 DS O Departamento de Sa\u00fade \u2013 DS est\u00e1 \u00e9 vinculado \u00e0 Pr\u00f3-Reitoria de Extens\u00e3o e A\u00e7\u00f5es Comunit\u00e1rias \u2013 PROEAC conforme o Regimento Geral da UNIFAP, Art. 64 e Resolu\u00e7\u00e3o N\u00ba 01\/2013-CONDIR. Nome do servi\u00e7o oferecido: Servi\u00e7o de Apoio Psicossocial Descri\u00e7\u00e3o: O Servi\u00e7o de Apoio Psicossocial \u00e9 um servi\u00e7o que promove a\u00e7\u00f5es&#8230;<\/p>\n","protected":false},"author":895,"featured_media":0,"parent":0,"menu_order":0,"comment_status":"closed","ping_status":"closed","template":"","meta":{"inline_featured_image":false,"site-sidebar-layout":"default","site-content-layout":"","ast-site-content-layout":"default","site-content-style":"default","site-sidebar-style":"default","ast-global-header-display":"","ast-banner-title-visibility":"","ast-main-header-display":"","ast-hfb-above-header-display":"","ast-hfb-below-header-display":"","ast-hfb-mobile-header-display":"","site-post-title":"","ast-breadcrumbs-content":"","ast-featured-img":"","footer-sml-layout":"","theme-transparent-header-meta":"","adv-header-id-meta":"","stick-header-meta":"","header-above-stick-meta":"","header-main-stick-meta":"","header-below-stick-meta":"","astra-migrate-meta-layouts":"default","ast-page-background-enabled":"default","ast-page-background-meta":{"desktop":{"background-color":"var(--ast-global-color-4)","background-image":"","background-repeat":"repeat","background-position":"center center","background-size":"auto","background-attachment":"scroll","background-type":"","background-media":"","overlay-type":"","overlay-color":"","overlay-opacity":"","overlay-gradient":""},"tablet":{"background-color":"","background-image":"","background-repeat":"repeat","background-position":"center center","background-size":"auto","background-attachment":"scroll","background-type":"","background-media":"","overlay-type":"","overlay-color":"","overlay-opacity":"","overlay-gradient":""},"mobile":{"background-color":"","background-image":"","background-repeat":"repeat","background-position":"center center","background-size":"auto","background-attachment":"scroll","background-type":"","background-media":"","overlay-type":"","overlay-color":"","overlay-opacity":"","overlay-gradient":""}},"ast-content-background-meta":{"desktop":{"background-color":"var(--ast-global-color-5)","background-image":"","background-repeat":"repeat","background-position":"center center","background-size":"auto","background-attachment":"scroll","background-type":"","background-media":"","overlay-type":"","overlay-color":"","overlay-opacity":"","overlay-gradient":""},"tablet":{"background-color":"var(--ast-global-color-5)","background-image":"","background-repeat":"repeat","background-position":"center center","background-size":"auto","background-attachment":"scroll","background-type":"","background-media":"","overlay-type":"","overlay-color":"","overlay-opacity":"","overlay-gradient":""},"mobile":{"background-color":"var(--ast-global-color-5)","background-image":"","background-repeat":"repeat","background-position":"center center","background-size":"auto","background-attachment":"scroll","background-type":"","background-media":"","overlay-type":"","overlay-color":"","overlay-opacity":"","overlay-gradient":""}},"ngg_post_thumbnail":0,"footnotes":""},"class_list":["post-20","page","type-page","status-publish","hentry"],"_links":{"self":[{"href":"https:\/\/www2.unifap.br\/ds\/wp-json\/wp\/v2\/pages\/20","targetHints":{"allow":["GET"]}}],"collection":[{"href":"https:\/\/www2.unifap.br\/ds\/wp-json\/wp\/v2\/pages"}],"about":[{"href":"https:\/\/www2.unifap.br\/ds\/wp-json\/wp\/v2\/types\/page"}],"author":[{"embeddable":true,"href":"https:\/\/www2.unifap.br\/ds\/wp-json\/wp\/v2\/users\/895"}],"replies":[{"embeddable":true,"href":"https:\/\/www2.unifap.br\/ds\/wp-json\/wp\/v2\/comments?post=20"}],"version-history":[{"count":23,"href":"https:\/\/www2.unifap.br\/ds\/wp-json\/wp\/v2\/pages\/20\/revisions"}],"predecessor-version":[{"id":86,"href":"https:\/\/www2.unifap.br\/ds\/wp-json\/wp\/v2\/pages\/20\/revisions\/86"}],"wp:attachment":[{"href":"https:\/\/www2.unifap.br\/ds\/wp-json\/wp\/v2\/media?parent=20"}],"curies":[{"name":"wp","href":"https:\/\/api.w.org\/{rel}","templated":true}]}}