{"id":330,"date":"2025-01-03T10:06:22","date_gmt":"2025-01-03T13:06:22","guid":{"rendered":"https:\/\/www2.unifap.br\/ds\/?page_id=330"},"modified":"2025-01-06T11:18:38","modified_gmt":"2025-01-06T14:18:38","slug":"dps-plantao-psi","status":"publish","type":"page","link":"https:\/\/www2.unifap.br\/ds\/dps-plantao-psi\/","title":{"rendered":"Plant\u00e3o Psicol\u00f3gico"},"content":{"rendered":"\t\t<div data-elementor-type=\"wp-page\" data-elementor-id=\"330\" class=\"elementor elementor-330\">\n\t\t\t\t\t\t<section class=\"elementor-section elementor-top-section elementor-element elementor-element-36e62c6 elementor-section-boxed elementor-section-height-default elementor-section-height-default\" data-id=\"36e62c6\" data-element_type=\"section\" data-e-type=\"section\">\n\t\t\t\t\t\t<div class=\"elementor-container elementor-column-gap-default\">\n\t\t\t\t\t<div class=\"elementor-column elementor-col-100 elementor-top-column elementor-element elementor-element-1adae1d\" data-id=\"1adae1d\" data-element_type=\"column\" data-e-type=\"column\">\n\t\t\t<div class=\"elementor-widget-wrap elementor-element-populated\">\n\t\t\t\t\t\t<div class=\"elementor-element elementor-element-590464a elementor-widget elementor-widget-eael-adv-accordion\" data-id=\"590464a\" data-element_type=\"widget\" data-e-type=\"widget\" data-widget_type=\"eael-adv-accordion.default\">\n\t\t\t\t<div class=\"elementor-widget-container\">\n\t\t\t\t\t        <div class=\"eael-adv-accordion\" id=\"eael-adv-accordion-590464a\" data-scroll-on-click=\"no\" data-scroll-speed=\"300\" data-accordion-id=\"590464a\" data-accordion-type=\"accordion\" data-toogle-speed=\"300\">\n    <div class=\"eael-accordion-list\">\n                <div id=\"resumo\" class=\"elementor-tab-title eael-accordion-header active-default\" tabindex=\"0\" data-tab=\"1\" aria-controls=\"elementor-tab-content-9331\"><span class=\"eael-advanced-accordion-icon-closed\"><i aria-hidden=\"true\" class=\"fa-accordion-icon fas fa-plus\"><\/i><\/span><span class=\"eael-advanced-accordion-icon-opened\"><i aria-hidden=\"true\" class=\"fa-accordion-icon fas fa-minus\"><\/i><\/span><span class=\"eael-accordion-tab-title\">Resumo<\/span><i aria-hidden=\"true\" class=\"fa-toggle fas fa-angle-right\"><\/i><\/div><div id=\"elementor-tab-content-9331\" class=\"eael-accordion-content clearfix active-default\" data-tab=\"1\" aria-labelledby=\"resumo\"><p>O Plant\u00e3o Psicol\u00f3gico \u00e9 um servi\u00e7o oferecido pela UNIFAP que visa proporcionar atendimento psicol\u00f3gico breve, gratuito e confidencial aos acad\u00eamicos dos cursos presenciais de todos os campi. \u00c9 um espa\u00e7o seguro e acolhedor, onde os estudantes podem buscar apoio em momentos de crise, dificuldades emocionais ou simplesmente para conversar e refletir sobre quest\u00f5es que estejam afetando sua vida.<\/p><p>Os psic\u00f3logos do plant\u00e3o oferecem escuta acolhedora, orienta\u00e7\u00e3o e apoio emocional, auxiliando na identifica\u00e7\u00e3o de sentimentos e na busca de solu\u00e7\u00f5es para os problemas apresentados.<\/p><p>A dura\u00e7\u00e3o das sess\u00f5es \u00e9 geralmente mais curta do que em uma terapia tradicional, o que permite um atendimento mais r\u00e1pido em situa\u00e7\u00f5es de crise. Geralmente ocorre em apenas 01 encontro, identificando a demanda para atendimento na DSP ou encaminhamento.<\/p><p>Para os casos que se enquadram em demandas destinadas a outros servi\u00e7os, s\u00e3o realizados os encaminhamentos, tanto de psicologia quanto de sa\u00fade em geral.<\/p><\/div>\n                <\/div><div class=\"eael-accordion-list\">\n                <div id=\"profissionais\" class=\"elementor-tab-title eael-accordion-header\" tabindex=\"0\" data-tab=\"2\" aria-controls=\"elementor-tab-content-9332\"><span class=\"eael-advanced-accordion-icon-closed\"><i aria-hidden=\"true\" class=\"fa-accordion-icon fas fa-plus\"><\/i><\/span><span class=\"eael-advanced-accordion-icon-opened\"><i aria-hidden=\"true\" class=\"fa-accordion-icon fas fa-minus\"><\/i><\/span><span class=\"eael-accordion-tab-title\">Profissionais<\/span><i aria-hidden=\"true\" class=\"fa-toggle fas fa-angle-right\"><\/i><\/div><div id=\"elementor-tab-content-9332\" class=\"eael-accordion-content clearfix\" data-tab=\"2\" aria-labelledby=\"profissionais\"><p>Psic\u00f3logos<\/p><\/div>\n                <\/div><div class=\"eael-accordion-list\">\n                <div id=\"demandas\" class=\"elementor-tab-title eael-accordion-header\" tabindex=\"0\" data-tab=\"3\" aria-controls=\"elementor-tab-content-9333\"><span class=\"eael-advanced-accordion-icon-closed\"><i aria-hidden=\"true\" class=\"fa-accordion-icon fas fa-plus\"><\/i><\/span><span class=\"eael-advanced-accordion-icon-opened\"><i aria-hidden=\"true\" class=\"fa-accordion-icon fas fa-minus\"><\/i><\/span><span class=\"eael-accordion-tab-title\">Demandas<\/span><i aria-hidden=\"true\" class=\"fa-toggle fas fa-angle-right\"><\/i><\/div><div id=\"elementor-tab-content-9333\" class=\"eael-accordion-content clearfix\" data-tab=\"3\" aria-labelledby=\"demandas\"><p><span style=\"font-weight: 400\">Conflitos relacionais, conflitos familiares, pensamentos suicidas (a serem encaminhadas, dependendo da gravidade), dificuldades acad\u00eamicas (aten\u00e7\u00e3o e aprendizagem), desregula\u00e7\u00e3o emocional. <\/span><\/p><\/div>\n                <\/div><div class=\"eael-accordion-list\">\n                <div id=\"tipos-de-atendimento\" class=\"elementor-tab-title eael-accordion-header\" tabindex=\"0\" data-tab=\"4\" aria-controls=\"elementor-tab-content-9334\"><span class=\"eael-advanced-accordion-icon-closed\"><i aria-hidden=\"true\" class=\"fa-accordion-icon fas fa-plus\"><\/i><\/span><span class=\"eael-advanced-accordion-icon-opened\"><i aria-hidden=\"true\" class=\"fa-accordion-icon fas fa-minus\"><\/i><\/span><span class=\"eael-accordion-tab-title\">Tipos de atendimento<\/span><i aria-hidden=\"true\" class=\"fa-toggle fas fa-angle-right\"><\/i><\/div><div id=\"elementor-tab-content-9334\" class=\"eael-accordion-content clearfix\" data-tab=\"4\" aria-labelledby=\"tipos-de-atendimento\"><ul><li>Acolhimento<\/li><li>Escuta ativa<\/li><li>Orienta\u00e7\u00e3o<\/li><li>Aconselhamento<\/li><\/ul><\/div>\n                <\/div><div class=\"eael-accordion-list\">\n                <div id=\"pblico-alvo\" class=\"elementor-tab-title eael-accordion-header\" tabindex=\"0\" data-tab=\"5\" aria-controls=\"elementor-tab-content-9335\"><span class=\"eael-advanced-accordion-icon-closed\"><i aria-hidden=\"true\" class=\"fa-accordion-icon fas fa-plus\"><\/i><\/span><span class=\"eael-advanced-accordion-icon-opened\"><i aria-hidden=\"true\" class=\"fa-accordion-icon fas fa-minus\"><\/i><\/span><span class=\"eael-accordion-tab-title\">P\u00fablico-alvo<\/span><i aria-hidden=\"true\" class=\"fa-toggle fas fa-angle-right\"><\/i><\/div><div id=\"elementor-tab-content-9335\" class=\"eael-accordion-content clearfix\" data-tab=\"5\" aria-labelledby=\"pblico-alvo\"><p><span style=\"font-weight: 400\">Acad\u00eamicos dos cursos presenciais de todos os campi da UNIFAP.<\/span><\/p><p>\u00a0<\/p><p><span style=\"font-weight: 400\">Ter\u00e3o atendimentos priorit\u00e1rios (Lei 10.048\/2000) as pessoas nas condi\u00e7\u00f5es abaixo:<\/span><\/p><ul><li style=\"font-weight: 400\"><span style=\"font-weight: 400\">Pessoas com defici\u00eancia;<\/span><\/li><li style=\"font-weight: 400\"><span style=\"font-weight: 400\">Pessoas idosas com idade igual ou superior a 60 (sessenta) anos;<\/span><\/li><li style=\"font-weight: 400\"><span style=\"font-weight: 400\">Lactantes;<\/span><\/li><li style=\"font-weight: 400\"><span style=\"font-weight: 400\">Gestantes;<\/span><\/li><li style=\"font-weight: 400\"><span style=\"font-weight: 400\">Pessoas com crian\u00e7a de colo (mediante comprova\u00e7\u00e3o de parentesco);<\/span><\/li><li style=\"font-weight: 400\"><span style=\"font-weight: 400\">Pessoas com obesidade;<\/span><\/li><li style=\"font-weight: 400\"><span style=\"font-weight: 400\">Pessoas com mobilidade reduzida;<\/span><\/li><li style=\"font-weight: 400\"><span style=\"font-weight: 400\">Doadores de sangue: mediante apresenta\u00e7\u00e3o de comprovante de doa\u00e7\u00e3o, com validade de 120 (cento e vinte) dias;<\/span><\/li><li style=\"font-weight: 400\"><span style=\"font-weight: 400\">Necessidades Educacionais Espec\u00edficas (NEE);<\/span><ul><li style=\"font-weight: 400\"><span style=\"font-weight: 400\">Pessoas com defici\u00eancia;<\/span><\/li><li style=\"font-weight: 400\"><span style=\"font-weight: 400\">Neurodivergentes:<\/span><ul><li style=\"font-weight: 400\"><span style=\"font-weight: 400\">Transtorno do D\u00e9ficit de Aten\u00e7\u00e3o com Hiperatividade (TDAH);<\/span><\/li><li style=\"font-weight: 400\"><span style=\"font-weight: 400\">Altas Habilidades\/Superdota\u00e7\u00e3o (AH\/SD);<\/span><\/li><li style=\"font-weight: 400\"><span style=\"font-weight: 400\">Dupla ou superior excepcionalidade (pessoa com mais de uma neurodiverg\u00eancia);<\/span><\/li><\/ul><\/li><\/ul><\/li><\/ul><p>\u00a0<\/p><p><span style=\"font-weight: 400\">Ainda acerca dos atendimentos priorit\u00e1rios, casos excepcionais (pelas normas para a Divis\u00e3o) priorit\u00e1rios ser\u00e3o identificados pela equipe na triagem\/DACE;<\/span><\/p><ul><li style=\"font-weight: 400\"><span style=\"font-weight: 400\">Crit\u00e9rios de risco\/gravidade e vulnerabilidade socioecon\u00f4mica (CAD\u00danico) e psicossocial;<\/span><\/li><\/ul><\/div>\n                <\/div><div class=\"eael-accordion-list\">\n                <div id=\"setor\" class=\"elementor-tab-title eael-accordion-header\" tabindex=\"0\" data-tab=\"6\" aria-controls=\"elementor-tab-content-9336\"><span class=\"eael-advanced-accordion-icon-closed\"><i aria-hidden=\"true\" class=\"fa-accordion-icon fas fa-plus\"><\/i><\/span><span class=\"eael-advanced-accordion-icon-opened\"><i aria-hidden=\"true\" class=\"fa-accordion-icon fas fa-minus\"><\/i><\/span><span class=\"eael-accordion-tab-title\">Setor<\/span><i aria-hidden=\"true\" class=\"fa-toggle fas fa-angle-right\"><\/i><\/div><div id=\"elementor-tab-content-9336\" class=\"eael-accordion-content clearfix\" data-tab=\"6\" aria-labelledby=\"setor\"><p>Divis\u00e3o de Servi\u00e7o Psicossocial (DSP), do Departamento de Sa\u00fade (DS), da Pr\u00f3-Reitoria de Extens\u00e3o e A\u00e7\u00f5es Comunit\u00e1rias (PROEAC).<\/p><\/div>\n                <\/div><div class=\"eael-accordion-list\">\n                <div id=\"agendamento\" class=\"elementor-tab-title eael-accordion-header\" tabindex=\"0\" data-tab=\"7\" aria-controls=\"elementor-tab-content-9337\"><span class=\"eael-advanced-accordion-icon-closed\"><i aria-hidden=\"true\" class=\"fa-accordion-icon fas fa-plus\"><\/i><\/span><span class=\"eael-advanced-accordion-icon-opened\"><i aria-hidden=\"true\" class=\"fa-accordion-icon fas fa-minus\"><\/i><\/span><span class=\"eael-accordion-tab-title\">Agendamento<\/span><i aria-hidden=\"true\" class=\"fa-toggle fas fa-angle-right\"><\/i><\/div><div id=\"elementor-tab-content-9337\" class=\"eael-accordion-content clearfix\" data-tab=\"7\" aria-labelledby=\"agendamento\"><p><span style=\"font-weight: 400\">Necess\u00e1rio preencher o <\/span><a href=\"https:\/\/docs.google.com\/forms\/d\/e\/1FAIpQLSch9iflDH3m7nZxsWcH-e_SwxdcQvZ4l6M0gA2ltV3A9e_70Q\/viewform\"><span style=\"font-weight: 400\">Formul\u00e1rio para Atendimento Psicossocial<\/span><\/a><span style=\"font-weight: 400\">.<\/span><\/p><\/div>\n                <\/div><div class=\"eael-accordion-list\">\n                <div id=\"localizao\" class=\"elementor-tab-title eael-accordion-header\" tabindex=\"0\" data-tab=\"8\" aria-controls=\"elementor-tab-content-9338\"><span class=\"eael-advanced-accordion-icon-closed\"><i aria-hidden=\"true\" class=\"fa-accordion-icon fas fa-plus\"><\/i><\/span><span class=\"eael-advanced-accordion-icon-opened\"><i aria-hidden=\"true\" class=\"fa-accordion-icon fas fa-minus\"><\/i><\/span><span class=\"eael-accordion-tab-title\">Localiza\u00e7\u00e3o<\/span><i aria-hidden=\"true\" class=\"fa-toggle fas fa-angle-right\"><\/i><\/div><div id=\"elementor-tab-content-9338\" class=\"eael-accordion-content clearfix\" data-tab=\"8\" aria-labelledby=\"localizao\"><p><a href=\"https:\/\/maps.app.goo.gl\/yELpu8uUwN8cZdMDA\"><span style=\"font-weight: 400\">Rodovia Josmar Chaves Pinto &#8211; KM 02, 68903-419. Ao entrar na UNIFAP pelo port\u00e3o principal, fica ap\u00f3s a R\u00e1dio Universit\u00e1ria.<\/span><\/a><\/p><\/div>\n                <\/div><\/div>\t\t\t\t<\/div>\n\t\t\t\t<\/div>\n\t\t\t\t\t<\/div>\n\t\t<\/div>\n\t\t\t\t\t<\/div>\n\t\t<\/section>\n\t\t\t\t<\/div>\n\t\t","protected":false},"excerpt":{"rendered":"<p>Resumo O Plant\u00e3o Psicol\u00f3gico \u00e9 um servi\u00e7o oferecido pela UNIFAP que visa proporcionar atendimento psicol\u00f3gico breve, gratuito e confidencial aos acad\u00eamicos dos cursos presenciais de todos os campi. \u00c9 um espa\u00e7o seguro e acolhedor, onde os estudantes podem buscar apoio em momentos de crise, dificuldades emocionais ou simplesmente para conversar e refletir sobre quest\u00f5es que&#8230;<\/p>\n","protected":false},"author":2504,"featured_media":0,"parent":0,"menu_order":0,"comment_status":"closed","ping_status":"closed","template":"","meta":{"inline_featured_image":false,"site-sidebar-layout":"no-sidebar","site-content-layout":"page-builder","ast-site-content-layout":"full-width-container","site-content-style":"unboxed","site-sidebar-style":"unboxed","ast-global-header-display":"","ast-banner-title-visibility":"","ast-main-header-display":"","ast-hfb-above-header-display":"","ast-hfb-below-header-display":"","ast-hfb-mobile-header-display":"","site-post-title":"","ast-breadcrumbs-content":"","ast-featured-img":"disabled","footer-sml-layout":"","theme-transparent-header-meta":"default","adv-header-id-meta":"","stick-header-meta":"","header-above-stick-meta":"","header-main-stick-meta":"","header-below-stick-meta":"","astra-migrate-meta-layouts":"set","ast-page-background-enabled":"default","ast-page-background-meta":{"desktop":{"background-color":"var(--ast-global-color-4)","background-image":"","background-repeat":"repeat","background-position":"center center","background-size":"auto","background-attachment":"scroll","background-type":"","background-media":"","overlay-type":"","overlay-color":"","overlay-opacity":"","overlay-gradient":""},"tablet":{"background-color":"","background-image":"","background-repeat":"repeat","background-position":"center center","background-size":"auto","background-attachment":"scroll","background-type":"","background-media":"","overlay-type":"","overlay-color":"","overlay-opacity":"","overlay-gradient":""},"mobile":{"background-color":"","background-image":"","background-repeat":"repeat","background-position":"center center","background-size":"auto","background-attachment":"scroll","background-type":"","background-media":"","overlay-type":"","overlay-color":"","overlay-opacity":"","overlay-gradient":""}},"ast-content-background-meta":{"desktop":{"background-color":"var(--ast-global-color-5)","background-image":"","background-repeat":"repeat","background-position":"center center","background-size":"auto","background-attachment":"scroll","background-type":"","background-media":"","overlay-type":"","overlay-color":"","overlay-opacity":"","overlay-gradient":""},"tablet":{"background-color":"var(--ast-global-color-5)","background-image":"","background-repeat":"repeat","background-position":"center center","background-size":"auto","background-attachment":"scroll","background-type":"","background-media":"","overlay-type":"","overlay-color":"","overlay-opacity":"","overlay-gradient":""},"mobile":{"background-color":"var(--ast-global-color-5)","background-image":"","background-repeat":"repeat","background-position":"center center","background-size":"auto","background-attachment":"scroll","background-type":"","background-media":"","overlay-type":"","overlay-color":"","overlay-opacity":"","overlay-gradient":""}},"ngg_post_thumbnail":0,"footnotes":""},"class_list":["post-330","page","type-page","status-publish","hentry"],"_links":{"self":[{"href":"https:\/\/www2.unifap.br\/ds\/wp-json\/wp\/v2\/pages\/330","targetHints":{"allow":["GET"]}}],"collection":[{"href":"https:\/\/www2.unifap.br\/ds\/wp-json\/wp\/v2\/pages"}],"about":[{"href":"https:\/\/www2.unifap.br\/ds\/wp-json\/wp\/v2\/types\/page"}],"author":[{"embeddable":true,"href":"https:\/\/www2.unifap.br\/ds\/wp-json\/wp\/v2\/users\/2504"}],"replies":[{"embeddable":true,"href":"https:\/\/www2.unifap.br\/ds\/wp-json\/wp\/v2\/comments?post=330"}],"version-history":[{"count":11,"href":"https:\/\/www2.unifap.br\/ds\/wp-json\/wp\/v2\/pages\/330\/revisions"}],"predecessor-version":[{"id":373,"href":"https:\/\/www2.unifap.br\/ds\/wp-json\/wp\/v2\/pages\/330\/revisions\/373"}],"wp:attachment":[{"href":"https:\/\/www2.unifap.br\/ds\/wp-json\/wp\/v2\/media?parent=330"}],"curies":[{"name":"wp","href":"https:\/\/api.w.org\/{rel}","templated":true}]}}