{"id":336,"date":"2025-01-03T10:16:05","date_gmt":"2025-01-03T13:16:05","guid":{"rendered":"https:\/\/www2.unifap.br\/ds\/?page_id=336"},"modified":"2025-01-06T11:25:23","modified_gmt":"2025-01-06T14:25:23","slug":"dps-acolhimento-psi","status":"publish","type":"page","link":"https:\/\/www2.unifap.br\/ds\/sobre_ds\/dsp\/dps-acolhimento-psi\/","title":{"rendered":"Acolhimento Psicossocial"},"content":{"rendered":"\t\t<div data-elementor-type=\"wp-page\" data-elementor-id=\"336\" class=\"elementor elementor-336\">\n\t\t\t\t\t\t<section class=\"elementor-section elementor-top-section elementor-element elementor-element-0ec7d52 elementor-section-boxed elementor-section-height-default elementor-section-height-default\" data-id=\"0ec7d52\" data-element_type=\"section\" data-e-type=\"section\">\n\t\t\t\t\t\t<div class=\"elementor-container elementor-column-gap-default\">\n\t\t\t\t\t<div class=\"elementor-column elementor-col-100 elementor-top-column elementor-element elementor-element-d897ee7\" data-id=\"d897ee7\" data-element_type=\"column\" data-e-type=\"column\">\n\t\t\t<div class=\"elementor-widget-wrap elementor-element-populated\">\n\t\t\t\t\t\t<div class=\"elementor-element elementor-element-b7e072b elementor-widget elementor-widget-eael-adv-accordion\" data-id=\"b7e072b\" data-element_type=\"widget\" data-e-type=\"widget\" data-widget_type=\"eael-adv-accordion.default\">\n\t\t\t\t<div class=\"elementor-widget-container\">\n\t\t\t\t\t        <div class=\"eael-adv-accordion\" id=\"eael-adv-accordion-b7e072b\" data-scroll-on-click=\"no\" data-scroll-speed=\"300\" data-accordion-id=\"b7e072b\" data-accordion-type=\"accordion\" data-toogle-speed=\"300\">\n    <div class=\"eael-accordion-list\">\n                <div id=\"resumo\" class=\"elementor-tab-title eael-accordion-header active-default\" tabindex=\"0\" data-tab=\"1\" aria-controls=\"elementor-tab-content-1921\"><span class=\"eael-advanced-accordion-icon-closed\"><i aria-hidden=\"true\" class=\"fa-accordion-icon fas fa-plus\"><\/i><\/span><span class=\"eael-advanced-accordion-icon-opened\"><i aria-hidden=\"true\" class=\"fa-accordion-icon fas fa-minus\"><\/i><\/span><span class=\"eael-accordion-tab-title\">Resumo<\/span><i aria-hidden=\"true\" class=\"fa-toggle fas fa-angle-right\"><\/i><\/div><div id=\"elementor-tab-content-1921\" class=\"eael-accordion-content clearfix active-default\" data-tab=\"1\" aria-labelledby=\"resumo\"><p>O Acolhimento Psicossocial \u00e9 um servi\u00e7o que oferece um espa\u00e7o seguro e confidencial para que as pessoas possam expressar suas dificuldades, ang\u00fastias e sentimentos. \u00c9 um primeiro contato com profissionais da sa\u00fade mental, como psic\u00f3logos e assistentes sociais, que oferecem escuta qualificada e apoio emocional.<\/p><\/div>\n                <\/div><div class=\"eael-accordion-list\">\n                <div id=\"profissionais\" class=\"elementor-tab-title eael-accordion-header\" tabindex=\"0\" data-tab=\"2\" aria-controls=\"elementor-tab-content-1922\"><span class=\"eael-advanced-accordion-icon-closed\"><i aria-hidden=\"true\" class=\"fa-accordion-icon fas fa-plus\"><\/i><\/span><span class=\"eael-advanced-accordion-icon-opened\"><i aria-hidden=\"true\" class=\"fa-accordion-icon fas fa-minus\"><\/i><\/span><span class=\"eael-accordion-tab-title\">Profissionais<\/span><i aria-hidden=\"true\" class=\"fa-toggle fas fa-angle-right\"><\/i><\/div><div id=\"elementor-tab-content-1922\" class=\"eael-accordion-content clearfix\" data-tab=\"2\" aria-labelledby=\"profissionais\"><p><span style=\"font-weight: 400\">Psic\u00f3logos e assistentes sociais.<\/span><\/p><\/div>\n                <\/div><div class=\"eael-accordion-list\">\n                <div id=\"demandas\" class=\"elementor-tab-title eael-accordion-header\" tabindex=\"0\" data-tab=\"3\" aria-controls=\"elementor-tab-content-1923\"><span class=\"eael-advanced-accordion-icon-closed\"><i aria-hidden=\"true\" class=\"fa-accordion-icon fas fa-plus\"><\/i><\/span><span class=\"eael-advanced-accordion-icon-opened\"><i aria-hidden=\"true\" class=\"fa-accordion-icon fas fa-minus\"><\/i><\/span><span class=\"eael-accordion-tab-title\">Demandas<\/span><i aria-hidden=\"true\" class=\"fa-toggle fas fa-angle-right\"><\/i><\/div><div id=\"elementor-tab-content-1923\" class=\"eael-accordion-content clearfix\" data-tab=\"3\" aria-labelledby=\"demandas\"><p><span style=\"font-weight: 400\">As acolhidas pela DSP se referem a transtornos mentais leve e a sofrimento afetivo nas rela\u00e7\u00f5es de contexto da vida acad\u00eamica e da vida social\/familiar.<\/span><\/p><\/div>\n                <\/div><div class=\"eael-accordion-list\">\n                <div id=\"orientao-realizada-nos-atendimentos\" class=\"elementor-tab-title eael-accordion-header\" tabindex=\"0\" data-tab=\"4\" aria-controls=\"elementor-tab-content-1924\"><span class=\"eael-advanced-accordion-icon-closed\"><i aria-hidden=\"true\" class=\"fa-accordion-icon fas fa-plus\"><\/i><\/span><span class=\"eael-advanced-accordion-icon-opened\"><i aria-hidden=\"true\" class=\"fa-accordion-icon fas fa-minus\"><\/i><\/span><span class=\"eael-accordion-tab-title\">Orienta\u00e7\u00e3o realizada nos atendimentos<\/span><i aria-hidden=\"true\" class=\"fa-toggle fas fa-angle-right\"><\/i><\/div><div id=\"elementor-tab-content-1924\" class=\"eael-accordion-content clearfix\" data-tab=\"4\" aria-labelledby=\"orientao-realizada-nos-atendimentos\"><p><span style=\"font-weight: 400\">Busca-se identificar o n\u00edvel do preju\u00edzo, para acompanhamento ou encaminhamento.<\/span><\/p><\/div>\n                <\/div><div class=\"eael-accordion-list\">\n                <div id=\"oferta-de-servios\" class=\"elementor-tab-title eael-accordion-header\" tabindex=\"0\" data-tab=\"5\" aria-controls=\"elementor-tab-content-1925\"><span class=\"eael-advanced-accordion-icon-closed\"><i aria-hidden=\"true\" class=\"fa-accordion-icon fas fa-plus\"><\/i><\/span><span class=\"eael-advanced-accordion-icon-opened\"><i aria-hidden=\"true\" class=\"fa-accordion-icon fas fa-minus\"><\/i><\/span><span class=\"eael-accordion-tab-title\">Oferta de servi\u00e7os<\/span><i aria-hidden=\"true\" class=\"fa-toggle fas fa-angle-right\"><\/i><\/div><div id=\"elementor-tab-content-1925\" class=\"eael-accordion-content clearfix\" data-tab=\"5\" aria-labelledby=\"oferta-de-servios\"><p><span style=\"font-weight: 400\">Acolhimento psicossocial (3 a 5 atendimentos) dos estudantes com psic\u00f3logos e\/ou assistentes sociais e encaminhamentos para o Acompanhamento Psicol\u00f3gico e\/ou para a rede de aten\u00e7\u00e3o em sa\u00fade dispon\u00edvel no Amap\u00e1.<\/span><\/p><\/div>\n                <\/div><div class=\"eael-accordion-list\">\n                <div id=\"pblico-alvo\" class=\"elementor-tab-title eael-accordion-header\" tabindex=\"0\" data-tab=\"6\" aria-controls=\"elementor-tab-content-1926\"><span class=\"eael-advanced-accordion-icon-closed\"><i aria-hidden=\"true\" class=\"fa-accordion-icon fas fa-plus\"><\/i><\/span><span class=\"eael-advanced-accordion-icon-opened\"><i aria-hidden=\"true\" class=\"fa-accordion-icon fas fa-minus\"><\/i><\/span><span class=\"eael-accordion-tab-title\">P\u00fablico-alvo<\/span><i aria-hidden=\"true\" class=\"fa-toggle fas fa-angle-right\"><\/i><\/div><div id=\"elementor-tab-content-1926\" class=\"eael-accordion-content clearfix\" data-tab=\"6\" aria-labelledby=\"pblico-alvo\"><p><span style=\"font-weight: 400\">Acad\u00eamicos dos cursos presenciais de todos os campi da UNIFAP.<\/span><\/p><p>\u00a0<\/p><p><span style=\"font-weight: 400\">Ter\u00e3o atendimentos priorit\u00e1rios (Lei 10.048\/2000) as pessoas nas condi\u00e7\u00f5es abaixo:<\/span><\/p><ul><li style=\"font-weight: 400\"><span style=\"font-weight: 400\">Pessoas com defici\u00eancia;<\/span><\/li><li style=\"font-weight: 400\"><span style=\"font-weight: 400\">Pessoas idosas com idade igual ou superior a 60 (sessenta) anos;<\/span><\/li><li style=\"font-weight: 400\"><span style=\"font-weight: 400\">Lactantes;<\/span><\/li><li style=\"font-weight: 400\"><span style=\"font-weight: 400\">Gestantes;<\/span><\/li><li style=\"font-weight: 400\"><span style=\"font-weight: 400\">Pessoas com crian\u00e7a de colo (mediante comprova\u00e7\u00e3o de parentesco);<\/span><\/li><li style=\"font-weight: 400\"><span style=\"font-weight: 400\">Pessoas com obesidade;<\/span><\/li><li style=\"font-weight: 400\"><span style=\"font-weight: 400\">Pessoas com mobilidade reduzida;<\/span><\/li><li style=\"font-weight: 400\"><span style=\"font-weight: 400\">Doadores de sangue: mediante apresenta\u00e7\u00e3o de comprovante de doa\u00e7\u00e3o, com validade de 120 (cento e vinte) dias;<\/span><\/li><li style=\"font-weight: 400\"><span style=\"font-weight: 400\">Necessidades Educacionais Espec\u00edficas (NEE);<\/span><ul><li style=\"font-weight: 400\"><span style=\"font-weight: 400\">Pessoas com defici\u00eancia;<\/span><\/li><li style=\"font-weight: 400\"><span style=\"font-weight: 400\">Neurodivergentes:<\/span><ul><li style=\"font-weight: 400\"><span style=\"font-weight: 400\">Transtorno do D\u00e9ficit de Aten\u00e7\u00e3o com Hiperatividade (TDAH);<\/span><\/li><li style=\"font-weight: 400\"><span style=\"font-weight: 400\">Altas Habilidades\/Superdota\u00e7\u00e3o (AH\/SD);<\/span><\/li><li style=\"font-weight: 400\"><span style=\"font-weight: 400\">Dupla ou superior excepcionalidade (pessoa com mais de uma neurodiverg\u00eancia);<\/span><\/li><\/ul><\/li><\/ul><\/li><\/ul><p>\u00a0<\/p><p><span style=\"font-weight: 400\">Ainda acerca dos atendimentos priorit\u00e1rios, casos excepcionais (pelas normas para a Divis\u00e3o) priorit\u00e1rios ser\u00e3o identificados pela equipe na triagem\/DACE;<\/span><\/p><ul><li style=\"font-weight: 400\"><span style=\"font-weight: 400\">Crit\u00e9rios de risco\/gravidade e vulnerabilidade socioecon\u00f4mica (CAD\u00danico) e psicossocial;<\/span><\/li><\/ul><\/div>\n                <\/div><div class=\"eael-accordion-list\">\n                <div id=\"principais-caractersticas-do-servio\" class=\"elementor-tab-title eael-accordion-header\" tabindex=\"0\" data-tab=\"7\" aria-controls=\"elementor-tab-content-1927\"><span class=\"eael-advanced-accordion-icon-closed\"><i aria-hidden=\"true\" class=\"fa-accordion-icon fas fa-plus\"><\/i><\/span><span class=\"eael-advanced-accordion-icon-opened\"><i aria-hidden=\"true\" class=\"fa-accordion-icon fas fa-minus\"><\/i><\/span><span class=\"eael-accordion-tab-title\">Principais caracter\u00edsticas do servi\u00e7o<\/span><i aria-hidden=\"true\" class=\"fa-toggle fas fa-angle-right\"><\/i><\/div><div id=\"elementor-tab-content-1927\" class=\"eael-accordion-content clearfix\" data-tab=\"7\" aria-labelledby=\"principais-caractersticas-do-servio\"><ul><li style=\"font-weight: 400\"><span style=\"font-weight: 400\">Por ordem de chegada;<\/span><\/li><li style=\"font-weight: 400\"><span style=\"font-weight: 400\">Modalidade: presencial e remota;<\/span><\/li><\/ul><\/div>\n                <\/div><div class=\"eael-accordion-list\">\n                <div id=\"encaminhamentos\" class=\"elementor-tab-title eael-accordion-header\" tabindex=\"0\" data-tab=\"8\" aria-controls=\"elementor-tab-content-1928\"><span class=\"eael-advanced-accordion-icon-closed\"><i aria-hidden=\"true\" class=\"fa-accordion-icon fas fa-plus\"><\/i><\/span><span class=\"eael-advanced-accordion-icon-opened\"><i aria-hidden=\"true\" class=\"fa-accordion-icon fas fa-minus\"><\/i><\/span><span class=\"eael-accordion-tab-title\">Encaminhamentos<\/span><i aria-hidden=\"true\" class=\"fa-toggle fas fa-angle-right\"><\/i><\/div><div id=\"elementor-tab-content-1928\" class=\"eael-accordion-content clearfix\" data-tab=\"8\" aria-labelledby=\"encaminhamentos\"><p><span style=\"font-weight: 400\">Diante da estrutura\u00e7\u00e3o do servi\u00e7o pelos normativos federais, dos profissionais dispon\u00edveis e da infraestrutura, h\u00e1 casos em que suas demandas n\u00e3o s\u00e3o poss\u00edveis de serem atendidas e, por isso, precisam ser encaminhadas. As principais s\u00e3o:<\/span><\/p><ul><li style=\"font-weight: 400\"><span style=\"font-weight: 400\">Depend\u00eancia qu\u00edmica;<\/span><\/li><li style=\"font-weight: 400\"><span style=\"font-weight: 400\">Transtornos mentais moderados\/graves;<\/span><\/li><li style=\"font-weight: 400\"><span style=\"font-weight: 400\">Crise em Sa\u00fade Mental;<\/span><\/li><li style=\"font-weight: 400\"><span style=\"font-weight: 400\">Agita\u00e7\u00e3o e Situa\u00e7\u00e3o de Viol\u00eancia;<\/span><\/li><li style=\"font-weight: 400\"><span style=\"font-weight: 400\">Autoagress\u00e3o e tentativa de suic\u00eddio<\/span><span style=\"font-weight: 400\">;<\/span><\/li><\/ul><\/div>\n                <\/div><div class=\"eael-accordion-list\">\n                <div id=\"setor\" class=\"elementor-tab-title eael-accordion-header\" tabindex=\"0\" data-tab=\"9\" aria-controls=\"elementor-tab-content-1929\"><span class=\"eael-advanced-accordion-icon-closed\"><i aria-hidden=\"true\" class=\"fa-accordion-icon fas fa-plus\"><\/i><\/span><span class=\"eael-advanced-accordion-icon-opened\"><i aria-hidden=\"true\" class=\"fa-accordion-icon fas fa-minus\"><\/i><\/span><span class=\"eael-accordion-tab-title\">Setor<\/span><i aria-hidden=\"true\" class=\"fa-toggle fas fa-angle-right\"><\/i><\/div><div id=\"elementor-tab-content-1929\" class=\"eael-accordion-content clearfix\" data-tab=\"9\" aria-labelledby=\"setor\"><p><span style=\"font-weight: 400\">Divis\u00e3o de Servi\u00e7o Psicossocial (DSP), do Departamento de Sa\u00fade (DS) da Pr\u00f3-Reitoria de Extens\u00e3o e A\u00e7\u00f5es Comunit\u00e1rias (PROEAC).<\/span><\/p><\/div>\n                <\/div><div class=\"eael-accordion-list\">\n                <div id=\"agendamento\" class=\"elementor-tab-title eael-accordion-header\" tabindex=\"0\" data-tab=\"10\" aria-controls=\"elementor-tab-content-19210\"><span class=\"eael-advanced-accordion-icon-closed\"><i aria-hidden=\"true\" class=\"fa-accordion-icon fas fa-plus\"><\/i><\/span><span class=\"eael-advanced-accordion-icon-opened\"><i aria-hidden=\"true\" class=\"fa-accordion-icon fas fa-minus\"><\/i><\/span><span class=\"eael-accordion-tab-title\">Agendamento<\/span><i aria-hidden=\"true\" class=\"fa-toggle fas fa-angle-right\"><\/i><\/div><div id=\"elementor-tab-content-19210\" class=\"eael-accordion-content clearfix\" data-tab=\"10\" aria-labelledby=\"agendamento\"><p><span style=\"font-weight: 400\">Necess\u00e1rio preencher o <\/span><a href=\"https:\/\/docs.google.com\/forms\/d\/e\/1FAIpQLSch9iflDH3m7nZxsWcH-e_SwxdcQvZ4l6M0gA2ltV3A9e_70Q\/viewform\"><span style=\"font-weight: 400\">Formul\u00e1rio para Atendimento Psicossocial<\/span><\/a><span style=\"font-weight: 400\">.<\/span><\/p><\/div>\n                <\/div><div class=\"eael-accordion-list\">\n                <div id=\"localizao\" class=\"elementor-tab-title eael-accordion-header\" tabindex=\"0\" data-tab=\"11\" aria-controls=\"elementor-tab-content-19211\"><span class=\"eael-advanced-accordion-icon-closed\"><i aria-hidden=\"true\" class=\"fa-accordion-icon fas fa-plus\"><\/i><\/span><span class=\"eael-advanced-accordion-icon-opened\"><i aria-hidden=\"true\" class=\"fa-accordion-icon fas fa-minus\"><\/i><\/span><span class=\"eael-accordion-tab-title\">Localiza\u00e7\u00e3o<\/span><i aria-hidden=\"true\" class=\"fa-toggle fas fa-angle-right\"><\/i><\/div><div id=\"elementor-tab-content-19211\" class=\"eael-accordion-content clearfix\" data-tab=\"11\" aria-labelledby=\"localizao\"><p><a href=\"https:\/\/maps.app.goo.gl\/yELpu8uUwN8cZdMDA\">Rodovia Josmar Chaves Pinto \u2013 KM 02, 68903-419. Ao entrar na UNIFAP pelo port\u00e3o principal, fica ap\u00f3s a R\u00e1dio Universit\u00e1ria.<\/a><\/p><\/div>\n                <\/div><\/div>\t\t\t\t<\/div>\n\t\t\t\t<\/div>\n\t\t\t\t\t<\/div>\n\t\t<\/div>\n\t\t\t\t\t<\/div>\n\t\t<\/section>\n\t\t\t\t<\/div>\n\t\t","protected":false},"excerpt":{"rendered":"<p>Resumo O Acolhimento Psicossocial \u00e9 um servi\u00e7o que oferece um espa\u00e7o seguro e confidencial para que as pessoas possam expressar suas dificuldades, ang\u00fastias e sentimentos. \u00c9 um primeiro contato com profissionais da sa\u00fade mental, como psic\u00f3logos e assistentes sociais, que oferecem escuta qualificada e apoio emocional. Profissionais Psic\u00f3logos e assistentes sociais. Demandas As acolhidas pela&#8230;<\/p>\n","protected":false},"author":2504,"featured_media":0,"parent":135,"menu_order":0,"comment_status":"closed","ping_status":"closed","template":"","meta":{"inline_featured_image":false,"site-sidebar-layout":"no-sidebar","site-content-layout":"page-builder","ast-site-content-layout":"full-width-container","site-content-style":"default","site-sidebar-style":"default","ast-global-header-display":"","ast-banner-title-visibility":"","ast-main-header-display":"","ast-hfb-above-header-display":"","ast-hfb-below-header-display":"","ast-hfb-mobile-header-display":"","site-post-title":"","ast-breadcrumbs-content":"","ast-featured-img":"disabled","footer-sml-layout":"","theme-transparent-header-meta":"default","adv-header-id-meta":"","stick-header-meta":"","header-above-stick-meta":"","header-main-stick-meta":"","header-below-stick-meta":"","astra-migrate-meta-layouts":"set","ast-page-background-enabled":"default","ast-page-background-meta":{"desktop":{"background-color":"var(--ast-global-color-4)","background-image":"","background-repeat":"repeat","background-position":"center center","background-size":"auto","background-attachment":"scroll","background-type":"","background-media":"","overlay-type":"","overlay-color":"","overlay-opacity":"","overlay-gradient":""},"tablet":{"background-color":"","background-image":"","background-repeat":"repeat","background-position":"center center","background-size":"auto","background-attachment":"scroll","background-type":"","background-media":"","overlay-type":"","overlay-color":"","overlay-opacity":"","overlay-gradient":""},"mobile":{"background-color":"","background-image":"","background-repeat":"repeat","background-position":"center center","background-size":"auto","background-attachment":"scroll","background-type":"","background-media":"","overlay-type":"","overlay-color":"","overlay-opacity":"","overlay-gradient":""}},"ast-content-background-meta":{"desktop":{"background-color":"var(--ast-global-color-5)","background-image":"","background-repeat":"repeat","background-position":"center center","background-size":"auto","background-attachment":"scroll","background-type":"","background-media":"","overlay-type":"","overlay-color":"","overlay-opacity":"","overlay-gradient":""},"tablet":{"background-color":"var(--ast-global-color-5)","background-image":"","background-repeat":"repeat","background-position":"center center","background-size":"auto","background-attachment":"scroll","background-type":"","background-media":"","overlay-type":"","overlay-color":"","overlay-opacity":"","overlay-gradient":""},"mobile":{"background-color":"var(--ast-global-color-5)","background-image":"","background-repeat":"repeat","background-position":"center center","background-size":"auto","background-attachment":"scroll","background-type":"","background-media":"","overlay-type":"","overlay-color":"","overlay-opacity":"","overlay-gradient":""}},"ngg_post_thumbnail":0,"footnotes":""},"class_list":["post-336","page","type-page","status-publish","hentry"],"_links":{"self":[{"href":"https:\/\/www2.unifap.br\/ds\/wp-json\/wp\/v2\/pages\/336","targetHints":{"allow":["GET"]}}],"collection":[{"href":"https:\/\/www2.unifap.br\/ds\/wp-json\/wp\/v2\/pages"}],"about":[{"href":"https:\/\/www2.unifap.br\/ds\/wp-json\/wp\/v2\/types\/page"}],"author":[{"embeddable":true,"href":"https:\/\/www2.unifap.br\/ds\/wp-json\/wp\/v2\/users\/2504"}],"replies":[{"embeddable":true,"href":"https:\/\/www2.unifap.br\/ds\/wp-json\/wp\/v2\/comments?post=336"}],"version-history":[{"count":21,"href":"https:\/\/www2.unifap.br\/ds\/wp-json\/wp\/v2\/pages\/336\/revisions"}],"predecessor-version":[{"id":383,"href":"https:\/\/www2.unifap.br\/ds\/wp-json\/wp\/v2\/pages\/336\/revisions\/383"}],"up":[{"embeddable":true,"href":"https:\/\/www2.unifap.br\/ds\/wp-json\/wp\/v2\/pages\/135"}],"wp:attachment":[{"href":"https:\/\/www2.unifap.br\/ds\/wp-json\/wp\/v2\/media?parent=336"}],"curies":[{"name":"wp","href":"https:\/\/api.w.org\/{rel}","templated":true}]}}