{"id":351,"date":"2025-01-03T10:28:37","date_gmt":"2025-01-03T13:28:37","guid":{"rendered":"https:\/\/www2.unifap.br\/ds\/?page_id=351"},"modified":"2025-01-06T11:34:27","modified_gmt":"2025-01-06T14:34:27","slug":"dsp-acompanhamento-psi","status":"publish","type":"page","link":"https:\/\/www2.unifap.br\/ds\/sobre_ds\/dsp\/dsp-acompanhamento-psi\/","title":{"rendered":"Acompanhamento Psicol\u00f3gico"},"content":{"rendered":"\t\t<div data-elementor-type=\"wp-page\" data-elementor-id=\"351\" class=\"elementor elementor-351\">\n\t\t\t\t\t\t<section class=\"elementor-section elementor-top-section elementor-element elementor-element-52596c7 elementor-section-boxed elementor-section-height-default elementor-section-height-default\" data-id=\"52596c7\" data-element_type=\"section\" data-e-type=\"section\">\n\t\t\t\t\t\t<div class=\"elementor-container elementor-column-gap-default\">\n\t\t\t\t\t<div class=\"elementor-column elementor-col-100 elementor-top-column elementor-element elementor-element-3005b3a\" data-id=\"3005b3a\" data-element_type=\"column\" data-e-type=\"column\">\n\t\t\t<div class=\"elementor-widget-wrap elementor-element-populated\">\n\t\t\t\t\t\t<div class=\"elementor-element elementor-element-223e7be elementor-widget elementor-widget-heading\" data-id=\"223e7be\" data-element_type=\"widget\" data-e-type=\"widget\" data-widget_type=\"heading.default\">\n\t\t\t\t<div class=\"elementor-widget-container\">\n\t\t\t\t\t<h2 class=\"elementor-heading-title elementor-size-default\">ACOMPANHAMENTO PSICOL\u00d3GICO<\/h2>\t\t\t\t<\/div>\n\t\t\t\t<\/div>\n\t\t\t\t\t<\/div>\n\t\t<\/div>\n\t\t\t\t\t<\/div>\n\t\t<\/section>\n\t\t\t\t<section class=\"elementor-section elementor-top-section elementor-element elementor-element-54e3a94 elementor-section-boxed elementor-section-height-default elementor-section-height-default\" data-id=\"54e3a94\" data-element_type=\"section\" data-e-type=\"section\">\n\t\t\t\t\t\t<div class=\"elementor-container elementor-column-gap-default\">\n\t\t\t\t\t<div class=\"elementor-column elementor-col-100 elementor-top-column elementor-element elementor-element-ea1aa68\" data-id=\"ea1aa68\" data-element_type=\"column\" data-e-type=\"column\">\n\t\t\t<div class=\"elementor-widget-wrap elementor-element-populated\">\n\t\t\t\t\t\t<div class=\"elementor-element elementor-element-15e06a9 elementor-widget elementor-widget-eael-adv-accordion\" data-id=\"15e06a9\" data-element_type=\"widget\" data-e-type=\"widget\" data-widget_type=\"eael-adv-accordion.default\">\n\t\t\t\t<div class=\"elementor-widget-container\">\n\t\t\t\t\t        <div class=\"eael-adv-accordion\" id=\"eael-adv-accordion-15e06a9\" data-scroll-on-click=\"no\" data-scroll-speed=\"300\" data-accordion-id=\"15e06a9\" data-accordion-type=\"accordion\" data-toogle-speed=\"300\">\n    <div class=\"eael-accordion-list\">\n                <div id=\"resumo\" class=\"elementor-tab-title eael-accordion-header\" tabindex=\"0\" data-tab=\"1\" aria-controls=\"elementor-tab-content-2291\"><span class=\"eael-advanced-accordion-icon-closed\"><i aria-hidden=\"true\" class=\"fa-accordion-icon fas fa-plus\"><\/i><\/span><span class=\"eael-advanced-accordion-icon-opened\"><i aria-hidden=\"true\" class=\"fa-accordion-icon fas fa-minus\"><\/i><\/span><span class=\"eael-accordion-tab-title\">Resumo<\/span><i aria-hidden=\"true\" class=\"fa-toggle fas fa-angle-right\"><\/i><\/div><div id=\"elementor-tab-content-2291\" class=\"eael-accordion-content clearfix\" data-tab=\"1\" aria-labelledby=\"resumo\"><p><span style=\"font-weight: 400\">O acompanhamento psicol\u00f3gico, tamb\u00e9m conhecido como psicoterapia, \u00e9 um processo terap\u00eautico que visa promover o bem-estar emocional e o desenvolvimento pessoal. \u00c9 um espa\u00e7o seguro e confidencial onde voc\u00ea pode explorar seus pensamentos, sentimentos e comportamentos, buscando compreender e transformar as dificuldades que enfrenta.<\/span><\/p><p>\u00a0<\/p><p><span style=\"font-weight: 400\">No acompanhamento psicol\u00f3gico aos estudantes dos cursos presenciais dos campi da UNIFAP \u2013 realizados pelos servi\u00e7os de assist\u00eancia estudantil das universidades federais, assim como grande parte dos servi\u00e7os p\u00fablicos prestados \u2013 h\u00e1 uma limita\u00e7\u00e3o do quantitativo de atendimentos ao se comparar com os servi\u00e7os prestados pela modalidade particular. Todavia, os servi\u00e7os s\u00e3o realizados com qualidade e preocupa\u00e7\u00e3o com o outro, de modo sempre humanizado.<\/span><\/p><\/div>\n                <\/div><div class=\"eael-accordion-list\">\n                <div id=\"profissionais\" class=\"elementor-tab-title eael-accordion-header\" tabindex=\"0\" data-tab=\"2\" aria-controls=\"elementor-tab-content-2292\"><span class=\"eael-advanced-accordion-icon-closed\"><i aria-hidden=\"true\" class=\"fa-accordion-icon fas fa-plus\"><\/i><\/span><span class=\"eael-advanced-accordion-icon-opened\"><i aria-hidden=\"true\" class=\"fa-accordion-icon fas fa-minus\"><\/i><\/span><span class=\"eael-accordion-tab-title\">Profissionais<\/span><i aria-hidden=\"true\" class=\"fa-toggle fas fa-angle-right\"><\/i><\/div><div id=\"elementor-tab-content-2292\" class=\"eael-accordion-content clearfix\" data-tab=\"2\" aria-labelledby=\"profissionais\"><p><span style=\"font-weight: 400\">Psic\u00f3logos.<\/span><\/p><\/div>\n                <\/div><div class=\"eael-accordion-list\">\n                <div id=\"acesso-ao-servio\" class=\"elementor-tab-title eael-accordion-header\" tabindex=\"0\" data-tab=\"3\" aria-controls=\"elementor-tab-content-2293\"><span class=\"eael-advanced-accordion-icon-closed\"><i aria-hidden=\"true\" class=\"fa-accordion-icon fas fa-plus\"><\/i><\/span><span class=\"eael-advanced-accordion-icon-opened\"><i aria-hidden=\"true\" class=\"fa-accordion-icon fas fa-minus\"><\/i><\/span><span class=\"eael-accordion-tab-title\">Acesso ao servi\u00e7o<\/span><i aria-hidden=\"true\" class=\"fa-toggle fas fa-angle-right\"><\/i><\/div><div id=\"elementor-tab-content-2293\" class=\"eael-accordion-content clearfix\" data-tab=\"3\" aria-labelledby=\"acesso-ao-servio\"><p><span style=\"font-weight: 400\">A partir do acolhimento psicossocial. Se ainda n\u00e3o passou pelo atendimento, clique abaixo:\u00a0<\/span><\/p><p><a href=\"https:\/\/www2.unifap.br\/ds\/sobre_ds\/dsp\/dps-acolhimento-psi\/\"><span style=\"font-weight: 400\">Acolhimento Psicossocial<\/span><\/a><\/p><\/div>\n                <\/div><div class=\"eael-accordion-list\">\n                <div id=\"demandas\" class=\"elementor-tab-title eael-accordion-header\" tabindex=\"0\" data-tab=\"4\" aria-controls=\"elementor-tab-content-2294\"><span class=\"eael-advanced-accordion-icon-closed\"><i aria-hidden=\"true\" class=\"fa-accordion-icon fas fa-plus\"><\/i><\/span><span class=\"eael-advanced-accordion-icon-opened\"><i aria-hidden=\"true\" class=\"fa-accordion-icon fas fa-minus\"><\/i><\/span><span class=\"eael-accordion-tab-title\">Demandas<\/span><i aria-hidden=\"true\" class=\"fa-toggle fas fa-angle-right\"><\/i><\/div><div id=\"elementor-tab-content-2294\" class=\"eael-accordion-content clearfix\" data-tab=\"4\" aria-labelledby=\"demandas\"><ul><li style=\"font-weight: 400\"><span style=\"font-weight: 400\">Dificuldades acad\u00eamicas;<\/span><\/li><li style=\"font-weight: 400\"><span style=\"font-weight: 400\">Desregula\u00e7\u00e3o emocional.<\/span><\/li><\/ul><\/div>\n                <\/div><div class=\"eael-accordion-list\">\n                <div id=\"oferta-de-servios\" class=\"elementor-tab-title eael-accordion-header\" tabindex=\"0\" data-tab=\"5\" aria-controls=\"elementor-tab-content-2295\"><span class=\"eael-advanced-accordion-icon-closed\"><i aria-hidden=\"true\" class=\"fa-accordion-icon fas fa-plus\"><\/i><\/span><span class=\"eael-advanced-accordion-icon-opened\"><i aria-hidden=\"true\" class=\"fa-accordion-icon fas fa-minus\"><\/i><\/span><span class=\"eael-accordion-tab-title\">Oferta de servi\u00e7os<\/span><i aria-hidden=\"true\" class=\"fa-toggle fas fa-angle-right\"><\/i><\/div><div id=\"elementor-tab-content-2295\" class=\"eael-accordion-content clearfix\" data-tab=\"5\" aria-labelledby=\"oferta-de-servios\"><p><span style=\"font-weight: 400\">O acompanhamento psicol\u00f3gico aos estudantes costuma ser de 6 a 8 atendimentos, semanalmente, com dura\u00e7\u00e3o m\u00e1xima de 50 minutos para cada atendimento.\u00a0<\/span><\/p><p>\u00a0<\/p><p><span style=\"font-weight: 400\">Caso ainda sejam necess\u00e1rios mais atendimentos, os estudantes s\u00e3o encaminhados aos grupos ofertados pela DSP e\/ou para a rede de aten\u00e7\u00e3o em sa\u00fade dispon\u00edvel no Amap\u00e1.<\/span><\/p><p>\u00a0<\/p><p><span style=\"font-weight: 400\">O foco dos atendimentos \u00e9 na busca de desfechos \u00e0s situa\u00e7\u00f5es de sofrimento vivida pelos acad\u00eamicos e no aconselhamento.<\/span><\/p><p>\u00a0<\/p><p><span style=\"font-weight: 400\">Os principais objetivos s\u00e3o as orienta\u00e7\u00f5es e a busca do desenvolvimento da autonomia do acad\u00eamico.<\/span><\/p><\/div>\n                <\/div><div class=\"eael-accordion-list\">\n                <div id=\"pblico-alvo\" class=\"elementor-tab-title eael-accordion-header\" tabindex=\"0\" data-tab=\"6\" aria-controls=\"elementor-tab-content-2296\"><span class=\"eael-advanced-accordion-icon-closed\"><i aria-hidden=\"true\" class=\"fa-accordion-icon fas fa-plus\"><\/i><\/span><span class=\"eael-advanced-accordion-icon-opened\"><i aria-hidden=\"true\" class=\"fa-accordion-icon fas fa-minus\"><\/i><\/span><span class=\"eael-accordion-tab-title\">P\u00fablico-alvo<\/span><i aria-hidden=\"true\" class=\"fa-toggle fas fa-angle-right\"><\/i><\/div><div id=\"elementor-tab-content-2296\" class=\"eael-accordion-content clearfix\" data-tab=\"6\" aria-labelledby=\"pblico-alvo\"><p><span style=\"font-weight: 400\">Acad\u00eamicos dos cursos presenciais de todos os campi da UNIFAP.<\/span><\/p><p>\u00a0<\/p><p><span style=\"font-weight: 400\">Ter\u00e3o atendimentos priorit\u00e1rios (Lei 10.048\/2000) as pessoas nas condi\u00e7\u00f5es abaixo:<\/span><\/p><ul><li style=\"font-weight: 400\"><span style=\"font-weight: 400\">Pessoas com defici\u00eancia;<\/span><\/li><li style=\"font-weight: 400\"><span style=\"font-weight: 400\">Pessoas idosas com idade igual ou superior a 60 (sessenta) anos;<\/span><\/li><li style=\"font-weight: 400\"><span style=\"font-weight: 400\">Lactantes;<\/span><\/li><li style=\"font-weight: 400\"><span style=\"font-weight: 400\">Gestantes;<\/span><\/li><li style=\"font-weight: 400\"><span style=\"font-weight: 400\">Pessoas com crian\u00e7a de colo (mediante comprova\u00e7\u00e3o de parentesco);<\/span><\/li><li style=\"font-weight: 400\"><span style=\"font-weight: 400\">Pessoas com obesidade;<\/span><\/li><li style=\"font-weight: 400\"><span style=\"font-weight: 400\">Pessoas com mobilidade reduzida;<\/span><\/li><li style=\"font-weight: 400\"><span style=\"font-weight: 400\">Doadores de sangue: mediante apresenta\u00e7\u00e3o de comprovante de doa\u00e7\u00e3o, com validade de 120 (cento e vinte) dias;<\/span><\/li><li style=\"font-weight: 400\"><span style=\"font-weight: 400\">Necessidades Educacionais Espec\u00edficas (NEE);<\/span><ul><li style=\"font-weight: 400\"><span style=\"font-weight: 400\">Pessoas com defici\u00eancia;<\/span><\/li><li style=\"font-weight: 400\"><span style=\"font-weight: 400\">Neurodivergentes:<\/span><ul><li style=\"font-weight: 400\"><span style=\"font-weight: 400\">Transtorno do D\u00e9ficit de Aten\u00e7\u00e3o com Hiperatividade (TDAH);<\/span><\/li><li style=\"font-weight: 400\"><span style=\"font-weight: 400\">Altas Habilidades\/Superdota\u00e7\u00e3o (AH\/SD);<\/span><\/li><li style=\"font-weight: 400\"><span style=\"font-weight: 400\">Dupla ou superior excepcionalidade (pessoa com mais de uma neurodiverg\u00eancia);<\/span><\/li><\/ul><\/li><\/ul><\/li><\/ul><p>\u00a0<\/p><p><span style=\"font-weight: 400\">Ainda acerca dos atendimentos priorit\u00e1rios, casos excepcionais (pelas normas para a Divis\u00e3o) priorit\u00e1rios ser\u00e3o identificados pela equipe na triagem\/DACE;<\/span><\/p><ul><li style=\"font-weight: 400\"><span style=\"font-weight: 400\">Crit\u00e9rios de risco\/gravidade e vulnerabilidade socioecon\u00f4mica (CAD\u00danico) e psicossocial;<\/span><\/li><\/ul><\/div>\n                <\/div><div class=\"eael-accordion-list\">\n                <div id=\"setor\" class=\"elementor-tab-title eael-accordion-header\" tabindex=\"0\" data-tab=\"7\" aria-controls=\"elementor-tab-content-2297\"><span class=\"eael-advanced-accordion-icon-closed\"><i aria-hidden=\"true\" class=\"fa-accordion-icon fas fa-plus\"><\/i><\/span><span class=\"eael-advanced-accordion-icon-opened\"><i aria-hidden=\"true\" class=\"fa-accordion-icon fas fa-minus\"><\/i><\/span><span class=\"eael-accordion-tab-title\">Setor<\/span><i aria-hidden=\"true\" class=\"fa-toggle fas fa-angle-right\"><\/i><\/div><div id=\"elementor-tab-content-2297\" class=\"eael-accordion-content clearfix\" data-tab=\"7\" aria-labelledby=\"setor\"><p><span style=\"font-weight: 400\">Divis\u00e3o de Servi\u00e7o Psicossocial (DSP), do Departamento de Sa\u00fade (DS) da Pr\u00f3-Reitoria de Extens\u00e3o e A\u00e7\u00f5es Comunit\u00e1rias (PROEAC).<\/span><\/p><\/div>\n                <\/div><div class=\"eael-accordion-list\">\n                <div id=\"agendamento\" class=\"elementor-tab-title eael-accordion-header\" tabindex=\"0\" data-tab=\"8\" aria-controls=\"elementor-tab-content-2298\"><span class=\"eael-advanced-accordion-icon-closed\"><i aria-hidden=\"true\" class=\"fa-accordion-icon fas fa-plus\"><\/i><\/span><span class=\"eael-advanced-accordion-icon-opened\"><i aria-hidden=\"true\" class=\"fa-accordion-icon fas fa-minus\"><\/i><\/span><span class=\"eael-accordion-tab-title\">Agendamento<\/span><i aria-hidden=\"true\" class=\"fa-toggle fas fa-angle-right\"><\/i><\/div><div id=\"elementor-tab-content-2298\" class=\"eael-accordion-content clearfix\" data-tab=\"8\" aria-labelledby=\"agendamento\"><p><span style=\"font-weight: 400\">Necess\u00e1rio preencher o <\/span><a href=\"https:\/\/docs.google.com\/forms\/d\/e\/1FAIpQLSch9iflDH3m7nZxsWcH-e_SwxdcQvZ4l6M0gA2ltV3A9e_70Q\/viewform\"><span style=\"font-weight: 400\">Formul\u00e1rio para Atendimento Psicossocial<\/span><\/a><span style=\"font-weight: 400\">.<\/span><\/p><\/div>\n                <\/div><div class=\"eael-accordion-list\">\n                <div id=\"localizao\" class=\"elementor-tab-title eael-accordion-header\" tabindex=\"0\" data-tab=\"9\" aria-controls=\"elementor-tab-content-2299\"><span class=\"eael-advanced-accordion-icon-closed\"><i aria-hidden=\"true\" class=\"fa-accordion-icon fas fa-plus\"><\/i><\/span><span class=\"eael-advanced-accordion-icon-opened\"><i aria-hidden=\"true\" class=\"fa-accordion-icon fas fa-minus\"><\/i><\/span><span class=\"eael-accordion-tab-title\">Localiza\u00e7\u00e3o<\/span><i aria-hidden=\"true\" class=\"fa-toggle fas fa-angle-right\"><\/i><\/div><div id=\"elementor-tab-content-2299\" class=\"eael-accordion-content clearfix\" data-tab=\"9\" aria-labelledby=\"localizao\"><p><span style=\"font-weight: 400\">Rodovia Josmar Chaves Pinto &#8211; KM 02, 68903-419. Ao entrar na UNIFAP pelo port\u00e3o principal, fica ap\u00f3s a R\u00e1dio Universit\u00e1ria.<\/span><\/p><\/div>\n                <\/div><\/div>\t\t\t\t<\/div>\n\t\t\t\t<\/div>\n\t\t\t\t\t<\/div>\n\t\t<\/div>\n\t\t\t\t\t<\/div>\n\t\t<\/section>\n\t\t\t\t<\/div>\n\t\t","protected":false},"excerpt":{"rendered":"<p>ACOMPANHAMENTO PSICOL\u00d3GICO Resumo O acompanhamento psicol\u00f3gico, tamb\u00e9m conhecido como psicoterapia, \u00e9 um processo terap\u00eautico que visa promover o bem-estar emocional e o desenvolvimento pessoal. \u00c9 um espa\u00e7o seguro e confidencial onde voc\u00ea pode explorar seus pensamentos, sentimentos e comportamentos, buscando compreender e transformar as dificuldades que enfrenta. \u00a0 No acompanhamento psicol\u00f3gico aos estudantes dos cursos&#8230;<\/p>\n","protected":false},"author":2504,"featured_media":0,"parent":135,"menu_order":0,"comment_status":"closed","ping_status":"closed","template":"","meta":{"inline_featured_image":false,"site-sidebar-layout":"no-sidebar","site-content-layout":"page-builder","ast-site-content-layout":"full-width-container","site-content-style":"default","site-sidebar-style":"default","ast-global-header-display":"","ast-banner-title-visibility":"","ast-main-header-display":"","ast-hfb-above-header-display":"","ast-hfb-below-header-display":"","ast-hfb-mobile-header-display":"","site-post-title":"disabled","ast-breadcrumbs-content":"","ast-featured-img":"disabled","footer-sml-layout":"","theme-transparent-header-meta":"default","adv-header-id-meta":"","stick-header-meta":"","header-above-stick-meta":"","header-main-stick-meta":"","header-below-stick-meta":"","astra-migrate-meta-layouts":"set","ast-page-background-enabled":"default","ast-page-background-meta":{"desktop":{"background-color":"var(--ast-global-color-4)","background-image":"","background-repeat":"repeat","background-position":"center center","background-size":"auto","background-attachment":"scroll","background-type":"","background-media":"","overlay-type":"","overlay-color":"","overlay-opacity":"","overlay-gradient":""},"tablet":{"background-color":"","background-image":"","background-repeat":"repeat","background-position":"center center","background-size":"auto","background-attachment":"scroll","background-type":"","background-media":"","overlay-type":"","overlay-color":"","overlay-opacity":"","overlay-gradient":""},"mobile":{"background-color":"","background-image":"","background-repeat":"repeat","background-position":"center center","background-size":"auto","background-attachment":"scroll","background-type":"","background-media":"","overlay-type":"","overlay-color":"","overlay-opacity":"","overlay-gradient":""}},"ast-content-background-meta":{"desktop":{"background-color":"var(--ast-global-color-5)","background-image":"","background-repeat":"repeat","background-position":"center center","background-size":"auto","background-attachment":"scroll","background-type":"","background-media":"","overlay-type":"","overlay-color":"","overlay-opacity":"","overlay-gradient":""},"tablet":{"background-color":"var(--ast-global-color-5)","background-image":"","background-repeat":"repeat","background-position":"center center","background-size":"auto","background-attachment":"scroll","background-type":"","background-media":"","overlay-type":"","overlay-color":"","overlay-opacity":"","overlay-gradient":""},"mobile":{"background-color":"var(--ast-global-color-5)","background-image":"","background-repeat":"repeat","background-position":"center center","background-size":"auto","background-attachment":"scroll","background-type":"","background-media":"","overlay-type":"","overlay-color":"","overlay-opacity":"","overlay-gradient":""}},"ngg_post_thumbnail":0,"footnotes":""},"class_list":["post-351","page","type-page","status-publish","hentry"],"_links":{"self":[{"href":"https:\/\/www2.unifap.br\/ds\/wp-json\/wp\/v2\/pages\/351","targetHints":{"allow":["GET"]}}],"collection":[{"href":"https:\/\/www2.unifap.br\/ds\/wp-json\/wp\/v2\/pages"}],"about":[{"href":"https:\/\/www2.unifap.br\/ds\/wp-json\/wp\/v2\/types\/page"}],"author":[{"embeddable":true,"href":"https:\/\/www2.unifap.br\/ds\/wp-json\/wp\/v2\/users\/2504"}],"replies":[{"embeddable":true,"href":"https:\/\/www2.unifap.br\/ds\/wp-json\/wp\/v2\/comments?post=351"}],"version-history":[{"count":10,"href":"https:\/\/www2.unifap.br\/ds\/wp-json\/wp\/v2\/pages\/351\/revisions"}],"predecessor-version":[{"id":390,"href":"https:\/\/www2.unifap.br\/ds\/wp-json\/wp\/v2\/pages\/351\/revisions\/390"}],"up":[{"embeddable":true,"href":"https:\/\/www2.unifap.br\/ds\/wp-json\/wp\/v2\/pages\/135"}],"wp:attachment":[{"href":"https:\/\/www2.unifap.br\/ds\/wp-json\/wp\/v2\/media?parent=351"}],"curies":[{"name":"wp","href":"https:\/\/api.w.org\/{rel}","templated":true}]}}