{"id":49,"date":"2020-09-20T18:51:20","date_gmt":"2020-09-20T21:51:20","guid":{"rendered":"http:\/\/www2.unifap.br\/ds\/?page_id=49"},"modified":"2023-03-30T09:02:10","modified_gmt":"2023-03-30T12:02:10","slug":"servico-psicossocial","status":"publish","type":"page","link":"https:\/\/www2.unifap.br\/ds\/sobre_ds\/servico-psicossocial\/","title":{"rendered":"Servi\u00e7o Psicossocial"},"content":{"rendered":"\t\t<div data-elementor-type=\"wp-page\" data-elementor-id=\"49\" class=\"elementor elementor-49\">\n\t\t\t\t\t\t<section class=\"elementor-section elementor-top-section elementor-element elementor-element-bf49edf elementor-section-boxed elementor-section-height-default elementor-section-height-default\" data-id=\"bf49edf\" data-element_type=\"section\" data-e-type=\"section\">\n\t\t\t\t\t\t<div class=\"elementor-container elementor-column-gap-default\">\n\t\t\t\t\t<div class=\"elementor-column elementor-col-100 elementor-top-column elementor-element elementor-element-85c49aa\" data-id=\"85c49aa\" data-element_type=\"column\" data-e-type=\"column\">\n\t\t\t<div class=\"elementor-widget-wrap elementor-element-populated\">\n\t\t\t\t\t\t<div class=\"elementor-element elementor-element-b04e231 elementor-widget elementor-widget-heading\" data-id=\"b04e231\" data-element_type=\"widget\" data-e-type=\"widget\" data-widget_type=\"heading.default\">\n\t\t\t\t<div class=\"elementor-widget-container\">\n\t\t\t\t\t<h2 class=\"elementor-heading-title elementor-size-default\"><a href=\"https:\/\/www2.unifap.br\/dsp\/\">Servi\u00e7o Psicossocial<\/a><\/h2>\t\t\t\t<\/div>\n\t\t\t\t<\/div>\n\t\t\t\t\t<\/div>\n\t\t<\/div>\n\t\t\t\t\t<\/div>\n\t\t<\/section>\n\t\t\t\t<section class=\"elementor-section elementor-top-section elementor-element elementor-element-57e536c elementor-section-boxed elementor-section-height-default elementor-section-height-default\" data-id=\"57e536c\" data-element_type=\"section\" data-e-type=\"section\">\n\t\t\t\t\t\t<div class=\"elementor-container elementor-column-gap-default\">\n\t\t\t\t\t<div class=\"elementor-column elementor-col-100 elementor-top-column elementor-element elementor-element-f867983\" data-id=\"f867983\" data-element_type=\"column\" data-e-type=\"column\">\n\t\t\t<div class=\"elementor-widget-wrap elementor-element-populated\">\n\t\t\t\t\t\t<div class=\"elementor-element elementor-element-f57ba0b elementor-widget elementor-widget-text-editor\" data-id=\"f57ba0b\" data-element_type=\"widget\" data-e-type=\"widget\" data-widget_type=\"text-editor.default\">\n\t\t\t\t<div class=\"elementor-widget-container\">\n\t\t\t\t\t\t\t\t\t<p>O atendimento psicossocial ao estudante tem como objetivo elaborar e promover a\u00e7\u00f5es, junto \u00e0 demanda acad\u00eamica, atrav\u00e9s de orienta\u00e7\u00f5es e encaminhamentos. Este servi\u00e7o volta-se para o objetivo mais amplo da constru\u00e7\u00e3o da cidadania nos diversos segmentos que comp\u00f5em a comunidade discente. Desenvolve subs\u00eddios de assist\u00eancia a partir da proposta preconizada pela Pol\u00edtica de Assist\u00eancia Estudantil na Universidade Federal do Amap\u00e1-UNIFAP.<\/p>\t\t\t\t\t\t\t\t<\/div>\n\t\t\t\t<\/div>\n\t\t\t\t\t<\/div>\n\t\t<\/div>\n\t\t\t\t\t<\/div>\n\t\t<\/section>\n\t\t\t\t<\/div>\n\t\t","protected":false},"excerpt":{"rendered":"<p>Servi\u00e7o Psicossocial O atendimento psicossocial ao estudante tem como objetivo elaborar e promover a\u00e7\u00f5es, junto \u00e0 demanda acad\u00eamica, atrav\u00e9s de orienta\u00e7\u00f5es e encaminhamentos. Este servi\u00e7o volta-se para o objetivo mais amplo da constru\u00e7\u00e3o da cidadania nos diversos segmentos que comp\u00f5em a comunidade discente. Desenvolve subs\u00eddios de assist\u00eancia a partir da proposta preconizada pela Pol\u00edtica de&#8230;<\/p>\n","protected":false},"author":3821,"featured_media":0,"parent":20,"menu_order":0,"comment_status":"closed","ping_status":"closed","template":"","meta":{"inline_featured_image":false,"site-sidebar-layout":"default","site-content-layout":"default","ast-site-content-layout":"default","site-content-style":"default","site-sidebar-style":"default","ast-global-header-display":"","ast-banner-title-visibility":"","ast-main-header-display":"","ast-hfb-above-header-display":"","ast-hfb-below-header-display":"","ast-hfb-mobile-header-display":"","site-post-title":"","ast-breadcrumbs-content":"","ast-featured-img":"","footer-sml-layout":"","theme-transparent-header-meta":"default","adv-header-id-meta":"","stick-header-meta":"","header-above-stick-meta":"","header-main-stick-meta":"","header-below-stick-meta":"","astra-migrate-meta-layouts":"default","ast-page-background-enabled":"default","ast-page-background-meta":{"desktop":{"background-color":"var(--ast-global-color-4)","background-image":"","background-repeat":"repeat","background-position":"center center","background-size":"auto","background-attachment":"scroll","background-type":"","background-media":"","overlay-type":"","overlay-color":"","overlay-opacity":"","overlay-gradient":""},"tablet":{"background-color":"","background-image":"","background-repeat":"repeat","background-position":"center center","background-size":"auto","background-attachment":"scroll","background-type":"","background-media":"","overlay-type":"","overlay-color":"","overlay-opacity":"","overlay-gradient":""},"mobile":{"background-color":"","background-image":"","background-repeat":"repeat","background-position":"center center","background-size":"auto","background-attachment":"scroll","background-type":"","background-media":"","overlay-type":"","overlay-color":"","overlay-opacity":"","overlay-gradient":""}},"ast-content-background-meta":{"desktop":{"background-color":"var(--ast-global-color-5)","background-image":"","background-repeat":"repeat","background-position":"center center","background-size":"auto","background-attachment":"scroll","background-type":"","background-media":"","overlay-type":"","overlay-color":"","overlay-opacity":"","overlay-gradient":""},"tablet":{"background-color":"var(--ast-global-color-5)","background-image":"","background-repeat":"repeat","background-position":"center center","background-size":"auto","background-attachment":"scroll","background-type":"","background-media":"","overlay-type":"","overlay-color":"","overlay-opacity":"","overlay-gradient":""},"mobile":{"background-color":"var(--ast-global-color-5)","background-image":"","background-repeat":"repeat","background-position":"center center","background-size":"auto","background-attachment":"scroll","background-type":"","background-media":"","overlay-type":"","overlay-color":"","overlay-opacity":"","overlay-gradient":""}},"ngg_post_thumbnail":0,"footnotes":""},"class_list":["post-49","page","type-page","status-publish","hentry"],"_links":{"self":[{"href":"https:\/\/www2.unifap.br\/ds\/wp-json\/wp\/v2\/pages\/49","targetHints":{"allow":["GET"]}}],"collection":[{"href":"https:\/\/www2.unifap.br\/ds\/wp-json\/wp\/v2\/pages"}],"about":[{"href":"https:\/\/www2.unifap.br\/ds\/wp-json\/wp\/v2\/types\/page"}],"author":[{"embeddable":true,"href":"https:\/\/www2.unifap.br\/ds\/wp-json\/wp\/v2\/users\/3821"}],"replies":[{"embeddable":true,"href":"https:\/\/www2.unifap.br\/ds\/wp-json\/wp\/v2\/comments?post=49"}],"version-history":[{"count":9,"href":"https:\/\/www2.unifap.br\/ds\/wp-json\/wp\/v2\/pages\/49\/revisions"}],"predecessor-version":[{"id":155,"href":"https:\/\/www2.unifap.br\/ds\/wp-json\/wp\/v2\/pages\/49\/revisions\/155"}],"up":[{"embeddable":true,"href":"https:\/\/www2.unifap.br\/ds\/wp-json\/wp\/v2\/pages\/20"}],"wp:attachment":[{"href":"https:\/\/www2.unifap.br\/ds\/wp-json\/wp\/v2\/media?parent=49"}],"curies":[{"name":"wp","href":"https:\/\/api.w.org\/{rel}","templated":true}]}}