{"id":124,"date":"2012-08-30T15:22:43","date_gmt":"2012-08-30T18:22:43","guid":{"rendered":"http:\/\/www2.unifap.br\/ead\/?page_id=124"},"modified":"2015-07-23T09:17:34","modified_gmt":"2015-07-23T12:17:34","slug":"graduacao-uab","status":"publish","type":"page","link":"https:\/\/www2.unifap.br\/ead\/paginscricoes\/graduacao-uab\/","title":{"rendered":"Gradua\u00e7\u00e3o"},"content":{"rendered":"<p><a href=\"http:\/\/www2.unifap.br\/ead\/nossos-cursos\/graduacao-uab\/matematica\">Curso de Licenciatura em Matem\u00e1tica<\/a><\/p>\n<p><a href=\"http:\/\/www2.unifap.br\/ead\/nossos-cursos\/graduacao-uab\/educacao-fisica\/\">Curso de Licenciatura em Educa\u00e7\u00e3o F\u00edsica<\/a><\/p>\n<p><a title=\"Bacharelado em Administra\u00e7\u00e3o P\u00fablica\" href=\"http:\/\/www2.unifap.br\/ead\/nossos-cursos\/graduacao-uab\/administracao-publica\/\"> Bacharelado em\u00a0Administra\u00e7\u00e3o P\u00fablica<\/a><\/p>\n","protected":false},"excerpt":{"rendered":"<p>Curso de Licenciatura em Matem\u00e1tica Curso de Licenciatura em Educa\u00e7\u00e3o F\u00edsica Bacharelado em\u00a0Administra\u00e7\u00e3o P\u00fablica<\/p>\n","protected":false},"author":435,"featured_media":0,"parent":94,"menu_order":1,"comment_status":"closed","ping_status":"closed","template":"template-onecolumn.php","meta":{"inline_featured_image":false,"ngg_post_thumbnail":0,"footnotes":""},"class_list":["post-124","page","type-page","status-publish","hentry","entry"],"_links":{"self":[{"href":"https:\/\/www2.unifap.br\/ead\/wp-json\/wp\/v2\/pages\/124","targetHints":{"allow":["GET"]}}],"collection":[{"href":"https:\/\/www2.unifap.br\/ead\/wp-json\/wp\/v2\/pages"}],"about":[{"href":"https:\/\/www2.unifap.br\/ead\/wp-json\/wp\/v2\/types\/page"}],"author":[{"embeddable":true,"href":"https:\/\/www2.unifap.br\/ead\/wp-json\/wp\/v2\/users\/435"}],"replies":[{"embeddable":true,"href":"https:\/\/www2.unifap.br\/ead\/wp-json\/wp\/v2\/comments?post=124"}],"version-history":[{"count":19,"href":"https:\/\/www2.unifap.br\/ead\/wp-json\/wp\/v2\/pages\/124\/revisions"}],"predecessor-version":[{"id":6589,"href":"https:\/\/www2.unifap.br\/ead\/wp-json\/wp\/v2\/pages\/124\/revisions\/6589"}],"up":[{"embeddable":true,"href":"https:\/\/www2.unifap.br\/ead\/wp-json\/wp\/v2\/pages\/94"}],"wp:attachment":[{"href":"https:\/\/www2.unifap.br\/ead\/wp-json\/wp\/v2\/media?parent=124"}],"curies":[{"name":"wp","href":"https:\/\/api.w.org\/{rel}","templated":true}]}}