{"id":171,"date":"2012-10-15T08:27:55","date_gmt":"2012-10-15T11:27:55","guid":{"rendered":"http:\/\/www2.unifap.br\/ead\/?page_id=171"},"modified":"2015-07-23T09:13:49","modified_gmt":"2015-07-23T12:13:49","slug":"laboratorio","status":"publish","type":"page","link":"https:\/\/www2.unifap.br\/ead\/laboratorio\/","title":{"rendered":"Laborat\u00f3rios"},"content":{"rendered":"<p><a href=\"http:\/\/www2.unifap.br\/ead\/laboratorio-de-informatica\/calendario-de-agendamentos\/\">Calend\u00e1rio de Agendamentos do Laborat\u00f3rio de Inform\u00e1tica<\/a><\/p>\n<p>&nbsp;<\/p>\n<p>&nbsp;<\/p>\n<p><a href=\"http:\/\/www2.unifap.br\/ead\/laboratorio-de-informatica\/calendario-de-agendamentos\/\">Solicita\u00e7\u00e3o de Agendamento<\/a><\/p>\n<p><strong>1 &#8211;<\/strong> Verifique a disponibilidade no\u00a0<a href=\"http:\/\/www2.unifap.br\/ead\/laboratorio-de-informatica\/calendario-de-agendamentos\/\" target=\"_blank\">Calend\u00e1rio de Agendamentos<\/a>;<\/p>\n<p>&nbsp;<\/p>\n<p><strong>2 \u2013 <\/strong>Envie um\u00a0e-mail\u00a0para\u00a0<a href=\"mailto:lab-ead@unifap.br\">lab-ead@unifap.br<\/a> contendo:<\/p>\n<p>&#8211; Nome do respons\u00e1vel pela reserva;<\/p>\n<p>&#8211; E-mail do respons\u00e1vel;<\/p>\n<p>&#8211; Fone para contato;<\/p>\n<p>&#8211; Nome do evento (ex.: disciplina, palestra, treinamento, congresso, outros);<\/p>\n<p>&#8211; Per\u00edodo do evento;<\/p>\n<p>&#8211; Hor\u00e1rio do evento;<\/p>\n<p>&#8211; Dias da semana;<\/p>\n<p>&#8211; E outras informa\u00e7\u00f5es, se houver.<\/p>\n<p>&nbsp;<\/p>\n<p><strong>3 &#8211;<\/strong> Haver\u00e1 uma an\u00e1lise da solicita\u00e7\u00e3o, o agendamento ser\u00e1 confirmado atrav\u00e9s do e-mail informado.<\/p>\n<p>&nbsp;<\/p>\n","protected":false},"excerpt":{"rendered":"<p>Calend\u00e1rio de Agendamentos do Laborat\u00f3rio de Inform\u00e1tica &nbsp; &nbsp; Solicita\u00e7\u00e3o de Agendamento 1 &#8211; Verifique a disponibilidade no\u00a0Calend\u00e1rio de Agendamentos; &nbsp; 2 \u2013 Envie um\u00a0e-mail\u00a0para\u00a0lab-ead@unifap.br contendo: &#8211; Nome do respons\u00e1vel&#8230;<\/p>\n","protected":false},"author":1,"featured_media":0,"parent":0,"menu_order":4,"comment_status":"closed","ping_status":"closed","template":"template-onecolumn.php","meta":{"inline_featured_image":false,"ngg_post_thumbnail":0,"footnotes":""},"class_list":["post-171","page","type-page","status-publish","hentry","entry"],"_links":{"self":[{"href":"https:\/\/www2.unifap.br\/ead\/wp-json\/wp\/v2\/pages\/171","targetHints":{"allow":["GET"]}}],"collection":[{"href":"https:\/\/www2.unifap.br\/ead\/wp-json\/wp\/v2\/pages"}],"about":[{"href":"https:\/\/www2.unifap.br\/ead\/wp-json\/wp\/v2\/types\/page"}],"author":[{"embeddable":true,"href":"https:\/\/www2.unifap.br\/ead\/wp-json\/wp\/v2\/users\/1"}],"replies":[{"embeddable":true,"href":"https:\/\/www2.unifap.br\/ead\/wp-json\/wp\/v2\/comments?post=171"}],"version-history":[{"count":15,"href":"https:\/\/www2.unifap.br\/ead\/wp-json\/wp\/v2\/pages\/171\/revisions"}],"predecessor-version":[{"id":6601,"href":"https:\/\/www2.unifap.br\/ead\/wp-json\/wp\/v2\/pages\/171\/revisions\/6601"}],"wp:attachment":[{"href":"https:\/\/www2.unifap.br\/ead\/wp-json\/wp\/v2\/media?parent=171"}],"curies":[{"name":"wp","href":"https:\/\/api.w.org\/{rel}","templated":true}]}}