{"id":174,"date":"2012-10-15T08:29:02","date_gmt":"2012-10-15T11:29:02","guid":{"rendered":"http:\/\/www2.unifap.br\/ead\/?page_id=174"},"modified":"2019-04-01T16:40:17","modified_gmt":"2019-04-01T19:40:17","slug":"calendario-de-agendamentos","status":"publish","type":"page","link":"https:\/\/www2.unifap.br\/ead\/laboratorio\/calendario-de-agendamentos\/","title":{"rendered":"Calend\u00e1rio de Agendamentos"},"content":{"rendered":"<p style=\"text-align: justify\"><span style=\"color: #ff0000\"><strong>Devido a servi\u00e7os de manuten\u00e7\u00e3o no Laborat\u00f3rio de Inform\u00e1tica, o mesmo encontra-se indispon\u00edvel para reserva por tempo indeterminado.<\/strong><\/span><\/p>\n<p style=\"text-align: justify\"><span style=\"color: #ff0000\"><strong>Agradecemos a compreens\u00e3o.<\/strong><\/span><\/p>\n","protected":false},"excerpt":{"rendered":"<p>Devido a servi\u00e7os de manuten\u00e7\u00e3o no Laborat\u00f3rio de Inform\u00e1tica, o mesmo encontra-se indispon\u00edvel para reserva por tempo indeterminado. Agradecemos a compreens\u00e3o.<\/p>\n","protected":false},"author":1,"featured_media":0,"parent":171,"menu_order":0,"comment_status":"closed","ping_status":"closed","template":"fullwidth.php","meta":{"inline_featured_image":false,"ngg_post_thumbnail":0,"footnotes":""},"class_list":["post-174","page","type-page","status-publish","hentry","entry"],"_links":{"self":[{"href":"https:\/\/www2.unifap.br\/ead\/wp-json\/wp\/v2\/pages\/174","targetHints":{"allow":["GET"]}}],"collection":[{"href":"https:\/\/www2.unifap.br\/ead\/wp-json\/wp\/v2\/pages"}],"about":[{"href":"https:\/\/www2.unifap.br\/ead\/wp-json\/wp\/v2\/types\/page"}],"author":[{"embeddable":true,"href":"https:\/\/www2.unifap.br\/ead\/wp-json\/wp\/v2\/users\/1"}],"replies":[{"embeddable":true,"href":"https:\/\/www2.unifap.br\/ead\/wp-json\/wp\/v2\/comments?post=174"}],"version-history":[{"count":14,"href":"https:\/\/www2.unifap.br\/ead\/wp-json\/wp\/v2\/pages\/174\/revisions"}],"predecessor-version":[{"id":20655,"href":"https:\/\/www2.unifap.br\/ead\/wp-json\/wp\/v2\/pages\/174\/revisions\/20655"}],"up":[{"embeddable":true,"href":"https:\/\/www2.unifap.br\/ead\/wp-json\/wp\/v2\/pages\/171"}],"wp:attachment":[{"href":"https:\/\/www2.unifap.br\/ead\/wp-json\/wp\/v2\/media?parent=174"}],"curies":[{"name":"wp","href":"https:\/\/api.w.org\/{rel}","templated":true}]}}