{"id":17798,"date":"2018-01-29T18:22:09","date_gmt":"2018-01-29T21:22:09","guid":{"rendered":"http:\/\/www2.unifap.br\/ead\/?page_id=17798"},"modified":"2020-07-20T17:17:18","modified_gmt":"2020-07-20T20:17:18","slug":"uniafro","status":"publish","type":"page","link":"https:\/\/www2.unifap.br\/ead\/uniafro\/","title":{"rendered":"Especializa\u00e7\u00e3o de Pol\u00edticas de Promo\u00e7\u00e3o da Igualdade Racial na Escola &#8211; UNIAFRO"},"content":{"rendered":"\t\t<div data-elementor-type=\"wp-post\" data-elementor-id=\"17798\" class=\"elementor elementor-17798\">\n\t\t\t\t\t\t<section class=\"elementor-section elementor-top-section elementor-element elementor-element-7a1db64d elementor-section-boxed elementor-section-height-default elementor-section-height-default\" data-id=\"7a1db64d\" data-element_type=\"section\" data-e-type=\"section\" data-settings=\"{&quot;background_background&quot;:&quot;classic&quot;}\">\n\t\t\t\t\t\t<div class=\"elementor-container elementor-column-gap-no\">\n\t\t\t\t\t<div class=\"elementor-column elementor-col-100 elementor-top-column elementor-element elementor-element-394e54f\" data-id=\"394e54f\" data-element_type=\"column\" data-e-type=\"column\">\n\t\t\t<div class=\"elementor-widget-wrap elementor-element-populated\">\n\t\t\t\t\t\t<div class=\"elementor-element elementor-element-781dad59 elementor-widget elementor-widget-spacer\" data-id=\"781dad59\" data-element_type=\"widget\" data-e-type=\"widget\" data-widget_type=\"spacer.default\">\n\t\t\t\t<div class=\"elementor-widget-container\">\n\t\t\t\t\t\t\t<div class=\"elementor-spacer\">\n\t\t\t<div class=\"elementor-spacer-inner\"><\/div>\n\t\t<\/div>\n\t\t\t\t\t\t<\/div>\n\t\t\t\t<\/div>\n\t\t\t\t<section class=\"elementor-section elementor-inner-section elementor-element elementor-element-2fb5bc0d elementor-section-boxed elementor-section-height-default elementor-section-height-default\" data-id=\"2fb5bc0d\" data-element_type=\"section\" data-e-type=\"section\">\n\t\t\t\t\t\t<div class=\"elementor-container elementor-column-gap-default\">\n\t\t\t\t\t<div class=\"elementor-column elementor-col-50 elementor-inner-column elementor-element elementor-element-2c56f4e8\" data-id=\"2c56f4e8\" data-element_type=\"column\" data-e-type=\"column\">\n\t\t\t<div class=\"elementor-widget-wrap elementor-element-populated\">\n\t\t\t\t\t\t<div class=\"elementor-element elementor-element-2b689a4e elementor-widget elementor-widget-image\" data-id=\"2b689a4e\" data-element_type=\"widget\" data-e-type=\"widget\" data-widget_type=\"image.default\">\n\t\t\t\t<div class=\"elementor-widget-container\">\n\t\t\t\t\t\t\t\t\t\t\t\t<figure class=\"wp-caption\">\n\t\t\t\t\t\t\t\t\t\t\t<a href=\"http:\/\/www2.unifap.br\/ead\/uniafro\/\">\n\t\t\t\t\t\t\t<img fetchpriority=\"high\" decoding=\"async\" width=\"794\" height=\"1024\" src=\"https:\/\/www2.unifap.br\/ead\/files\/2019\/11\/marca-794x1024.png\" class=\"elementor-animation-pop attachment-large size-large wp-image-22463\" alt=\"\" srcset=\"https:\/\/www2.unifap.br\/ead\/files\/2019\/11\/marca-794x1024.png 794w, https:\/\/www2.unifap.br\/ead\/files\/2019\/11\/marca-233x300.png 233w, https:\/\/www2.unifap.br\/ead\/files\/2019\/11\/marca-768x990.png 768w, https:\/\/www2.unifap.br\/ead\/files\/2019\/11\/marca.png 1000w\" sizes=\"(max-width: 794px) 100vw, 794px\" \/>\t\t\t\t\t\t\t\t<\/a>\n\t\t\t\t\t\t\t\t\t\t\t<figcaption class=\"widget-image-caption wp-caption-text\">Cria\u00e7\u00e3o de marca:<\/br> J\u00e9ssica Viana<\/figcaption>\n\t\t\t\t\t\t\t\t\t\t<\/figure>\n\t\t\t\t\t\t\t\t\t<\/div>\n\t\t\t\t<\/div>\n\t\t\t\t\t<\/div>\n\t\t<\/div>\n\t\t\t\t<div class=\"elementor-column elementor-col-50 elementor-inner-column elementor-element elementor-element-72f052b9\" data-id=\"72f052b9\" data-element_type=\"column\" data-e-type=\"column\">\n\t\t\t<div class=\"elementor-widget-wrap elementor-element-populated\">\n\t\t\t\t\t\t<div class=\"elementor-element elementor-element-7ed510f8 elementor-widget elementor-widget-heading\" data-id=\"7ed510f8\" data-element_type=\"widget\" data-e-type=\"widget\" data-widget_type=\"heading.default\">\n\t\t\t\t<div class=\"elementor-widget-container\">\n\t\t\t\t\t<p class=\"elementor-heading-title elementor-size-default\"><a href=\"https:\/\/www2.unifap.br\/ead\/uniafro\">Pol\u00edticas de promo\u00e7\u00e3o da Igualdade Racial na Escola - EaD<\/a><\/p>\t\t\t\t<\/div>\n\t\t\t\t<\/div>\n\t\t\t\t<div class=\"elementor-element elementor-element-335470d9 elementor-widget-divider--view-line elementor-widget elementor-widget-divider\" data-id=\"335470d9\" data-element_type=\"widget\" data-e-type=\"widget\" data-widget_type=\"divider.default\">\n\t\t\t\t<div class=\"elementor-widget-container\">\n\t\t\t\t\t\t\t<div class=\"elementor-divider\">\n\t\t\t<span class=\"elementor-divider-separator\">\n\t\t\t\t\t\t<\/span>\n\t\t<\/div>\n\t\t\t\t\t\t<\/div>\n\t\t\t\t<\/div>\n\t\t\t\t\t<\/div>\n\t\t<\/div>\n\t\t\t\t\t<\/div>\n\t\t<\/section>\n\t\t\t\t\t<\/div>\n\t\t<\/div>\n\t\t\t\t\t<\/div>\n\t\t<\/section>\n\t\t\t\t<section class=\"elementor-section elementor-top-section elementor-element elementor-element-79b27193 elementor-section-boxed elementor-section-height-default elementor-section-height-default\" data-id=\"79b27193\" data-element_type=\"section\" data-e-type=\"section\">\n\t\t\t\t\t\t<div class=\"elementor-container elementor-column-gap-default\">\n\t\t\t\t\t<div class=\"elementor-column elementor-col-33 elementor-top-column elementor-element elementor-element-501428e8\" data-id=\"501428e8\" data-element_type=\"column\" data-e-type=\"column\">\n\t\t\t<div class=\"elementor-widget-wrap\">\n\t\t\t\t\t\t\t<\/div>\n\t\t<\/div>\n\t\t\t\t<div class=\"elementor-column elementor-col-33 elementor-top-column elementor-element elementor-element-66139da2\" data-id=\"66139da2\" data-element_type=\"column\" data-e-type=\"column\">\n\t\t\t<div class=\"elementor-widget-wrap elementor-element-populated\">\n\t\t\t\t\t\t<section class=\"elementor-section elementor-inner-section elementor-element elementor-element-69b3ef48 elementor-section-boxed elementor-section-height-default elementor-section-height-default\" data-id=\"69b3ef48\" data-element_type=\"section\" data-e-type=\"section\">\n\t\t\t\t\t\t<div class=\"elementor-container elementor-column-gap-default\">\n\t\t\t\t\t<div class=\"elementor-column elementor-col-100 elementor-inner-column elementor-element elementor-element-52f42ebf\" data-id=\"52f42ebf\" data-element_type=\"column\" data-e-type=\"column\">\n\t\t\t<div class=\"elementor-widget-wrap elementor-element-populated\">\n\t\t\t\t\t\t<div class=\"elementor-element elementor-element-4413d386 elementor-widget elementor-widget-text-editor\" data-id=\"4413d386\" data-element_type=\"widget\" data-e-type=\"widget\" data-widget_type=\"text-editor.default\">\n\t\t\t\t<div class=\"elementor-widget-container\">\n\t\t\t\t\t\t\t\t\t<ul><li><strong>N\u00edvel:<\/strong>\u00a0P\u00f3s-gradua\u00e7\u00e3o<\/li><li><strong><b>Carga Hor\u00e1ria<\/b>:<\/strong><\/li><li><strong>Forma de Ingresso:\u00a0<\/strong>Processo Seletivo\u00a0<\/li><\/ul>\t\t\t\t\t\t\t\t<\/div>\n\t\t\t\t<\/div>\n\t\t\t\t<div class=\"elementor-element elementor-element-60ebb188 elementor-widget elementor-widget-heading\" data-id=\"60ebb188\" data-element_type=\"widget\" data-e-type=\"widget\" data-widget_type=\"heading.default\">\n\t\t\t\t<div class=\"elementor-widget-container\">\n\t\t\t\t\t<h3 class=\"elementor-heading-title elementor-size-default\">Objetivo<\/h3>\t\t\t\t<\/div>\n\t\t\t\t<\/div>\n\t\t\t\t<div class=\"elementor-element elementor-element-56b81ae0 elementor-widget elementor-widget-text-editor\" data-id=\"56b81ae0\" data-element_type=\"widget\" data-e-type=\"widget\" data-widget_type=\"text-editor.default\">\n\t\t\t\t<div class=\"elementor-widget-container\">\n\t\t\t\t\t\t\t\t\t<ul><li style=\"text-align: justify;\">\u00a0<\/li><\/ul>\t\t\t\t\t\t\t\t<\/div>\n\t\t\t\t<\/div>\n\t\t\t\t\t<\/div>\n\t\t<\/div>\n\t\t\t\t\t<\/div>\n\t\t<\/section>\n\t\t\t\t<div class=\"elementor-element elementor-element-43bb8563 elementor-widget elementor-widget-heading\" data-id=\"43bb8563\" data-element_type=\"widget\" data-e-type=\"widget\" data-widget_type=\"heading.default\">\n\t\t\t\t<div class=\"elementor-widget-container\">\n\t\t\t\t\t<h3 class=\"elementor-heading-title elementor-size-default\">Coordenadora Pedag\u00f3gica<\/h3>\t\t\t\t<\/div>\n\t\t\t\t<\/div>\n\t\t\t\t<div class=\"elementor-element elementor-element-5fbec9c1 elementor-widget elementor-widget-text-editor\" data-id=\"5fbec9c1\" data-element_type=\"widget\" data-e-type=\"widget\" data-widget_type=\"text-editor.default\">\n\t\t\t\t<div class=\"elementor-widget-container\">\n\t\t\t\t\t\t\t\t\t<ul><li style=\"text-align: justify;\">Alexsara de Souza Maciel| e-mail: <u style=\"color: #0000ff;\"><a href=\"mailto:esp.uniafro.ead@unifap.br\">esp.uniafro.ead@unifap.br<\/a><\/u><\/li><\/ul>\t\t\t\t\t\t\t\t<\/div>\n\t\t\t\t<\/div>\n\t\t\t\t<div class=\"elementor-element elementor-element-67c0926d elementor-widget-divider--view-line elementor-widget elementor-widget-divider\" data-id=\"67c0926d\" data-element_type=\"widget\" data-e-type=\"widget\" data-widget_type=\"divider.default\">\n\t\t\t\t<div class=\"elementor-widget-container\">\n\t\t\t\t\t\t\t<div class=\"elementor-divider\">\n\t\t\t<span class=\"elementor-divider-separator\">\n\t\t\t\t\t\t<\/span>\n\t\t<\/div>\n\t\t\t\t\t\t<\/div>\n\t\t\t\t<\/div>\n\t\t\t\t<div class=\"elementor-element elementor-element-ff5db83 elementor-widget elementor-widget-heading\" data-id=\"ff5db83\" data-element_type=\"widget\" data-e-type=\"widget\" data-widget_type=\"heading.default\">\n\t\t\t\t<div class=\"elementor-widget-container\">\n\t\t\t\t\t<h3 class=\"elementor-heading-title elementor-size-default\">Processo Seletivo<\/h3>\t\t\t\t<\/div>\n\t\t\t\t<\/div>\n\t\t\t\t<div class=\"elementor-element elementor-element-8355f2b elementor-widget elementor-widget-text-editor\" data-id=\"8355f2b\" data-element_type=\"widget\" data-e-type=\"widget\" data-widget_type=\"text-editor.default\">\n\t\t\t\t<div class=\"elementor-widget-container\">\n\t\t\t\t\t\t\t\t\t<ul><li><strong><a href=\"http:\/\/www2.unifap.br\/ead\/files\/2020\/04\/coordenador-de-curso-EaD-homologacao-final.pdf\">Homologa\u00e7\u00e3o do resultado final<\/a><\/strong><\/li><li><a href=\"http:\/\/www2.unifap.br\/ead\/files\/2020\/04\/3-Retificacao-de-cronograma-edital-Coordenador-de-curso-EaD.pdf\">Retifica\u00e7\u00e3o de cronograma<\/a><\/li><li><a href=\"http:\/\/www2.unifap.br\/ead\/files\/2020\/04\/Analise-curricular-coordenador-de-curso-EaD-resultado-preliminar-publicacao.pdf\">An\u00e1lise curricular &#8211; Resultado Preliminar<\/a><\/li><li><a href=\"http:\/\/www2.unifap.br\/ead\/files\/2020\/04\/Homologacao-das-inscricoes-para-coordenador-de-curso-EaD-resultado-final..pdf\">Inscri\u00e7\u00f5es homologadas &#8211;\u00a0 Resultado final<\/a><\/li><li><a href=\"http:\/\/www2.unifap.br\/ead\/files\/2020\/04\/mais-prazo-p-analise.pdf\">Comunicado<\/a><\/li><li><a href=\"http:\/\/www2.unifap.br\/ead\/files\/2020\/04\/Homologacao-das-inscricoes-para-coordenador-de-curso-EaD-apos-recurso.pdf\">Inscri\u00e7\u00f5es Homologadas ap\u00f3s recurso<\/a><\/li><li><a href=\"http:\/\/www2.unifap.br\/ead\/files\/2020\/04\/2-Retificacao-de-cronograma-edital-Coordenador-de-curso-EaD.pdf\">Retifica\u00e7\u00e3o do cronograma<\/a><\/li><li><a href=\"http:\/\/www2.unifap.br\/ead\/formulario-de-recurso-coordenacao-de-curso\/\">Formul\u00e1rio de recurso das inscri\u00e7\u00f5es<\/a><\/li><li><a href=\"http:\/\/www2.unifap.br\/ead\/files\/2020\/04\/Homologacao-das-inscricoes-para-coordenador-de-curso-EaD-apos-reabertura-para-2-cursos.pdf\">Homologa\u00e7\u00e3o das inscri\u00e7\u00f5es<\/a><\/li><li><a href=\"http:\/\/www2.unifap.br\/ead\/coordenador-pagina-de-inscricao-no01-2020\/\">Segunda chamada para inscri\u00e7\u00f5es<\/a><\/li><li><a href=\"http:\/\/www2.unifap.br\/ead\/files\/2020\/04\/Retificacao-de-cronograma-edital-Coordenador-de-curso-EaD.pdf\">Retifica\u00e7\u00e3o do cronograma<\/a><\/li><li><a href=\"http:\/\/www2.unifap.br\/ead\/files\/2020\/04\/Homologacao-da-lista-preliminar-das-inscricoes-para-coordenador-de-curso-EaD-2020.pdf\">Resultado preliminar<\/a><\/li><li>Inscreva-se aqui (30\/03\/2020 a 06\/04\/2020)<\/li><li><a href=\"http:\/\/www2.unifap.br\/ead\/files\/2020\/03\/retificacao-edital-coordenador-de-curso.pdf\">Retifica\u00e7\u00e3o n 01\/2020<\/a><\/li><li style=\"text-align: left;\"><a href=\"http:\/\/www2.unifap.br\/ead\/files\/2020\/03\/Edital_EaD_-_Coordenador_de_Curso_publicacao.pdf\">Edital para Coordena\u00e7\u00e3o de Cursos<\/a><\/li><\/ul>\t\t\t\t\t\t\t\t<\/div>\n\t\t\t\t<\/div>\n\t\t\t\t<div class=\"elementor-element elementor-element-5096d9e elementor-widget-divider--view-line elementor-widget elementor-widget-divider\" data-id=\"5096d9e\" data-element_type=\"widget\" data-e-type=\"widget\" data-widget_type=\"divider.default\">\n\t\t\t\t<div class=\"elementor-widget-container\">\n\t\t\t\t\t\t\t<div class=\"elementor-divider\">\n\t\t\t<span class=\"elementor-divider-separator\">\n\t\t\t\t\t\t<\/span>\n\t\t<\/div>\n\t\t\t\t\t\t<\/div>\n\t\t\t\t<\/div>\n\t\t\t\t\t<\/div>\n\t\t<\/div>\n\t\t\t\t<div class=\"elementor-column elementor-col-33 elementor-top-column elementor-element elementor-element-3dd34b3\" data-id=\"3dd34b3\" data-element_type=\"column\" data-e-type=\"column\">\n\t\t\t<div class=\"elementor-widget-wrap\">\n\t\t\t\t\t\t\t<\/div>\n\t\t<\/div>\n\t\t\t\t\t<\/div>\n\t\t<\/section>\n\t\t\t\t<section class=\"elementor-section elementor-top-section elementor-element elementor-element-50112fff elementor-section-boxed elementor-section-height-default elementor-section-height-default\" data-id=\"50112fff\" data-element_type=\"section\" data-e-type=\"section\">\n\t\t\t\t\t\t<div class=\"elementor-container elementor-column-gap-default\">\n\t\t\t\t\t<div class=\"elementor-column elementor-col-33 elementor-top-column elementor-element elementor-element-7a192781\" data-id=\"7a192781\" data-element_type=\"column\" data-e-type=\"column\">\n\t\t\t<div class=\"elementor-widget-wrap\">\n\t\t\t\t\t\t\t<\/div>\n\t\t<\/div>\n\t\t\t\t<div class=\"elementor-column elementor-col-33 elementor-top-column elementor-element elementor-element-20be980e\" data-id=\"20be980e\" data-element_type=\"column\" data-e-type=\"column\">\n\t\t\t<div class=\"elementor-widget-wrap elementor-element-populated\">\n\t\t\t\t\t\t<div class=\"elementor-element elementor-element-1de8ed88 elementor-widget elementor-widget-heading\" data-id=\"1de8ed88\" data-element_type=\"widget\" data-e-type=\"widget\" data-widget_type=\"heading.default\">\n\t\t\t\t<div class=\"elementor-widget-container\">\n\t\t\t\t\t<h3 class=\"elementor-heading-title elementor-size-default\">Estrutura curricular<\/h3>\t\t\t\t<\/div>\n\t\t\t\t<\/div>\n\t\t\t\t<div class=\"elementor-element elementor-element-2412a986 elementor-widget elementor-widget-toggle\" data-id=\"2412a986\" data-element_type=\"widget\" data-e-type=\"widget\" data-widget_type=\"toggle.default\">\n\t\t\t\t<div class=\"elementor-widget-container\">\n\t\t\t\t\t\t\t<div class=\"elementor-toggle\">\n\t\t\t\t\t\t\t<div class=\"elementor-toggle-item\">\n\t\t\t\t\t<div id=\"elementor-tab-title-6051\" class=\"elementor-tab-title\" data-tab=\"1\" role=\"button\" aria-controls=\"elementor-tab-content-6051\" aria-expanded=\"false\">\n\t\t\t\t\t\t\t\t\t\t\t\t<span class=\"elementor-toggle-icon elementor-toggle-icon-left\" aria-hidden=\"true\">\n\t\t\t\t\t\t\t\t\t\t\t\t\t\t\t<span class=\"elementor-toggle-icon-closed\"><i class=\"fas fa-caret-right\"><\/i><\/span>\n\t\t\t\t\t\t\t\t<span class=\"elementor-toggle-icon-opened\"><i class=\"elementor-toggle-icon-opened fas fa-caret-up\"><\/i><\/span>\n\t\t\t\t\t\t\t\t\t\t\t\t\t<\/span>\n\t\t\t\t\t\t\t\t\t\t\t\t<a class=\"elementor-toggle-title\" tabindex=\"0\">M\u00f3dulo 1<\/a>\n\t\t\t\t\t<\/div>\n\n\t\t\t\t\t<div id=\"elementor-tab-content-6051\" class=\"elementor-tab-content elementor-clearfix\" data-tab=\"1\" role=\"region\" aria-labelledby=\"elementor-tab-title-6051\"><ul><li><span style=\"color: #000000;\">CEPPIRE &#8211; Introdu\u00e7\u00e3o ao Ambiente Virtual de Aprendizagem<\/span><\/li><li><span style=\"color: #000000;\">CEPPIRE &#8211; Etnologia da Amaz\u00f4nia<\/span><\/li><li><span style=\"color: #000000;\">CEPPIRE &#8211; Educa\u00e7\u00e3o B\u00e1sica e as Leis de Igualdade Racial Hoje<\/span><\/li><li><span style=\"color: #000000;\">CEPPIRE &#8211; Oficina de Elabora\u00e7\u00e3o de texto Cient\u00edfico<\/span><\/li><li><span style=\"color: #000000;\">CEPPIRE &#8211; Ra\u00e7a e Cultura<\/span><\/li><\/ul><\/div>\n\t\t\t\t<\/div>\n\t\t\t\t\t\t\t<div class=\"elementor-toggle-item\">\n\t\t\t\t\t<div id=\"elementor-tab-title-6052\" class=\"elementor-tab-title\" data-tab=\"2\" role=\"button\" aria-controls=\"elementor-tab-content-6052\" aria-expanded=\"false\">\n\t\t\t\t\t\t\t\t\t\t\t\t<span class=\"elementor-toggle-icon elementor-toggle-icon-left\" aria-hidden=\"true\">\n\t\t\t\t\t\t\t\t\t\t\t\t\t\t\t<span class=\"elementor-toggle-icon-closed\"><i class=\"fas fa-caret-right\"><\/i><\/span>\n\t\t\t\t\t\t\t\t<span class=\"elementor-toggle-icon-opened\"><i class=\"elementor-toggle-icon-opened fas fa-caret-up\"><\/i><\/span>\n\t\t\t\t\t\t\t\t\t\t\t\t\t<\/span>\n\t\t\t\t\t\t\t\t\t\t\t\t<a class=\"elementor-toggle-title\" tabindex=\"0\">M\u00f3dulo 2 <\/a>\n\t\t\t\t\t<\/div>\n\n\t\t\t\t\t<div id=\"elementor-tab-content-6052\" class=\"elementor-tab-content elementor-clearfix\" data-tab=\"2\" role=\"region\" aria-labelledby=\"elementor-tab-title-6052\"><ul><li><span style=\"color: #000000;\">CEPPIRE &#8211; Oficina de Metodologia do Ensino das Rela\u00e7\u00f5es \u00c9tnico Raciais no Ensino B\u00e1sico<\/span><\/li><li><span style=\"color: #000000;\">CEPPIRE &#8211; Conceitos de Interculturalidade<\/span><\/li><li><span style=\"color: #000000;\">CEPPIRE &#8211; Percep\u00e7\u00f5es<\/span><\/li><li><span style=\"color: #000000;\">CEPPIRE &#8211; Pol\u00edticas de Promo\u00e7\u00e3o da Igualdade Racial<\/span><\/li><\/ul><\/div>\n\t\t\t\t<\/div>\n\t\t\t\t\t\t\t<div class=\"elementor-toggle-item\">\n\t\t\t\t\t<div id=\"elementor-tab-title-6053\" class=\"elementor-tab-title\" data-tab=\"3\" role=\"button\" aria-controls=\"elementor-tab-content-6053\" aria-expanded=\"false\">\n\t\t\t\t\t\t\t\t\t\t\t\t<span class=\"elementor-toggle-icon elementor-toggle-icon-left\" aria-hidden=\"true\">\n\t\t\t\t\t\t\t\t\t\t\t\t\t\t\t<span class=\"elementor-toggle-icon-closed\"><i class=\"fas fa-caret-right\"><\/i><\/span>\n\t\t\t\t\t\t\t\t<span class=\"elementor-toggle-icon-opened\"><i class=\"elementor-toggle-icon-opened fas fa-caret-up\"><\/i><\/span>\n\t\t\t\t\t\t\t\t\t\t\t\t\t<\/span>\n\t\t\t\t\t\t\t\t\t\t\t\t<a class=\"elementor-toggle-title\" tabindex=\"0\">M\u00f3dulo 3<\/a>\n\t\t\t\t\t<\/div>\n\n\t\t\t\t\t<div id=\"elementor-tab-content-6053\" class=\"elementor-tab-content elementor-clearfix\" data-tab=\"3\" role=\"region\" aria-labelledby=\"elementor-tab-title-6053\"><ul><li><span style=\"color: #000000;\">CEPPIRE &#8211; Trabalho de Conclus\u00e3o de Curso<\/span><\/li><\/ul><\/div>\n\t\t\t\t<\/div>\n\t\t\t\t\t\t\t\t<\/div>\n\t\t\t\t\t\t<\/div>\n\t\t\t\t<\/div>\n\t\t\t\t<div class=\"elementor-element elementor-element-72692dc0 elementor-widget-divider--view-line elementor-widget elementor-widget-divider\" data-id=\"72692dc0\" data-element_type=\"widget\" data-e-type=\"widget\" data-widget_type=\"divider.default\">\n\t\t\t\t<div class=\"elementor-widget-container\">\n\t\t\t\t\t\t\t<div class=\"elementor-divider\">\n\t\t\t<span class=\"elementor-divider-separator\">\n\t\t\t\t\t\t<\/span>\n\t\t<\/div>\n\t\t\t\t\t\t<\/div>\n\t\t\t\t<\/div>\n\t\t\t\t\t<\/div>\n\t\t<\/div>\n\t\t\t\t<div class=\"elementor-column elementor-col-33 elementor-top-column elementor-element elementor-element-68f41009\" data-id=\"68f41009\" data-element_type=\"column\" data-e-type=\"column\">\n\t\t\t<div class=\"elementor-widget-wrap\">\n\t\t\t\t\t\t\t<\/div>\n\t\t<\/div>\n\t\t\t\t\t<\/div>\n\t\t<\/section>\n\t\t\t\t<section class=\"elementor-section elementor-top-section elementor-element elementor-element-2cc7899b elementor-section-boxed elementor-section-height-default elementor-section-height-default\" data-id=\"2cc7899b\" data-element_type=\"section\" data-e-type=\"section\">\n\t\t\t\t\t\t<div class=\"elementor-container elementor-column-gap-default\">\n\t\t\t\t\t<div class=\"elementor-column elementor-col-33 elementor-top-column elementor-element elementor-element-4e0a7e73\" data-id=\"4e0a7e73\" data-element_type=\"column\" data-e-type=\"column\">\n\t\t\t<div class=\"elementor-widget-wrap\">\n\t\t\t\t\t\t\t<\/div>\n\t\t<\/div>\n\t\t\t\t<div class=\"elementor-column elementor-col-33 elementor-top-column elementor-element elementor-element-1e890b90\" data-id=\"1e890b90\" data-element_type=\"column\" data-e-type=\"column\">\n\t\t\t<div class=\"elementor-widget-wrap elementor-element-populated\">\n\t\t\t\t\t\t<div class=\"elementor-element elementor-element-723216a8 elementor-widget elementor-widget-heading\" data-id=\"723216a8\" data-element_type=\"widget\" data-e-type=\"widget\" data-widget_type=\"heading.default\">\n\t\t\t\t<div class=\"elementor-widget-container\">\n\t\t\t\t\t<h3 class=\"elementor-heading-title elementor-size-default\">D\u00favidas e sugest\u00f5es <\/h3>\t\t\t\t<\/div>\n\t\t\t\t<\/div>\n\t\t\t\t<div class=\"elementor-element elementor-element-797318c1 elementor-widget-divider--view-line elementor-widget elementor-widget-divider\" data-id=\"797318c1\" data-element_type=\"widget\" data-e-type=\"widget\" data-widget_type=\"divider.default\">\n\t\t\t\t<div class=\"elementor-widget-container\">\n\t\t\t\t\t\t\t<div class=\"elementor-divider\">\n\t\t\t<span class=\"elementor-divider-separator\">\n\t\t\t\t\t\t<\/span>\n\t\t<\/div>\n\t\t\t\t\t\t<\/div>\n\t\t\t\t<\/div>\n\t\t\t\t\t<\/div>\n\t\t<\/div>\n\t\t\t\t<div class=\"elementor-column elementor-col-33 elementor-top-column elementor-element elementor-element-4703ee50\" data-id=\"4703ee50\" data-element_type=\"column\" data-e-type=\"column\">\n\t\t\t<div class=\"elementor-widget-wrap\">\n\t\t\t\t\t\t\t<\/div>\n\t\t<\/div>\n\t\t\t\t\t<\/div>\n\t\t<\/section>\n\t\t\t\t<section class=\"elementor-section elementor-top-section elementor-element elementor-element-4faae81d elementor-section-content-middle elementor-section-boxed elementor-section-height-default elementor-section-height-default\" data-id=\"4faae81d\" data-element_type=\"section\" data-e-type=\"section\">\n\t\t\t\t\t\t<div class=\"elementor-container elementor-column-gap-no\">\n\t\t\t\t\t<div class=\"elementor-column elementor-col-100 elementor-top-column elementor-element elementor-element-192930ed\" data-id=\"192930ed\" data-element_type=\"column\" data-e-type=\"column\">\n\t\t\t<div class=\"elementor-widget-wrap elementor-element-populated\">\n\t\t\t\t\t\t<div class=\"elementor-element elementor-element-11795e4a elementor-widget elementor-widget-heading\" data-id=\"11795e4a\" data-element_type=\"widget\" data-e-type=\"widget\" data-widget_type=\"heading.default\">\n\t\t\t\t<div class=\"elementor-widget-container\">\n\t\t\t\t\t<h6 class=\"elementor-heading-title elementor-size-default\">CONTATO<\/h6>\t\t\t\t<\/div>\n\t\t\t\t<\/div>\n\t\t\t\t<div class=\"elementor-element elementor-element-76b9aa5d elementor-widget elementor-widget-heading\" data-id=\"76b9aa5d\" data-element_type=\"widget\" data-e-type=\"widget\" data-widget_type=\"heading.default\">\n\t\t\t\t<div class=\"elementor-widget-container\">\n\t\t\t\t\t<h6 class=\"elementor-heading-title elementor-size-default\">(96) 3312-1765<\/h6>\t\t\t\t<\/div>\n\t\t\t\t<\/div>\n\t\t\t\t<div class=\"elementor-element elementor-element-305c6eea elementor-widget elementor-widget-heading\" data-id=\"305c6eea\" data-element_type=\"widget\" data-e-type=\"widget\" data-widget_type=\"heading.default\">\n\t\t\t\t<div class=\"elementor-widget-container\">\n\t\t\t\t\t<h6 class=\"elementor-heading-title elementor-size-default\">ATENDIMENTO <\/h6>\t\t\t\t<\/div>\n\t\t\t\t<\/div>\n\t\t\t\t<div class=\"elementor-element elementor-element-b971497 elementor-widget elementor-widget-heading\" data-id=\"b971497\" data-element_type=\"widget\" data-e-type=\"widget\" data-widget_type=\"heading.default\">\n\t\t\t\t<div class=\"elementor-widget-container\">\n\t\t\t\t\t<h3 class=\"elementor-heading-title elementor-size-default\">uniafro.deadunifap@gmail.com<\/h3>\t\t\t\t<\/div>\n\t\t\t\t<\/div>\n\t\t\t\t<div class=\"elementor-element elementor-element-46cdd346 elementor-widget elementor-widget-heading\" data-id=\"46cdd346\" data-element_type=\"widget\" data-e-type=\"widget\" data-widget_type=\"heading.default\">\n\t\t\t\t<div class=\"elementor-widget-container\">\n\t\t\t\t\t<h3 class=\"elementor-heading-title elementor-size-default\">Campus Universit\u00e1rio Marco Zero do Equador. BLOCO B - SALA 3<\/h3>\t\t\t\t<\/div>\n\t\t\t\t<\/div>\n\t\t\t\t\t<\/div>\n\t\t<\/div>\n\t\t\t\t\t<\/div>\n\t\t<\/section>\n\t\t\t\t<section class=\"elementor-section elementor-top-section elementor-element elementor-element-229f16dc elementor-section-content-middle elementor-section-height-min-height elementor-section-boxed elementor-section-height-default elementor-section-items-middle\" data-id=\"229f16dc\" data-element_type=\"section\" data-e-type=\"section\" data-settings=\"{&quot;background_background&quot;:&quot;classic&quot;}\">\n\t\t\t\t\t\t<div class=\"elementor-container elementor-column-gap-default\">\n\t\t\t\t\t<div class=\"elementor-column elementor-col-100 elementor-top-column elementor-element elementor-element-6fe14bcd\" data-id=\"6fe14bcd\" data-element_type=\"column\" data-e-type=\"column\">\n\t\t\t<div class=\"elementor-widget-wrap elementor-element-populated\">\n\t\t\t\t\t\t<div class=\"elementor-element elementor-element-27b984ce elementor-widget elementor-widget-heading\" data-id=\"27b984ce\" data-element_type=\"widget\" data-e-type=\"widget\" data-widget_type=\"heading.default\">\n\t\t\t\t<div class=\"elementor-widget-container\">\n\t\t\t\t\t<h3 class=\"elementor-heading-title elementor-size-default\">Obrigado pela visita!\u200b<\/h3>\t\t\t\t<\/div>\n\t\t\t\t<\/div>\n\t\t\t\t\t<\/div>\n\t\t<\/div>\n\t\t\t\t\t<\/div>\n\t\t<\/section>\n\t\t\t\t<\/div>\n\t\t","protected":false},"excerpt":{"rendered":"<p>Cria\u00e7\u00e3o de marca: J\u00e9ssica Viana Pol\u00edticas de promo\u00e7\u00e3o da Igualdade Racial na Escola &#8211; EaD N\u00edvel:\u00a0P\u00f3s-gradua\u00e7\u00e3o Carga Hor\u00e1ria: Forma de Ingresso:\u00a0Processo Seletivo\u00a0 Objetivo \u00a0 Coordenadora Pedag\u00f3gica Alexsara de Souza Maciel|&#8230;<\/p>\n","protected":false},"author":435,"featured_media":0,"parent":0,"menu_order":0,"comment_status":"closed","ping_status":"closed","template":"","meta":{"inline_featured_image":false,"ngg_post_thumbnail":0,"footnotes":""},"class_list":["post-17798","page","type-page","status-publish","hentry","entry"],"_links":{"self":[{"href":"https:\/\/www2.unifap.br\/ead\/wp-json\/wp\/v2\/pages\/17798","targetHints":{"allow":["GET"]}}],"collection":[{"href":"https:\/\/www2.unifap.br\/ead\/wp-json\/wp\/v2\/pages"}],"about":[{"href":"https:\/\/www2.unifap.br\/ead\/wp-json\/wp\/v2\/types\/page"}],"author":[{"embeddable":true,"href":"https:\/\/www2.unifap.br\/ead\/wp-json\/wp\/v2\/users\/435"}],"replies":[{"embeddable":true,"href":"https:\/\/www2.unifap.br\/ead\/wp-json\/wp\/v2\/comments?post=17798"}],"version-history":[{"count":29,"href":"https:\/\/www2.unifap.br\/ead\/wp-json\/wp\/v2\/pages\/17798\/revisions"}],"predecessor-version":[{"id":23665,"href":"https:\/\/www2.unifap.br\/ead\/wp-json\/wp\/v2\/pages\/17798\/revisions\/23665"}],"wp:attachment":[{"href":"https:\/\/www2.unifap.br\/ead\/wp-json\/wp\/v2\/media?parent=17798"}],"curies":[{"name":"wp","href":"https:\/\/api.w.org\/{rel}","templated":true}]}}