{"id":18228,"date":"2018-06-20T11:47:29","date_gmt":"2018-06-20T14:47:29","guid":{"rendered":"http:\/\/www2.unifap.br\/ead\/?page_id=18228"},"modified":"2019-04-01T16:39:30","modified_gmt":"2019-04-01T19:39:30","slug":"xxi-ciclo-de-defesas-de-ttcs-de-matematica","status":"publish","type":"page","link":"https:\/\/www2.unifap.br\/ead\/xxi-ciclo-de-defesas-de-ttcs-de-matematica\/","title":{"rendered":"XXI Ciclo de Defesas de TTC\u00b4S de Matem\u00e1tica"},"content":{"rendered":"<p style=\"text-align: center\"><a href=\"http:\/\/www2.unifap.br\/ead\/files\/2018\/06\/0002.png\"><img fetchpriority=\"high\" decoding=\"async\" class=\"alignnone size-full wp-image-18229\" src=\"http:\/\/www2.unifap.br\/ead\/files\/2018\/06\/0002.png\" alt=\"0002\" width=\"1000\" height=\"200\" srcset=\"https:\/\/www2.unifap.br\/ead\/files\/2018\/06\/0002.png 1000w, https:\/\/www2.unifap.br\/ead\/files\/2018\/06\/0002-300x60.png 300w, https:\/\/www2.unifap.br\/ead\/files\/2018\/06\/0002-250x50.png 250w, https:\/\/www2.unifap.br\/ead\/files\/2018\/06\/0002-150x30.png 150w\" sizes=\"(max-width: 1000px) 100vw, 1000px\" \/><\/a><\/p>\n<p style=\"text-align: center\">UNIVERSIDADE FEDERAL DO AMAP\u00c1<br \/>\nPR\u00d3-REITORIA DE GRADUA\u00c7\u00c3O<br \/>\nDEPARTAMENTO DE CI\u00caNCIAS EXATAS E TECNOL\u00d3GICAS<br \/>\nCURSO DE LICENCIATURA EM MATEM\u00c1TICA<br \/>\nCURSO DE ESPECIALIZA\u00c7\u00c3O EM ENSINO DE MATEM\u00c1TICA NO ENSINO M\u00c9DIO<\/p>\n<ul>\n<li><a href=\"http:\/\/www2.unifap.br\/ead\/files\/2018\/06\/Programa__o-do-XII-CDTM-2018.pdf\">Cronograma do CDTM 2018<\/a>&nbsp;&#8211; clique aqui para baixar<\/li>\n<\/ul>\n","protected":false},"excerpt":{"rendered":"<p>UNIVERSIDADE FEDERAL DO AMAP\u00c1 PR\u00d3-REITORIA DE GRADUA\u00c7\u00c3O DEPARTAMENTO DE CI\u00caNCIAS EXATAS E TECNOL\u00d3GICAS CURSO DE LICENCIATURA EM MATEM\u00c1TICA CURSO DE ESPECIALIZA\u00c7\u00c3O EM ENSINO DE MATEM\u00c1TICA NO ENSINO M\u00c9DIO Cronograma do&#8230;<\/p>\n","protected":false},"author":812,"featured_media":0,"parent":0,"menu_order":0,"comment_status":"closed","ping_status":"closed","template":"fullwidth.php","meta":{"inline_featured_image":false,"ngg_post_thumbnail":0,"footnotes":""},"class_list":["post-18228","page","type-page","status-publish","hentry","entry"],"_links":{"self":[{"href":"https:\/\/www2.unifap.br\/ead\/wp-json\/wp\/v2\/pages\/18228","targetHints":{"allow":["GET"]}}],"collection":[{"href":"https:\/\/www2.unifap.br\/ead\/wp-json\/wp\/v2\/pages"}],"about":[{"href":"https:\/\/www2.unifap.br\/ead\/wp-json\/wp\/v2\/types\/page"}],"author":[{"embeddable":true,"href":"https:\/\/www2.unifap.br\/ead\/wp-json\/wp\/v2\/users\/812"}],"replies":[{"embeddable":true,"href":"https:\/\/www2.unifap.br\/ead\/wp-json\/wp\/v2\/comments?post=18228"}],"version-history":[{"count":2,"href":"https:\/\/www2.unifap.br\/ead\/wp-json\/wp\/v2\/pages\/18228\/revisions"}],"predecessor-version":[{"id":20654,"href":"https:\/\/www2.unifap.br\/ead\/wp-json\/wp\/v2\/pages\/18228\/revisions\/20654"}],"wp:attachment":[{"href":"https:\/\/www2.unifap.br\/ead\/wp-json\/wp\/v2\/media?parent=18228"}],"curies":[{"name":"wp","href":"https:\/\/api.w.org\/{rel}","templated":true}]}}