{"id":19138,"date":"2018-12-28T14:27:28","date_gmt":"2018-12-28T17:27:28","guid":{"rendered":"http:\/\/www2.unifap.br\/ead\/?page_id=19138"},"modified":"2019-04-01T17:56:27","modified_gmt":"2019-04-01T20:56:27","slug":"chamada-externa-no032018-para-professor-formador-letras-portugues","status":"publish","type":"page","link":"https:\/\/www2.unifap.br\/ead\/chamada-externa-no032018-para-professor-formador-letras-portugues\/","title":{"rendered":"Chamada interna n\u00ba03\/2018 para Professor Formador: Letras Portugu\u00eas"},"content":{"rendered":"<h2 style=\"text-align: center\" align=\"center\"><strong>Chamada interna para Professor Formador do curso de Letras\/Portugu\u00eas \u2013 modalidade a dist\u00e2ncia,<\/strong><br \/>\n<strong> polos Vit\u00f3ria do Jari e Oiapoque da UNIFAP\/UAB\/CAPES<\/strong><\/h2>\n<ul>\n<li><strong><a href=\"http:\/\/www2.unifap.br\/ead\/files\/2019\/03\/CONVOCA\u00c7\u00c3O-PARA-PROFESSOR-03-2018-1.pdf\">Convoca\u00e7\u00e3o 01 \u2013 01.03.2019 <span style=\"color: #ff0000\">(novo)<\/span><\/a><\/strong><\/li>\n<li><strong><a href=\"http:\/\/www2.unifap.br\/ead\/files\/2018\/12\/RESULTADO-FINAL-PROFESSOR-LETRAS-PORTUGU\u00caS.pdf\">Resultado Final<\/a>&nbsp;&#8211; 31.01.2019&nbsp;<\/strong><\/li>\n<li><strong><a href=\"http:\/\/www2.unifap.br\/ead\/files\/2018\/12\/RESULTADO-PRELIMINAR-DA-PROVA-DE-T\u00cdTULOS-1.pdf\">Resultado preliminar<\/a>&nbsp;&#8211; 28.01.2019 <span style=\"color: #ff0000\"><br \/>\n<\/span><\/strong><\/li>\n<li><strong><a href=\"http:\/\/www2.unifap.br\/ead\/files\/2018\/12\/RESULTADO-DE-APTOS-PARA-AN\u00c1LISE-CURRICULAR.pdf\">Resultado I &#8211; Inscri\u00e7\u00f5es Homologadas &#8211; RETIFICADA EM&nbsp; <span style=\"color: #ff0000\">23.01.2019<\/span><\/a><\/strong><\/li>\n<li><strong><a href=\"http:\/\/www2.unifap.br\/ead\/files\/2018\/12\/Retifica\u00e7\u00e3o-03.pdf\">Retifica\u00e7\u00e3o 03<\/a>&nbsp;&#8211; 22.01.2019 <span style=\"color: #ff0000\"><br \/>\n<\/span><\/strong><\/li>\n<li><strong>Link para inscri\u00e7\u00e3o:&nbsp;<a href=\"https:\/\/docs.google.com\/forms\/d\/e\/1FAIpQLScrPJ4bpZDpxPIbfQmIhMFt5NDfJQViUsY0ffJOCa5qVEQ21g\/viewform\">clique aqui.<\/a>&nbsp;<strong><strong>(inscri\u00e7\u00f5es encerradas)<\/strong><\/strong><\/strong><\/li>\n<li><strong><a href=\"http:\/\/www2.unifap.br\/ead\/files\/2018\/12\/Retifica\u00e7\u00e3o-II-Anexo-II-14.01.2019-novo.pdf\">Retifica\u00e7\u00e3o 02 &#8211;&nbsp; Anexo II &#8211; 14.01.2019 <span style=\"color: #ff0000\"><br \/>\n<\/span><\/a><\/strong><\/li>\n<li><strong><a href=\"http:\/\/www2.unifap.br\/ead\/files\/2018\/12\/Retifica\u00e7\u00e3o-chamada-3-Letras-portugu\u00eas-1.pdf\">Retifica\u00e7\u00e3o <\/a>01&nbsp;&#8211; 12.01.2019&nbsp;<span style=\"color: #ff0000\"><br \/>\n<\/span><\/strong><\/li>\n<li><strong><a href=\"http:\/\/www2.unifap.br\/ead\/files\/2018\/12\/Anexo.pdf\">Anexo III<\/a>&nbsp;&#8211; 28.12.2018<span style=\"color: #ff0000\">&nbsp;<\/span><\/strong><\/li>\n<li><del><strong>Anexo II&nbsp; &#8211; 28.12.2018<span style=\"color: #ff0000\">&nbsp;<\/span><\/strong><\/del><\/li>\n<li><strong><a href=\"http:\/\/www2.unifap.br\/ead\/files\/2018\/12\/ANEXO-I-CHAMADA-EXTERNA-2019.pdf\">Anexo I<\/a>&nbsp;&#8211; 28.12.2018&nbsp;<\/strong><\/li>\n<li><strong>Edital&nbsp;<a href=\"http:\/\/www2.unifap.br\/ead\/files\/2018\/12\/Chamada-para-Professor-Formador-DEaD.pdf\">Chamada interna n\u00ba03\/2018 para Professor Formador DEaD<\/a>&nbsp;&#8211; 28.12.2018&nbsp;<\/strong><\/li>\n<\/ul>\n","protected":false},"excerpt":{"rendered":"<p>Chamada interna para Professor Formador do curso de Letras\/Portugu\u00eas \u2013 modalidade a dist\u00e2ncia, polos Vit\u00f3ria do Jari e Oiapoque da UNIFAP\/UAB\/CAPES Convoca\u00e7\u00e3o 01 \u2013 01.03.2019 (novo) Resultado Final&nbsp;&#8211; 31.01.2019&nbsp; Resultado&#8230;<\/p>\n","protected":false},"author":812,"featured_media":0,"parent":0,"menu_order":0,"comment_status":"closed","ping_status":"closed","template":"fullwidth.php","meta":{"inline_featured_image":false,"ngg_post_thumbnail":0,"footnotes":""},"class_list":["post-19138","page","type-page","status-publish","hentry","entry"],"_links":{"self":[{"href":"https:\/\/www2.unifap.br\/ead\/wp-json\/wp\/v2\/pages\/19138","targetHints":{"allow":["GET"]}}],"collection":[{"href":"https:\/\/www2.unifap.br\/ead\/wp-json\/wp\/v2\/pages"}],"about":[{"href":"https:\/\/www2.unifap.br\/ead\/wp-json\/wp\/v2\/types\/page"}],"author":[{"embeddable":true,"href":"https:\/\/www2.unifap.br\/ead\/wp-json\/wp\/v2\/users\/812"}],"replies":[{"embeddable":true,"href":"https:\/\/www2.unifap.br\/ead\/wp-json\/wp\/v2\/comments?post=19138"}],"version-history":[{"count":16,"href":"https:\/\/www2.unifap.br\/ead\/wp-json\/wp\/v2\/pages\/19138\/revisions"}],"predecessor-version":[{"id":20697,"href":"https:\/\/www2.unifap.br\/ead\/wp-json\/wp\/v2\/pages\/19138\/revisions\/20697"}],"wp:attachment":[{"href":"https:\/\/www2.unifap.br\/ead\/wp-json\/wp\/v2\/media?parent=19138"}],"curies":[{"name":"wp","href":"https:\/\/api.w.org\/{rel}","templated":true}]}}