{"id":197,"date":"2012-10-17T11:09:36","date_gmt":"2012-10-17T14:09:36","guid":{"rendered":"http:\/\/www2.unifap.br\/ead\/?page_id=197"},"modified":"2016-11-10T19:34:14","modified_gmt":"2016-11-10T22:34:14","slug":"educacao-fisica","status":"publish","type":"page","link":"https:\/\/www2.unifap.br\/ead\/paginscricoes\/graduacao-uab\/educacao-fisica\/","title":{"rendered":"Licenciatura em Educa\u00e7\u00e3o F\u00edsica"},"content":{"rendered":"<address style=\"text-align: center\"><img fetchpriority=\"high\" decoding=\"async\" class=\"size-full wp-image-1873 aligncenter\" alt=\"\" src=\"http:\/\/www2.unifap.br\/ead\/files\/2012\/10\/Logo-Ed-Fisica-CUBO-Atual.png\" width=\"231\" height=\"264\" \/><em><strong>Cria\u00e7\u00e3o de marca: Adriano Brito<\/strong><\/em><\/address>\n<p style=\"text-align: justify\"><strong>P\u00fablico-Alvo: <\/strong>Pessoas que possuem 2\u00ba grau completo.<\/p>\n<p style=\"text-align: justify\"><strong>Objetivos do curso:<\/strong><\/p>\n<p style=\"text-align: justify\"><strong>Geral:<\/strong><\/p>\n<ul>\n<li>O curso de Educa\u00e7\u00e3o F\u00edsica da Universidade Federal do Amap\u00e1, na modalidade a dist\u00e2ncia, tem por objetivo formar os professores ditos \u201cleigos\u201d em \u201ceducadores\u201d qualificados, com capacidade para atua\u00e7\u00e3o prioritariamente no ensino formal, para ensinar, planejar, assessorar, executar, coordenar, supervisionar e avaliar a\u00e7\u00f5es durante a pr\u00e1tica docente.<\/li>\n<\/ul>\n<p style=\"text-align: justify\"><strong>Espec\u00edficos: <\/strong><\/p>\n<ul>\n<li><span style=\"text-align: justify\">Propiciar uma forma\u00e7\u00e3o multidisciplinar que permita a flexibilidade na apreens\u00e3o de novos conhecimentos.<\/span><\/li>\n<li>Valorizar uma forma\u00e7\u00e3o human\u00edstica que possibilite aos docentes-discentes entender o car\u00e1ter\u00a0social e \u00e9tico de sua pr\u00e1tica, objetivando uma sociedade mais justa e igualit\u00e1ria.<\/li>\n<li>Desenvolver a pr\u00e1tica de analisar e compreender a realidade social, a fim de propor alternativas concretas de transforma\u00e7\u00e3o.<\/li>\n<li>Possibilitar o exerc\u00edcio do senso cr\u00edtico-reflexivo relacionado com a pr\u00e1tica de pesquisa no sentido produzir novos conhecimentos no campo da Educa\u00e7\u00e3o F\u00edsica.<\/li>\n<li>Experimentar uma forma\u00e7\u00e3o pedag\u00f3gica que estabele\u00e7a para os docentes-discentes como praticantes de seu aprendizado, contribuindo para a elabora\u00e7\u00e3o de seus conhecimentos.<\/li>\n<li>Licenciar docentes para a \u00e1rea do ensino de Educa\u00e7\u00e3o F\u00edsica, atrav\u00e9s de concep\u00e7\u00f5es capazes de dominar conceitos e utilizar teorias de forma concreta sobre a forma\u00e7\u00e3o humana nos est\u00e1gios de sua vida.<\/li>\n<li>Aprofundar o conhecimento cient\u00edfico e tecnol\u00f3gico do corpo humano atrav\u00e9s de conhecimentos did\u00e1tico-pedag\u00f3gicos, conhecimentos t\u00e9cnico-funcionais aplicados a cultura de movimento.<\/li>\n<li>Formar docentes com uma base centrada no conhecimento de si, no seu cotidiano escolar, na pesquisa e suas rela\u00e7\u00f5es com as dimens\u00f5es qu\u00edmica, f\u00edsica, biol\u00f3gica, associadas aos aspectos hist\u00f3ricos, psicol\u00f3gicos e sociol\u00f3gicos, para uma vis\u00e3o multifacetada sobre o corpo, o movimento, a educa\u00e7\u00e3o, o esporte em suas diversas manifesta\u00e7\u00f5es.<\/li>\n<\/ul>\n<p style=\"text-align: justify\"><strong>Forma de Ingresso: <\/strong>Inscri\u00e7\u00e3o na Plataforma Freire<\/p>\n<p style=\"text-align: justify\"><strong>Dura\u00e7\u00e3o do Curso: <\/strong>8 (oito) \u00a0Semestres<\/p>\n<p style=\"text-align: justify\"><strong>Metodologia: <\/strong>O Curso ser\u00e1 ofertado na modalidade \u00e0 dist\u00e2ncia.<\/p>\n<p style=\"text-align: justify\"><strong>In\u00edcio das Atividades:<\/strong> 2\u00ba semestre de 2010.<\/p>\n<p style=\"text-align: justify\"><strong>Coordenador: <\/strong>Prof\u00b0 Carlos Wagner Ferreira Farias \u2013 Portaria n\u00ba 1605\/2015 \u2013 UNIFAP<\/p>\n<p style=\"text-align: justify\"><strong>\u00a0<\/strong><\/p>\n","protected":false},"excerpt":{"rendered":"<p>Cria\u00e7\u00e3o de marca: Adriano Brito P\u00fablico-Alvo: Pessoas que possuem 2\u00ba grau completo. Objetivos do curso: Geral: O curso de Educa\u00e7\u00e3o F\u00edsica da Universidade Federal do Amap\u00e1, na modalidade a dist\u00e2ncia,&#8230;<\/p>\n","protected":false},"author":435,"featured_media":0,"parent":124,"menu_order":0,"comment_status":"closed","ping_status":"closed","template":"template-onecolumn.php","meta":{"inline_featured_image":false,"ngg_post_thumbnail":0,"footnotes":""},"class_list":["post-197","page","type-page","status-publish","hentry","entry"],"_links":{"self":[{"href":"https:\/\/www2.unifap.br\/ead\/wp-json\/wp\/v2\/pages\/197","targetHints":{"allow":["GET"]}}],"collection":[{"href":"https:\/\/www2.unifap.br\/ead\/wp-json\/wp\/v2\/pages"}],"about":[{"href":"https:\/\/www2.unifap.br\/ead\/wp-json\/wp\/v2\/types\/page"}],"author":[{"embeddable":true,"href":"https:\/\/www2.unifap.br\/ead\/wp-json\/wp\/v2\/users\/435"}],"replies":[{"embeddable":true,"href":"https:\/\/www2.unifap.br\/ead\/wp-json\/wp\/v2\/comments?post=197"}],"version-history":[{"count":36,"href":"https:\/\/www2.unifap.br\/ead\/wp-json\/wp\/v2\/pages\/197\/revisions"}],"predecessor-version":[{"id":16860,"href":"https:\/\/www2.unifap.br\/ead\/wp-json\/wp\/v2\/pages\/197\/revisions\/16860"}],"up":[{"embeddable":true,"href":"https:\/\/www2.unifap.br\/ead\/wp-json\/wp\/v2\/pages\/124"}],"wp:attachment":[{"href":"https:\/\/www2.unifap.br\/ead\/wp-json\/wp\/v2\/media?parent=197"}],"curies":[{"name":"wp","href":"https:\/\/api.w.org\/{rel}","templated":true}]}}