{"id":20920,"date":"2019-06-19T20:23:08","date_gmt":"2019-06-19T23:23:08","guid":{"rendered":"http:\/\/www2.unifap.br\/ead\/?page_id=20920"},"modified":"2020-01-14T15:07:33","modified_gmt":"2020-01-14T18:07:33","slug":"tutorpresencial2019","status":"publish","type":"page","link":"https:\/\/www2.unifap.br\/ead\/tutorpresencial2019\/","title":{"rendered":"Chamada de tutor Presencial de Administra\u00e7\u00e3o P\u00fablica, Letras\/Ingl\u00eas, Licenciatura em Sociologia e Matem\u00e1tica"},"content":{"rendered":"\t\t<div data-elementor-type=\"wp-post\" data-elementor-id=\"20920\" class=\"elementor elementor-20920 elementor-bc-flex-widget\">\n\t\t\t\t\t\t<section class=\"elementor-section elementor-top-section elementor-element elementor-element-222bad4 elementor-section-boxed elementor-section-height-default elementor-section-height-default\" data-id=\"222bad4\" data-element_type=\"section\" data-e-type=\"section\">\n\t\t\t\t\t\t<div class=\"elementor-container elementor-column-gap-default\">\n\t\t\t\t\t<div class=\"elementor-column elementor-col-100 elementor-top-column elementor-element elementor-element-f85b7b0\" data-id=\"f85b7b0\" data-element_type=\"column\" data-e-type=\"column\">\n\t\t\t<div class=\"elementor-widget-wrap elementor-element-populated\">\n\t\t\t\t\t\t<div class=\"elementor-element elementor-element-cd9edd9 elementor-widget elementor-widget-accordion\" data-id=\"cd9edd9\" data-element_type=\"widget\" data-e-type=\"widget\" data-widget_type=\"accordion.default\">\n\t\t\t\t<div class=\"elementor-widget-container\">\n\t\t\t\t\t\t\t<div class=\"elementor-accordion\">\n\t\t\t\t\t\t\t<div class=\"elementor-accordion-item\">\n\t\t\t\t\t<div id=\"elementor-tab-title-2151\" class=\"elementor-tab-title\" data-tab=\"1\" role=\"button\" aria-controls=\"elementor-tab-content-2151\" aria-expanded=\"false\">\n\t\t\t\t\t\t\t\t\t\t\t\t\t<span class=\"elementor-accordion-icon elementor-accordion-icon-left\" aria-hidden=\"true\">\n\t\t\t\t\t\t\t\t\t\t\t\t\t\t\t<span class=\"elementor-accordion-icon-closed\"><i class=\"fas fa-plus\"><\/i><\/span>\n\t\t\t\t\t\t\t\t<span class=\"elementor-accordion-icon-opened\"><i class=\"fas fa-minus\"><\/i><\/span>\n\t\t\t\t\t\t\t\t\t\t\t\t\t\t<\/span>\n\t\t\t\t\t\t\t\t\t\t\t\t<a class=\"elementor-accordion-title\" tabindex=\"0\">Chamada de tutor Presencial de Administra\u00e7\u00e3o P\u00fablica, Letras\/Ingl\u00eas, Licenciatura em Sociologia e Matem\u00e1tica-10.06.2019<\/a>\n\t\t\t\t\t<\/div>\n\t\t\t\t\t<div id=\"elementor-tab-content-2151\" class=\"elementor-tab-content elementor-clearfix\" data-tab=\"1\" role=\"region\" aria-labelledby=\"elementor-tab-title-2151\"><p>CHAMADA EXTERNA 2019.2 PARA SELE\u00c7\u00c3O DE TUTORES PARA AS VAGAS DE TUTORIA PRESENCIAL DA UNIFAP\/UAB\/CAPES<\/p><ul><li><a href=\"http:\/\/www2.unifap.br\/ead\/files\/2020\/01\/convocacao-TUTOR-PRESENCIAL_-letras-ingles.pdf\"><span style=\"color: #000000;\"><strong>Convoca\u00e7\u00e3o &#8211; TUTOR PRESENCIAL LESTRAS\/INGL\u00caS &#8211; 14.01.2019<\/strong><\/span><\/a><\/li><li><span style=\"color: #000000;\"><strong><a style=\"color: #000000;\" href=\"http:\/\/www2.unifap.br\/ead\/files\/2019\/12\/convocacao-TUTOR-PRESENCIAL-ADMINISTRACAO-PUBLICA-ead.pdf\">Convoca\u00e7\u00e3o &#8211; TUTOR PRESENCIAL ADMINISTRA\u00c7\u00c3O P\u00daBLICA &#8211; 20.12.2019<\/a><\/strong><\/span><\/li><li><span style=\"color: #000000;\"><strong><a style=\"color: #000000;\" href=\"http:\/\/www2.unifap.br\/ead\/files\/2019\/10\/convocacao-TUTOR-PRESENCIAL-MATEMATICA-ead.pdf\">Convoca\u00e7\u00e3o &#8211; TUTOR PRESENCIAL MATEM\u00c1TICA EaD &#8211; 23.10.2019 (clique aqui para baixar)<\/a><\/strong><\/span><\/li><li><span style=\"color: #000000;\"><strong><a style=\"color: #000000;\" href=\"http:\/\/www2.unifap.br\/ead\/files\/2019\/10\/convocacao-TUTOR-PRESENCIAL-MATEMATICA-ead-RETIFICACAO.pdf\">Convoca\u00e7\u00e3o &#8211; TUTOR PRESENCIAL MATEM\u00c1TICA EaD -RETIFICA\u00c7\u00c3O &#8211; 24.10.2019 (novo)<\/a><\/strong><\/span><\/li><li style=\"font-variant-ligatures: normal; font-variant-caps: normal; font-family: Roboto, sans-serif; font-style: normal;\"><span style=\"color: #000000;\"><strong><a style=\"font-size: 20px; background-color: #ffffff; color: #000000;\" href=\"https:\/\/www2.unifap.br\/ead\/files\/2019\/07\/resultado-titulos_-tutor-presencial-UAB.pdf\">Chamada interna\/externa &#8211; Resultados<\/a><span style=\"font-size: 20px;\">\u00a0&#8211; 05.07.2019<\/span><\/strong><\/span><\/li><li><span style=\"color: #000000;\"><strong><a style=\"font-size: 18px; font-weight: 600; background-color: #ffffff; color: #000000;\" href=\"http:\/\/www2.unifap.br\/ead\/files\/2019\/06\/INSCRI%C3%87%C3%95ES-DEFERIDAS-tutor.pdf\">INSCRI\u00c7\u00d5ES DEFERIDAS 26.06.2019 (NOVO)<\/a><\/strong><\/span><\/li><li><span style=\"color: #000000;\"><strong><a style=\"font-size: 18px; color: #000000;\" href=\"https:\/\/docs.google.com\/forms\/d\/e\/1FAIpQLSeDnQ8q-Kf7Fo02f4dmbQw9WXzyk6P9N_aAFgkf3o26F6bcww\/viewform\" target=\"_blank\" rel=\"noopener\">Inscri\u00e7\u00f5es abertas (<span style=\"font-size: 18px;\">clique aqui<\/span>) &#8211; 20 a 24.06.2019<\/a><\/strong><\/span><\/li><li><span style=\"color: #000000;\"><strong><a style=\"font-size: 18px; color: #000000;\" href=\"http:\/\/www2.unifap.br\/ead\/files\/2019\/06\/EDITAL-DE-TUTOR-PRESENCIAL.-1.pdf\">Edital &#8211; 10.06.2019 (<span style=\"font-size: 18px;\">clique aqui<\/span>)<\/a><\/strong><\/span><\/li><\/ul><\/div>\n\t\t\t\t<\/div>\n\t\t\t\t\t\t\t\t<\/div>\n\t\t\t\t\t\t<\/div>\n\t\t\t\t<\/div>\n\t\t\t\t\t<\/div>\n\t\t<\/div>\n\t\t\t\t\t<\/div>\n\t\t<\/section>\n\t\t\t\t<\/div>\n\t\t","protected":false},"excerpt":{"rendered":"<p>Chamada de tutor Presencial de Administra\u00e7\u00e3o P\u00fablica, Letras\/Ingl\u00eas, Licenciatura em Sociologia e Matem\u00e1tica-10.06.2019 CHAMADA EXTERNA 2019.2 PARA SELE\u00c7\u00c3O DE TUTORES PARA AS VAGAS DE TUTORIA PRESENCIAL DA UNIFAP\/UAB\/CAPES Convoca\u00e7\u00e3o &#8211;&#8230;<\/p>\n","protected":false},"author":812,"featured_media":0,"parent":0,"menu_order":0,"comment_status":"closed","ping_status":"closed","template":"","meta":{"inline_featured_image":false,"ngg_post_thumbnail":0,"footnotes":""},"class_list":["post-20920","page","type-page","status-publish","hentry","entry"],"_links":{"self":[{"href":"https:\/\/www2.unifap.br\/ead\/wp-json\/wp\/v2\/pages\/20920","targetHints":{"allow":["GET"]}}],"collection":[{"href":"https:\/\/www2.unifap.br\/ead\/wp-json\/wp\/v2\/pages"}],"about":[{"href":"https:\/\/www2.unifap.br\/ead\/wp-json\/wp\/v2\/types\/page"}],"author":[{"embeddable":true,"href":"https:\/\/www2.unifap.br\/ead\/wp-json\/wp\/v2\/users\/812"}],"replies":[{"embeddable":true,"href":"https:\/\/www2.unifap.br\/ead\/wp-json\/wp\/v2\/comments?post=20920"}],"version-history":[{"count":15,"href":"https:\/\/www2.unifap.br\/ead\/wp-json\/wp\/v2\/pages\/20920\/revisions"}],"predecessor-version":[{"id":23121,"href":"https:\/\/www2.unifap.br\/ead\/wp-json\/wp\/v2\/pages\/20920\/revisions\/23121"}],"wp:attachment":[{"href":"https:\/\/www2.unifap.br\/ead\/wp-json\/wp\/v2\/media?parent=20920"}],"curies":[{"name":"wp","href":"https:\/\/api.w.org\/{rel}","templated":true}]}}