{"id":21044,"date":"2019-07-17T19:39:17","date_gmt":"2019-07-17T22:39:17","guid":{"rendered":"http:\/\/www2.unifap.br\/ead\/?page_id=21044"},"modified":"2019-11-12T16:05:26","modified_gmt":"2019-11-12T19:05:26","slug":"chamada-interna-externa-no03-2019-para-professor-especializacao-em-educacao-penitenciaria","status":"publish","type":"page","link":"https:\/\/www2.unifap.br\/ead\/chamada-interna-externa-no03-2019-para-professor-especializacao-em-educacao-penitenciaria\/","title":{"rendered":"Chamada interna\/externa n\u00ba03\/2019 para Professor: Especializa\u00e7\u00e3o em Educa\u00e7\u00e3o Penitenci\u00e1ria"},"content":{"rendered":"<p>&nbsp;<\/p>\n<ul>\n<li><strong><a href=\"http:\/\/www2.unifap.br\/ead\/files\/2019\/07\/Resultado_da_Prova_de_Ttulos.pdf\">Resultado da prova de t\u00edtulo (18\/07\/2019 )<\/a><\/strong><\/li>\n<li><strong><a href=\"http:\/\/www2.unifap.br\/ead\/files\/2019\/07\/Homologa\u00e7\u00e3o_das_inscri\u00e7\u00f5es.pdf\">Inscri\u00e7\u00f5es homologadas (16\/07\/2019)<\/a><\/strong><\/li>\n<li><strong><a href=\"http:\/\/www2.unifap.br\/ead\/files\/2019\/07\/Chamada-Interna-para-Professor-Formador_n_3_2019_CCDEP-1.pdf\">Edital:&nbsp;&nbsp;Chamada interna\/externa n\u00ba03\/2019 para Professor: Especializa\u00e7\u00e3o em Educa\u00e7\u00e3o Penitenci\u00e1ria (12\/07\/2019)<\/a><\/strong><\/li>\n<\/ul>\n","protected":false},"excerpt":{"rendered":"<p>&nbsp; Resultado da prova de t\u00edtulo (18\/07\/2019 ) Inscri\u00e7\u00f5es homologadas (16\/07\/2019) Edital:&nbsp;&nbsp;Chamada interna\/externa n\u00ba03\/2019 para Professor: Especializa\u00e7\u00e3o em Educa\u00e7\u00e3o Penitenci\u00e1ria (12\/07\/2019)<\/p>\n","protected":false},"author":926,"featured_media":0,"parent":0,"menu_order":0,"comment_status":"closed","ping_status":"closed","template":"","meta":{"inline_featured_image":false,"ngg_post_thumbnail":0,"footnotes":""},"class_list":["post-21044","page","type-page","status-publish","hentry","entry"],"_links":{"self":[{"href":"https:\/\/www2.unifap.br\/ead\/wp-json\/wp\/v2\/pages\/21044","targetHints":{"allow":["GET"]}}],"collection":[{"href":"https:\/\/www2.unifap.br\/ead\/wp-json\/wp\/v2\/pages"}],"about":[{"href":"https:\/\/www2.unifap.br\/ead\/wp-json\/wp\/v2\/types\/page"}],"author":[{"embeddable":true,"href":"https:\/\/www2.unifap.br\/ead\/wp-json\/wp\/v2\/users\/926"}],"replies":[{"embeddable":true,"href":"https:\/\/www2.unifap.br\/ead\/wp-json\/wp\/v2\/comments?post=21044"}],"version-history":[{"count":3,"href":"https:\/\/www2.unifap.br\/ead\/wp-json\/wp\/v2\/pages\/21044\/revisions"}],"predecessor-version":[{"id":22611,"href":"https:\/\/www2.unifap.br\/ead\/wp-json\/wp\/v2\/pages\/21044\/revisions\/22611"}],"wp:attachment":[{"href":"https:\/\/www2.unifap.br\/ead\/wp-json\/wp\/v2\/media?parent=21044"}],"curies":[{"name":"wp","href":"https:\/\/api.w.org\/{rel}","templated":true}]}}