{"id":21159,"date":"2019-08-08T16:27:55","date_gmt":"2019-08-08T19:27:55","guid":{"rendered":"http:\/\/www2.unifap.br\/ead\/?page_id=21159"},"modified":"2019-08-08T16:31:24","modified_gmt":"2019-08-08T19:31:24","slug":"curso-de-letras-portugues","status":"publish","type":"page","link":"https:\/\/www2.unifap.br\/ead\/curso-de-letras-portugues\/","title":{"rendered":"Curso de Letras Portugu\u00eas"},"content":{"rendered":"<h3 style=\"text-align: center\"><strong>Licenciatura em Letras Portugu\u00eas \u2013 Modalidade a dist\u00e2ncia <\/strong><\/h3>\n<p>&nbsp;<\/p>\n<p>&nbsp;<\/p>\n<ul>\n<li>\n<h6><a href=\"http:\/\/www2.unifap.br\/ead\/files\/2019\/08\/Cronograma-de-capacita\u00e7\u00e3o-LET-PORT.pdf\">CRONOGRAMA PARA A CAPACITA\u00c7\u00c3O DOS ALUNOS \u2013 POLOS MACAP\u00c1 E SANTANA &#8211; <span style=\"color: #ff0000\">08.08.2019 (novo)<\/span><\/a><\/h6>\n<\/li>\n<\/ul>\n","protected":false},"excerpt":{"rendered":"<p>Licenciatura em Letras Portugu\u00eas \u2013 Modalidade a dist\u00e2ncia &nbsp; &nbsp; CRONOGRAMA PARA A CAPACITA\u00c7\u00c3O DOS ALUNOS \u2013 POLOS MACAP\u00c1 E SANTANA &#8211; 08.08.2019 (novo)<\/p>\n","protected":false},"author":435,"featured_media":0,"parent":0,"menu_order":0,"comment_status":"closed","ping_status":"closed","template":"","meta":{"inline_featured_image":false,"ngg_post_thumbnail":0,"footnotes":""},"class_list":["post-21159","page","type-page","status-publish","hentry","entry"],"_links":{"self":[{"href":"https:\/\/www2.unifap.br\/ead\/wp-json\/wp\/v2\/pages\/21159","targetHints":{"allow":["GET"]}}],"collection":[{"href":"https:\/\/www2.unifap.br\/ead\/wp-json\/wp\/v2\/pages"}],"about":[{"href":"https:\/\/www2.unifap.br\/ead\/wp-json\/wp\/v2\/types\/page"}],"author":[{"embeddable":true,"href":"https:\/\/www2.unifap.br\/ead\/wp-json\/wp\/v2\/users\/435"}],"replies":[{"embeddable":true,"href":"https:\/\/www2.unifap.br\/ead\/wp-json\/wp\/v2\/comments?post=21159"}],"version-history":[{"count":2,"href":"https:\/\/www2.unifap.br\/ead\/wp-json\/wp\/v2\/pages\/21159\/revisions"}],"predecessor-version":[{"id":21163,"href":"https:\/\/www2.unifap.br\/ead\/wp-json\/wp\/v2\/pages\/21159\/revisions\/21163"}],"wp:attachment":[{"href":"https:\/\/www2.unifap.br\/ead\/wp-json\/wp\/v2\/media?parent=21159"}],"curies":[{"name":"wp","href":"https:\/\/api.w.org\/{rel}","templated":true}]}}