{"id":22963,"date":"2020-01-06T14:48:01","date_gmt":"2020-01-06T17:48:01","guid":{"rendered":"http:\/\/www2.unifap.br\/ead\/?page_id=22963"},"modified":"2020-01-06T14:59:43","modified_gmt":"2020-01-06T17:59:43","slug":"metodologiali","status":"publish","type":"page","link":"https:\/\/www2.unifap.br\/ead\/li\/metodologiali\/","title":{"rendered":"Metodologia &#8211; Letras\/Ingl\u00eas"},"content":{"rendered":"\t\t<div data-elementor-type=\"wp-post\" data-elementor-id=\"22963\" class=\"elementor elementor-22963 elementor-bc-flex-widget\">\n\t\t\t\t\t\t<section class=\"elementor-section elementor-top-section elementor-element elementor-element-51c19367 elementor-section-boxed elementor-section-height-default elementor-section-height-default\" data-id=\"51c19367\" data-element_type=\"section\" data-e-type=\"section\" data-settings=\"{&quot;background_background&quot;:&quot;classic&quot;}\">\n\t\t\t\t\t\t<div class=\"elementor-container elementor-column-gap-no\">\n\t\t\t\t\t<div class=\"elementor-column elementor-col-100 elementor-top-column elementor-element elementor-element-1ef06861\" data-id=\"1ef06861\" data-element_type=\"column\" data-e-type=\"column\">\n\t\t\t<div class=\"elementor-widget-wrap elementor-element-populated\">\n\t\t\t\t\t\t<div class=\"elementor-element elementor-element-51cbdd6f elementor-widget elementor-widget-spacer\" data-id=\"51cbdd6f\" data-element_type=\"widget\" data-e-type=\"widget\" data-widget_type=\"spacer.default\">\n\t\t\t\t<div class=\"elementor-widget-container\">\n\t\t\t\t\t\t\t<div class=\"elementor-spacer\">\n\t\t\t<div class=\"elementor-spacer-inner\"><\/div>\n\t\t<\/div>\n\t\t\t\t\t\t<\/div>\n\t\t\t\t<\/div>\n\t\t\t\t<section class=\"elementor-section elementor-inner-section elementor-element elementor-element-1f4d4c97 elementor-section-boxed elementor-section-height-default elementor-section-height-default\" data-id=\"1f4d4c97\" data-element_type=\"section\" data-e-type=\"section\">\n\t\t\t\t\t\t<div class=\"elementor-container elementor-column-gap-default\">\n\t\t\t\t\t<div class=\"elementor-column elementor-col-50 elementor-inner-column elementor-element elementor-element-28bf4714\" data-id=\"28bf4714\" data-element_type=\"column\" data-e-type=\"column\">\n\t\t\t<div class=\"elementor-widget-wrap elementor-element-populated\">\n\t\t\t\t\t\t<div class=\"elementor-element elementor-element-565354f2 elementor-widget elementor-widget-image\" data-id=\"565354f2\" data-element_type=\"widget\" data-e-type=\"widget\" data-widget_type=\"image.default\">\n\t\t\t\t<div class=\"elementor-widget-container\">\n\t\t\t\t\t\t\t\t\t\t\t\t\t\t\t\t<a href=\"https:\/\/www2.unifap.br\/ead\/li\">\n\t\t\t\t\t\t\t<img fetchpriority=\"high\" decoding=\"async\" width=\"823\" height=\"1024\" src=\"https:\/\/www2.unifap.br\/ead\/files\/2020\/01\/letras_ingles_logo-823x1024.png\" class=\"elementor-animation-pop attachment-large size-large wp-image-22951\" alt=\"\" srcset=\"https:\/\/www2.unifap.br\/ead\/files\/2020\/01\/letras_ingles_logo-823x1024.png 823w, https:\/\/www2.unifap.br\/ead\/files\/2020\/01\/letras_ingles_logo-241x300.png 241w, https:\/\/www2.unifap.br\/ead\/files\/2020\/01\/letras_ingles_logo-768x956.png 768w\" sizes=\"(max-width: 823px) 100vw, 823px\" \/>\t\t\t\t\t\t\t\t<\/a>\n\t\t\t\t\t\t\t\t\t\t\t\t\t\t\t<\/div>\n\t\t\t\t<\/div>\n\t\t\t\t\t<\/div>\n\t\t<\/div>\n\t\t\t\t<div class=\"elementor-column elementor-col-50 elementor-inner-column elementor-element elementor-element-5a4c6a4e\" data-id=\"5a4c6a4e\" data-element_type=\"column\" data-e-type=\"column\">\n\t\t\t<div class=\"elementor-widget-wrap elementor-element-populated\">\n\t\t\t\t\t\t<div class=\"elementor-element elementor-element-4c430346 elementor-widget elementor-widget-heading\" data-id=\"4c430346\" data-element_type=\"widget\" data-e-type=\"widget\" data-widget_type=\"heading.default\">\n\t\t\t\t<div class=\"elementor-widget-container\">\n\t\t\t\t\t<p class=\"elementor-heading-title elementor-size-default\"><a href=\"https:\/\/www2.unifap.br\/ead\/li\">Gradua\u00e7\u00e3o em Letras\/Ingl\u00eas - EaD<\/a><\/p>\t\t\t\t<\/div>\n\t\t\t\t<\/div>\n\t\t\t\t\t<\/div>\n\t\t<\/div>\n\t\t\t\t\t<\/div>\n\t\t<\/section>\n\t\t\t\t<div class=\"elementor-element elementor-element-7c6024f4 elementor-widget-divider--view-line elementor-widget elementor-widget-divider\" data-id=\"7c6024f4\" data-element_type=\"widget\" data-e-type=\"widget\" data-widget_type=\"divider.default\">\n\t\t\t\t<div class=\"elementor-widget-container\">\n\t\t\t\t\t\t\t<div class=\"elementor-divider\">\n\t\t\t<span class=\"elementor-divider-separator\">\n\t\t\t\t\t\t<\/span>\n\t\t<\/div>\n\t\t\t\t\t\t<\/div>\n\t\t\t\t<\/div>\n\t\t\t\t\t<\/div>\n\t\t<\/div>\n\t\t\t\t\t<\/div>\n\t\t<\/section>\n\t\t\t\t<section class=\"elementor-section elementor-top-section elementor-element elementor-element-2e0d300d elementor-section-boxed elementor-section-height-default elementor-section-height-default\" data-id=\"2e0d300d\" data-element_type=\"section\" data-e-type=\"section\">\n\t\t\t\t\t\t<div class=\"elementor-container elementor-column-gap-default\">\n\t\t\t\t\t<div class=\"elementor-column elementor-col-50 elementor-top-column elementor-element elementor-element-3534b94b\" data-id=\"3534b94b\" data-element_type=\"column\" data-e-type=\"column\">\n\t\t\t<div class=\"elementor-widget-wrap elementor-element-populated\">\n\t\t\t\t\t\t<div class=\"elementor-element elementor-element-658c16a4 elementor-align-justify elementor-widget elementor-widget-button\" data-id=\"658c16a4\" data-element_type=\"widget\" data-e-type=\"widget\" data-widget_type=\"button.default\">\n\t\t\t\t<div class=\"elementor-widget-container\">\n\t\t\t\t\t\t\t\t\t<div class=\"elementor-button-wrapper\">\n\t\t\t\t\t<a class=\"elementor-button elementor-button-link elementor-size-sm\" href=\"https:\/\/www2.unifap.br\/ead\/li\/metodologiali\">\n\t\t\t\t\t\t<span class=\"elementor-button-content-wrapper\">\n\t\t\t\t\t\t\t\t\t<span class=\"elementor-button-text\">METODOLOGIA<\/span>\n\t\t\t\t\t<\/span>\n\t\t\t\t\t<\/a>\n\t\t\t\t<\/div>\n\t\t\t\t\t\t\t\t<\/div>\n\t\t\t\t<\/div>\n\t\t\t\t<div class=\"elementor-element elementor-element-3b192f11 elementor-align-justify elementor-widget elementor-widget-button\" data-id=\"3b192f11\" data-element_type=\"widget\" data-e-type=\"widget\" data-widget_type=\"button.default\">\n\t\t\t\t<div class=\"elementor-widget-container\">\n\t\t\t\t\t\t\t\t\t<div class=\"elementor-button-wrapper\">\n\t\t\t\t\t<a class=\"elementor-button elementor-button-link elementor-size-sm\" href=\"https:\/\/www2.unifap.br\/ead\/li\/disciplinasli\">\n\t\t\t\t\t\t<span class=\"elementor-button-content-wrapper\">\n\t\t\t\t\t\t\t\t\t<span class=\"elementor-button-text\">DISCIPLINAS<\/span>\n\t\t\t\t\t<\/span>\n\t\t\t\t\t<\/a>\n\t\t\t\t<\/div>\n\t\t\t\t\t\t\t\t<\/div>\n\t\t\t\t<\/div>\n\t\t\t\t<div class=\"elementor-element elementor-element-24bf9fe elementor-align-justify elementor-widget elementor-widget-button\" data-id=\"24bf9fe\" data-element_type=\"widget\" data-e-type=\"widget\" data-widget_type=\"button.default\">\n\t\t\t\t<div class=\"elementor-widget-container\">\n\t\t\t\t\t\t\t\t\t<div class=\"elementor-button-wrapper\">\n\t\t\t\t\t<a class=\"elementor-button elementor-button-link elementor-size-sm\" href=\"https:\/\/www2.unifap.br\/ead\/li\/organogramali\">\n\t\t\t\t\t\t<span class=\"elementor-button-content-wrapper\">\n\t\t\t\t\t\t\t\t\t<span class=\"elementor-button-text\">ORGANOGRAMA<\/span>\n\t\t\t\t\t<\/span>\n\t\t\t\t\t<\/a>\n\t\t\t\t<\/div>\n\t\t\t\t\t\t\t\t<\/div>\n\t\t\t\t<\/div>\n\t\t\t\t<div class=\"elementor-element elementor-element-7b750384 elementor-align-justify elementor-widget elementor-widget-button\" data-id=\"7b750384\" data-element_type=\"widget\" data-e-type=\"widget\" data-widget_type=\"button.default\">\n\t\t\t\t<div class=\"elementor-widget-container\">\n\t\t\t\t\t\t\t\t\t<div class=\"elementor-button-wrapper\">\n\t\t\t\t\t<a class=\"elementor-button elementor-button-link elementor-size-sm\" href=\"https:\/\/www2.unifap.br\/ead\/li\/eventosli\">\n\t\t\t\t\t\t<span class=\"elementor-button-content-wrapper\">\n\t\t\t\t\t\t\t\t\t<span class=\"elementor-button-text\">EVENTOS<\/span>\n\t\t\t\t\t<\/span>\n\t\t\t\t\t<\/a>\n\t\t\t\t<\/div>\n\t\t\t\t\t\t\t\t<\/div>\n\t\t\t\t<\/div>\n\t\t\t\t<div class=\"elementor-element elementor-element-3c1a1586 elementor-align-justify elementor-widget elementor-widget-button\" data-id=\"3c1a1586\" data-element_type=\"widget\" data-e-type=\"widget\" data-widget_type=\"button.default\">\n\t\t\t\t<div class=\"elementor-widget-container\">\n\t\t\t\t\t\t\t\t\t<div class=\"elementor-button-wrapper\">\n\t\t\t\t\t<a class=\"elementor-button elementor-button-link elementor-size-sm\" href=\"https:\/\/www2.unifap.br\/ead\/li\/contatoli\">\n\t\t\t\t\t\t<span class=\"elementor-button-content-wrapper\">\n\t\t\t\t\t\t\t\t\t<span class=\"elementor-button-text\">CONTATO<\/span>\n\t\t\t\t\t<\/span>\n\t\t\t\t\t<\/a>\n\t\t\t\t<\/div>\n\t\t\t\t\t\t\t\t<\/div>\n\t\t\t\t<\/div>\n\t\t\t\t<div class=\"elementor-element elementor-element-7818eaf2 elementor-button-success elementor-align-justify elementor-widget elementor-widget-button\" data-id=\"7818eaf2\" data-element_type=\"widget\" data-e-type=\"widget\" data-widget_type=\"button.default\">\n\t\t\t\t<div class=\"elementor-widget-container\">\n\t\t\t\t\t\t\t\t\t<div class=\"elementor-button-wrapper\">\n\t\t\t\t\t<a class=\"elementor-button elementor-button-link elementor-size-sm\" href=\"https:\/\/www2.unifap.br\/ead\/li\/documentosli\">\n\t\t\t\t\t\t<span class=\"elementor-button-content-wrapper\">\n\t\t\t\t\t\t\t\t\t<span class=\"elementor-button-text\">DOCUMENTOS<\/span>\n\t\t\t\t\t<\/span>\n\t\t\t\t\t<\/a>\n\t\t\t\t<\/div>\n\t\t\t\t\t\t\t\t<\/div>\n\t\t\t\t<\/div>\n\t\t\t\t<div class=\"elementor-element elementor-element-4410ff74 elementor-button-success elementor-align-justify elementor-widget elementor-widget-button\" data-id=\"4410ff74\" data-element_type=\"widget\" data-e-type=\"widget\" data-widget_type=\"button.default\">\n\t\t\t\t<div class=\"elementor-widget-container\">\n\t\t\t\t\t\t\t\t\t<div class=\"elementor-button-wrapper\">\n\t\t\t\t\t<a class=\"elementor-button elementor-button-link elementor-size-sm\" href=\"https:\/\/www2.unifap.br\/ead\/li\/agendali\">\n\t\t\t\t\t\t<span class=\"elementor-button-content-wrapper\">\n\t\t\t\t\t\t\t\t\t<span class=\"elementor-button-text\">AGENDA<\/span>\n\t\t\t\t\t<\/span>\n\t\t\t\t\t<\/a>\n\t\t\t\t<\/div>\n\t\t\t\t\t\t\t\t<\/div>\n\t\t\t\t<\/div>\n\t\t\t\t\t<\/div>\n\t\t<\/div>\n\t\t\t\t<div class=\"elementor-column elementor-col-50 elementor-top-column elementor-element elementor-element-6253d8fd\" data-id=\"6253d8fd\" data-element_type=\"column\" data-e-type=\"column\">\n\t\t\t<div class=\"elementor-widget-wrap elementor-element-populated\">\n\t\t\t\t\t\t<div class=\"elementor-element elementor-element-51de3bcc elementor-widget elementor-widget-heading\" data-id=\"51de3bcc\" data-element_type=\"widget\" data-e-type=\"widget\" data-widget_type=\"heading.default\">\n\t\t\t\t<div class=\"elementor-widget-container\">\n\t\t\t\t\t<h3 class=\"elementor-heading-title elementor-size-default\">METODOLOGIA<\/h3>\t\t\t\t<\/div>\n\t\t\t\t<\/div>\n\t\t\t\t<div class=\"elementor-element elementor-element-181c0486 elementor-widget elementor-widget-text-editor\" data-id=\"181c0486\" data-element_type=\"widget\" data-e-type=\"widget\" data-widget_type=\"text-editor.default\">\n\t\t\t\t<div class=\"elementor-widget-container\">\n\t\t\t\t\t\t\t\t\t<p style=\"text-align: justify;\">As exig\u00eancias colocadas pela atualidade imp\u00f5em inexoravelmente o uso de metodologias que possibilitam a forma\u00e7\u00e3o de um profissional cr\u00edtico e \u00e9tico, capaz de identificar e auxiliar a resolu\u00e7\u00e3o das demandas do planeta. Desta forma a dinamiza\u00e7\u00e3o metodol\u00f3gica que parte da problematiza\u00e7\u00e3o da realidade com a finalidade de compreend\u00ea-la, de construir o conhecimento capaz de transform\u00e1-la, acentuar a descoberta, a participa\u00e7\u00e3o em grupo a autonomia e a iniciativa, tornou-se imprescind\u00edvel.<br \/>Nesse sentido, destaca-se que as (TICs) t\u00eam uma grande import\u00e2ncia nos cursos a dist\u00e2ncia, invadindo todas as \u00e1reas do quotidiano, o departamento de educa\u00e7\u00e3o a dist\u00e2ncia possui, lousa interativa, retroprojetor e outras ferramentas que auxiliam no processo de ensino e aprendizagem do curso. Alem de que todos tem um atendimento mais individualizado oferecendo aos discentes mecanismos para que estes possam se manifestar, principalmente, atrav\u00e9s dos recursos da Tecnologia da Informa\u00e7\u00e3o e da Comunica\u00e7\u00e3o (TIC) atrav\u00e9s de Ambiente Virtual de Aprendizagem (AVA) e atendimento de tutoria presencial e a dist\u00e2ncia.<\/p><p style=\"text-align: justify;\"><br \/>O ambiente virtual de aprendizagem \u00e9 um software que d\u00e1 suporte \u00e0s atividades educacionais desenvolvidas atrav\u00e9s das tecnologias de informa\u00e7\u00e3o e comunica\u00e7\u00e3o. Permite a gest\u00e3o do conte\u00fado da disciplina pelo professor, que pode organiz\u00e1-los da forma mais adequada a atender aos objetivos da disciplina. Al\u00e9m de permitir ao aluno o acesso \u00e0 disciplina a qualquer tempo e em qualquer lugar.<br \/>O Ambiente Virtual de Aprendizagem (AVA) adotado pela UNIFAP \u00e9 o Moodle, software aberto e livre, de larga utiliza\u00e7\u00e3o em mais de oitenta pa\u00edses por institui\u00e7\u00f5es de ensino de diversos n\u00edveis.<\/p><p style=\"text-align: justify;\"><br \/>No AVA o aluno poder\u00e1 fazer o download da apostila, de textos e slides das aulas, para autoestudo; assistir as videoaulas; consultar o calend\u00e1rio acad\u00eamico e as datas dos encontros presenciais e das provas; ter acesso \u00e0s suas notas; interagir com o tutor e demais alunos do curso; realizar atividades; participar de f\u00f3runs e chats; dentre outras funcionalidades. A pr\u00e1tica de ensino, n\u00e3o consiste apenas na sala de aula e nem est\u00e1 restrita \u00e0s atividades de trabalho pedag\u00f3gico isolado, mas se expande para o trabalho junto \u00e0 comunidade. Outro suporte metodol\u00f3gico relevante \u00e9 a interdisciplinaridade como perspectiva superadora do conhecimento estanque e fragmentado, contemplado de alguns recursos:<br \/>&#8211; Estudo de caso;<br \/>&#8211; Visitas \u201cIn Loco\u201d;<br \/>&#8211; Palestras;<br \/>&#8211; Inter-rela\u00e7\u00e3o das Disciplinas na Concep\u00e7\u00e3o e Execu\u00e7\u00e3o do Curr\u00edculo;<br \/>&#8211; Sistema de Avalia\u00e7\u00e3o do Processo Ensino Aprendizagem flex\u00edvel de modo a possibilitar, ao aluno, o desenvolvimento de habilidades de expressar-se de modo cr\u00edtico e criativo frente aos diferentes contextos e problemas sociais.<br \/>&#8211; Sistema de Auto Avalia\u00e7\u00e3o dos cursos, que integram a avalia\u00e7\u00e3o institucional, devidamente acompanhado pela Comiss\u00e3o Permanente de Avalia\u00e7\u00e3o-CPA. A CPA acompanha os<br \/>desdobramentos do curso.<\/p>\t\t\t\t\t\t\t\t<\/div>\n\t\t\t\t<\/div>\n\t\t\t\t\t<\/div>\n\t\t<\/div>\n\t\t\t\t\t<\/div>\n\t\t<\/section>\n\t\t\t\t<section class=\"elementor-section elementor-top-section elementor-element elementor-element-55d37de7 elementor-section-content-middle elementor-section-height-min-height elementor-section-boxed elementor-section-height-default elementor-section-items-middle\" data-id=\"55d37de7\" data-element_type=\"section\" data-e-type=\"section\" data-settings=\"{&quot;background_background&quot;:&quot;classic&quot;}\">\n\t\t\t\t\t\t<div class=\"elementor-container elementor-column-gap-default\">\n\t\t\t\t\t<div class=\"elementor-column elementor-col-100 elementor-top-column elementor-element elementor-element-37dbaecf\" data-id=\"37dbaecf\" data-element_type=\"column\" data-e-type=\"column\">\n\t\t\t<div class=\"elementor-widget-wrap elementor-element-populated\">\n\t\t\t\t\t\t<div class=\"elementor-element elementor-element-3b2a74d9 elementor-widget elementor-widget-heading\" data-id=\"3b2a74d9\" data-element_type=\"widget\" data-e-type=\"widget\" data-widget_type=\"heading.default\">\n\t\t\t\t<div class=\"elementor-widget-container\">\n\t\t\t\t\t<h3 class=\"elementor-heading-title elementor-size-default\">Obrigado pela visita!\u200b<\/h3>\t\t\t\t<\/div>\n\t\t\t\t<\/div>\n\t\t\t\t\t<\/div>\n\t\t<\/div>\n\t\t\t\t\t<\/div>\n\t\t<\/section>\n\t\t\t\t<\/div>\n\t\t","protected":false},"excerpt":{"rendered":"<p>Gradua\u00e7\u00e3o em Letras\/Ingl\u00eas &#8211; EaD METODOLOGIA DISCIPLINAS ORGANOGRAMA EVENTOS CONTATO DOCUMENTOS AGENDA METODOLOGIA As exig\u00eancias colocadas pela atualidade imp\u00f5em inexoravelmente o uso de metodologias que possibilitam a forma\u00e7\u00e3o de um&#8230;<\/p>\n","protected":false},"author":812,"featured_media":0,"parent":22947,"menu_order":0,"comment_status":"closed","ping_status":"closed","template":"","meta":{"inline_featured_image":false,"ngg_post_thumbnail":0,"footnotes":""},"class_list":["post-22963","page","type-page","status-publish","hentry","entry"],"_links":{"self":[{"href":"https:\/\/www2.unifap.br\/ead\/wp-json\/wp\/v2\/pages\/22963","targetHints":{"allow":["GET"]}}],"collection":[{"href":"https:\/\/www2.unifap.br\/ead\/wp-json\/wp\/v2\/pages"}],"about":[{"href":"https:\/\/www2.unifap.br\/ead\/wp-json\/wp\/v2\/types\/page"}],"author":[{"embeddable":true,"href":"https:\/\/www2.unifap.br\/ead\/wp-json\/wp\/v2\/users\/812"}],"replies":[{"embeddable":true,"href":"https:\/\/www2.unifap.br\/ead\/wp-json\/wp\/v2\/comments?post=22963"}],"version-history":[{"count":3,"href":"https:\/\/www2.unifap.br\/ead\/wp-json\/wp\/v2\/pages\/22963\/revisions"}],"predecessor-version":[{"id":22974,"href":"https:\/\/www2.unifap.br\/ead\/wp-json\/wp\/v2\/pages\/22963\/revisions\/22974"}],"up":[{"embeddable":true,"href":"https:\/\/www2.unifap.br\/ead\/wp-json\/wp\/v2\/pages\/22947"}],"wp:attachment":[{"href":"https:\/\/www2.unifap.br\/ead\/wp-json\/wp\/v2\/media?parent=22963"}],"curies":[{"name":"wp","href":"https:\/\/api.w.org\/{rel}","templated":true}]}}