{"id":23060,"date":"2020-01-07T14:38:03","date_gmt":"2020-01-07T17:38:03","guid":{"rendered":"http:\/\/www2.unifap.br\/ead\/?page_id=23060"},"modified":"2020-01-07T14:52:33","modified_gmt":"2020-01-07T17:52:33","slug":"metodologiamt","status":"publish","type":"page","link":"https:\/\/www2.unifap.br\/ead\/matematica\/metodologiamt\/","title":{"rendered":"Metodologia &#8211; Matem\u00e1tica"},"content":{"rendered":"\t\t<div data-elementor-type=\"wp-post\" data-elementor-id=\"23060\" class=\"elementor elementor-23060 elementor-bc-flex-widget\">\n\t\t\t\t\t\t<section class=\"elementor-section elementor-top-section elementor-element elementor-element-687093bb elementor-section-height-min-height elementor-section-boxed elementor-section-height-default elementor-section-items-middle\" data-id=\"687093bb\" data-element_type=\"section\" data-e-type=\"section\" data-settings=\"{&quot;background_background&quot;:&quot;classic&quot;}\">\n\t\t\t\t\t\t<div class=\"elementor-container elementor-column-gap-no\">\n\t\t\t\t\t<div class=\"elementor-column elementor-col-100 elementor-top-column elementor-element elementor-element-26f4bfa1\" data-id=\"26f4bfa1\" data-element_type=\"column\" data-e-type=\"column\">\n\t\t\t<div class=\"elementor-widget-wrap elementor-element-populated\">\n\t\t\t\t\t\t<div class=\"elementor-element elementor-element-484e6c2f elementor-widget elementor-widget-spacer\" data-id=\"484e6c2f\" data-element_type=\"widget\" data-e-type=\"widget\" data-widget_type=\"spacer.default\">\n\t\t\t\t<div class=\"elementor-widget-container\">\n\t\t\t\t\t\t\t<div class=\"elementor-spacer\">\n\t\t\t<div class=\"elementor-spacer-inner\"><\/div>\n\t\t<\/div>\n\t\t\t\t\t\t<\/div>\n\t\t\t\t<\/div>\n\t\t\t\t<section class=\"elementor-section elementor-inner-section elementor-element elementor-element-1385169 elementor-section-boxed elementor-section-height-default elementor-section-height-default\" data-id=\"1385169\" data-element_type=\"section\" data-e-type=\"section\">\n\t\t\t\t\t\t<div class=\"elementor-container elementor-column-gap-default\">\n\t\t\t\t\t<div class=\"elementor-column elementor-col-50 elementor-inner-column elementor-element elementor-element-680651bf\" data-id=\"680651bf\" data-element_type=\"column\" data-e-type=\"column\">\n\t\t\t<div class=\"elementor-widget-wrap elementor-element-populated\">\n\t\t\t\t\t\t<div class=\"elementor-element elementor-element-4d28a684 elementor-widget elementor-widget-image\" data-id=\"4d28a684\" data-element_type=\"widget\" data-e-type=\"widget\" data-widget_type=\"image.default\">\n\t\t\t\t<div class=\"elementor-widget-container\">\n\t\t\t\t\t\t\t\t\t\t\t\t\t\t\t\t<a href=\"https:\/\/www2.unifap.br\/ead\/matematica\">\n\t\t\t\t\t\t\t<img fetchpriority=\"high\" decoding=\"async\" width=\"1024\" height=\"709\" src=\"https:\/\/www2.unifap.br\/ead\/files\/2020\/01\/A9R2F84-1024x709.png\" class=\"elementor-animation-pop attachment-large size-large wp-image-23053\" alt=\"\" srcset=\"https:\/\/www2.unifap.br\/ead\/files\/2020\/01\/A9R2F84-1024x709.png 1024w, https:\/\/www2.unifap.br\/ead\/files\/2020\/01\/A9R2F84-300x208.png 300w, https:\/\/www2.unifap.br\/ead\/files\/2020\/01\/A9R2F84-768x532.png 768w, https:\/\/www2.unifap.br\/ead\/files\/2020\/01\/A9R2F84.png 1851w\" sizes=\"(max-width: 1024px) 100vw, 1024px\" \/>\t\t\t\t\t\t\t\t<\/a>\n\t\t\t\t\t\t\t\t\t\t\t\t\t\t\t<\/div>\n\t\t\t\t<\/div>\n\t\t\t\t\t<\/div>\n\t\t<\/div>\n\t\t\t\t<div class=\"elementor-column elementor-col-50 elementor-inner-column elementor-element elementor-element-34b02ad6\" data-id=\"34b02ad6\" data-element_type=\"column\" data-e-type=\"column\">\n\t\t\t<div class=\"elementor-widget-wrap elementor-element-populated\">\n\t\t\t\t\t\t<div class=\"elementor-element elementor-element-42d6d03d elementor-widget elementor-widget-heading\" data-id=\"42d6d03d\" data-element_type=\"widget\" data-e-type=\"widget\" data-widget_type=\"heading.default\">\n\t\t\t\t<div class=\"elementor-widget-container\">\n\t\t\t\t\t<p class=\"elementor-heading-title elementor-size-default\"><a href=\"https:\/\/www2.unifap.br\/ead\/matematica\">Licenciatura em Matem\u00e1tica - EaD<\/a><\/p>\t\t\t\t<\/div>\n\t\t\t\t<\/div>\n\t\t\t\t\t<\/div>\n\t\t<\/div>\n\t\t\t\t\t<\/div>\n\t\t<\/section>\n\t\t\t\t<div class=\"elementor-element elementor-element-7ffc4fec elementor-widget-divider--view-line elementor-widget elementor-widget-divider\" data-id=\"7ffc4fec\" data-element_type=\"widget\" data-e-type=\"widget\" data-widget_type=\"divider.default\">\n\t\t\t\t<div class=\"elementor-widget-container\">\n\t\t\t\t\t\t\t<div class=\"elementor-divider\">\n\t\t\t<span class=\"elementor-divider-separator\">\n\t\t\t\t\t\t<\/span>\n\t\t<\/div>\n\t\t\t\t\t\t<\/div>\n\t\t\t\t<\/div>\n\t\t\t\t\t<\/div>\n\t\t<\/div>\n\t\t\t\t\t<\/div>\n\t\t<\/section>\n\t\t\t\t<section class=\"elementor-section elementor-top-section elementor-element elementor-element-4b8e879b elementor-section-boxed elementor-section-height-default elementor-section-height-default\" data-id=\"4b8e879b\" data-element_type=\"section\" data-e-type=\"section\">\n\t\t\t\t\t\t<div class=\"elementor-container elementor-column-gap-default\">\n\t\t\t\t\t<div class=\"elementor-column elementor-col-50 elementor-top-column elementor-element elementor-element-abf7238\" data-id=\"abf7238\" data-element_type=\"column\" data-e-type=\"column\">\n\t\t\t<div class=\"elementor-widget-wrap elementor-element-populated\">\n\t\t\t\t\t\t<div class=\"elementor-element elementor-element-17b0bfd8 elementor-align-justify elementor-widget elementor-widget-button\" data-id=\"17b0bfd8\" data-element_type=\"widget\" data-e-type=\"widget\" data-widget_type=\"button.default\">\n\t\t\t\t<div class=\"elementor-widget-container\">\n\t\t\t\t\t\t\t\t\t<div class=\"elementor-button-wrapper\">\n\t\t\t\t\t<a class=\"elementor-button elementor-button-link elementor-size-sm\" href=\"https:\/\/www2.unifap.br\/ead\/matematica\/metodologiamt\">\n\t\t\t\t\t\t<span class=\"elementor-button-content-wrapper\">\n\t\t\t\t\t\t\t\t\t<span class=\"elementor-button-text\">METODOLOGIA<\/span>\n\t\t\t\t\t<\/span>\n\t\t\t\t\t<\/a>\n\t\t\t\t<\/div>\n\t\t\t\t\t\t\t\t<\/div>\n\t\t\t\t<\/div>\n\t\t\t\t<div class=\"elementor-element elementor-element-6d89f979 elementor-align-justify elementor-widget elementor-widget-button\" data-id=\"6d89f979\" data-element_type=\"widget\" data-e-type=\"widget\" data-widget_type=\"button.default\">\n\t\t\t\t<div class=\"elementor-widget-container\">\n\t\t\t\t\t\t\t\t\t<div class=\"elementor-button-wrapper\">\n\t\t\t\t\t<a class=\"elementor-button elementor-button-link elementor-size-sm\" href=\"https:\/\/www2.unifap.br\/ead\/matematica\/disciplinasmt\">\n\t\t\t\t\t\t<span class=\"elementor-button-content-wrapper\">\n\t\t\t\t\t\t\t\t\t<span class=\"elementor-button-text\">DISCIPLINAS<\/span>\n\t\t\t\t\t<\/span>\n\t\t\t\t\t<\/a>\n\t\t\t\t<\/div>\n\t\t\t\t\t\t\t\t<\/div>\n\t\t\t\t<\/div>\n\t\t\t\t<div class=\"elementor-element elementor-element-530418b2 elementor-align-justify elementor-widget elementor-widget-button\" data-id=\"530418b2\" data-element_type=\"widget\" data-e-type=\"widget\" data-widget_type=\"button.default\">\n\t\t\t\t<div class=\"elementor-widget-container\">\n\t\t\t\t\t\t\t\t\t<div class=\"elementor-button-wrapper\">\n\t\t\t\t\t<a class=\"elementor-button elementor-button-link elementor-size-sm\" href=\"https:\/\/www2.unifap.br\/ead\/matematica\/organogramamt\">\n\t\t\t\t\t\t<span class=\"elementor-button-content-wrapper\">\n\t\t\t\t\t\t\t\t\t<span class=\"elementor-button-text\">ORGANOGRAMA<\/span>\n\t\t\t\t\t<\/span>\n\t\t\t\t\t<\/a>\n\t\t\t\t<\/div>\n\t\t\t\t\t\t\t\t<\/div>\n\t\t\t\t<\/div>\n\t\t\t\t<div class=\"elementor-element elementor-element-2eac18b8 elementor-align-justify elementor-widget elementor-widget-button\" data-id=\"2eac18b8\" data-element_type=\"widget\" data-e-type=\"widget\" data-widget_type=\"button.default\">\n\t\t\t\t<div class=\"elementor-widget-container\">\n\t\t\t\t\t\t\t\t\t<div class=\"elementor-button-wrapper\">\n\t\t\t\t\t<a class=\"elementor-button elementor-button-link elementor-size-sm\" href=\"https:\/\/www2.unifap.br\/ead\/matematica\/eventosmt\">\n\t\t\t\t\t\t<span class=\"elementor-button-content-wrapper\">\n\t\t\t\t\t\t\t\t\t<span class=\"elementor-button-text\">EVENTOS<\/span>\n\t\t\t\t\t<\/span>\n\t\t\t\t\t<\/a>\n\t\t\t\t<\/div>\n\t\t\t\t\t\t\t\t<\/div>\n\t\t\t\t<\/div>\n\t\t\t\t<div class=\"elementor-element elementor-element-26b19347 elementor-align-justify elementor-widget elementor-widget-button\" data-id=\"26b19347\" data-element_type=\"widget\" data-e-type=\"widget\" data-widget_type=\"button.default\">\n\t\t\t\t<div class=\"elementor-widget-container\">\n\t\t\t\t\t\t\t\t\t<div class=\"elementor-button-wrapper\">\n\t\t\t\t\t<a class=\"elementor-button elementor-button-link elementor-size-sm\" href=\"https:\/\/www2.unifap.br\/ead\/matematica\/contatomt\">\n\t\t\t\t\t\t<span class=\"elementor-button-content-wrapper\">\n\t\t\t\t\t\t\t\t\t<span class=\"elementor-button-text\">CONTATO<\/span>\n\t\t\t\t\t<\/span>\n\t\t\t\t\t<\/a>\n\t\t\t\t<\/div>\n\t\t\t\t\t\t\t\t<\/div>\n\t\t\t\t<\/div>\n\t\t\t\t<div class=\"elementor-element elementor-element-dc16bde elementor-align-justify elementor-widget elementor-widget-button\" data-id=\"dc16bde\" data-element_type=\"widget\" data-e-type=\"widget\" data-widget_type=\"button.default\">\n\t\t\t\t<div class=\"elementor-widget-container\">\n\t\t\t\t\t\t\t\t\t<div class=\"elementor-button-wrapper\">\n\t\t\t\t\t<a class=\"elementor-button elementor-button-link elementor-size-sm\" href=\"https:\/\/www2.unifap.br\/ead\/matematica\/documentosmt\">\n\t\t\t\t\t\t<span class=\"elementor-button-content-wrapper\">\n\t\t\t\t\t\t\t\t\t<span class=\"elementor-button-text\">DOCUMENTOS<\/span>\n\t\t\t\t\t<\/span>\n\t\t\t\t\t<\/a>\n\t\t\t\t<\/div>\n\t\t\t\t\t\t\t\t<\/div>\n\t\t\t\t<\/div>\n\t\t\t\t<div class=\"elementor-element elementor-element-5f8cbb2e elementor-align-justify elementor-button-success elementor-widget elementor-widget-button\" data-id=\"5f8cbb2e\" data-element_type=\"widget\" data-e-type=\"widget\" data-widget_type=\"button.default\">\n\t\t\t\t<div class=\"elementor-widget-container\">\n\t\t\t\t\t\t\t\t\t<div class=\"elementor-button-wrapper\">\n\t\t\t\t\t<a class=\"elementor-button elementor-button-link elementor-size-sm\" href=\"https:\/\/www2.unifap.br\/ead\/matematica\/agendamt\">\n\t\t\t\t\t\t<span class=\"elementor-button-content-wrapper\">\n\t\t\t\t\t\t\t\t\t<span class=\"elementor-button-text\">AGENDA<\/span>\n\t\t\t\t\t<\/span>\n\t\t\t\t\t<\/a>\n\t\t\t\t<\/div>\n\t\t\t\t\t\t\t\t<\/div>\n\t\t\t\t<\/div>\n\t\t\t\t\t<\/div>\n\t\t<\/div>\n\t\t\t\t<div class=\"elementor-column elementor-col-50 elementor-top-column elementor-element elementor-element-702f5829\" data-id=\"702f5829\" data-element_type=\"column\" data-e-type=\"column\">\n\t\t\t<div class=\"elementor-widget-wrap elementor-element-populated\">\n\t\t\t\t\t\t<div class=\"elementor-element elementor-element-6ff3310e elementor-widget elementor-widget-heading\" data-id=\"6ff3310e\" data-element_type=\"widget\" data-e-type=\"widget\" data-widget_type=\"heading.default\">\n\t\t\t\t<div class=\"elementor-widget-container\">\n\t\t\t\t\t<h3 class=\"elementor-heading-title elementor-size-default\">METODOLOGIA<\/h3>\t\t\t\t<\/div>\n\t\t\t\t<\/div>\n\t\t\t\t<section class=\"elementor-section elementor-inner-section elementor-element elementor-element-3543d7fd elementor-section-boxed elementor-section-height-default elementor-section-height-default\" data-id=\"3543d7fd\" data-element_type=\"section\" data-e-type=\"section\">\n\t\t\t\t\t\t<div class=\"elementor-container elementor-column-gap-default\">\n\t\t\t\t\t<div class=\"elementor-column elementor-col-100 elementor-inner-column elementor-element elementor-element-71f7a733\" data-id=\"71f7a733\" data-element_type=\"column\" data-e-type=\"column\">\n\t\t\t<div class=\"elementor-widget-wrap elementor-element-populated\">\n\t\t\t\t\t\t<div class=\"elementor-element elementor-element-782f4ac elementor-widget elementor-widget-text-editor\" data-id=\"782f4ac\" data-element_type=\"widget\" data-e-type=\"widget\" data-widget_type=\"text-editor.default\">\n\t\t\t\t<div class=\"elementor-widget-container\">\n\t\t\t\t\t\t\t\t\t<p style=\"text-align: justify;\">O curso de Licenciatura em Matem\u00e1tica na modalidade \u00e0 dist\u00e2ncia, est\u00e1 fundamentado no sistema de parcerias entre a CAPES e Prefeitura, respons\u00e1veis pela manuten\u00e7\u00e3o dos polos, no qual possui instalado um conjunto de recursos tecnol\u00f3gicos utilizados de forma integrada, tais como: computador, impressora, DVD, televis\u00e3o, data show e biblioteca que permitem a realiza\u00e7\u00e3o das aulas \u00e0 dist\u00e2ncia e\/ou encontros presenciais, permitindo, desta forma, atender a um p\u00fablico que ainda n\u00e3o tem forma\u00e7\u00e3o em Matem\u00e1tica e as comunidades dos munic\u00edpios de Laranjal do Jari, Oiapoque, Santana e cidades pr\u00f3ximas a Macap\u00e1.<\/p><p style=\"text-align: justify;\">O comprometimento com a qualidade requer exig\u00eancias t\u00e9cnicas, tecnol\u00f3gicas e pedag\u00f3gicas para que a EAD possa se firmar como refer\u00eancia de educa\u00e7\u00e3o no mundo atual e na pluralidade sociocultural, proporcionando o aperfei\u00e7oamento constante e a forma\u00e7\u00e3o comprometida com uma consci\u00eancia cr\u00edtica e participativa do aluno na sociedade.<\/p><p style=\"text-align: justify;\">O monitoramento remoto \u00e9 desenvolvido atrav\u00e9s do uso da plataforma moodle (on-line); e da Internet, nas salas de atividades online, favorecendo a aquisi\u00e7\u00e3o de autonomia gradativa dos estudantes no processo de constru\u00e7\u00e3o do conhecimento; al\u00e9m dos Chats e f\u00f3runs de discuss\u00e3o orientados para a revis\u00e3o dos conte\u00fados, dentre outras formas de tornar a aprendizagem mais significativa.<\/p><p style=\"text-align: justify;\">O professor respons\u00e1vel por cada disciplina fica respons\u00e1vel tamb\u00e9m em elaborar e entregar os conte\u00fados dos m\u00f3dulos desenvolvidos ao longo do curso no prazo determinado, adequar materiais did\u00e1ticos, m\u00eddias e bibliografia utilizados para o desenvolvimento do curso \u00e0 linguagem da modalidade \u00e0 dist\u00e2ncia, entre outras atribui\u00e7\u00f5es.<\/p><p style=\"text-align: justify;\">Nestes ambientes tamb\u00e9m ser\u00e3o disponibilizados materiais did\u00e1ticos audiovisuais que sejam auxiliares \u00e0 aprendizagem, tendo em vista que a maioria dos alunos s\u00e3o professores leigos que est\u00e3o atuando em suas escolas, e por esse motivo possuem um tempo restrito para participarem das atividades no Laborat\u00f3rio de computa\u00e7\u00e3o, \u00e9 realizado um planejamento pedag\u00f3gico de forma a possibilitar ao estudante o tempo necess\u00e1rio ao acesso aos ambientes virtuais de aprendizagem e novos materiais did\u00e1ticos, assim como, para completar as atividades inseridas nestes ambientes.<\/p><p style=\"text-align: justify;\">Fundamentalmente, utiliza-se a m\u00eddia escrita e recursos virtuais como auxiliares da aprendizagem. A UNIFAP disp\u00f5e do ambiente virtual de aprendizagem, na plataforma moodle (on-line), em que cria- se ambientes virtuais de aprendizagem em todas as disciplinas. O polo de aplica\u00e7\u00e3o presencial conta com um laborat\u00f3rio computacional exclusivo para o curso de educa\u00e7\u00e3o \u00e0 dist\u00e2ncia.\u00a0<\/p><p style=\"text-align: justify;\">Os diferentes materiais est\u00e3o integrados em torno do material did\u00e1tico digital, materiais audiovisuais auxiliares ou complementares ao tratamento do texto escrito que possibilitam um aprofundamento conceitual do acad\u00eamico. Entre os materiais did\u00e1ticos b\u00e1sicos do curso est\u00e3o: textos escritos, produzidos em forma de m\u00f3dulos, salvo do Sistema UAB, o SISUAB, selecionados pelos professores formadores, posteriormente, o diagramador realiza a programa\u00e7\u00e3o visual gr\u00e1fica e edi\u00e7\u00e3o textos e imagens, tendo como objetivo de garantir o desenvolvimento do conte\u00fado b\u00e1sico indispens\u00e1vel do curso.<\/p><p style=\"text-align: justify;\">\u00a0Tendo em vista o aprofundamento de quest\u00f5es, s\u00e3o utilizados v\u00eddeos aulas, como material complementar produzido pelos tutores. Al\u00e9m disso, os professores das disciplinas incentivam leituras complementares, v\u00eddeos aulas, chats e f\u00f3runs que ampliam as possibilidades de compreens\u00e3o e aprofundamento dos conte\u00fados trabalhados. Faz parte tamb\u00e9m da din\u00e2mica curricular, palestras, semin\u00e1rios e confer\u00eancias.\u00a0<\/p><p style=\"text-align: justify;\">A comunica\u00e7\u00e3o entre alunos e tutores ocorre presencialmente por meio de atendimentos no polo, ambiente de aprendizagem ou correio eletr\u00f4nico. Os professores realizam comunica\u00e7\u00e3o via correio eletr\u00f4nico, f\u00f3runs na pr\u00f3pria plataforma e reuni\u00f5es. O ambiente virtual de aprendizagem, o Moodle um eficiente meio de comunica\u00e7\u00e3o entre alunos, tutores, professores e coordena\u00e7\u00e3o.\u00a0<\/p><p style=\"text-align: justify;\">Em cada disciplina \u00e9 criada um ambiente virtual de aprendizagem restrito a Tutores, Professor Formador, Coordena\u00e7\u00e3o de tutoria e coordena\u00e7\u00e3o geral do curso, este \u00e9 destinado a debates referentes disciplina e seus conte\u00fados, bem como encontros, altera\u00e7\u00f5es gerais, entre outros.<\/p><p style=\"text-align: justify;\">\u00a0<\/p>\t\t\t\t\t\t\t\t<\/div>\n\t\t\t\t<\/div>\n\t\t\t\t\t<\/div>\n\t\t<\/div>\n\t\t\t\t\t<\/div>\n\t\t<\/section>\n\t\t\t\t\t<\/div>\n\t\t<\/div>\n\t\t\t\t\t<\/div>\n\t\t<\/section>\n\t\t\t\t<section class=\"elementor-section elementor-top-section elementor-element elementor-element-e3a817c elementor-section-content-middle elementor-section-boxed elementor-section-height-default elementor-section-height-default\" data-id=\"e3a817c\" data-element_type=\"section\" data-e-type=\"section\" data-settings=\"{&quot;background_background&quot;:&quot;classic&quot;}\">\n\t\t\t\t\t\t<div class=\"elementor-container elementor-column-gap-default\">\n\t\t\t\t\t<div class=\"elementor-column elementor-col-50 elementor-top-column elementor-element elementor-element-4111daf7\" data-id=\"4111daf7\" data-element_type=\"column\" data-e-type=\"column\">\n\t\t\t<div class=\"elementor-widget-wrap elementor-element-populated\">\n\t\t\t\t\t\t<div class=\"elementor-element elementor-element-62be0119 elementor-widget elementor-widget-heading\" data-id=\"62be0119\" data-element_type=\"widget\" data-e-type=\"widget\" data-widget_type=\"heading.default\">\n\t\t\t\t<div class=\"elementor-widget-container\">\n\t\t\t\t\t<h1 class=\"elementor-heading-title elementor-size-large\">PROJETO PEDAG\u00d3GICO DO CURSO - PPC<\/h1>\t\t\t\t<\/div>\n\t\t\t\t<\/div>\n\t\t\t\t\t<\/div>\n\t\t<\/div>\n\t\t\t\t<div class=\"elementor-column elementor-col-50 elementor-top-column elementor-element elementor-element-2b0c6d49\" data-id=\"2b0c6d49\" data-element_type=\"column\" data-e-type=\"column\">\n\t\t\t<div class=\"elementor-widget-wrap elementor-element-populated\">\n\t\t\t\t\t\t<div class=\"elementor-element elementor-element-754ed15f elementor-align-right elementor-mobile-align-center elementor-widget elementor-widget-button\" data-id=\"754ed15f\" data-element_type=\"widget\" data-e-type=\"widget\" data-widget_type=\"button.default\">\n\t\t\t\t<div class=\"elementor-widget-container\">\n\t\t\t\t\t\t\t\t\t<div class=\"elementor-button-wrapper\">\n\t\t\t\t\t<a class=\"elementor-button elementor-button-link elementor-size-lg\" href=\"http:\/\/www2.unifap.br\/ead\/files\/2020\/01\/PPC-curso-de-matematica-EAD-UAB.pdf\">\n\t\t\t\t\t\t<span class=\"elementor-button-content-wrapper\">\n\t\t\t\t\t\t<span class=\"elementor-button-icon\">\n\t\t\t\t\t\t\t\t\t<i class=\"fa fa-angle-double-right\" aria-hidden=\"true\"><\/i>\n\t\t\t\t\t\t\t<\/span>\n\t\t\t\t\t\t\t\t\t<span class=\"elementor-button-text\">Clique aqui<\/span>\n\t\t\t\t\t<\/span>\n\t\t\t\t\t<\/a>\n\t\t\t\t<\/div>\n\t\t\t\t\t\t\t\t<\/div>\n\t\t\t\t<\/div>\n\t\t\t\t\t<\/div>\n\t\t<\/div>\n\t\t\t\t\t<\/div>\n\t\t<\/section>\n\t\t\t\t<section class=\"elementor-section elementor-top-section elementor-element elementor-element-6ddf8d72 elementor-section-boxed elementor-section-height-default elementor-section-height-default\" data-id=\"6ddf8d72\" data-element_type=\"section\" data-e-type=\"section\">\n\t\t\t\t\t\t<div class=\"elementor-container elementor-column-gap-default\">\n\t\t\t\t\t<div class=\"elementor-column elementor-col-50 elementor-top-column elementor-element elementor-element-5d55231e\" data-id=\"5d55231e\" data-element_type=\"column\" data-e-type=\"column\">\n\t\t\t<div class=\"elementor-widget-wrap\">\n\t\t\t\t\t\t\t<\/div>\n\t\t<\/div>\n\t\t\t\t<div class=\"elementor-column elementor-col-50 elementor-top-column elementor-element elementor-element-5e8d7487\" data-id=\"5e8d7487\" data-element_type=\"column\" data-e-type=\"column\">\n\t\t\t<div class=\"elementor-widget-wrap elementor-element-populated\">\n\t\t\t\t\t\t<div class=\"elementor-element elementor-element-6de33d86 elementor-widget elementor-widget-heading\" data-id=\"6de33d86\" data-element_type=\"widget\" data-e-type=\"widget\" data-widget_type=\"heading.default\">\n\t\t\t\t<div class=\"elementor-widget-container\">\n\t\t\t\t\t<h3 class=\"elementor-heading-title elementor-size-default\">D\u00daVIDAS OU SUGEST\u00d5ES<\/h3>\t\t\t\t<\/div>\n\t\t\t\t<\/div>\n\t\t\t\t\t<\/div>\n\t\t<\/div>\n\t\t\t\t\t<\/div>\n\t\t<\/section>\n\t\t\t\t<section class=\"elementor-section elementor-top-section elementor-element elementor-element-5904d4a elementor-section-boxed elementor-section-height-default elementor-section-height-default\" data-id=\"5904d4a\" data-element_type=\"section\" data-e-type=\"section\" data-settings=\"{&quot;background_background&quot;:&quot;classic&quot;}\">\n\t\t\t\t\t\t<div class=\"elementor-container elementor-column-gap-no\">\n\t\t\t\t\t<div class=\"elementor-column elementor-col-100 elementor-top-column elementor-element elementor-element-46fe0842\" data-id=\"46fe0842\" data-element_type=\"column\" data-e-type=\"column\">\n\t\t\t<div class=\"elementor-widget-wrap elementor-element-populated\">\n\t\t\t\t\t\t<div class=\"elementor-element elementor-element-69df6bf3 elementor-widget elementor-widget-spacer\" data-id=\"69df6bf3\" data-element_type=\"widget\" data-e-type=\"widget\" data-widget_type=\"spacer.default\">\n\t\t\t\t<div class=\"elementor-widget-container\">\n\t\t\t\t\t\t\t<div class=\"elementor-spacer\">\n\t\t\t<div class=\"elementor-spacer-inner\"><\/div>\n\t\t<\/div>\n\t\t\t\t\t\t<\/div>\n\t\t\t\t<\/div>\n\t\t\t\t\t<\/div>\n\t\t<\/div>\n\t\t\t\t\t<\/div>\n\t\t<\/section>\n\t\t\t\t<section class=\"elementor-section elementor-top-section elementor-element elementor-element-343c6603 elementor-section-content-middle elementor-section-height-min-height elementor-section-boxed elementor-section-height-default elementor-section-items-middle\" data-id=\"343c6603\" data-element_type=\"section\" data-e-type=\"section\" data-settings=\"{&quot;background_background&quot;:&quot;classic&quot;}\">\n\t\t\t\t\t\t<div class=\"elementor-container elementor-column-gap-default\">\n\t\t\t\t\t<div class=\"elementor-column elementor-col-100 elementor-top-column elementor-element elementor-element-1a0220f4\" data-id=\"1a0220f4\" data-element_type=\"column\" data-e-type=\"column\">\n\t\t\t<div class=\"elementor-widget-wrap elementor-element-populated\">\n\t\t\t\t\t\t<div class=\"elementor-element elementor-element-5769656d elementor-widget elementor-widget-heading\" data-id=\"5769656d\" data-element_type=\"widget\" data-e-type=\"widget\" data-widget_type=\"heading.default\">\n\t\t\t\t<div class=\"elementor-widget-container\">\n\t\t\t\t\t<h3 class=\"elementor-heading-title elementor-size-default\">Obrigado pela visita!\u200b<\/h3>\t\t\t\t<\/div>\n\t\t\t\t<\/div>\n\t\t\t\t\t<\/div>\n\t\t<\/div>\n\t\t\t\t\t<\/div>\n\t\t<\/section>\n\t\t\t\t<\/div>\n\t\t","protected":false},"excerpt":{"rendered":"<p>Licenciatura em Matem\u00e1tica &#8211; EaD METODOLOGIA DISCIPLINAS ORGANOGRAMA EVENTOS CONTATO DOCUMENTOS AGENDA METODOLOGIA O curso de Licenciatura em Matem\u00e1tica na modalidade \u00e0 dist\u00e2ncia, est\u00e1 fundamentado no sistema de parcerias entre&#8230;<\/p>\n","protected":false},"author":812,"featured_media":0,"parent":23050,"menu_order":0,"comment_status":"closed","ping_status":"closed","template":"","meta":{"inline_featured_image":false,"ngg_post_thumbnail":0,"footnotes":""},"class_list":["post-23060","page","type-page","status-publish","hentry","entry"],"_links":{"self":[{"href":"https:\/\/www2.unifap.br\/ead\/wp-json\/wp\/v2\/pages\/23060","targetHints":{"allow":["GET"]}}],"collection":[{"href":"https:\/\/www2.unifap.br\/ead\/wp-json\/wp\/v2\/pages"}],"about":[{"href":"https:\/\/www2.unifap.br\/ead\/wp-json\/wp\/v2\/types\/page"}],"author":[{"embeddable":true,"href":"https:\/\/www2.unifap.br\/ead\/wp-json\/wp\/v2\/users\/812"}],"replies":[{"embeddable":true,"href":"https:\/\/www2.unifap.br\/ead\/wp-json\/wp\/v2\/comments?post=23060"}],"version-history":[{"count":2,"href":"https:\/\/www2.unifap.br\/ead\/wp-json\/wp\/v2\/pages\/23060\/revisions"}],"predecessor-version":[{"id":23076,"href":"https:\/\/www2.unifap.br\/ead\/wp-json\/wp\/v2\/pages\/23060\/revisions\/23076"}],"up":[{"embeddable":true,"href":"https:\/\/www2.unifap.br\/ead\/wp-json\/wp\/v2\/pages\/23050"}],"wp:attachment":[{"href":"https:\/\/www2.unifap.br\/ead\/wp-json\/wp\/v2\/media?parent=23060"}],"curies":[{"name":"wp","href":"https:\/\/api.w.org\/{rel}","templated":true}]}}