{"id":23159,"date":"2020-02-12T20:57:48","date_gmt":"2020-02-12T23:57:48","guid":{"rendered":"http:\/\/www2.unifap.br\/ead\/?page_id=23159"},"modified":"2020-10-22T10:03:02","modified_gmt":"2020-10-22T13:03:02","slug":"processo-seletivo-no01-2020-para-tutor","status":"publish","type":"page","link":"https:\/\/www2.unifap.br\/ead\/processo-seletivo-no01-2020-para-tutor\/","title":{"rendered":"Processo seletivo n\u00ba01\/2020 para TUTOR"},"content":{"rendered":"\t\t<div data-elementor-type=\"wp-post\" data-elementor-id=\"23159\" class=\"elementor elementor-23159\">\n\t\t\t\t\t\t<section class=\"elementor-section elementor-top-section elementor-element elementor-element-0f92ccd elementor-section-boxed elementor-section-height-default elementor-section-height-default\" data-id=\"0f92ccd\" data-element_type=\"section\" data-e-type=\"section\">\n\t\t\t\t\t\t<div class=\"elementor-container elementor-column-gap-default\">\n\t\t\t\t\t<div class=\"elementor-column elementor-col-100 elementor-top-column elementor-element elementor-element-454b89e\" data-id=\"454b89e\" data-element_type=\"column\" data-e-type=\"column\">\n\t\t\t<div class=\"elementor-widget-wrap elementor-element-populated\">\n\t\t\t\t\t\t<div class=\"elementor-element elementor-element-20bab4d elementor-widget elementor-widget-text-editor\" data-id=\"20bab4d\" data-element_type=\"widget\" data-e-type=\"widget\" data-widget_type=\"text-editor.default\">\n\t\t\t\t<div class=\"elementor-widget-container\">\n\t\t\t\t\t\t\t\t\t<p style=\"text-align: center;\">UNIVERSIDADE FEDERAL DO AMAP\u00c1<br \/>PR\u00d3-REITORIA DE ENSINO DE GRADUA\u00c7\u00c3O<br \/>DEPARTAMENTO DE EDUCA\u00c7\u00c3O A DIST\u00c2NCIA<br \/>SISTEMA UNIVERSIDADE ABERTA DO BRASIL<\/p>\t\t\t\t\t\t\t\t<\/div>\n\t\t\t\t<\/div>\n\t\t\t\t\t<\/div>\n\t\t<\/div>\n\t\t\t\t\t<\/div>\n\t\t<\/section>\n\t\t\t\t<section class=\"elementor-section elementor-top-section elementor-element elementor-element-7cd1d55 elementor-section-boxed elementor-section-height-default elementor-section-height-default\" data-id=\"7cd1d55\" data-element_type=\"section\" data-e-type=\"section\">\n\t\t\t\t\t\t<div class=\"elementor-container elementor-column-gap-default\">\n\t\t\t\t\t<div class=\"elementor-column elementor-col-100 elementor-top-column elementor-element elementor-element-462f059\" data-id=\"462f059\" data-element_type=\"column\" data-e-type=\"column\">\n\t\t\t<div class=\"elementor-widget-wrap elementor-element-populated\">\n\t\t\t\t\t\t<div class=\"elementor-element elementor-element-63c25ab elementor-widget elementor-widget-text-editor\" data-id=\"63c25ab\" data-element_type=\"widget\" data-e-type=\"widget\" data-widget_type=\"text-editor.default\">\n\t\t\t\t<div class=\"elementor-widget-container\">\n\t\t\t\t\t\t\t\t\t<h1 style=\"text-align: center;\">PROCESSO SELETIVO PARA TUTOR PRESENCIAL E A DIST\u00c2NCIA &#8211; DEAD UNIFAP<\/h1><ul><li><a href=\"http:\/\/www2.unifap.br\/ead\/files\/2020\/10\/RETIFICACAO_-RESULTADO-FINAL-DO-PROCESSO-SELETIVO-PARA-O-CURSO-DE-MATEMATICA-AP\u00d3S-AN\u00c1LISE-CURRICULAR-E-O-CURSO-DE-CAPACITA\u00c7\u00c3O-DIVULGACAO-DEAD-out-2.pdf\"><span style=\"color: #333333;\"><strong>Retifica\u00e7\u00e3o do resultado final do PS &#8211; Matem\u00e1tica<\/strong><\/span><\/a><\/li><li><span style=\"color: #808080;\"><a style=\"color: #808080;\" href=\"http:\/\/www2.unifap.br\/ead\/files\/2020\/10\/RETIFICACAO-CONVOCAC\u00c3O-TUTOR-A-DIST\u00c2NCIA-CURSO-ADM-PUBLICA-EAD.pdf\">Retifica\u00e7\u00e3o da lista de convoca\u00e7\u00e3o de tutor a dist\u00e2ncia &#8211; Bacharelado em Administra\u00e7\u00e3o P\u00fablica<\/a><\/span><\/li><li><span style=\"color: #808080;\"><a style=\"color: #808080;\" href=\"http:\/\/www2.unifap.br\/ead\/files\/2020\/09\/6-RESULTADO-FINAL-DO-PROCESSO-SELETIVO-TUTORES-PARA-O-CURSO-DE-ADM-PUBLICA-AP\u00d3S-AN\u00c1LISE-CURRICULAR-E-O-CURSO-DE-CAPACITA\u00c7\u00c3O-DIVULGACAO-DEAD.pdf\">Resultado final &#8211; Administra\u00e7\u00e3o P\u00fablica<\/a><\/span><\/li><li><span style=\"color: #808080;\"><a style=\"color: #808080;\" href=\"http:\/\/www2.unifap.br\/ead\/files\/2020\/09\/5-RESULTADO-FINAL-DO-PROCESSO-SELETIVO-TUTORES-PARA-O-CURSO-DE-EDC-FISICA-AP\u00d3S-AN\u00c1LISE-CURRICULAR-E-O-CURSO-DE-CAPACITA\u00c7\u00c3O-DIVULGACAO-DEAD.pdf\">Resultado final &#8211; Educa\u00e7\u00e3o f\u00edsica<\/a><\/span><\/li><li><span style=\"color: #808080;\"><a style=\"color: #808080;\" href=\"http:\/\/www2.unifap.br\/ead\/files\/2020\/09\/4-RESULTADO-FINAL-DO-PROCESSO-SELETIVO-TUTORES-PARA-O-CURSO-DE-LETRAS-INGL\u00caS-AP\u00d3S-AN\u00c1LISE-CURRICULAR-E-O-CURSO-DE-CAPACITA\u00c7\u00c3O-DIVULGACAO-DEAD.pdf\">Resultado final &#8211; Letras Ingl\u00eas<\/a><\/span><\/li><li><span style=\"color: #808080;\"><a style=\"color: #808080;\" href=\"http:\/\/www2.unifap.br\/ead\/files\/2020\/09\/3-RESULTADO-FINAL-DO-PROCESSO-SELETIVO-TUTORES-PARA-O-CURSO-DE-SOCIOLOGIA-AP\u00d3S-AN\u00c1LISE-CURRICULAR-E-O-CURSO-DE-CAPACITA\u00c7\u00c3O-DIVULGACAO-DEAD.pdf\">Resultado final &#8211; Sociologia<\/a><\/span><\/li><li><span style=\"color: #808080;\"><a style=\"color: #808080;\" href=\"http:\/\/www2.unifap.br\/ead\/files\/2020\/09\/2-RESULTADO-FINAL-DO-PROCESSO-SELETIVO-TUTORES-PARA-O-CURSO-DE-MATEMATICA-AP\u00d3S-AN\u00c1LISE-CURRICULAR-E-O-CURSO-DE-CAPACITA\u00c7\u00c3O-DIVULGACAO-DEAD.pdf\">Resultado final &#8211; Matem\u00e1tica<\/a><\/span><\/li><li><span style=\"color: #808080;\"><a style=\"color: #808080;\" href=\"http:\/\/www2.unifap.br\/ead\/files\/2020\/09\/1-RESULTADO-FINAL-DO-PROCESSO-SELETIVO-TUTORES-PARA-O-CURSO-DE-LETRAS-PORTUGUES-AP\u00d3S-AN\u00c1LISE-CURRICULAR-E-O-CURSO-DE-CAPACITA\u00c7\u00c3O-DIVULGACAO-DEAD.pdf\">Resultado final &#8211; Letras Portugu\u00eas<\/a><\/span><\/li><li><span style=\"color: #808080;\"><a style=\"color: #808080;\" href=\"http:\/\/www2.unifap.br\/ead\/files\/2020\/09\/lista-capacitacao-NOTAS-_-tutor-presencial-e-distancia-APOS-RECURSO-publicacao.pdf\"><strong>Nota Final do curso de capacita\u00e7\u00e3o, ap\u00f3s recurso.<\/strong><\/a><\/span><\/li><li><span style=\"color: #808080;\"><a style=\"color: #808080;\" href=\"https:\/\/www2.unifap.br\/ead\/formulario-recurso-moodle\/\">Formul\u00e1rio de recurso do curso de capacita\u00e7\u00e3o do moodle<\/a><\/span><\/li><li><span style=\"color: #808080;\"><a style=\"color: #808080;\" href=\"http:\/\/www2.unifap.br\/ead\/files\/2020\/08\/lista-capacitacao-NOTAS-_-tutor-presencial-e-distancia-edital-01-2020.pdf\">Nota do curso de capacita\u00e7\u00e3o do Moodle<\/a><\/span><\/li><li><span style=\"color: #808080;\">Formul\u00e1rio de inscri\u00e7\u00e3o <\/span><\/li><li><a href=\"http:\/\/www2.unifap.br\/ead\/files\/2020\/08\/2-Cronograma-do-curso-de-capacitacao-Edital-_-fase-Curso-de-Capacitacao-2-turma-1.pdf\"><span style=\"color: #000000;\"><strong>Cronograma do 2\u00ba curso de capacita\u00e7\u00e3o\u00a0<\/strong><\/span><\/a><\/li><li><a href=\"http:\/\/www2.unifap.br\/ead\/files\/2020\/07\/Orientacoes-curso-capacitacao.pdf\"><span style=\"color: #000000;\">Orienta\u00e7\u00f5es sobre o curso de capacita\u00e7\u00e3o<\/span><\/a><\/li><li><a href=\"http:\/\/www2.unifap.br\/ead\/files\/2020\/07\/MANUAL-MOODLE-ALUNO.pdf\"><span style=\"color: #000000;\">Manual da Plataforma Moodle <\/span><\/a><ul><li><a href=\"http:\/\/www2.unifap.br\/ead\/files\/2020\/07\/MANUAL-MOODLE-ALUNO.pdf\"><span style=\"color: #000000;\">(link : https:\/\/drive.google.com\/file\/d\/1lFE7k-sV-7X-dTq1288GWDAGfP_lnmvt\/view)<\/span><\/a><\/li><\/ul><\/li><li><span style=\"color: #808080;\">Formul\u00e1rio de inscri\u00e7\u00e3o para o curso de capacita\u00e7\u00e3o<\/span><\/li><li><span style=\"color: #808080;\"><a style=\"color: #808080;\" href=\"http:\/\/www2.unifap.br\/ead\/files\/2020\/07\/Cronograma-retificado-do-curso-de-capacitacao-Edital-_-fase-Curso-de-Capacitacao-tutor.pdf\">Cronograma retificado do curso de capacita\u00e7\u00e3o<\/a><\/span><\/li><li><span style=\"color: #808080;\">Comunicado: Devido a problemas t\u00e9cnicos n\u00e3o foi poss\u00edvel disponibilizar o link de inscri\u00e7\u00e3o para o curso na data de 21\/07\/2020. Publicaremos as novas datas em breve.<\/span><\/li><li><span style=\"color: #808080;\"><a style=\"color: #808080;\" href=\"http:\/\/www2.unifap.br\/ead\/files\/2020\/07\/Cronograma-do-curso-de-capacitacao-Edital-_-fase-Curso-de-Capacitacao-tutor.pdf\">Cronograma do curso de capacita\u00e7\u00e3o<\/a><\/span><\/li><li><span style=\"color: #808080;\"><a style=\"color: #808080;\" href=\"http:\/\/www2.unifap.br\/ead\/files\/2020\/07\/Retificacao-Edital-_-Curso-de-Capacitacao.pdf\">Retifica\u00e7\u00e3o do edital, curso de capacita\u00e7\u00e3o &#8211; Publicado em 10\/07\/2020<\/a><\/span><\/li><li><span style=\"color: #808080;\"><a style=\"color: #808080;\" href=\"http:\/\/www2.unifap.br\/ead\/files\/2020\/04\/9-Resultado-da-analise-curricular-apos-_-tutor-presencial-e-a-dist\u00e2ncia-Letras-Ingles.pdf\">Resultado ap\u00f3s recurso &#8211; Letras Ingl\u00eas<\/a><\/span><\/li><li><span style=\"color: #808080;\"><a style=\"color: #808080;\" href=\"http:\/\/www2.unifap.br\/ead\/files\/2020\/04\/8-Resultado-analise-curricular-apos-recurso_-tutor-presencial-e-a-dist\u00e2ncia-Sociologia.pdf\">Resultado ap\u00f3s recurso &#8211; Sociologia<\/a><\/span><\/li><li><span style=\"color: #808080;\"><a style=\"color: #808080;\" href=\"http:\/\/www2.unifap.br\/ead\/files\/2020\/04\/7-Resultado-da-analise-curricular-apos-recurso-tutor-presencial-e-a-dist\u00e2ncia-Matematica.pdf\">Resultado ap\u00f3s recurso &#8211; Matem\u00e1tica<\/a><\/span><\/li><li><span style=\"color: #808080;\"><a style=\"color: #808080;\" href=\"http:\/\/www2.unifap.br\/ead\/files\/2020\/04\/6-Resultado-da-analise-curricular-apos-recurso_-tutor-presencial-e-a-dist\u00e2ncia-Letras-Portugues.pdf\">Resultado ap\u00f3s recurso &#8211; Letras Portugu\u00eas\u00a0<\/a><\/span><\/li><li><span style=\"color: #808080;\"><a style=\"color: #808080;\" href=\"http:\/\/www2.unifap.br\/ead\/files\/2020\/04\/5-Resultado-da-analise-curricular-apos-recurso-_-tutor-presencial-e-a-dist\u00e2ncia-Educacao-Fisica.pdf\">Resultado ap\u00f3s recurso &#8211; Educa\u00e7\u00e3o F\u00edsica<\/a><\/span><\/li><li><span style=\"color: #808080;\"><a style=\"color: #808080;\" href=\"http:\/\/www2.unifap.br\/ead\/files\/2020\/04\/4-Resultado-da-anailse-curricular-apos-recurso_-para-tutor-presencial-e-a-dist\u00e2ncia-Admimistracao-publica.pdf\">Resultado ap\u00f3s recurso &#8211; Administra\u00e7\u00e3o P\u00fablica<\/a><\/span><\/li><li><span style=\"color: #808080;\"><a style=\"color: #808080;\" href=\"http:\/\/www2.unifap.br\/ead\/files\/2020\/04\/1-An\u00e1lise-dos-Recursos-do-Edital-para-Tutor-presencial-e-a-distancia.pdf\">An\u00e1lise dos Recursos<\/a><\/span><\/li><li><span style=\"color: #808080;\">Formul\u00e1rio para recursos do resultado preliminar<\/span><\/li><li><span style=\"color: #808080;\"><a style=\"color: #808080;\" href=\"http:\/\/www2.unifap.br\/ead\/files\/2020\/04\/Resultado-preliminar_-tutor-presencial-e-a-dist\u00e2ncia-Matematica-publicacao-na-pagina-ead.pdf\">Resultado preliminar &#8211; Matem\u00e1tica<\/a><\/span><\/li><li><span style=\"color: #808080;\"><a style=\"color: #808080;\" href=\"http:\/\/www2.unifap.br\/ead\/files\/2020\/04\/Resultado-preliminar_-tutor-presencial-e-a-dist\u00e2ncia-letras-portugues-publicacao-na-pagina-da-ead.pdf\">Resultado preliminar &#8211; Letras Portugu\u00eas<\/a><\/span><\/li><li><span style=\"color: #808080;\"><a style=\"color: #808080;\" href=\"http:\/\/www2.unifap.br\/ead\/files\/2020\/04\/Resultado-preliminar_-tutor-presencial-e-a-dist\u00e2ncia-Letras-Ingles-publicacao-na-pagina-ead.pdf\">Resultado preliminar &#8211; Letras Ingl\u00eas<\/a><\/span><\/li><li><span style=\"color: #808080;\"><a style=\"color: #808080;\" href=\"http:\/\/www2.unifap.br\/ead\/files\/2020\/04\/Resultado-preliminar_-tutor-presencial-e-a-dist\u00e2ncia-Educacao-fisica-publicacao-na-pagina-ead.pdf\">Resultado preliminar &#8211; Educa\u00e7\u00e3o F\u00edsica<\/a><\/span><\/li><li><span style=\"color: #808080;\"><a style=\"color: #808080;\" href=\"http:\/\/www2.unifap.br\/ead\/files\/2020\/04\/Resultado-preliminar_-tutor-presencial-e-a-dist\u00e2ncia-Admimistracao-publica-publicacao-na-pagina-ead.pdf\">Resultado preliminar &#8211; Administra\u00e7\u00e3o P\u00fablica<\/a><\/span><\/li><li><span style=\"color: #808080;\"><a style=\"color: #808080;\" href=\"http:\/\/www2.unifap.br\/ead\/files\/2020\/04\/Resultado-preliminar_-tutor-presencial-e-a-dist\u00e2ncia-Socilogia-publicar-na-pagina-da-ead.pdf\">Resultado preliminar &#8211; Sociologia<\/a><\/span><\/li><li><span style=\"color: #808080;\"><a style=\"color: #808080;\" href=\"http:\/\/www2.unifap.br\/ead\/files\/2020\/03\/Comunicado-cronograma-professor-formador-e-tutor.pdf\">Retificac\u0327a\u0303o\u00a0n\u00ba04\u00a0&#8211; Cronograma do processo seletivo<\/a><\/span><\/li><li><span style=\"color: #808080;\"><a style=\"color: #808080;\" href=\"http:\/\/www2.unifap.br\/ead\/files\/2020\/03\/retificacao-3-_-homologacao-de-inscricao.pdf\">Retifica\u00e7\u00e3o<\/a><a style=\"color: #808080;\" href=\"http:\/\/www2.unifap.br\/ead\/files\/2020\/03\/retificacao-2-_-edital-tutor.pdf\">\u00a0n\u00ba03<\/a> \u2013 Homologa\u00e7\u00e3o de inscri\u00e7\u00e3o<\/span><\/li><li><span style=\"color: #808080;\"><a style=\"color: #808080;\" href=\"http:\/\/www2.unifap.br\/ead\/files\/2020\/04\/Retifica\u00e7\u00e3o.pdf\">Retifica\u00e7\u00e3o do texto das inscri\u00e7\u00f5es homologadas dos Edital 01\/2020<\/a><\/span><\/li><li><span style=\"color: #808080;\"><a style=\"color: #808080;\" href=\"http:\/\/www2.unifap.br\/ead\/files\/2020\/03\/Lista-de-inscri\u00e7\u00f5es-homologadas-Tutoria-P\u00e1gina1-1.pdf\">Resultado das inscri\u00e7\u00f5es homologadas<\/a><\/span><\/li><li><span style=\"color: #808080;\">Formul\u00e1rio para recurso das inscri\u00e7\u00f5es\u00a0<\/span><\/li><li><span style=\"color: #808080;\"><a style=\"color: #808080;\" href=\"https:\/\/www2.unifap.br\/ead\/cronograma-de\/\">Novo cronograma do processo seletivo<\/a><\/span><\/li><li><span style=\"color: #808080;\"><a style=\"color: #808080;\" href=\"http:\/\/www2.unifap.br\/ead\/files\/2020\/03\/INSCRICOES_-EAD-2-TUTORES-2.pdf\">Resultado preliminar das inscri\u00e7\u00f5es homologadas<\/a><\/span><\/li><li><span style=\"color: #808080;\"><a style=\"color: #808080;\" href=\"https:\/\/www2.unifap.br\/ead\/comunicado-edital-professor-formador-e-tutoria\/\">Comunicado Homologa\u00e7\u00e3o das inscri\u00e7\u00f5es<\/a><\/span><\/li><li><span style=\"color: #808080;\">Tutor presencial: Inscreva-se aqui (02\/03\/2020 a 12\/03\/2020)<\/span><\/li><li><span style=\"color: #808080;\">Tutor a dist\u00e2ncia: Inscreva-se aqui (02\/03\/2020 a 12\/03\/2020)<\/span><\/li><li><span style=\"color: #808080;\"><a style=\"color: #808080;\" href=\"http:\/\/www2.unifap.br\/ead\/files\/2020\/03\/retificacao-2-_-edital-tutor.pdf\">Retifica\u00e7\u00e3o n\u00ba02 &#8211; 02.03.2020<\/a><\/span><\/li><li><span style=\"color: #808080;\"><a style=\"color: #808080;\" href=\"http:\/\/www2.unifap.br\/ead\/files\/2020\/02\/retificacao.pdf\">Retifica\u00e7\u00e3o n\u00ba01 &#8211; 13.02.2020<\/a><\/span><\/li><li><span style=\"color: #808080;\"><a style=\"color: #808080;\" href=\"http:\/\/www2.unifap.br\/ead\/files\/2020\/02\/EDITAL-TUTOR-PRESENCIAL_DISTANCIA-UAB.pdf\">Edital n\u00ba01\/2020: Tutor presencial e a dist\u00e2ncia &#8211; 12.02.2020<\/a><\/span><\/li><\/ul>\t\t\t\t\t\t\t\t<\/div>\n\t\t\t\t<\/div>\n\t\t\t\t\t<\/div>\n\t\t<\/div>\n\t\t\t\t\t<\/div>\n\t\t<\/section>\n\t\t\t\t<\/div>\n\t\t","protected":false},"excerpt":{"rendered":"<p>UNIVERSIDADE FEDERAL DO AMAP\u00c1PR\u00d3-REITORIA DE ENSINO DE GRADUA\u00c7\u00c3ODEPARTAMENTO DE EDUCA\u00c7\u00c3O A DIST\u00c2NCIASISTEMA UNIVERSIDADE ABERTA DO BRASIL PROCESSO SELETIVO PARA TUTOR PRESENCIAL E A DIST\u00c2NCIA &#8211; DEAD UNIFAP Retifica\u00e7\u00e3o do resultado&#8230;<\/p>\n","protected":false},"author":812,"featured_media":0,"parent":0,"menu_order":0,"comment_status":"closed","ping_status":"closed","template":"","meta":{"inline_featured_image":false,"ngg_post_thumbnail":0,"footnotes":""},"class_list":["post-23159","page","type-page","status-publish","hentry","entry"],"_links":{"self":[{"href":"https:\/\/www2.unifap.br\/ead\/wp-json\/wp\/v2\/pages\/23159","targetHints":{"allow":["GET"]}}],"collection":[{"href":"https:\/\/www2.unifap.br\/ead\/wp-json\/wp\/v2\/pages"}],"about":[{"href":"https:\/\/www2.unifap.br\/ead\/wp-json\/wp\/v2\/types\/page"}],"author":[{"embeddable":true,"href":"https:\/\/www2.unifap.br\/ead\/wp-json\/wp\/v2\/users\/812"}],"replies":[{"embeddable":true,"href":"https:\/\/www2.unifap.br\/ead\/wp-json\/wp\/v2\/comments?post=23159"}],"version-history":[{"count":46,"href":"https:\/\/www2.unifap.br\/ead\/wp-json\/wp\/v2\/pages\/23159\/revisions"}],"predecessor-version":[{"id":23892,"href":"https:\/\/www2.unifap.br\/ead\/wp-json\/wp\/v2\/pages\/23159\/revisions\/23892"}],"wp:attachment":[{"href":"https:\/\/www2.unifap.br\/ead\/wp-json\/wp\/v2\/media?parent=23159"}],"curies":[{"name":"wp","href":"https:\/\/api.w.org\/{rel}","templated":true}]}}