{"id":23166,"date":"2020-02-12T21:08:10","date_gmt":"2020-02-13T00:08:10","guid":{"rendered":"http:\/\/www2.unifap.br\/ead\/?page_id=23166"},"modified":"2020-10-20T19:52:25","modified_gmt":"2020-10-20T22:52:25","slug":"processo-seletivo-no01-2020-para-professor-formador","status":"publish","type":"page","link":"https:\/\/www2.unifap.br\/ead\/processo-seletivo-no01-2020-para-professor-formador\/","title":{"rendered":"Processo seletivo n\u00ba01\/2020 para PROFESSOR FORMADOR"},"content":{"rendered":"\t\t<div data-elementor-type=\"wp-post\" data-elementor-id=\"23166\" class=\"elementor elementor-23166\">\n\t\t\t\t\t\t<section class=\"elementor-section elementor-top-section elementor-element elementor-element-35602bd elementor-section-boxed elementor-section-height-default elementor-section-height-default\" data-id=\"35602bd\" data-element_type=\"section\" data-e-type=\"section\">\n\t\t\t\t\t\t<div class=\"elementor-container elementor-column-gap-default\">\n\t\t\t\t\t<div class=\"elementor-column elementor-col-100 elementor-top-column elementor-element elementor-element-0686422\" data-id=\"0686422\" data-element_type=\"column\" data-e-type=\"column\">\n\t\t\t<div class=\"elementor-widget-wrap elementor-element-populated\">\n\t\t\t\t\t\t<div class=\"elementor-element elementor-element-f2e2d58 elementor-widget elementor-widget-text-editor\" data-id=\"f2e2d58\" data-element_type=\"widget\" data-e-type=\"widget\" data-widget_type=\"text-editor.default\">\n\t\t\t\t<div class=\"elementor-widget-container\">\n\t\t\t\t\t\t\t\t\t<section data-id=\"0f92ccd\" data-element_type=\"section\"><div><div><div data-id=\"454b89e\" data-element_type=\"column\"><div><div><div data-id=\"20bab4d\" data-element_type=\"text-editor.default\"><div><div><p style=\"text-align: center;\">UNIVERSIDADE FEDERAL DO AMAP\u00c1<br \/>PR\u00d3-REITORIA DE ENSINO DE GRADUA\u00c7\u00c3O<br \/>DEPARTAMENTO DE EDUCA\u00c7\u00c3O A DIST\u00c2NCIA<br \/>SISTEMA UNIVERSIDADE ABERTA DO BRASIL<\/p><\/div><\/div><\/div><\/div><\/div><\/div><\/div><\/div><\/section><section data-id=\"7cd1d55\" data-element_type=\"section\"><div data-id=\"462f059\" data-element_type=\"column\"><div data-id=\"63c25ab\" data-element_type=\"text-editor.default\"><h1 style=\"text-align: center;\"><span style=\"font-size: 23px; font-weight: 600; letter-spacing: 1.3px;\">PROCESSO SELETIVO PARA PROFESSOR FORMADOR \u2013 DEAD UNIFAP<\/span><\/h1><h1>\u00a0<b style=\"color: #000000; font-size: 20px;\">\u00a0<\/b><\/h1><ul><li><a href=\"http:\/\/www2.unifap.br\/ead\/files\/2020\/10\/RETIFICACAO_-resultado-final-do-processo-seletivo-professor-formador-apos-analise-curricular-e-curso-de-capacitacao-LETRAS-PORTUGUES-EAD-out-1.pdf\"><span style=\"color: #000000;\"><strong>Retifica\u00e7\u00e3o do quadro de professor formador do curso de gradua\u00e7\u00e3o em Letras Portugu\u00eas- Lingu\u00edstica Aplicada ao Ensino se Portugu\u00eas II<\/strong><\/span><\/a><\/li><li><span style=\"color: #000000;\"><a style=\"color: #000000;\" href=\"http:\/\/www2.unifap.br\/ead\/files\/2020\/10\/CONVOCAC\u00c3O-PROFESSOR-FORMADOR-ADM-PUBLICA-EAD.pdf\">Lista de convoca\u00e7\u00e3o &#8211; Bacharelado em Administra\u00e7\u00e3o P\u00fablica<\/a><\/span><\/li><li><a href=\"http:\/\/www2.unifap.br\/ead\/files\/2020\/09\/A-resultado-final-do-processo-seletivo-professor-formador-apos-analise-curricular-e-curso-de-capacitacao-divulgar-na-pagina.pdf\"><span style=\"color: #000000;\">Resultado final do processo seletivo &#8211; professor formador<\/span><\/a><\/li><li><span style=\"color: #808080;\"><a style=\"color: #808080;\" href=\"http:\/\/www2.unifap.br\/ead\/files\/2020\/09\/lista-capacitacao-NOTAS-_-professor-formador-edital-01-2020-APOS-RECURSO-publicacao.pdf\">Nota Final do curso de capacita\u00e7\u00e3o, ap\u00f3s recurso.<\/a><\/span><\/li><li><span style=\"color: #808080;\"><a style=\"color: #808080;\" href=\"https:\/\/www2.unifap.br\/ead\/formulario-recurso-moodle\/\">Formul\u00e1rio de recurso do curso de capacita\u00e7\u00e3o do moodle<\/a><\/span><\/li><li><span style=\"color: #808080;\"><a style=\"color: #808080;\" href=\"http:\/\/www2.unifap.br\/ead\/files\/2020\/08\/lista-capacitacao-NOTAS-_-professor-formador-edital-01-2020.pdf\">Nota final do curso de capacita\u00e7\u00e3o do Moodle<\/a><\/span><\/li><li><span style=\"color: #808080;\">Formul\u00e1rio de inscri\u00e7\u00e3o<\/span><\/li><li><a href=\"http:\/\/www2.unifap.br\/ead\/files\/2020\/08\/2-Cronograma-do-curso-de-capacitacao-Edital-_-fase-Curso-de-Capacitacao-professor-formador-2-turma.pdf\"><span style=\"color: #000000;\"><strong><span style=\"color: #808080;\">Cronograma do 2\u00ba curso de capacita\u00e7\u00e3o<\/span><\/strong><\/span><\/a><\/li><li><span style=\"color: #808080;\"><a style=\"color: #808080;\" href=\"http:\/\/www2.unifap.br\/ead\/files\/2020\/07\/Orientacoes-curso-capacitacao.pdf\">Orienta\u00e7\u00f5es sobre o curso de capacita\u00e7\u00e3o<\/a><\/span><\/li><li><span style=\"color: #808080;\"><a style=\"color: #808080;\" href=\"http:\/\/www2.unifap.br\/ead\/files\/2020\/07\/MANUAL-MOODLE-ALUNO.pdf\">Manual da Plataforma Moodle<\/a><\/span><ul><li><span style=\"color: #808080;\"><a style=\"color: #808080;\" href=\"http:\/\/www2.unifap.br\/ead\/files\/2020\/07\/MANUAL-MOODLE-ALUNO.pdf\">(link : https:\/\/drive.google.com\/file\/d\/1lFE7k-sV-7X-dTq1288GWDAGfP_lnmvt\/view)<\/a><\/span><\/li><\/ul><\/li><li><span style=\"color: #808080;\">Formul\u00e1rio de inscri\u00e7\u00e3o para o curso de capacita\u00e7\u00e3o<\/span><\/li><li><span style=\"color: #808080;\"><a style=\"color: #808080;\" href=\"http:\/\/www2.unifap.br\/ead\/files\/2020\/07\/Cronograma-retificado-do-curso-de-capacitacao-Edital-_-fase-Curso-de-Capacitacao-PROFESSOR.pdf\">Cronograma retificado do curso de capacitacao<\/a><\/span><\/li><li><span style=\"color: #808080;\">Comunicado: Devido a problemas t\u00e9cnicos n\u00e3o foi poss\u00edvel disponibilizar o link de inscri\u00e7\u00e3o para o curso na data de 21\/07\/2020. Publicaremos as novas datas em breve.<\/span><\/li><li><span style=\"color: #808080;\"><a style=\"color: #808080;\" href=\"http:\/\/www2.unifap.br\/ead\/files\/2020\/07\/Cronograma-do-curso-de-capacitacao-Edital-_-fase-Curso-de-Capacitacao-PROFESSOR.pdf\">Cronograma do curso de capacita\u00e7\u00e3o<\/a><\/span><\/li><li><span style=\"color: #808080;\"><a style=\"color: #808080;\" href=\"http:\/\/www2.unifap.br\/ead\/files\/2020\/07\/Retificacao-Edital-_-Curso-de-Capacitacao.pdf\">Retifica\u00e7\u00e3o do edital, curso de capacita\u00e7\u00e3o &#8211; Publicado em 10\/07\/2020<\/a><\/span><\/li><li><span style=\"color: #808080;\"><a style=\"color: #808080;\" href=\"http:\/\/www2.unifap.br\/ead\/files\/2020\/04\/3-Resultado-para-professor-formador-edital-01-2020-_-PROFESSOR-UNIFAP-e-PROFESSOR-EXTERNO-apos-recurso.pdf\">Resultado ap\u00f3s recurso<\/a><\/span><\/li><li><span style=\"color: #808080;\"><a style=\"color: #808080;\" href=\"http:\/\/www2.unifap.br\/ead\/files\/2020\/04\/2-Analise-dos-Recursos-do-Edital-Professor-Formador.pdf\">An\u00e1lise dos Recursos\u00a0<\/a><\/span><\/li><li><span style=\"color: #808080;\">Formul\u00e1rio de recurso do resultado preliminar<\/span><\/li><li><span style=\"color: #808080;\"><a style=\"color: #808080;\" href=\"http:\/\/www2.unifap.br\/ead\/files\/2020\/04\/Resultado-da-analise-preliminar-para-professor-formador-edital-01-2020-_-PROFESSOR-UNIFAP-e-PROFESSOR-EXTERNO-para-publicar-na-pagina.pdf\">Resultado preliminar<\/a><\/span><\/li><li><span style=\"color: #808080;\"><a style=\"color: #808080;\" href=\"http:\/\/www2.unifap.br\/ead\/files\/2020\/03\/Comunicado-cronograma-professor-formador-e-tutor.pdf\">Retificac\u0327a\u0303o\u00a0n\u00ba03\u00a0&#8211; Cronograma do processo seletivo<\/a><\/span><\/li><li><span style=\"color: #808080;\"><a style=\"color: #808080;\" href=\"http:\/\/www2.unifap.br\/ead\/files\/2020\/04\/Retifica\u00e7\u00e3o.pdf\">Retifica\u00e7\u00e3o do texto das inscri\u00e7\u00f5es homologadas dos Edital 01\/2020<\/a><\/span><\/li><li><span style=\"color: #808080;\"><a style=\"color: #808080;\" href=\"http:\/\/www2.unifap.br\/ead\/files\/2020\/03\/Lista-de-inscric\u0327o\u0303es-homologadas-Professora-Formadora-Pa\u0301gina1.pdf\">Inscric\u0327o\u0303es homologadas &#8211; 23.03.2020<\/a><\/span><\/li><li><span style=\"color: #808080;\">Formul\u00e1rio para recurso das inscri\u00e7\u00e3o<\/span><\/li><li><span style=\"color: #808080;\"><a style=\"color: #808080;\" href=\"https:\/\/www2.unifap.br\/ead\/cronograma-de\/\">Novo cronograma do processo seletivo<\/a><\/span><\/li><li><span style=\"color: #808080;\"><a style=\"color: #808080;\" href=\"http:\/\/www2.unifap.br\/ead\/files\/2020\/03\/INSCRICOES_-EAD-2-Professor.pdf\">Resultado preliminar das inscri\u00e7\u00f5es homologadas<\/a><\/span><\/li><li><span style=\"color: #808080;\"><a style=\"color: #808080;\" href=\"https:\/\/www2.unifap.br\/ead\/comunicado-edital-professor-formador-e-tutoria\/\">Comunicado homologa\u00e7\u00e3o das inscri\u00e7\u00f5es<\/a><\/span><\/li><li><span style=\"color: #808080;\">Inscreva-se aqui (02\/03\/2020 a 12\/03\/2020)<\/span><\/li><li><span style=\"color: #808080;\"><a style=\"color: #808080;\" href=\"http:\/\/www2.unifap.br\/ead\/files\/2020\/03\/Retifica\u00e7ao-n02-05.03.2020.pdf\">Retifica\u00e7\u00e3o n\u00ba 02 &#8211; 05.03.2020<\/a><\/span><\/li><li><span style=\"color: #808080;\"><a style=\"color: #808080;\" href=\"http:\/\/www2.unifap.br\/ead\/files\/2020\/02\/retificacao-edital-01_2020_-professor-formador-administracao-publica.pdf\">Retifica\u00e7ao n\u00ba 01 &#8211; 21.02.2020<\/a><\/span><\/li><li><span style=\"color: #808080;\"><a style=\"color: #808080;\" href=\"http:\/\/www2.unifap.br\/ead\/files\/2020\/02\/EDITAL-PROFESSOR-FORMADOR-UAB.pdf\">Edital n\u00ba01\/2020: Professor Formador \u2013 12.02.2020<\/a><\/span><\/li><\/ul><\/div><\/div><\/section>\t\t\t\t\t\t\t\t<\/div>\n\t\t\t\t<\/div>\n\t\t\t\t\t<\/div>\n\t\t<\/div>\n\t\t\t\t\t<\/div>\n\t\t<\/section>\n\t\t\t\t<\/div>\n\t\t","protected":false},"excerpt":{"rendered":"<p>UNIVERSIDADE FEDERAL DO AMAP\u00c1PR\u00d3-REITORIA DE ENSINO DE GRADUA\u00c7\u00c3ODEPARTAMENTO DE EDUCA\u00c7\u00c3O A DIST\u00c2NCIASISTEMA UNIVERSIDADE ABERTA DO BRASIL PROCESSO SELETIVO PARA PROFESSOR FORMADOR \u2013 DEAD UNIFAP \u00a0\u00a0 Retifica\u00e7\u00e3o do quadro de professor&#8230;<\/p>\n","protected":false},"author":812,"featured_media":0,"parent":0,"menu_order":0,"comment_status":"closed","ping_status":"closed","template":"","meta":{"inline_featured_image":false,"ngg_post_thumbnail":0,"footnotes":""},"class_list":["post-23166","page","type-page","status-publish","hentry","entry"],"_links":{"self":[{"href":"https:\/\/www2.unifap.br\/ead\/wp-json\/wp\/v2\/pages\/23166","targetHints":{"allow":["GET"]}}],"collection":[{"href":"https:\/\/www2.unifap.br\/ead\/wp-json\/wp\/v2\/pages"}],"about":[{"href":"https:\/\/www2.unifap.br\/ead\/wp-json\/wp\/v2\/types\/page"}],"author":[{"embeddable":true,"href":"https:\/\/www2.unifap.br\/ead\/wp-json\/wp\/v2\/users\/812"}],"replies":[{"embeddable":true,"href":"https:\/\/www2.unifap.br\/ead\/wp-json\/wp\/v2\/comments?post=23166"}],"version-history":[{"count":43,"href":"https:\/\/www2.unifap.br\/ead\/wp-json\/wp\/v2\/pages\/23166\/revisions"}],"predecessor-version":[{"id":23882,"href":"https:\/\/www2.unifap.br\/ead\/wp-json\/wp\/v2\/pages\/23166\/revisions\/23882"}],"wp:attachment":[{"href":"https:\/\/www2.unifap.br\/ead\/wp-json\/wp\/v2\/media?parent=23166"}],"curies":[{"name":"wp","href":"https:\/\/api.w.org\/{rel}","templated":true}]}}