{"id":23590,"date":"2020-06-14T11:49:19","date_gmt":"2020-06-14T14:49:19","guid":{"rendered":"http:\/\/www2.unifap.br\/ead\/?page_id=23590"},"modified":"2020-10-20T19:47:47","modified_gmt":"2020-10-20T22:47:47","slug":"processo-seletivo-libras","status":"publish","type":"page","link":"https:\/\/www2.unifap.br\/ead\/processo-seletivo-libras\/","title":{"rendered":"Processo seletivo &#8211; Libras"},"content":{"rendered":"\t\t<div data-elementor-type=\"wp-post\" data-elementor-id=\"23590\" class=\"elementor elementor-23590\">\n\t\t\t\t\t\t<section class=\"elementor-section elementor-top-section elementor-element elementor-element-783bbda elementor-section-boxed elementor-section-height-default elementor-section-height-default\" data-id=\"783bbda\" data-element_type=\"section\" data-e-type=\"section\">\n\t\t\t\t\t\t<div class=\"elementor-container elementor-column-gap-default\">\n\t\t\t\t\t<div class=\"elementor-column elementor-col-100 elementor-top-column elementor-element elementor-element-d308cea\" data-id=\"d308cea\" data-element_type=\"column\" data-e-type=\"column\">\n\t\t\t<div class=\"elementor-widget-wrap elementor-element-populated\">\n\t\t\t\t\t\t<div class=\"elementor-element elementor-element-e948d7b elementor-widget elementor-widget-spacer\" data-id=\"e948d7b\" data-element_type=\"widget\" data-e-type=\"widget\" data-widget_type=\"spacer.default\">\n\t\t\t\t<div class=\"elementor-widget-container\">\n\t\t\t\t\t\t\t<div class=\"elementor-spacer\">\n\t\t\t<div class=\"elementor-spacer-inner\"><\/div>\n\t\t<\/div>\n\t\t\t\t\t\t<\/div>\n\t\t\t\t<\/div>\n\t\t\t\t<div class=\"elementor-element elementor-element-5c3aeff elementor-widget elementor-widget-heading\" data-id=\"5c3aeff\" data-element_type=\"widget\" data-e-type=\"widget\" data-widget_type=\"heading.default\">\n\t\t\t\t<div class=\"elementor-widget-container\">\n\t\t\t\t\t<h2 class=\"elementor-heading-title elementor-size-default\">Libras EaD<\/h2>\t\t\t\t<\/div>\n\t\t\t\t<\/div>\n\t\t\t\t<div class=\"elementor-element elementor-element-ee81d88 elementor-widget elementor-widget-text-editor\" data-id=\"ee81d88\" data-element_type=\"widget\" data-e-type=\"widget\" data-widget_type=\"text-editor.default\">\n\t\t\t\t<div class=\"elementor-widget-container\">\n\t\t\t\t\t\t\t\t\t<p><a href=\"http:\/\/www2.unifap.br\/ead\/files\/2020\/10\/Convocat\u00f3ria-NIVEL-2-e-3-LIBRAS-INTERNO.pdf\"><span style=\"color: #000000;\"><strong>Convocat\u00f3ria para composi\u00e7\u00e3o das turmas de II e III n\u00edveis do Projeto Libras para comunidade &#8211; 20 de outubro de 2020<\/strong><\/span><\/a><\/p><p><span style=\"color: #808080;\"><a style=\"color: #808080;\" href=\"http:\/\/www2.unifap.br\/ead\/files\/2020\/08\/Convocatria_cadastro_de_reserva_17.08.20.pdf\">Convocat\u00f3ria<\/a><\/span><\/p><p><span style=\"color: #808080;\"><a style=\"color: #808080;\" href=\"http:\/\/www2.unifap.br\/ead\/files\/2020\/06\/RESULTADO-DEFINITIVO-24.06.20.pdf\">Resultado definitivo<\/a><\/span><\/p><p><span style=\"color: #808080;\"><a style=\"color: #808080;\" href=\"http:\/\/www2.unifap.br\/ead\/files\/2020\/06\/RECURSOS.pdf\">An\u00e1lise dos Recursos<\/a><\/span><\/p><p>Formul\u00e1rio de recurso das inscri\u00e7\u00f5es<\/p><p><span style=\"color: #808080;\"><a style=\"color: #808080;\" href=\"http:\/\/www2.unifap.br\/ead\/files\/2020\/06\/RESULTADO-PROVIS\u00d3RIO-22.06.20.pdf\">Resultado Preliminar<\/a><\/span><\/p><p><span style=\"color: #808080;\"><a style=\"color: #808080;\" href=\"http:\/\/www2.unifap.br\/ead\/files\/2020\/06\/NOTIFICA\u00c7\u00c3O-EDITAL-01.2020.pdf\">Notifica\u00e7\u00e3o do Edital<\/a><\/span><\/p><p>Ficha de inscri\u00e7\u00e3o &#8211; Anexo I<\/p><p>Formul\u00e1rio de inscri\u00e7\u00e3o<\/p><p><a href=\"http:\/\/www2.unifap.br\/ead\/files\/2020\/06\/Edital-01-2020-LIBRAS-EAD_-15-06-2020.pdf\"><span style=\"color: #000000;\"><strong>Edital de abertura<\/strong><\/span><\/a><\/p>\t\t\t\t\t\t\t\t<\/div>\n\t\t\t\t<\/div>\n\t\t\t\t\t<\/div>\n\t\t<\/div>\n\t\t\t\t\t<\/div>\n\t\t<\/section>\n\t\t\t\t<\/div>\n\t\t","protected":false},"excerpt":{"rendered":"<p>Libras EaD Convocat\u00f3ria para composi\u00e7\u00e3o das turmas de II e III n\u00edveis do Projeto Libras para comunidade &#8211; 20 de outubro de 2020 Convocat\u00f3ria Resultado definitivo An\u00e1lise dos Recursos Formul\u00e1rio&#8230;<\/p>\n","protected":false},"author":926,"featured_media":0,"parent":0,"menu_order":0,"comment_status":"closed","ping_status":"closed","template":"","meta":{"inline_featured_image":false,"ngg_post_thumbnail":0,"footnotes":""},"class_list":["post-23590","page","type-page","status-publish","hentry","entry"],"_links":{"self":[{"href":"https:\/\/www2.unifap.br\/ead\/wp-json\/wp\/v2\/pages\/23590","targetHints":{"allow":["GET"]}}],"collection":[{"href":"https:\/\/www2.unifap.br\/ead\/wp-json\/wp\/v2\/pages"}],"about":[{"href":"https:\/\/www2.unifap.br\/ead\/wp-json\/wp\/v2\/types\/page"}],"author":[{"embeddable":true,"href":"https:\/\/www2.unifap.br\/ead\/wp-json\/wp\/v2\/users\/926"}],"replies":[{"embeddable":true,"href":"https:\/\/www2.unifap.br\/ead\/wp-json\/wp\/v2\/comments?post=23590"}],"version-history":[{"count":12,"href":"https:\/\/www2.unifap.br\/ead\/wp-json\/wp\/v2\/pages\/23590\/revisions"}],"predecessor-version":[{"id":23881,"href":"https:\/\/www2.unifap.br\/ead\/wp-json\/wp\/v2\/pages\/23590\/revisions\/23881"}],"wp:attachment":[{"href":"https:\/\/www2.unifap.br\/ead\/wp-json\/wp\/v2\/media?parent=23590"}],"curies":[{"name":"wp","href":"https:\/\/api.w.org\/{rel}","templated":true}]}}