{"id":23751,"date":"2020-09-14T18:29:38","date_gmt":"2020-09-14T21:29:38","guid":{"rendered":"http:\/\/www2.unifap.br\/ead\/?page_id=23751"},"modified":"2020-10-06T22:28:58","modified_gmt":"2020-10-07T01:28:58","slug":"processo-seletivo-libras02","status":"publish","type":"page","link":"https:\/\/www2.unifap.br\/ead\/processo-seletivo-libras02\/","title":{"rendered":"processo seletivo &#8211; libras ead 02"},"content":{"rendered":"\t\t<div data-elementor-type=\"wp-page\" data-elementor-id=\"23751\" class=\"elementor elementor-23751\">\n\t\t\t\t\t\t<section class=\"elementor-section elementor-top-section elementor-element elementor-element-b561fb5 elementor-section-boxed elementor-section-height-default elementor-section-height-default\" data-id=\"b561fb5\" data-element_type=\"section\" data-e-type=\"section\">\n\t\t\t\t\t\t<div class=\"elementor-container elementor-column-gap-default\">\n\t\t\t\t\t<div class=\"elementor-column elementor-col-100 elementor-top-column elementor-element elementor-element-5df06b5\" data-id=\"5df06b5\" data-element_type=\"column\" data-e-type=\"column\">\n\t\t\t<div class=\"elementor-widget-wrap elementor-element-populated\">\n\t\t\t\t\t\t<div class=\"elementor-element elementor-element-67eae71 elementor-widget elementor-widget-spacer\" data-id=\"67eae71\" data-element_type=\"widget\" data-e-type=\"widget\" data-widget_type=\"spacer.default\">\n\t\t\t\t<div class=\"elementor-widget-container\">\n\t\t\t\t\t\t\t<div class=\"elementor-spacer\">\n\t\t\t<div class=\"elementor-spacer-inner\"><\/div>\n\t\t<\/div>\n\t\t\t\t\t\t<\/div>\n\t\t\t\t<\/div>\n\t\t\t\t<div class=\"elementor-element elementor-element-2ffb618 elementor-widget elementor-widget-heading\" data-id=\"2ffb618\" data-element_type=\"widget\" data-e-type=\"widget\" data-widget_type=\"heading.default\">\n\t\t\t\t<div class=\"elementor-widget-container\">\n\t\t\t\t\t<h2 class=\"elementor-heading-title elementor-size-default\">Processo Seletivo - Libras 02<\/h2>\t\t\t\t<\/div>\n\t\t\t\t<\/div>\n\t\t\t\t<div class=\"elementor-element elementor-element-c1e6f11 elementor-widget elementor-widget-spacer\" data-id=\"c1e6f11\" data-element_type=\"widget\" data-e-type=\"widget\" data-widget_type=\"spacer.default\">\n\t\t\t\t<div class=\"elementor-widget-container\">\n\t\t\t\t\t\t\t<div class=\"elementor-spacer\">\n\t\t\t<div class=\"elementor-spacer-inner\"><\/div>\n\t\t<\/div>\n\t\t\t\t\t\t<\/div>\n\t\t\t\t<\/div>\n\t\t\t\t<div class=\"elementor-element elementor-element-ed1178d elementor-widget elementor-widget-text-editor\" data-id=\"ed1178d\" data-element_type=\"widget\" data-e-type=\"widget\" data-widget_type=\"text-editor.default\">\n\t\t\t\t<div class=\"elementor-widget-container\">\n\t\t\t\t\t\t\t\t\t<p><strong><span style=\"color: #000000;\"><a style=\"color: #000000;\" href=\"http:\/\/www2.unifap.br\/ead\/files\/2020\/10\/Convocat\u00f3ria-cadastro-de-reserva-06.10.20.pdf\">Convocat\u00f3ria cadastro de reserva<\/a><\/span><\/strong><\/p><p><span style=\"color: #808080;\"><a style=\"color: #808080;\" href=\"http:\/\/www2.unifap.br\/ead\/files\/2020\/09\/RESULTADO-FINAL-29.09.20.pdf\">Resultado definitivo<\/a><\/span><\/p><p><span style=\"color: #808080;\">Formul\u00e1rio de recurso<\/span><\/p><p><span style=\"color: #808080;\"><a style=\"color: #808080;\" href=\"http:\/\/www2.unifap.br\/ead\/files\/2020\/09\/RESULTADO-PROVIS\u00d3RIO-24.09.20.pdf\">Resultado provis\u00f3rio<\/a><\/span><\/p><p><span style=\"color: #808080;\"><a style=\"color: #808080;\" href=\"http:\/\/www2.unifap.br\/ead\/files\/2020\/09\/Edital-02-2020-LIBRAS-EAD_-21-e-22-09-2020-FICHA-DE-INSCRICAO-ANEXOI-1.docx\">Anexo &#8211; Ficha de inscri\u00e7\u00e3o<\/a><\/span><\/p><p><span style=\"color: #808080;\">Formul\u00e1rio de inscri\u00e7\u00e3o<\/span><\/p><p><span style=\"color: #808080;\"><a style=\"color: #808080;\" href=\"http:\/\/www2.unifap.br\/ead\/files\/2020\/09\/EDITAL-2-SELE\u00c7\u00c3O-COMUNIDADE-EXTERNA-LIBRAS-EAD.pdf\">Edital de abertura<\/a><\/span><\/p>\t\t\t\t\t\t\t\t<\/div>\n\t\t\t\t<\/div>\n\t\t\t\t\t<\/div>\n\t\t<\/div>\n\t\t\t\t\t<\/div>\n\t\t<\/section>\n\t\t\t\t<\/div>\n\t\t","protected":false},"excerpt":{"rendered":"<p>Processo Seletivo &#8211; Libras 02 Convocat\u00f3ria cadastro de reserva Resultado definitivo Formul\u00e1rio de recurso Resultado provis\u00f3rio Anexo &#8211; Ficha de inscri\u00e7\u00e3o Formul\u00e1rio de inscri\u00e7\u00e3o Edital de abertura<\/p>\n","protected":false},"author":926,"featured_media":0,"parent":0,"menu_order":0,"comment_status":"closed","ping_status":"closed","template":"","meta":{"inline_featured_image":false,"ngg_post_thumbnail":0,"footnotes":""},"class_list":["post-23751","page","type-page","status-publish","hentry","entry"],"_links":{"self":[{"href":"https:\/\/www2.unifap.br\/ead\/wp-json\/wp\/v2\/pages\/23751","targetHints":{"allow":["GET"]}}],"collection":[{"href":"https:\/\/www2.unifap.br\/ead\/wp-json\/wp\/v2\/pages"}],"about":[{"href":"https:\/\/www2.unifap.br\/ead\/wp-json\/wp\/v2\/types\/page"}],"author":[{"embeddable":true,"href":"https:\/\/www2.unifap.br\/ead\/wp-json\/wp\/v2\/users\/926"}],"replies":[{"embeddable":true,"href":"https:\/\/www2.unifap.br\/ead\/wp-json\/wp\/v2\/comments?post=23751"}],"version-history":[{"count":15,"href":"https:\/\/www2.unifap.br\/ead\/wp-json\/wp\/v2\/pages\/23751\/revisions"}],"predecessor-version":[{"id":23851,"href":"https:\/\/www2.unifap.br\/ead\/wp-json\/wp\/v2\/pages\/23751\/revisions\/23851"}],"wp:attachment":[{"href":"https:\/\/www2.unifap.br\/ead\/wp-json\/wp\/v2\/media?parent=23751"}],"curies":[{"name":"wp","href":"https:\/\/api.w.org\/{rel}","templated":true}]}}