{"id":23955,"date":"2021-01-14T19:35:16","date_gmt":"2021-01-14T22:35:16","guid":{"rendered":"http:\/\/www2.unifap.br\/ead\/?page_id=23955"},"modified":"2021-01-14T19:36:07","modified_gmt":"2021-01-14T22:36:07","slug":"ead-sobre","status":"publish","type":"page","link":"https:\/\/www2.unifap.br\/ead\/ead-sobre\/","title":{"rendered":"EAD &#8211; Sobre"},"content":{"rendered":"\t\t<div data-elementor-type=\"wp-page\" data-elementor-id=\"23955\" class=\"elementor elementor-23955\">\n\t\t\t\t\t\t<section class=\"elementor-section elementor-top-section elementor-element elementor-element-2f2ad0c elementor-section-boxed elementor-section-height-default elementor-section-height-default\" data-id=\"2f2ad0c\" data-element_type=\"section\" data-e-type=\"section\" data-settings=\"{&quot;background_background&quot;:&quot;classic&quot;}\">\n\t\t\t\t\t\t<div class=\"elementor-container elementor-column-gap-default\">\n\t\t\t\t\t<div class=\"elementor-column elementor-col-100 elementor-top-column elementor-element elementor-element-2c64521\" data-id=\"2c64521\" data-element_type=\"column\" data-e-type=\"column\" data-settings=\"{&quot;background_background&quot;:&quot;classic&quot;}\">\n\t\t\t<div class=\"elementor-widget-wrap elementor-element-populated\">\n\t\t\t\t\t\t<div class=\"elementor-element elementor-element-a17c4f4 elementor-widget elementor-widget-heading\" data-id=\"a17c4f4\" data-element_type=\"widget\" data-e-type=\"widget\" data-widget_type=\"heading.default\">\n\t\t\t\t<div class=\"elementor-widget-container\">\n\t\t\t\t\t<h2 class=\"elementor-heading-title elementor-size-default\">Sobre o Departamento de Educa\u00e7\u00e3o a Dist\u00e2ncia<\/h2>\t\t\t\t<\/div>\n\t\t\t\t<\/div>\n\t\t\t\t\t<\/div>\n\t\t<\/div>\n\t\t\t\t\t<\/div>\n\t\t<\/section>\n\t\t\t\t<section class=\"elementor-section elementor-top-section elementor-element elementor-element-7154dc9 elementor-section-boxed elementor-section-height-default elementor-section-height-default\" data-id=\"7154dc9\" data-element_type=\"section\" data-e-type=\"section\" data-settings=\"{&quot;background_background&quot;:&quot;classic&quot;}\">\n\t\t\t\t\t\t<div class=\"elementor-container elementor-column-gap-default\">\n\t\t\t\t\t<div class=\"elementor-column elementor-col-100 elementor-top-column elementor-element elementor-element-08834bc\" data-id=\"08834bc\" data-element_type=\"column\" data-e-type=\"column\" data-settings=\"{&quot;background_background&quot;:&quot;classic&quot;}\">\n\t\t\t<div class=\"elementor-widget-wrap elementor-element-populated\">\n\t\t\t\t\t\t<div class=\"elementor-element elementor-element-0bbcc0e elementor-widget elementor-widget-video\" data-id=\"0bbcc0e\" data-element_type=\"widget\" data-e-type=\"widget\" data-settings=\"{&quot;youtube_url&quot;:&quot;https:\\\/\\\/www.youtube.com\\\/watch?v=s7F1r7cKOJ8&amp;t=3s&quot;,&quot;video_type&quot;:&quot;youtube&quot;,&quot;controls&quot;:&quot;yes&quot;}\" data-widget_type=\"video.default\">\n\t\t\t\t<div class=\"elementor-widget-container\">\n\t\t\t\t\t\t\t<div class=\"elementor-wrapper elementor-open-inline\">\n\t\t\t<div class=\"elementor-video\"><\/div>\t\t<\/div>\n\t\t\t\t\t\t<\/div>\n\t\t\t\t<\/div>\n\t\t\t\t\t<\/div>\n\t\t<\/div>\n\t\t\t\t\t<\/div>\n\t\t<\/section>\n\t\t\t\t<section class=\"elementor-section elementor-top-section elementor-element elementor-element-eeb3d96 elementor-section-boxed elementor-section-height-default elementor-section-height-default\" data-id=\"eeb3d96\" data-element_type=\"section\" data-e-type=\"section\" data-settings=\"{&quot;background_background&quot;:&quot;classic&quot;}\">\n\t\t\t\t\t\t<div class=\"elementor-container elementor-column-gap-default\">\n\t\t\t\t\t<div class=\"elementor-column elementor-col-100 elementor-top-column elementor-element elementor-element-17727f5\" data-id=\"17727f5\" data-element_type=\"column\" data-e-type=\"column\" data-settings=\"{&quot;background_background&quot;:&quot;classic&quot;}\">\n\t\t\t<div class=\"elementor-widget-wrap elementor-element-populated\">\n\t\t\t\t\t\t<div class=\"elementor-element elementor-element-7a39af0 elementor-widget elementor-widget-text-editor\" data-id=\"7a39af0\" data-element_type=\"widget\" data-e-type=\"widget\" data-widget_type=\"text-editor.default\">\n\t\t\t\t<div class=\"elementor-widget-container\">\n\t\t\t\t\t\t\t\t\t<p><span style=\"color: #333333;\">O Departamento de Educa\u00e7\u00e3o a Dist\u00e2ncia (DEaD) da Universidade Federal do Amap\u00e1 (UNIFAP) sediado na capital na cidade de Macap\u00e1, Rodovia Juscelino Kubitschek, Km 2, Bloco B, na UNIFAP, \u00e9 respons\u00e1vel pela administra\u00e7\u00e3o e coordena\u00e7\u00e3o de todos os cursos da modalidade a dist\u00e2ncia promovido pela UAB e CAPES no Estado do Amap\u00e1.<\/span><\/p><p><span style=\"color: #333333;\">O DEaD funciona de segunda a sexta-feira, das 08h00 as 12h00 e de 14h00 as 18h00. O hor\u00e1rio \u00e9 destinado ao expediente administrativo, no qual coordenadores de curso, professores formadores, tutores e alunos s\u00e3o atendidos prontamente pela equipe de apoios pedag\u00f3gicos e design instrucional.<\/span><\/p>\t\t\t\t\t\t\t\t<\/div>\n\t\t\t\t<\/div>\n\t\t\t\t\t<\/div>\n\t\t<\/div>\n\t\t\t\t\t<\/div>\n\t\t<\/section>\n\t\t\t\t<\/div>\n\t\t","protected":false},"excerpt":{"rendered":"<p>Sobre o Departamento de Educa\u00e7\u00e3o a Dist\u00e2ncia https:\/\/www.youtube.com\/watch?v=s7F1r7cKOJ8&#038;t=3s O Departamento de Educa\u00e7\u00e3o a Dist\u00e2ncia (DEaD) da Universidade Federal do Amap\u00e1 (UNIFAP) sediado na capital na cidade de Macap\u00e1, Rodovia Juscelino&#8230;<\/p>\n","protected":false},"author":926,"featured_media":0,"parent":0,"menu_order":0,"comment_status":"closed","ping_status":"closed","template":"","meta":{"inline_featured_image":false,"ngg_post_thumbnail":0,"footnotes":""},"class_list":["post-23955","page","type-page","status-publish","hentry","entry"],"_links":{"self":[{"href":"https:\/\/www2.unifap.br\/ead\/wp-json\/wp\/v2\/pages\/23955","targetHints":{"allow":["GET"]}}],"collection":[{"href":"https:\/\/www2.unifap.br\/ead\/wp-json\/wp\/v2\/pages"}],"about":[{"href":"https:\/\/www2.unifap.br\/ead\/wp-json\/wp\/v2\/types\/page"}],"author":[{"embeddable":true,"href":"https:\/\/www2.unifap.br\/ead\/wp-json\/wp\/v2\/users\/926"}],"replies":[{"embeddable":true,"href":"https:\/\/www2.unifap.br\/ead\/wp-json\/wp\/v2\/comments?post=23955"}],"version-history":[{"count":2,"href":"https:\/\/www2.unifap.br\/ead\/wp-json\/wp\/v2\/pages\/23955\/revisions"}],"predecessor-version":[{"id":23957,"href":"https:\/\/www2.unifap.br\/ead\/wp-json\/wp\/v2\/pages\/23955\/revisions\/23957"}],"wp:attachment":[{"href":"https:\/\/www2.unifap.br\/ead\/wp-json\/wp\/v2\/media?parent=23955"}],"curies":[{"name":"wp","href":"https:\/\/api.w.org\/{rel}","templated":true}]}}