{"id":23959,"date":"2021-01-14T19:37:01","date_gmt":"2021-01-14T22:37:01","guid":{"rendered":"http:\/\/www2.unifap.br\/ead\/?page_id=23959"},"modified":"2025-07-28T13:29:34","modified_gmt":"2025-07-28T16:29:34","slug":"ead-modelo-de-documentos","status":"publish","type":"page","link":"https:\/\/www2.unifap.br\/ead\/ead-modelo-de-documentos\/","title":{"rendered":"EAD &#8211; Modelo de documentos"},"content":{"rendered":"\t\t<div data-elementor-type=\"wp-page\" data-elementor-id=\"23959\" class=\"elementor elementor-23959\">\n\t\t\t\t\t\t<section class=\"elementor-section elementor-top-section elementor-element elementor-element-a39732e elementor-section-content-middle elementor-section-boxed elementor-section-height-default elementor-section-height-default\" data-id=\"a39732e\" data-element_type=\"section\" data-e-type=\"section\" data-settings=\"{&quot;background_background&quot;:&quot;classic&quot;}\">\n\t\t\t\t\t\t<div class=\"elementor-container elementor-column-gap-no\">\n\t\t\t\t\t<div class=\"elementor-column elementor-col-50 elementor-top-column elementor-element elementor-element-e63ee63\" data-id=\"e63ee63\" data-element_type=\"column\" data-e-type=\"column\">\n\t\t\t<div class=\"elementor-widget-wrap elementor-element-populated\">\n\t\t\t\t\t\t<div class=\"elementor-element elementor-element-ffda417 elementor-widget elementor-widget-heading\" data-id=\"ffda417\" data-element_type=\"widget\" data-e-type=\"widget\" data-widget_type=\"heading.default\">\n\t\t\t\t<div class=\"elementor-widget-container\">\n\t\t\t\t\t<h6 class=\"elementor-heading-title elementor-size-default\">Modelo de <\/h6>\t\t\t\t<\/div>\n\t\t\t\t<\/div>\n\t\t\t\t<div class=\"elementor-element elementor-element-f8a92bc elementor-widget elementor-widget-heading\" data-id=\"f8a92bc\" data-element_type=\"widget\" data-e-type=\"widget\" data-widget_type=\"heading.default\">\n\t\t\t\t<div class=\"elementor-widget-container\">\n\t\t\t\t\t<h5 class=\"elementor-heading-title elementor-size-default\">Documentos<\/h5>\t\t\t\t<\/div>\n\t\t\t\t<\/div>\n\t\t\t\t\t<\/div>\n\t\t<\/div>\n\t\t\t\t<div class=\"elementor-column elementor-col-50 elementor-top-column elementor-element elementor-element-9ffc373\" data-id=\"9ffc373\" data-element_type=\"column\" data-e-type=\"column\">\n\t\t\t<div class=\"elementor-widget-wrap elementor-element-populated\">\n\t\t\t\t\t\t<div class=\"elementor-element elementor-element-5759286 elementor-widget__width-initial elementor-widget elementor-widget-toggle\" data-id=\"5759286\" data-element_type=\"widget\" data-e-type=\"widget\" data-widget_type=\"toggle.default\">\n\t\t\t\t<div class=\"elementor-widget-container\">\n\t\t\t\t\t\t\t<div class=\"elementor-toggle\">\n\t\t\t\t\t\t\t<div class=\"elementor-toggle-item\">\n\t\t\t\t\t<div id=\"elementor-tab-title-9151\" class=\"elementor-tab-title\" data-tab=\"1\" role=\"button\" aria-controls=\"elementor-tab-content-9151\" aria-expanded=\"false\">\n\t\t\t\t\t\t\t\t\t\t\t\t<span class=\"elementor-toggle-icon elementor-toggle-icon-right\" aria-hidden=\"true\">\n\t\t\t\t\t\t\t\t\t\t\t\t\t\t\t<span class=\"elementor-toggle-icon-closed\"><i class=\"fas fa-caret-right\"><\/i><\/span>\n\t\t\t\t\t\t\t\t<span class=\"elementor-toggle-icon-opened\"><i class=\"elementor-toggle-icon-opened fas fa-caret-up\"><\/i><\/span>\n\t\t\t\t\t\t\t\t\t\t\t\t\t<\/span>\n\t\t\t\t\t\t\t\t\t\t\t\t<a class=\"elementor-toggle-title\" tabindex=\"0\">Ficha de Cadastramento \/ Termo de Compromisso do Bolsista<\/a>\n\t\t\t\t\t<\/div>\n\n\t\t\t\t\t<div id=\"elementor-tab-content-9151\" class=\"elementor-tab-content elementor-clearfix\" data-tab=\"1\" role=\"region\" aria-labelledby=\"elementor-tab-title-9151\"><ul><li><a href=\"http:\/\/www2.unifap.br\/ead\/files\/2025\/02\/Ficha_Termo_Coordenadoria_Geral.doc\">Coordenador Geral<\/a><\/li><li><a href=\"http:\/\/www2.unifap.br\/ead\/files\/2025\/02\/Ficha_Termo_Coordenadoria_Adjunto.doc\" target=\"_blank\" rel=\"noopener\">Coordenador Adjunto<\/a><\/li><li><a href=\"http:\/\/www2.unifap.br\/ead\/files\/2025\/02\/Ficha_Termo_Coordenadoria_de_Curso.doc\">Coordenado de Curso<\/a><\/li><li><a href=\"http:\/\/www2.unifap.br\/ead\/files\/2025\/02\/Ficha_Termo_Coordenadoria_de_Tutoria-1.doc\">Coordenador de Tutoria<\/a><\/li><li><a href=\"http:\/\/www2.unifap.br\/ead\/files\/2025\/02\/Ficha_Professor_Conteudista.doc\">Professor Conteudista<\/a><\/li><li><a href=\"http:\/\/www2.unifap.br\/ead\/files\/2025\/02\/Ficha_Termo_Professor_Formador.doc\">Professor Formador<\/a><\/li><li><a href=\"http:\/\/www2.unifap.br\/ead\/files\/2025\/02\/Ficha_Termo_Assistente-pedago\u0301gico.doc\">Assistente Pedag\u00f3gico<\/a><\/li><li><a href=\"http:\/\/www2.unifap.br\/ead\/files\/2025\/02\/Ficha_Termo_Tutores.doc\">Tutores<\/a><\/li><\/ul><\/div>\n\t\t\t\t<\/div>\n\t\t\t\t\t\t\t<div class=\"elementor-toggle-item\">\n\t\t\t\t\t<div id=\"elementor-tab-title-9152\" class=\"elementor-tab-title\" data-tab=\"2\" role=\"button\" aria-controls=\"elementor-tab-content-9152\" aria-expanded=\"false\">\n\t\t\t\t\t\t\t\t\t\t\t\t<span class=\"elementor-toggle-icon elementor-toggle-icon-right\" aria-hidden=\"true\">\n\t\t\t\t\t\t\t\t\t\t\t\t\t\t\t<span class=\"elementor-toggle-icon-closed\"><i class=\"fas fa-caret-right\"><\/i><\/span>\n\t\t\t\t\t\t\t\t<span class=\"elementor-toggle-icon-opened\"><i class=\"elementor-toggle-icon-opened fas fa-caret-up\"><\/i><\/span>\n\t\t\t\t\t\t\t\t\t\t\t\t\t<\/span>\n\t\t\t\t\t\t\t\t\t\t\t\t<a class=\"elementor-toggle-title\" tabindex=\"0\">Declara\u00e7\u00f5es<\/a>\n\t\t\t\t\t<\/div>\n\n\t\t\t\t\t<div id=\"elementor-tab-content-9152\" class=\"elementor-tab-content elementor-clearfix\" data-tab=\"2\" role=\"region\" aria-labelledby=\"elementor-tab-title-9152\"><ul><li><a href=\"http:\/\/www2.unifap.br\/ead\/files\/2025\/02\/DECLARACAO_ACUMULO.doc\" target=\"_blank\" rel=\"noopener\">Declara\u00e7\u00e3o de ac\u00famulo<\/a><\/li><li><a href=\"https:\/\/docs.google.com\/document\/d\/1JzVOlio7wFcCsWlK8HbDmN1k6Jnt__7b\/edit?usp=sharing&amp;ouid=105866808013838076978&amp;rtpof=true&amp;sd=true\" target=\"_blank\" rel=\"noopener\">Declara\u00e7\u00e3o de Tutor a Dist\u00e2ncia\/Presencial<\/a><\/li><li><a href=\"https:\/\/docs.google.com\/document\/d\/1hOIbOsKnLxKUZqrwZbUlKnegll5kujTP\/edit?usp=sharing&amp;ouid=105866808013838076978&amp;rtpof=true&amp;sd=true\" target=\"_blank\" rel=\"noopener\">Declara\u00e7\u00e3o de Professor Formador<\/a><\/li><li><a href=\"http:\/\/www2.unifap.br\/ead\/files\/2023\/03\/Termo-de-responsabilidade-1.doc\">TERMO DE CI\u00caNCIA E RESPONSABILIDADE<\/a><\/li><\/ul><div><h6><b>Para baixar o arquivo: Clicar no link, clicar em ARQUIVO \u2013 FAZER DOWNLOAD, escolher o formato do arquivo MICROSOFT WORD.<\/b><\/h6><p><!-- [if gte mso 9]&gt;--><\/p><p><!-- [if gte mso 9]&gt;--><\/p><\/div><\/div>\n\t\t\t\t<\/div>\n\t\t\t\t\t\t\t<div class=\"elementor-toggle-item\">\n\t\t\t\t\t<div id=\"elementor-tab-title-9153\" class=\"elementor-tab-title\" data-tab=\"3\" role=\"button\" aria-controls=\"elementor-tab-content-9153\" aria-expanded=\"false\">\n\t\t\t\t\t\t\t\t\t\t\t\t<span class=\"elementor-toggle-icon elementor-toggle-icon-right\" aria-hidden=\"true\">\n\t\t\t\t\t\t\t\t\t\t\t\t\t\t\t<span class=\"elementor-toggle-icon-closed\"><i class=\"fas fa-caret-right\"><\/i><\/span>\n\t\t\t\t\t\t\t\t<span class=\"elementor-toggle-icon-opened\"><i class=\"elementor-toggle-icon-opened fas fa-caret-up\"><\/i><\/span>\n\t\t\t\t\t\t\t\t\t\t\t\t\t<\/span>\n\t\t\t\t\t\t\t\t\t\t\t\t<a class=\"elementor-toggle-title\" tabindex=\"0\">Relat\u00f3rios <\/a>\n\t\t\t\t\t<\/div>\n\n\t\t\t\t\t<div id=\"elementor-tab-content-9153\" class=\"elementor-tab-content elementor-clearfix\" data-tab=\"3\" role=\"region\" aria-labelledby=\"elementor-tab-title-9153\"><ul><li><a href=\"http:\/\/www2.unifap.br\/ead\/files\/2022\/10\/RELATORIO-FINAL-DE-TUTORIA-1.doc\">Modelo de relat\u00f3rio de tutoria<\/a><\/li><li><a href=\"http:\/\/www2.unifap.br\/ead\/files\/2013\/02\/Modelo-Relat%C3%B3rio-Presta%C3%A7%C3%A3o-de-Contas.docx\">Relat\u00f3rio de presta\u00e7\u00e3o de contas <\/a>\u00a0&#8211; (MODELO)<\/li><\/ul><\/div>\n\t\t\t\t<\/div>\n\t\t\t\t\t\t\t<div class=\"elementor-toggle-item\">\n\t\t\t\t\t<div id=\"elementor-tab-title-9154\" class=\"elementor-tab-title\" data-tab=\"4\" role=\"button\" aria-controls=\"elementor-tab-content-9154\" aria-expanded=\"false\">\n\t\t\t\t\t\t\t\t\t\t\t\t<span class=\"elementor-toggle-icon elementor-toggle-icon-right\" aria-hidden=\"true\">\n\t\t\t\t\t\t\t\t\t\t\t\t\t\t\t<span class=\"elementor-toggle-icon-closed\"><i class=\"fas fa-caret-right\"><\/i><\/span>\n\t\t\t\t\t\t\t\t<span class=\"elementor-toggle-icon-opened\"><i class=\"elementor-toggle-icon-opened fas fa-caret-up\"><\/i><\/span>\n\t\t\t\t\t\t\t\t\t\t\t\t\t<\/span>\n\t\t\t\t\t\t\t\t\t\t\t\t<a class=\"elementor-toggle-title\" tabindex=\"0\">Requerimento<\/a>\n\t\t\t\t\t<\/div>\n\n\t\t\t\t\t<div id=\"elementor-tab-content-9154\" class=\"elementor-tab-content elementor-clearfix\" data-tab=\"4\" role=\"region\" aria-labelledby=\"elementor-tab-title-9154\"><p><a href=\"http:\/\/www2.unifap.br\/ead\/files\/2022\/10\/REQUERIMENTOS-DERCA-3-2.pdf\">REQUERIMENTOS-DERCA <\/a><\/p><\/div>\n\t\t\t\t<\/div>\n\t\t\t\t\t\t\t<div class=\"elementor-toggle-item\">\n\t\t\t\t\t<div id=\"elementor-tab-title-9155\" class=\"elementor-tab-title\" data-tab=\"5\" role=\"button\" aria-controls=\"elementor-tab-content-9155\" aria-expanded=\"false\">\n\t\t\t\t\t\t\t\t\t\t\t\t<span class=\"elementor-toggle-icon elementor-toggle-icon-right\" aria-hidden=\"true\">\n\t\t\t\t\t\t\t\t\t\t\t\t\t\t\t<span class=\"elementor-toggle-icon-closed\"><i class=\"fas fa-caret-right\"><\/i><\/span>\n\t\t\t\t\t\t\t\t<span class=\"elementor-toggle-icon-opened\"><i class=\"elementor-toggle-icon-opened fas fa-caret-up\"><\/i><\/span>\n\t\t\t\t\t\t\t\t\t\t\t\t\t<\/span>\n\t\t\t\t\t\t\t\t\t\t\t\t<a class=\"elementor-toggle-title\" tabindex=\"0\">Documentos DEaD<\/a>\n\t\t\t\t\t<\/div>\n\n\t\t\t\t\t<div id=\"elementor-tab-content-9155\" class=\"elementor-tab-content elementor-clearfix\" data-tab=\"5\" role=\"region\" aria-labelledby=\"elementor-tab-title-9155\"><p><a href=\"http:\/\/www2.unifap.br\/ead\/files\/2024\/10\/Regulamento_Laboratorios_Informatica.pdf\">Regulamento Laborat\u00f3rio<\/a><\/p><\/div>\n\t\t\t\t<\/div>\n\t\t\t\t\t\t\t<div class=\"elementor-toggle-item\">\n\t\t\t\t\t<div id=\"elementor-tab-title-9156\" class=\"elementor-tab-title\" data-tab=\"6\" role=\"button\" aria-controls=\"elementor-tab-content-9156\" aria-expanded=\"false\">\n\t\t\t\t\t\t\t\t\t\t\t\t<span class=\"elementor-toggle-icon elementor-toggle-icon-right\" aria-hidden=\"true\">\n\t\t\t\t\t\t\t\t\t\t\t\t\t\t\t<span class=\"elementor-toggle-icon-closed\"><i class=\"fas fa-caret-right\"><\/i><\/span>\n\t\t\t\t\t\t\t\t<span class=\"elementor-toggle-icon-opened\"><i class=\"elementor-toggle-icon-opened fas fa-caret-up\"><\/i><\/span>\n\t\t\t\t\t\t\t\t\t\t\t\t\t<\/span>\n\t\t\t\t\t\t\t\t\t\t\t\t<a class=\"elementor-toggle-title\" tabindex=\"0\">Manual de Cadastro SIGAA<\/a>\n\t\t\t\t\t<\/div>\n\n\t\t\t\t\t<div id=\"elementor-tab-content-9156\" class=\"elementor-tab-content elementor-clearfix\" data-tab=\"6\" role=\"region\" aria-labelledby=\"elementor-tab-title-9156\"><p><a href=\"http:\/\/www2.unifap.br\/ead\/files\/2025\/07\/Manual-do-sigaa.pdf\">Manual de cadastro sigaa<\/a><\/p><\/div>\n\t\t\t\t<\/div>\n\t\t\t\t\t\t\t\t<\/div>\n\t\t\t\t\t\t<\/div>\n\t\t\t\t<\/div>\n\t\t\t\t\t<\/div>\n\t\t<\/div>\n\t\t\t\t\t<\/div>\n\t\t<\/section>\n\t\t\t\t<\/div>\n\t\t","protected":false},"excerpt":{"rendered":"<p>Modelo de Documentos Ficha de Cadastramento \/ Termo de Compromisso do Bolsista Coordenador Geral Coordenador Adjunto Coordenado de Curso Coordenador de Tutoria Professor Conteudista Professor Formador Assistente Pedag\u00f3gico Tutores Declara\u00e7\u00f5es&#8230;<\/p>\n","protected":false},"author":926,"featured_media":0,"parent":0,"menu_order":0,"comment_status":"closed","ping_status":"closed","template":"","meta":{"inline_featured_image":false,"ngg_post_thumbnail":0,"footnotes":""},"class_list":["post-23959","page","type-page","status-publish","hentry","entry"],"_links":{"self":[{"href":"https:\/\/www2.unifap.br\/ead\/wp-json\/wp\/v2\/pages\/23959","targetHints":{"allow":["GET"]}}],"collection":[{"href":"https:\/\/www2.unifap.br\/ead\/wp-json\/wp\/v2\/pages"}],"about":[{"href":"https:\/\/www2.unifap.br\/ead\/wp-json\/wp\/v2\/types\/page"}],"author":[{"embeddable":true,"href":"https:\/\/www2.unifap.br\/ead\/wp-json\/wp\/v2\/users\/926"}],"replies":[{"embeddable":true,"href":"https:\/\/www2.unifap.br\/ead\/wp-json\/wp\/v2\/comments?post=23959"}],"version-history":[{"count":105,"href":"https:\/\/www2.unifap.br\/ead\/wp-json\/wp\/v2\/pages\/23959\/revisions"}],"predecessor-version":[{"id":31476,"href":"https:\/\/www2.unifap.br\/ead\/wp-json\/wp\/v2\/pages\/23959\/revisions\/31476"}],"wp:attachment":[{"href":"https:\/\/www2.unifap.br\/ead\/wp-json\/wp\/v2\/media?parent=23959"}],"curies":[{"name":"wp","href":"https:\/\/api.w.org\/{rel}","templated":true}]}}