{"id":23965,"date":"2021-01-14T19:39:56","date_gmt":"2021-01-14T22:39:56","guid":{"rendered":"http:\/\/www2.unifap.br\/ead\/?page_id=23965"},"modified":"2026-01-26T16:06:01","modified_gmt":"2026-01-26T19:06:01","slug":"ead-cursos","status":"publish","type":"page","link":"https:\/\/www2.unifap.br\/ead\/ead-cursos\/","title":{"rendered":"EAD &#8211; Cursos"},"content":{"rendered":"\t\t<div data-elementor-type=\"wp-page\" data-elementor-id=\"23965\" class=\"elementor elementor-23965\">\n\t\t\t\t\t\t<section class=\"elementor-section elementor-top-section elementor-element elementor-element-3277baf elementor-section-content-middle elementor-section-boxed elementor-section-height-default elementor-section-height-default\" data-id=\"3277baf\" data-element_type=\"section\" data-e-type=\"section\" data-settings=\"{&quot;background_background&quot;:&quot;classic&quot;}\">\n\t\t\t\t\t\t<div class=\"elementor-container elementor-column-gap-no\">\n\t\t\t\t\t<div class=\"elementor-column elementor-col-50 elementor-top-column elementor-element elementor-element-b088908\" data-id=\"b088908\" data-element_type=\"column\" data-e-type=\"column\">\n\t\t\t<div class=\"elementor-widget-wrap elementor-element-populated\">\n\t\t\t\t\t\t<div class=\"elementor-element elementor-element-d63b50a elementor-widget elementor-widget-heading\" data-id=\"d63b50a\" data-element_type=\"widget\" data-e-type=\"widget\" data-widget_type=\"heading.default\">\n\t\t\t\t<div class=\"elementor-widget-container\">\n\t\t\t\t\t<h6 class=\"elementor-heading-title elementor-size-default\">Cursos de<\/h6>\t\t\t\t<\/div>\n\t\t\t\t<\/div>\n\t\t\t\t<div class=\"elementor-element elementor-element-8a4647d elementor-widget elementor-widget-heading\" data-id=\"8a4647d\" data-element_type=\"widget\" data-e-type=\"widget\" data-widget_type=\"heading.default\">\n\t\t\t\t<div class=\"elementor-widget-container\">\n\t\t\t\t\t<h5 class=\"elementor-heading-title elementor-size-default\">Gradua\u00e7\u00e3o<\/h5>\t\t\t\t<\/div>\n\t\t\t\t<\/div>\n\t\t\t\t\t<\/div>\n\t\t<\/div>\n\t\t\t\t<div class=\"elementor-column elementor-col-50 elementor-top-column elementor-element elementor-element-92c7259\" data-id=\"92c7259\" data-element_type=\"column\" data-e-type=\"column\">\n\t\t\t<div class=\"elementor-widget-wrap elementor-element-populated\">\n\t\t\t\t\t\t<div class=\"elementor-element elementor-element-d9ee810 elementor-widget elementor-widget-text-editor\" data-id=\"d9ee810\" data-element_type=\"widget\" data-e-type=\"widget\" data-widget_type=\"text-editor.default\">\n\t\t\t\t<div class=\"elementor-widget-container\">\n\t\t\t\t\t\t\t\t\t<p><a href=\"https:\/\/www2.unifap.br\/ead\/ead-administracao-publica\/\"><strong><span style=\"color: #000000\">Bacharelado em Administra\u00e7\u00e3o P\u00fablica<\/span><\/strong><\/a><strong><span style=\"color: #000000\"><br \/><\/span><\/strong><\/p>\t\t\t\t\t\t\t\t<\/div>\n\t\t\t\t<\/div>\n\t\t\t\t<div class=\"elementor-element elementor-element-4a3d721 elementor-widget elementor-widget-text-editor\" data-id=\"4a3d721\" data-element_type=\"widget\" data-e-type=\"widget\" data-widget_type=\"text-editor.default\">\n\t\t\t\t<div class=\"elementor-widget-container\">\n\t\t\t\t\t\t\t\t\t<p><a href=\"https:\/\/www2.unifap.br\/ead\/matematica\/\"><strong><span style=\"color: #000000\">Licenciatura em Matem\u00e1tica<\/span><\/strong><\/a><\/p>\t\t\t\t\t\t\t\t<\/div>\n\t\t\t\t<\/div>\n\t\t\t\t<div class=\"elementor-element elementor-element-dbcda99 elementor-widget elementor-widget-text-editor\" data-id=\"dbcda99\" data-element_type=\"widget\" data-e-type=\"widget\" data-widget_type=\"text-editor.default\">\n\t\t\t\t<div class=\"elementor-widget-container\">\n\t\t\t\t\t\t\t\t\t<p><a href=\"https:\/\/www2.unifap.br\/ead\/edf\/\"><strong><span style=\"color: #000000\">Licenciatura em Educa\u00e7\u00e3o F\u00edsica<\/span><\/strong><\/a><\/p>\t\t\t\t\t\t\t\t<\/div>\n\t\t\t\t<\/div>\n\t\t\t\t<div class=\"elementor-element elementor-element-d12cbd2 elementor-widget elementor-widget-text-editor\" data-id=\"d12cbd2\" data-element_type=\"widget\" data-e-type=\"widget\" data-widget_type=\"text-editor.default\">\n\t\t\t\t<div class=\"elementor-widget-container\">\n\t\t\t\t\t\t\t\t\t<p><a href=\"https:\/\/www2.unifap.br\/ead\/sociologiaead\/\"><span style=\"color: #000000\"><strong>Licenciatura em Sociologia<\/strong><\/span><\/a><\/p>\t\t\t\t\t\t\t\t<\/div>\n\t\t\t\t<\/div>\n\t\t\t\t<div class=\"elementor-element elementor-element-01e4889 elementor-widget elementor-widget-text-editor\" data-id=\"01e4889\" data-element_type=\"widget\" data-e-type=\"widget\" data-widget_type=\"text-editor.default\">\n\t\t\t\t<div class=\"elementor-widget-container\">\n\t\t\t\t\t\t\t\t\t<p><a href=\"https:\/\/www2.unifap.br\/ead\/letras-portugues\/\"><strong><span style=\"color: #000000\">Licenciatura em Letras Portugu\u00eas<\/span><\/strong><\/a><\/p>\t\t\t\t\t\t\t\t<\/div>\n\t\t\t\t<\/div>\n\t\t\t\t<div class=\"elementor-element elementor-element-398959e elementor-widget elementor-widget-text-editor\" data-id=\"398959e\" data-element_type=\"widget\" data-e-type=\"widget\" data-widget_type=\"text-editor.default\">\n\t\t\t\t<div class=\"elementor-widget-container\">\n\t\t\t\t\t\t\t\t\t<p><a href=\"https:\/\/www2.unifap.br\/ead\/li\/\"><strong><span style=\"color: #000000\">Licenciatura em Letras Ingl\u00eas<br \/><\/span><\/strong><\/a><\/p>\t\t\t\t\t\t\t\t<\/div>\n\t\t\t\t<\/div>\n\t\t\t\t<div class=\"elementor-element elementor-element-72ffaad elementor-widget elementor-widget-toggle\" data-id=\"72ffaad\" data-element_type=\"widget\" data-e-type=\"widget\" data-widget_type=\"toggle.default\">\n\t\t\t\t<div class=\"elementor-widget-container\">\n\t\t\t\t\t\t\t<div class=\"elementor-toggle\">\n\t\t\t\t\t\t\t<div class=\"elementor-toggle-item\">\n\t\t\t\t\t<div id=\"elementor-tab-title-1201\" class=\"elementor-tab-title\" data-tab=\"1\" role=\"button\" aria-controls=\"elementor-tab-content-1201\" aria-expanded=\"false\">\n\t\t\t\t\t\t\t\t\t\t\t\t<span class=\"elementor-toggle-icon elementor-toggle-icon-right\" aria-hidden=\"true\">\n\t\t\t\t\t\t\t\t\t\t\t\t\t\t\t<span class=\"elementor-toggle-icon-closed\"><i class=\"fas fa-caret-right\"><\/i><\/span>\n\t\t\t\t\t\t\t\t<span class=\"elementor-toggle-icon-opened\"><i class=\"elementor-toggle-icon-opened fas fa-caret-up\"><\/i><\/span>\n\t\t\t\t\t\t\t\t\t\t\t\t\t<\/span>\n\t\t\t\t\t\t\t\t\t\t\t\t<a class=\"elementor-toggle-title\" tabindex=\"0\">Bacharelado em Administra\u00e7\u00e3o P\u00fablica<\/a>\n\t\t\t\t\t<\/div>\n\n\t\t\t\t\t<div id=\"elementor-tab-content-1201\" class=\"elementor-tab-content elementor-clearfix\" data-tab=\"1\" role=\"region\" aria-labelledby=\"elementor-tab-title-1201\"><p><strong>Objetivo Geral:<\/strong>\u00a0Formar profissionais com amplo conhecimento de Administra\u00e7\u00e3o P\u00fablica, capazes de atuarem no \u00e2mbito federal, estadual e municipal, administrando com compet\u00eancia as organiza\u00e7\u00f5es governamentais e n\u00e3o-governamentais, de modo pr\u00f3ativo, democr\u00e1tico e \u00e9tico, tendo em vista a transforma\u00e7\u00e3o e o desenvolvimento da sociedade e do pa\u00eds.<\/p><p><a href=\"https:\/\/www2.unifap.br\/ead\/ead-administracao-publica\/\" data-wplink-edit=\"true\"><strong>Saiba mais<\/strong><\/a><\/p><\/div>\n\t\t\t\t<\/div>\n\t\t\t\t\t\t\t<div class=\"elementor-toggle-item\">\n\t\t\t\t\t<div id=\"elementor-tab-title-1202\" class=\"elementor-tab-title\" data-tab=\"2\" role=\"button\" aria-controls=\"elementor-tab-content-1202\" aria-expanded=\"false\">\n\t\t\t\t\t\t\t\t\t\t\t\t<span class=\"elementor-toggle-icon elementor-toggle-icon-right\" aria-hidden=\"true\">\n\t\t\t\t\t\t\t\t\t\t\t\t\t\t\t<span class=\"elementor-toggle-icon-closed\"><i class=\"fas fa-caret-right\"><\/i><\/span>\n\t\t\t\t\t\t\t\t<span class=\"elementor-toggle-icon-opened\"><i class=\"elementor-toggle-icon-opened fas fa-caret-up\"><\/i><\/span>\n\t\t\t\t\t\t\t\t\t\t\t\t\t<\/span>\n\t\t\t\t\t\t\t\t\t\t\t\t<a class=\"elementor-toggle-title\" tabindex=\"0\">Licenciatura em Matem\u00e1tica<\/a>\n\t\t\t\t\t<\/div>\n\n\t\t\t\t\t<div id=\"elementor-tab-content-1202\" class=\"elementor-tab-content elementor-clearfix\" data-tab=\"2\" role=\"region\" aria-labelledby=\"elementor-tab-title-1202\"><p><strong>Objetivo Geral:<\/strong><\/p><p>O Curso de Licenciatura Plena em Matem\u00e1tica a dist\u00e2ncia oferecido pela Universidade Federal do Amap\u00e1 com parceria com a Universidade Aberta do Brasil est\u00e1 atrelado ao regimento da Universidade Federal do Amap\u00e1. Destina-se inicialmente a formar professores da rede p\u00fablica de ensino, com o ensino m\u00e9dio completo, que n\u00e3o possuem licenciatura plena e que atuam no ensino fundamental e m\u00e9dio, chamados professores leigos. Busca cumprir a fun\u00e7\u00e3o s\u00f3cio educacional de formar professores de Matem\u00e1tica qualificados, com s\u00f3lida forma\u00e7\u00e3o de conte\u00fados espec\u00edficos que abranjam as \u00e1reas b\u00e1sicas da Licenciatura em Matem\u00e1tica, Metodologia do Ensino, dirigida para o exerc\u00edcio da profiss\u00e3o, forma\u00e7\u00e3o de conte\u00fados de \u00e1reas de F\u00edsica, Computa\u00e7\u00e3o, al\u00e9m de uma forma\u00e7\u00e3o que possibilite a viv\u00eancia cr\u00edtica da realidade do Ensino do Brasil. O curso estimula, al\u00e9m do conhecimento s\u00f3lido e abrangente dos conte\u00fados matem\u00e1ticos, o valor da pesquisa, do ensino e a import\u00e2ncia de uma atua\u00e7\u00e3o profissional fundamentada em valores \u00e9ticos.<\/p><p><a href=\"https:\/\/www2.unifap.br\/ead\/matematica\/\" data-wplink-edit=\"true\"><strong>Saiba mais<\/strong><\/a><\/p><\/div>\n\t\t\t\t<\/div>\n\t\t\t\t\t\t\t<div class=\"elementor-toggle-item\">\n\t\t\t\t\t<div id=\"elementor-tab-title-1203\" class=\"elementor-tab-title\" data-tab=\"3\" role=\"button\" aria-controls=\"elementor-tab-content-1203\" aria-expanded=\"false\">\n\t\t\t\t\t\t\t\t\t\t\t\t<span class=\"elementor-toggle-icon elementor-toggle-icon-right\" aria-hidden=\"true\">\n\t\t\t\t\t\t\t\t\t\t\t\t\t\t\t<span class=\"elementor-toggle-icon-closed\"><i class=\"fas fa-caret-right\"><\/i><\/span>\n\t\t\t\t\t\t\t\t<span class=\"elementor-toggle-icon-opened\"><i class=\"elementor-toggle-icon-opened fas fa-caret-up\"><\/i><\/span>\n\t\t\t\t\t\t\t\t\t\t\t\t\t<\/span>\n\t\t\t\t\t\t\t\t\t\t\t\t<a class=\"elementor-toggle-title\" tabindex=\"0\">Licenciatura em Educa\u00e7\u00e3o F\u00edsica<\/a>\n\t\t\t\t\t<\/div>\n\n\t\t\t\t\t<div id=\"elementor-tab-content-1203\" class=\"elementor-tab-content elementor-clearfix\" data-tab=\"3\" role=\"region\" aria-labelledby=\"elementor-tab-title-1203\"><p><strong>Objetivo Geral:<\/strong><\/p><p>O curso de Educa\u00e7\u00e3o F\u00edsica da Universidade Federal do Amap\u00e1, na modalidade a dist\u00e2ncia, tem por objetivo formar os professores ditos \u201cleigos\u201d em \u201ceducadores\u201d qualificados, com capacidade para atua\u00e7\u00e3o prioritariamente no ensino formal, para ensinar, planejar, assessorar, executar, coordenar, supervisionar e avaliar a\u00e7\u00f5es durante a pr\u00e1tica docente.<\/p><p><a href=\"https:\/\/www2.unifap.br\/ead\/edf\/\" data-wplink-edit=\"true\"><strong>Saiba mais<\/strong><\/a><\/p><\/div>\n\t\t\t\t<\/div>\n\t\t\t\t\t\t\t<div class=\"elementor-toggle-item\">\n\t\t\t\t\t<div id=\"elementor-tab-title-1204\" class=\"elementor-tab-title\" data-tab=\"4\" role=\"button\" aria-controls=\"elementor-tab-content-1204\" aria-expanded=\"false\">\n\t\t\t\t\t\t\t\t\t\t\t\t<span class=\"elementor-toggle-icon elementor-toggle-icon-right\" aria-hidden=\"true\">\n\t\t\t\t\t\t\t\t\t\t\t\t\t\t\t<span class=\"elementor-toggle-icon-closed\"><i class=\"fas fa-caret-right\"><\/i><\/span>\n\t\t\t\t\t\t\t\t<span class=\"elementor-toggle-icon-opened\"><i class=\"elementor-toggle-icon-opened fas fa-caret-up\"><\/i><\/span>\n\t\t\t\t\t\t\t\t\t\t\t\t\t<\/span>\n\t\t\t\t\t\t\t\t\t\t\t\t<a class=\"elementor-toggle-title\" tabindex=\"0\">Licenciatura em Sociologia<\/a>\n\t\t\t\t\t<\/div>\n\n\t\t\t\t\t<div id=\"elementor-tab-content-1204\" class=\"elementor-tab-content elementor-clearfix\" data-tab=\"4\" role=\"region\" aria-labelledby=\"elementor-tab-title-1204\"><p><strong>Objetivo:<\/strong><\/p><ul><li>Formar Licenciados em Sociologia habilitados para atuar no Ensino M\u00e9dio na rede p\u00fablica e privada.<\/li><li>\u00a0Formar profissionais para a produ\u00e7\u00e3o e socializa\u00e7\u00e3o de conhecimento acerca da cultura, pol\u00edtica e social.<\/li><\/ul><p><a href=\"https:\/\/www2.unifap.br\/ead\/sociologiaead\/\" data-wplink-edit=\"true\"><strong>Saiba mais<\/strong><\/a><\/p><\/div>\n\t\t\t\t<\/div>\n\t\t\t\t\t\t\t<div class=\"elementor-toggle-item\">\n\t\t\t\t\t<div id=\"elementor-tab-title-1205\" class=\"elementor-tab-title\" data-tab=\"5\" role=\"button\" aria-controls=\"elementor-tab-content-1205\" aria-expanded=\"false\">\n\t\t\t\t\t\t\t\t\t\t\t\t<span class=\"elementor-toggle-icon elementor-toggle-icon-right\" aria-hidden=\"true\">\n\t\t\t\t\t\t\t\t\t\t\t\t\t\t\t<span class=\"elementor-toggle-icon-closed\"><i class=\"fas fa-caret-right\"><\/i><\/span>\n\t\t\t\t\t\t\t\t<span class=\"elementor-toggle-icon-opened\"><i class=\"elementor-toggle-icon-opened fas fa-caret-up\"><\/i><\/span>\n\t\t\t\t\t\t\t\t\t\t\t\t\t<\/span>\n\t\t\t\t\t\t\t\t\t\t\t\t<a class=\"elementor-toggle-title\" tabindex=\"0\">Licenciatura em Letras Portugu\u00eas<\/a>\n\t\t\t\t\t<\/div>\n\n\t\t\t\t\t<div id=\"elementor-tab-content-1205\" class=\"elementor-tab-content elementor-clearfix\" data-tab=\"5\" role=\"region\" aria-labelledby=\"elementor-tab-title-1205\"><ul><li><strong>Objetivo Geral:<\/strong>\u00a0O Curso de Licenciatura em Letras Portugu\u00eas na modalidade a dist\u00e2ncia visa formar o licenciado em L\u00edngua Portuguesa de acordo com o contexto e necessidades locais e com o objetivo de atua\u00e7\u00e3o te\u00f3rico-pr\u00e1tica sob a realidade regional. Tem, ainda, por objetivo formar profissionais para atuar no Ensino M\u00e9dio na rede p\u00fablica e privada, mantendo a tradi\u00e7\u00e3o de ensino de qualidade na UNIFAP.<\/li><\/ul><p><a href=\"https:\/\/www2.unifap.br\/ead\/letras-portugues\/\" data-wplink-edit=\"true\"><strong>Saiba mais<\/strong><\/a><\/p><\/div>\n\t\t\t\t<\/div>\n\t\t\t\t\t\t\t<div class=\"elementor-toggle-item\">\n\t\t\t\t\t<div id=\"elementor-tab-title-1206\" class=\"elementor-tab-title\" data-tab=\"6\" role=\"button\" aria-controls=\"elementor-tab-content-1206\" aria-expanded=\"false\">\n\t\t\t\t\t\t\t\t\t\t\t\t<span class=\"elementor-toggle-icon elementor-toggle-icon-right\" aria-hidden=\"true\">\n\t\t\t\t\t\t\t\t\t\t\t\t\t\t\t<span class=\"elementor-toggle-icon-closed\"><i class=\"fas fa-caret-right\"><\/i><\/span>\n\t\t\t\t\t\t\t\t<span class=\"elementor-toggle-icon-opened\"><i class=\"elementor-toggle-icon-opened fas fa-caret-up\"><\/i><\/span>\n\t\t\t\t\t\t\t\t\t\t\t\t\t<\/span>\n\t\t\t\t\t\t\t\t\t\t\t\t<a class=\"elementor-toggle-title\" tabindex=\"0\">Licenciatura em Letras Ingl\u00eas<\/a>\n\t\t\t\t\t<\/div>\n\n\t\t\t\t\t<div id=\"elementor-tab-content-1206\" class=\"elementor-tab-content elementor-clearfix\" data-tab=\"6\" role=\"region\" aria-labelledby=\"elementor-tab-title-1206\"><ul><li><strong>Objetivo Geral:<\/strong>\u00a0 Formar profissionais interculturalmente competentes, capazes de lidar, de forma cr\u00edtica, com as linguagens, especialmente a verbal, nos contextos orais e escritos, e conscientes de sua inser\u00e7\u00e3o na sociedade e das rela\u00e7\u00f5es com o outro. O profissional de Letras Ingl\u00eas deve ter dom\u00ednio do uso da l\u00edngua que \u00e9 objeto de seu estudo, em termos de sua estrutura, funcionamento e manifesta\u00e7\u00f5es culturais, al\u00e9m de ter consci\u00eancia das variedades lingu\u00edsticas e culturais. Deve ser capaz de refletir teoricamente sobre a linguagem, de fazer uso de novas tecnologias e de compreender sua forma\u00e7\u00e3o profissional como processo cont\u00ednuo, aut\u00f4nomo e permanente. O profissional deve, ainda, ter capacidade de reflex\u00e3o cr\u00edtica sobre temas e quest\u00f5es relativas aos conhecimentos lingu\u00edsticos e liter\u00e1rios. Assim, prev\u00ea-se, sobretudo, a forma\u00e7\u00e3o de um profissional cr\u00edtico, reflexivo e investigativo, que esteja preparado para exercer uma pr\u00e1tica cotidiana de forma\u00e7\u00e3o continuada, considerando o eixo tem\u00e1tico do curso: a linguagem.<\/li><\/ul><p><a href=\"https:\/\/www2.unifap.br\/ead\/li\/\" data-wplink-edit=\"true\"><strong>Saiba mais<\/strong><\/a><\/p><\/div>\n\t\t\t\t<\/div>\n\t\t\t\t\t\t\t\t<\/div>\n\t\t\t\t\t\t<\/div>\n\t\t\t\t<\/div>\n\t\t\t\t\t<\/div>\n\t\t<\/div>\n\t\t\t\t\t<\/div>\n\t\t<\/section>\n\t\t\t\t<section class=\"elementor-section elementor-top-section elementor-element elementor-element-93c228b elementor-section-boxed elementor-section-height-default elementor-section-height-default\" data-id=\"93c228b\" data-element_type=\"section\" data-e-type=\"section\">\n\t\t\t\t\t\t<div class=\"elementor-container elementor-column-gap-default\">\n\t\t\t\t\t<div class=\"elementor-column elementor-col-100 elementor-top-column elementor-element elementor-element-a7bd729\" data-id=\"a7bd729\" data-element_type=\"column\" data-e-type=\"column\">\n\t\t\t<div class=\"elementor-widget-wrap elementor-element-populated\">\n\t\t\t\t\t\t<div class=\"elementor-element elementor-element-46fe02e elementor-widget elementor-widget-spacer\" data-id=\"46fe02e\" data-element_type=\"widget\" data-e-type=\"widget\" data-widget_type=\"spacer.default\">\n\t\t\t\t<div class=\"elementor-widget-container\">\n\t\t\t\t\t\t\t<div class=\"elementor-spacer\">\n\t\t\t<div class=\"elementor-spacer-inner\"><\/div>\n\t\t<\/div>\n\t\t\t\t\t\t<\/div>\n\t\t\t\t<\/div>\n\t\t\t\t\t<\/div>\n\t\t<\/div>\n\t\t\t\t\t<\/div>\n\t\t<\/section>\n\t\t\t\t<section class=\"elementor-section elementor-top-section elementor-element elementor-element-e0cf511 elementor-section-content-middle elementor-section-boxed elementor-section-height-default elementor-section-height-default\" data-id=\"e0cf511\" data-element_type=\"section\" data-e-type=\"section\" data-settings=\"{&quot;background_background&quot;:&quot;classic&quot;}\">\n\t\t\t\t\t\t<div class=\"elementor-container elementor-column-gap-no\">\n\t\t\t\t\t<div class=\"elementor-column elementor-col-50 elementor-top-column elementor-element elementor-element-438f504\" data-id=\"438f504\" data-element_type=\"column\" data-e-type=\"column\">\n\t\t\t<div class=\"elementor-widget-wrap elementor-element-populated\">\n\t\t\t\t\t\t<div class=\"elementor-element elementor-element-6f76839 elementor-widget elementor-widget-heading\" data-id=\"6f76839\" data-element_type=\"widget\" data-e-type=\"widget\" data-widget_type=\"heading.default\">\n\t\t\t\t<div class=\"elementor-widget-container\">\n\t\t\t\t\t<h6 class=\"elementor-heading-title elementor-size-default\">Cursos de<\/h6>\t\t\t\t<\/div>\n\t\t\t\t<\/div>\n\t\t\t\t<div class=\"elementor-element elementor-element-6186929 elementor-widget elementor-widget-heading\" data-id=\"6186929\" data-element_type=\"widget\" data-e-type=\"widget\" data-widget_type=\"heading.default\">\n\t\t\t\t<div class=\"elementor-widget-container\">\n\t\t\t\t\t<h5 class=\"elementor-heading-title elementor-size-default\">P\u00f3s-gradua\u00e7\u00e3o <\/h5>\t\t\t\t<\/div>\n\t\t\t\t<\/div>\n\t\t\t\t\t<\/div>\n\t\t<\/div>\n\t\t\t\t<div class=\"elementor-column elementor-col-50 elementor-top-column elementor-element elementor-element-61e998d\" data-id=\"61e998d\" data-element_type=\"column\" data-e-type=\"column\">\n\t\t\t<div class=\"elementor-widget-wrap elementor-element-populated\">\n\t\t\t\t\t\t<div class=\"elementor-element elementor-element-93c9cb9 elementor-widget elementor-widget-text-editor\" data-id=\"93c9cb9\" data-element_type=\"widget\" data-e-type=\"widget\" data-widget_type=\"text-editor.default\">\n\t\t\t\t<div class=\"elementor-widget-container\">\n\t\t\t\t\t\t\t\t\t<ul><li><strong><span style=\"color: #000000\"><a style=\"color: #000000\" href=\"https:\/\/www2.unifap.br\/ead\/pos-gestao-em-saude\/\">Gest\u00e3o em Sa\u00fade<\/a><\/span><\/strong><\/li><li><strong><span style=\"color: #000000\"><a style=\"color: #000000\" href=\"https:\/\/www2.unifap.br\/ead\/pos-docencia-para-educacao-penitenciaria\/\">Doc\u00eancia para Educa\u00e7\u00e3o Penitenci\u00e1ria<\/a><\/span><\/strong><\/li><li><strong><span style=\"color: #000000\"><a style=\"color: #000000\" href=\"https:\/\/www2.unifap.br\/ead\/pos-midias-na-educacao\/\">M\u00eddias na Educa\u00e7\u00e3o<\/a><\/span><\/strong><\/li><li><strong><span style=\"color: #000000\"><a style=\"color: #000000\" href=\"https:\/\/www2.unifap.br\/ead\/pos-uniafro\/\">Pol\u00edticas de Promo\u00e7\u00e3o em Igualdade Racial na Escola<\/a><\/span><\/strong><\/li><li><strong><span style=\"color: #000000\"><a style=\"color: #000000\" href=\"https:\/\/www2.unifap.br\/ead\/pos-graduacao-em-docencia-universitaria\/\">Doc\u00eancia Universit\u00e1ria<\/a><\/span><\/strong><\/li><li><strong><span style=\"color: #000000\"><a style=\"color: #000000\" href=\"https:\/\/www2.unifap.br\/ead\/pos-matematica-no-ensino-medio\/\">Ensino de Matem\u00e1tica no Ensino M\u00e9dio<\/a><\/span><\/strong><\/li><li><strong><span style=\"color: #000000\"><a style=\"color: #000000\" href=\"https:\/\/www2.unifap.br\/ead\/pos-sociologia-no-ensino-medio\/\">Ensino de Sociologia no Ensino M\u00e9dio<\/a><\/span><\/strong><\/li><li><strong><span style=\"color: #000000\"><a style=\"color: #000000\" href=\"https:\/\/www2.unifap.br\/ead\/pos-filosofia-no-ensino-medio\/\">Ensino de Filosofia no Ensino M\u00e9dio<\/a><\/span><\/strong><\/li><li><strong><span style=\"color: #000000\"><a style=\"color: #000000\" href=\"https:\/\/www2.unifap.br\/ead\/pos-defesa-e-seguranca-publica-no-amapa\/\">Defesa e Seguran\u00e7a P\u00fablica no Amap\u00e1<\/a><\/span><\/strong><\/li><li><span style=\"color: #000000\"><strong>Ensino de Ci\u00eancias, <\/strong><\/span><span style=\"color: #000000\"><strong>Matem\u00e1tica e suas Tecnologias<\/strong><\/span><\/li><li><p class=\"p1\"><span style=\"color: #333333\"><strong>Audiodescri\u00e7\u00e3o<\/strong><\/span><\/p><\/li><li><a href=\"https:\/\/moodle.unifap.br\/course\/index.php?categoryid=102\"><span style=\"color: #000000\"><strong>Especializa\u00e7\u00e3o em Gest\u00e3o P\u00fablica<\/strong><\/span><\/a><\/li><li><p class=\"p1\"><strong><span style=\"color: #000000\">Direito Media\u00e7\u00e3o e Resolu\u00e7\u00e3o de Conflitos<\/span><\/strong><\/p><\/li><\/ul>\t\t\t\t\t\t\t\t<\/div>\n\t\t\t\t<\/div>\n\t\t\t\t\t<\/div>\n\t\t<\/div>\n\t\t\t\t\t<\/div>\n\t\t<\/section>\n\t\t\t\t<\/div>\n\t\t","protected":false},"excerpt":{"rendered":"<p>Cursos de Gradua\u00e7\u00e3o Bacharelado em Administra\u00e7\u00e3o P\u00fablica Licenciatura em Matem\u00e1tica Licenciatura em Educa\u00e7\u00e3o F\u00edsica Licenciatura em Sociologia Licenciatura em Letras Portugu\u00eas Licenciatura em Letras Ingl\u00eas Bacharelado em Administra\u00e7\u00e3o P\u00fablica Objetivo&#8230;<\/p>\n","protected":false},"author":926,"featured_media":0,"parent":0,"menu_order":0,"comment_status":"closed","ping_status":"closed","template":"","meta":{"inline_featured_image":false,"ngg_post_thumbnail":0,"footnotes":""},"class_list":["post-23965","page","type-page","status-publish","hentry","entry"],"_links":{"self":[{"href":"https:\/\/www2.unifap.br\/ead\/wp-json\/wp\/v2\/pages\/23965","targetHints":{"allow":["GET"]}}],"collection":[{"href":"https:\/\/www2.unifap.br\/ead\/wp-json\/wp\/v2\/pages"}],"about":[{"href":"https:\/\/www2.unifap.br\/ead\/wp-json\/wp\/v2\/types\/page"}],"author":[{"embeddable":true,"href":"https:\/\/www2.unifap.br\/ead\/wp-json\/wp\/v2\/users\/926"}],"replies":[{"embeddable":true,"href":"https:\/\/www2.unifap.br\/ead\/wp-json\/wp\/v2\/comments?post=23965"}],"version-history":[{"count":53,"href":"https:\/\/www2.unifap.br\/ead\/wp-json\/wp\/v2\/pages\/23965\/revisions"}],"predecessor-version":[{"id":33183,"href":"https:\/\/www2.unifap.br\/ead\/wp-json\/wp\/v2\/pages\/23965\/revisions\/33183"}],"wp:attachment":[{"href":"https:\/\/www2.unifap.br\/ead\/wp-json\/wp\/v2\/media?parent=23965"}],"curies":[{"name":"wp","href":"https:\/\/api.w.org\/{rel}","templated":true}]}}