{"id":24054,"date":"2021-02-06T15:01:18","date_gmt":"2021-02-06T18:01:18","guid":{"rendered":"http:\/\/www2.unifap.br\/ead\/?page_id=24054"},"modified":"2021-02-06T15:13:14","modified_gmt":"2021-02-06T18:13:14","slug":"licenciatura-em-sociologia-2","status":"publish","type":"page","link":"https:\/\/www2.unifap.br\/ead\/licenciatura-em-sociologia-2\/","title":{"rendered":"Licenciatura em Sociologia"},"content":{"rendered":"\t\t<div data-elementor-type=\"wp-page\" data-elementor-id=\"24054\" class=\"elementor elementor-24054\">\n\t\t\t\t\t\t<section class=\"elementor-section elementor-top-section elementor-element elementor-element-4a5c649 elementor-section-content-middle elementor-section-boxed elementor-section-height-default elementor-section-height-default\" data-id=\"4a5c649\" data-element_type=\"section\" data-e-type=\"section\" data-settings=\"{&quot;background_background&quot;:&quot;classic&quot;}\">\n\t\t\t\t\t\t<div class=\"elementor-container elementor-column-gap-no\">\n\t\t\t\t\t<div class=\"elementor-column elementor-col-50 elementor-top-column elementor-element elementor-element-ea15033\" data-id=\"ea15033\" data-element_type=\"column\" data-e-type=\"column\">\n\t\t\t<div class=\"elementor-widget-wrap elementor-element-populated\">\n\t\t\t\t\t\t<div class=\"elementor-element elementor-element-0b2bcf5 elementor-widget elementor-widget-heading\" data-id=\"0b2bcf5\" data-element_type=\"widget\" data-e-type=\"widget\" data-widget_type=\"heading.default\">\n\t\t\t\t<div class=\"elementor-widget-container\">\n\t\t\t\t\t<h6 class=\"elementor-heading-title elementor-size-default\">Licenciatura em  <\/h6>\t\t\t\t<\/div>\n\t\t\t\t<\/div>\n\t\t\t\t<div class=\"elementor-element elementor-element-b4426ea elementor-widget elementor-widget-heading\" data-id=\"b4426ea\" data-element_type=\"widget\" data-e-type=\"widget\" data-widget_type=\"heading.default\">\n\t\t\t\t<div class=\"elementor-widget-container\">\n\t\t\t\t\t<h5 class=\"elementor-heading-title elementor-size-default\">Sociologia<\/h5>\t\t\t\t<\/div>\n\t\t\t\t<\/div>\n\t\t\t\t\t<\/div>\n\t\t<\/div>\n\t\t\t\t<div class=\"elementor-column elementor-col-50 elementor-top-column elementor-element elementor-element-86acc07\" data-id=\"86acc07\" data-element_type=\"column\" data-e-type=\"column\">\n\t\t\t<div class=\"elementor-widget-wrap elementor-element-populated\">\n\t\t\t\t\t\t<div class=\"elementor-element elementor-element-2472202 elementor-widget elementor-widget-heading\" data-id=\"2472202\" data-element_type=\"widget\" data-e-type=\"widget\" data-widget_type=\"heading.default\">\n\t\t\t\t<div class=\"elementor-widget-container\">\n\t\t\t\t\t<h2 class=\"elementor-heading-title elementor-size-default\">Apresenta\u00e7\u00e3o do Curso<\/h2>\t\t\t\t<\/div>\n\t\t\t\t<\/div>\n\t\t\t\t<div class=\"elementor-element elementor-element-f8ef92b elementor-widget elementor-widget-text-editor\" data-id=\"f8ef92b\" data-element_type=\"widget\" data-e-type=\"widget\" data-widget_type=\"text-editor.default\">\n\t\t\t\t<div class=\"elementor-widget-container\">\n\t\t\t\t\t\t\t\t\t<p><strong>Objetivo:<\/strong><\/p><ul><li>Formar Licenciados em Sociologia habilitados para atuar no Ensino M\u00e9dio na rede p\u00fablica e privada.<\/li><li>\u00a0Formar profissionais para a produ\u00e7\u00e3o e socializa\u00e7\u00e3o de conhecimento acerca da cultura, pol\u00edtica e social.<\/li><\/ul><p><strong>N\u00edvel:<\/strong> Gradua\u00e7\u00e3o.\u00a0<strong>Dura\u00e7\u00e3o:<\/strong> 4 anos<\/p>\t\t\t\t\t\t\t\t<\/div>\n\t\t\t\t<\/div>\n\t\t\t\t<div class=\"elementor-element elementor-element-a5d420f elementor-widget elementor-widget-text-editor\" data-id=\"a5d420f\" data-element_type=\"widget\" data-e-type=\"widget\" data-widget_type=\"text-editor.default\">\n\t\t\t\t<div class=\"elementor-widget-container\">\n\t\t\t\t\t\t\t\t\t<p><strong>Coordenadora<\/strong><\/p><p>Carmentilla das Chagas Martins<\/p><p>Email: sociologia.deadunifap@gmail.com<\/p>\t\t\t\t\t\t\t\t<\/div>\n\t\t\t\t<\/div>\n\t\t\t\t\t<\/div>\n\t\t<\/div>\n\t\t\t\t\t<\/div>\n\t\t<\/section>\n\t\t\t\t<section class=\"elementor-section elementor-top-section elementor-element elementor-element-0a62bd0 elementor-section-boxed elementor-section-height-default elementor-section-height-default\" data-id=\"0a62bd0\" data-element_type=\"section\" data-e-type=\"section\">\n\t\t\t\t\t\t<div class=\"elementor-container elementor-column-gap-default\">\n\t\t\t\t\t<div class=\"elementor-column elementor-col-100 elementor-top-column elementor-element elementor-element-6b8c92f\" data-id=\"6b8c92f\" data-element_type=\"column\" data-e-type=\"column\">\n\t\t\t<div class=\"elementor-widget-wrap elementor-element-populated\">\n\t\t\t\t\t\t<div class=\"elementor-element elementor-element-463b5a4 elementor-widget elementor-widget-spacer\" data-id=\"463b5a4\" data-element_type=\"widget\" data-e-type=\"widget\" data-widget_type=\"spacer.default\">\n\t\t\t\t<div class=\"elementor-widget-container\">\n\t\t\t\t\t\t\t<div class=\"elementor-spacer\">\n\t\t\t<div class=\"elementor-spacer-inner\"><\/div>\n\t\t<\/div>\n\t\t\t\t\t\t<\/div>\n\t\t\t\t<\/div>\n\t\t\t\t\t<\/div>\n\t\t<\/div>\n\t\t\t\t\t<\/div>\n\t\t<\/section>\n\t\t\t\t<section class=\"elementor-section elementor-top-section elementor-element elementor-element-28c087d elementor-section-content-middle elementor-section-boxed elementor-section-height-default elementor-section-height-default\" data-id=\"28c087d\" data-element_type=\"section\" data-e-type=\"section\" data-settings=\"{&quot;background_background&quot;:&quot;classic&quot;}\">\n\t\t\t\t\t\t<div class=\"elementor-container elementor-column-gap-no\">\n\t\t\t\t\t<div class=\"elementor-column elementor-col-50 elementor-top-column elementor-element elementor-element-cd95cd1\" data-id=\"cd95cd1\" data-element_type=\"column\" data-e-type=\"column\">\n\t\t\t<div class=\"elementor-widget-wrap elementor-element-populated\">\n\t\t\t\t\t\t<div class=\"elementor-element elementor-element-00b263c elementor-widget elementor-widget-heading\" data-id=\"00b263c\" data-element_type=\"widget\" data-e-type=\"widget\" data-widget_type=\"heading.default\">\n\t\t\t\t<div class=\"elementor-widget-container\">\n\t\t\t\t\t<h6 class=\"elementor-heading-title elementor-size-default\">Licenciatura em <\/h6>\t\t\t\t<\/div>\n\t\t\t\t<\/div>\n\t\t\t\t<div class=\"elementor-element elementor-element-7d02e76 elementor-widget elementor-widget-heading\" data-id=\"7d02e76\" data-element_type=\"widget\" data-e-type=\"widget\" data-widget_type=\"heading.default\">\n\t\t\t\t<div class=\"elementor-widget-container\">\n\t\t\t\t\t<h5 class=\"elementor-heading-title elementor-size-default\">Sociologia<\/h5>\t\t\t\t<\/div>\n\t\t\t\t<\/div>\n\t\t\t\t<div class=\"elementor-element elementor-element-f5a8891 elementor-widget-divider--view-line elementor-widget elementor-widget-divider\" data-id=\"f5a8891\" data-element_type=\"widget\" data-e-type=\"widget\" data-widget_type=\"divider.default\">\n\t\t\t\t<div class=\"elementor-widget-container\">\n\t\t\t\t\t\t\t<div class=\"elementor-divider\">\n\t\t\t<span class=\"elementor-divider-separator\">\n\t\t\t\t\t\t<\/span>\n\t\t<\/div>\n\t\t\t\t\t\t<\/div>\n\t\t\t\t<\/div>\n\t\t\t\t<div class=\"elementor-element elementor-element-3d05616 elementor-widget elementor-widget-heading\" data-id=\"3d05616\" data-element_type=\"widget\" data-e-type=\"widget\" data-widget_type=\"heading.default\">\n\t\t\t\t<div class=\"elementor-widget-container\">\n\t\t\t\t\t<h5 class=\"elementor-heading-title elementor-size-default\">Informa\u00e7\u00f5es<\/h5>\t\t\t\t<\/div>\n\t\t\t\t<\/div>\n\t\t\t\t\t<\/div>\n\t\t<\/div>\n\t\t\t\t<div class=\"elementor-column elementor-col-50 elementor-top-column elementor-element elementor-element-95a2d0b\" data-id=\"95a2d0b\" data-element_type=\"column\" data-e-type=\"column\">\n\t\t\t<div class=\"elementor-widget-wrap elementor-element-populated\">\n\t\t\t\t\t\t<div class=\"elementor-element elementor-element-7e7441a elementor-widget elementor-widget-toggle\" data-id=\"7e7441a\" data-element_type=\"widget\" data-e-type=\"widget\" data-widget_type=\"toggle.default\">\n\t\t\t\t<div class=\"elementor-widget-container\">\n\t\t\t\t\t\t\t<div class=\"elementor-toggle\">\n\t\t\t\t\t\t\t<div class=\"elementor-toggle-item\">\n\t\t\t\t\t<div id=\"elementor-tab-title-1321\" class=\"elementor-tab-title\" data-tab=\"1\" role=\"button\" aria-controls=\"elementor-tab-content-1321\" aria-expanded=\"false\">\n\t\t\t\t\t\t\t\t\t\t\t\t<span class=\"elementor-toggle-icon elementor-toggle-icon-right\" aria-hidden=\"true\">\n\t\t\t\t\t\t\t\t\t\t\t\t\t\t\t<span class=\"elementor-toggle-icon-closed\"><i class=\"fas fa-caret-right\"><\/i><\/span>\n\t\t\t\t\t\t\t\t<span class=\"elementor-toggle-icon-opened\"><i class=\"elementor-toggle-icon-opened fas fa-caret-up\"><\/i><\/span>\n\t\t\t\t\t\t\t\t\t\t\t\t\t<\/span>\n\t\t\t\t\t\t\t\t\t\t\t\t<a class=\"elementor-toggle-title\" tabindex=\"0\">Metodologia<\/a>\n\t\t\t\t\t<\/div>\n\n\t\t\t\t\t<div id=\"elementor-tab-content-1321\" class=\"elementor-tab-content elementor-clearfix\" data-tab=\"1\" role=\"region\" aria-labelledby=\"elementor-tab-title-1321\"><p>A proposta metodol\u00f3gica do curso de Sociologia \u2013 licenciatura na modalidade EaD \u2013 constitui-se em articular os diferentes momentos formativos, previstos em sua matriz curricular, tendo como concep\u00e7\u00e3o uma aprendizagem plena, consciente, criativa e critica. Desta forma, as disciplinas que ir\u00e3o compor o curso estar\u00e3o organizadas em conson\u00e2ncia com as orienta\u00e7\u00f5es e reflex\u00f5es elaboradas pelo corpo docente, respons\u00e1veis pela media\u00e7\u00e3o do processo de aprendizagem.<\/p><p>A metodologia que permear\u00e1 as a\u00e7\u00f5es do curso prima por planos de ensino interdisciplinares e dial\u00f3gicos, evidenciando, principalmente as rela\u00e7\u00f5es estabelecidas nos diversos eixos que comp\u00f5em a matriz curricular. Assim, os princ\u00edpios metodol\u00f3gicos que nortear\u00e3o o processo de ensino-aprendizagem da licenciatura em Ci\u00eancias Sociais \u00e0 distancia tomar\u00e3o por base a an\u00e1lise de situa\u00e7\u00f5es sociais e pol\u00edticas como estrat\u00e9gia did\u00e1tica.<\/p><p>Os conte\u00fados abordados durante as aulas na modalidade a dist\u00e2ncia ser\u00e3o desenvolvidos e executados tanto na\u00a0<i><a href=\"http:\/\/moodle2.unifap.br\/\">plataforma\u00a0<\/a><\/i><em><a href=\"http:\/\/moodle2.unifap.br\/\">moodle<\/a>\u00a0<\/em>como em aulas presenciais, por meio de estrat\u00e9gias fundamentadas em trabalhos colaborativos, auto-aprendizagem e na articula\u00e7\u00e3o da teoria com a pr\u00e1tica de ensino.<\/p><p>Com intuito de evitar a evas\u00e3o e as dificuldades que prejudiquem o bom aproveitamento dos alunos ao longo do curso, o processo de sele\u00e7\u00e3o incluir\u00e1 a realiza\u00e7\u00e3o de um curso pr\u00e9vio que denominamos\u00a0<em>\u201cM\u00f3dulo de Acesso\u201d.<\/em>\u00a0Esse curso favorecer\u00e1 a aquisi\u00e7\u00e3o de habilidades necess\u00e1rias aos alunos de EaD, assim como a sele\u00e7\u00e3o pr\u00e9via daqueles que possuam ou alcan\u00e7arem as habilidades necess\u00e1rias \u00e0 realiza\u00e7\u00e3o de atividades e procedimentos fundamentais na educa\u00e7\u00e3o a dist\u00e2ncia.<\/p><p>O processo de ensino e aprendizagem na\u00a0<i><a href=\"http:\/\/moodle2.unifap.br\/\">plataforma moodle<\/a><\/i>\u00a0ser\u00e1 planejado por professores formadores os quais ir\u00e3o propor, escrever e planejar os m\u00f3dulos disciplinares, e na sua execu\u00e7\u00e3o tanto a dist\u00e2ncia como presencial receber\u00e3o a ajuda dos tutores (presenciais e a dist\u00e2ncia). Durante o curso ser\u00e3o utilizados in\u00fameros recursos did\u00e1ticos pedag\u00f3gicos, tendo como aliado fundamental as ferramentas disponibilizadas pela\u00a0<i><a href=\"http:\/\/moodle2.unifap.br\/\">plataforma moodle<\/a><\/i>.<\/p><p>A ferramenta utilizada no\u00a0<a href=\"http:\/\/moodle2.unifap.br\/\">Ambiente Virtual de Aprendizagem<\/a>\u00a0para proporcionar a intera\u00e7\u00e3o entre o aluno e a tutoria on-line \u00e9 o F\u00f3rum de Discuss\u00e3o, sendo que este por sua vez permite a comunica\u00e7\u00e3o promovendo a aprendizagem colaborativa e a intera\u00e7\u00e3o entre alunos e tutores on-line.<\/p><p>A troca de conhecimento e informa\u00e7\u00f5es entre a tutoria on-line e tutoria presencial \u00e9 feita atrav\u00e9s da ferramenta de e-mail, telefone e um f\u00f3rum espec\u00edfico no Ambiente Virtual para troca de experi\u00eancias entre todos que fazem parte do processo ensino-aprendizagem (tutores presenciais, coordena\u00e7\u00e3o de EAD e tutores on-line).<\/p><\/div>\n\t\t\t\t<\/div>\n\t\t\t\t\t\t\t<div class=\"elementor-toggle-item\">\n\t\t\t\t\t<div id=\"elementor-tab-title-1322\" class=\"elementor-tab-title\" data-tab=\"2\" role=\"button\" aria-controls=\"elementor-tab-content-1322\" aria-expanded=\"false\">\n\t\t\t\t\t\t\t\t\t\t\t\t<span class=\"elementor-toggle-icon elementor-toggle-icon-right\" aria-hidden=\"true\">\n\t\t\t\t\t\t\t\t\t\t\t\t\t\t\t<span class=\"elementor-toggle-icon-closed\"><i class=\"fas fa-caret-right\"><\/i><\/span>\n\t\t\t\t\t\t\t\t<span class=\"elementor-toggle-icon-opened\"><i class=\"elementor-toggle-icon-opened fas fa-caret-up\"><\/i><\/span>\n\t\t\t\t\t\t\t\t\t\t\t\t\t<\/span>\n\t\t\t\t\t\t\t\t\t\t\t\t<a class=\"elementor-toggle-title\" tabindex=\"0\">Disciplinas<\/a>\n\t\t\t\t\t<\/div>\n\n\t\t\t\t\t<div id=\"elementor-tab-content-1322\" class=\"elementor-tab-content elementor-clearfix\" data-tab=\"2\" role=\"region\" aria-labelledby=\"elementor-tab-title-1322\"><p>A estrutura curricular do curso de Licenciatura em Sociologia \u00e0 dist\u00e2ncia \u00e9 coerente com os objetivos do curso e expressa, na organiza\u00e7\u00e3o das disciplinas, o perfil profissional do egresso. Contempla os tr\u00eas momentos de forma\u00e7\u00e3o \u2013 espec\u00edfica, pedag\u00f3gica e livre, garantido simultaneamente flexibilidade de percursos formativos e diferentes trajet\u00f3rias de forma\u00e7\u00e3o. Atende tamb\u00e9m a resolu\u00e7\u00e3o CNE\/CP 2, de 19 de fevereiro de 2002 que institui a dura\u00e7\u00e3o e a carga hor\u00e1ria dos cursos de licenciatura, definindo a obrigatoriedade m\u00ednima de 400 h para pr\u00e1tica docente e est\u00e1gio supervisionado e 200 horas de atividades complementares.<\/p><\/div>\n\t\t\t\t<\/div>\n\t\t\t\t\t\t\t<div class=\"elementor-toggle-item\">\n\t\t\t\t\t<div id=\"elementor-tab-title-1323\" class=\"elementor-tab-title\" data-tab=\"3\" role=\"button\" aria-controls=\"elementor-tab-content-1323\" aria-expanded=\"false\">\n\t\t\t\t\t\t\t\t\t\t\t\t<span class=\"elementor-toggle-icon elementor-toggle-icon-right\" aria-hidden=\"true\">\n\t\t\t\t\t\t\t\t\t\t\t\t\t\t\t<span class=\"elementor-toggle-icon-closed\"><i class=\"fas fa-caret-right\"><\/i><\/span>\n\t\t\t\t\t\t\t\t<span class=\"elementor-toggle-icon-opened\"><i class=\"elementor-toggle-icon-opened fas fa-caret-up\"><\/i><\/span>\n\t\t\t\t\t\t\t\t\t\t\t\t\t<\/span>\n\t\t\t\t\t\t\t\t\t\t\t\t<a class=\"elementor-toggle-title\" tabindex=\"0\">Documentos<\/a>\n\t\t\t\t\t<\/div>\n\n\t\t\t\t\t<div id=\"elementor-tab-content-1323\" class=\"elementor-tab-content elementor-clearfix\" data-tab=\"3\" role=\"region\" aria-labelledby=\"elementor-tab-title-1323\"><ul><li><a href=\"http:\/\/www2.unifap.br\/ead\/files\/2019\/10\/MATRIZ-CURRICULAR-LICENCIATURA-SOCIOLOGIA-EAD-UNIFAP.pdf\">Baixar a Matriz Curricular do curso<\/a><\/li><\/ul><\/div>\n\t\t\t\t<\/div>\n\t\t\t\t\t\t\t<div class=\"elementor-toggle-item\">\n\t\t\t\t\t<div id=\"elementor-tab-title-1324\" class=\"elementor-tab-title\" data-tab=\"4\" role=\"button\" aria-controls=\"elementor-tab-content-1324\" aria-expanded=\"false\">\n\t\t\t\t\t\t\t\t\t\t\t\t<span class=\"elementor-toggle-icon elementor-toggle-icon-right\" aria-hidden=\"true\">\n\t\t\t\t\t\t\t\t\t\t\t\t\t\t\t<span class=\"elementor-toggle-icon-closed\"><i class=\"fas fa-caret-right\"><\/i><\/span>\n\t\t\t\t\t\t\t\t<span class=\"elementor-toggle-icon-opened\"><i class=\"elementor-toggle-icon-opened fas fa-caret-up\"><\/i><\/span>\n\t\t\t\t\t\t\t\t\t\t\t\t\t<\/span>\n\t\t\t\t\t\t\t\t\t\t\t\t<a class=\"elementor-toggle-title\" tabindex=\"0\">Calend\u00e1rio<\/a>\n\t\t\t\t\t<\/div>\n\n\t\t\t\t\t<div id=\"elementor-tab-content-1324\" class=\"elementor-tab-content elementor-clearfix\" data-tab=\"4\" role=\"region\" aria-labelledby=\"elementor-tab-title-1324\"><\/div>\n\t\t\t\t<\/div>\n\t\t\t\t\t\t\t\t<\/div>\n\t\t\t\t\t\t<\/div>\n\t\t\t\t<\/div>\n\t\t\t\t\t<\/div>\n\t\t<\/div>\n\t\t\t\t\t<\/div>\n\t\t<\/section>\n\t\t\t\t<section class=\"elementor-section elementor-top-section elementor-element elementor-element-a058fe2 elementor-section-boxed elementor-section-height-default elementor-section-height-default\" data-id=\"a058fe2\" data-element_type=\"section\" data-e-type=\"section\">\n\t\t\t\t\t\t<div class=\"elementor-container elementor-column-gap-default\">\n\t\t\t\t\t<div class=\"elementor-column elementor-col-100 elementor-top-column elementor-element elementor-element-9f10459\" data-id=\"9f10459\" data-element_type=\"column\" data-e-type=\"column\">\n\t\t\t<div class=\"elementor-widget-wrap elementor-element-populated\">\n\t\t\t\t\t\t<div class=\"elementor-element elementor-element-38a8cc0 elementor-widget elementor-widget-spacer\" data-id=\"38a8cc0\" data-element_type=\"widget\" data-e-type=\"widget\" data-widget_type=\"spacer.default\">\n\t\t\t\t<div class=\"elementor-widget-container\">\n\t\t\t\t\t\t\t<div class=\"elementor-spacer\">\n\t\t\t<div class=\"elementor-spacer-inner\"><\/div>\n\t\t<\/div>\n\t\t\t\t\t\t<\/div>\n\t\t\t\t<\/div>\n\t\t\t\t\t<\/div>\n\t\t<\/div>\n\t\t\t\t\t<\/div>\n\t\t<\/section>\n\t\t\t\t<section class=\"elementor-section elementor-top-section elementor-element elementor-element-acce69e elementor-section-content-middle elementor-section-boxed elementor-section-height-default elementor-section-height-default\" data-id=\"acce69e\" data-element_type=\"section\" data-e-type=\"section\" data-settings=\"{&quot;background_background&quot;:&quot;classic&quot;}\">\n\t\t\t\t\t\t<div class=\"elementor-container elementor-column-gap-no\">\n\t\t\t\t\t<div class=\"elementor-column elementor-col-50 elementor-top-column elementor-element elementor-element-8ab30dc\" data-id=\"8ab30dc\" data-element_type=\"column\" data-e-type=\"column\">\n\t\t\t<div class=\"elementor-widget-wrap elementor-element-populated\">\n\t\t\t\t\t\t<div class=\"elementor-element elementor-element-8c6edb5 elementor-widget elementor-widget-heading\" data-id=\"8c6edb5\" data-element_type=\"widget\" data-e-type=\"widget\" data-widget_type=\"heading.default\">\n\t\t\t\t<div class=\"elementor-widget-container\">\n\t\t\t\t\t<h6 class=\"elementor-heading-title elementor-size-default\">Licenciatura em <\/h6>\t\t\t\t<\/div>\n\t\t\t\t<\/div>\n\t\t\t\t<div class=\"elementor-element elementor-element-8966b31 elementor-widget elementor-widget-heading\" data-id=\"8966b31\" data-element_type=\"widget\" data-e-type=\"widget\" data-widget_type=\"heading.default\">\n\t\t\t\t<div class=\"elementor-widget-container\">\n\t\t\t\t\t<h5 class=\"elementor-heading-title elementor-size-default\">Sociologia<\/h5>\t\t\t\t<\/div>\n\t\t\t\t<\/div>\n\t\t\t\t<div class=\"elementor-element elementor-element-b5b00d6 elementor-widget-divider--view-line elementor-widget elementor-widget-divider\" data-id=\"b5b00d6\" data-element_type=\"widget\" data-e-type=\"widget\" data-widget_type=\"divider.default\">\n\t\t\t\t<div class=\"elementor-widget-container\">\n\t\t\t\t\t\t\t<div class=\"elementor-divider\">\n\t\t\t<span class=\"elementor-divider-separator\">\n\t\t\t\t\t\t<\/span>\n\t\t<\/div>\n\t\t\t\t\t\t<\/div>\n\t\t\t\t<\/div>\n\t\t\t\t<div class=\"elementor-element elementor-element-5538eed elementor-widget elementor-widget-heading\" data-id=\"5538eed\" data-element_type=\"widget\" data-e-type=\"widget\" data-widget_type=\"heading.default\">\n\t\t\t\t<div class=\"elementor-widget-container\">\n\t\t\t\t\t<h5 class=\"elementor-heading-title elementor-size-default\">Processos Seletivos<\/h5>\t\t\t\t<\/div>\n\t\t\t\t<\/div>\n\t\t\t\t\t<\/div>\n\t\t<\/div>\n\t\t\t\t<div class=\"elementor-column elementor-col-50 elementor-top-column elementor-element elementor-element-3ac61fb\" data-id=\"3ac61fb\" data-element_type=\"column\" data-e-type=\"column\">\n\t\t\t<div class=\"elementor-widget-wrap elementor-element-populated\">\n\t\t\t\t\t\t<div class=\"elementor-element elementor-element-53ffa27 elementor-widget elementor-widget-toggle\" data-id=\"53ffa27\" data-element_type=\"widget\" data-e-type=\"widget\" data-widget_type=\"toggle.default\">\n\t\t\t\t<div class=\"elementor-widget-container\">\n\t\t\t\t\t\t\t<div class=\"elementor-toggle\">\n\t\t\t\t\t\t\t<div class=\"elementor-toggle-item\">\n\t\t\t\t\t<div id=\"elementor-tab-title-8801\" class=\"elementor-tab-title\" data-tab=\"1\" role=\"button\" aria-controls=\"elementor-tab-content-8801\" aria-expanded=\"false\">\n\t\t\t\t\t\t\t\t\t\t\t\t<span class=\"elementor-toggle-icon elementor-toggle-icon-right\" aria-hidden=\"true\">\n\t\t\t\t\t\t\t\t\t\t\t\t\t\t\t<span class=\"elementor-toggle-icon-closed\"><i class=\"fas fa-caret-right\"><\/i><\/span>\n\t\t\t\t\t\t\t\t<span class=\"elementor-toggle-icon-opened\"><i class=\"elementor-toggle-icon-opened fas fa-caret-up\"><\/i><\/span>\n\t\t\t\t\t\t\t\t\t\t\t\t\t<\/span>\n\t\t\t\t\t\t\t\t\t\t\t\t<a class=\"elementor-toggle-title\" tabindex=\"0\">Processo Seletivo 01<\/a>\n\t\t\t\t\t<\/div>\n\n\t\t\t\t\t<div id=\"elementor-tab-content-8801\" class=\"elementor-tab-content elementor-clearfix\" data-tab=\"1\" role=\"region\" aria-labelledby=\"elementor-tab-title-8801\"><ul><li><strong><a href=\"http:\/\/www2.unifap.br\/ead\/files\/2020\/04\/coordenador-de-curso-EaD-homologacao-final.pdf\">Homologa\u00e7\u00e3o do resultado final<\/a><\/strong><\/li><li><a href=\"http:\/\/www2.unifap.br\/ead\/files\/2020\/04\/3-Retificacao-de-cronograma-edital-Coordenador-de-curso-EaD.pdf\">Retifica\u00e7\u00e3o de cronograma<\/a><\/li><li><a href=\"http:\/\/www2.unifap.br\/ead\/files\/2020\/04\/Analise-curricular-coordenador-de-curso-EaD-resultado-preliminar-publicacao.pdf\">An\u00e1lise curricular \u2013 Resultado Preliminar<\/a><\/li><li><a href=\"http:\/\/www2.unifap.br\/ead\/files\/2020\/04\/Homologacao-das-inscricoes-para-coordenador-de-curso-EaD-resultado-final..pdf\">Inscri\u00e7\u00f5es homologadas \u2013\u00a0 Resultado final<\/a><\/li><li><a href=\"http:\/\/www2.unifap.br\/ead\/files\/2020\/04\/mais-prazo-p-analise.pdf\">Comunicado<\/a><\/li><li><a href=\"http:\/\/www2.unifap.br\/ead\/files\/2020\/04\/Homologacao-das-inscricoes-para-coordenador-de-curso-EaD-apos-recurso.pdf\">Inscri\u00e7\u00f5es Homologadas ap\u00f3s recurso<\/a><\/li><li><a href=\"http:\/\/www2.unifap.br\/ead\/files\/2020\/04\/2-Retificacao-de-cronograma-edital-Coordenador-de-curso-EaD.pdf\">Retifica\u00e7\u00e3o do cronograma<\/a><\/li><li><a href=\"http:\/\/www2.unifap.br\/ead\/formulario-de-recurso-coordenacao-de-curso\/\">Formul\u00e1rio de recurso das inscri\u00e7\u00f5es<\/a><\/li><li><a href=\"http:\/\/www2.unifap.br\/ead\/files\/2020\/04\/Homologacao-das-inscricoes-para-coordenador-de-curso-EaD-apos-reabertura-para-2-cursos.pdf\">Homologa\u00e7\u00e3o das inscri\u00e7\u00f5es<\/a><\/li><li><a href=\"http:\/\/www2.unifap.br\/ead\/files\/2020\/04\/Retificacao-de-cronograma-edital-Coordenador-de-curso-EaD.pdf\">Retifica\u00e7\u00e3o do cronograma<\/a><\/li><li><a href=\"http:\/\/www2.unifap.br\/ead\/files\/2020\/04\/Homologacao-da-lista-preliminar-das-inscricoes-para-coordenador-de-curso-EaD-2020.pdf\">Resultado preliminar<\/a><\/li><li>Inscreva-se aqui (30\/03\/2020 a 06\/04\/2020)<\/li><li><a href=\"http:\/\/www2.unifap.br\/ead\/files\/2020\/03\/retificacao-edital-coordenador-de-curso.pdf\">Retifica\u00e7\u00e3o n 01\/2020<\/a><\/li><li><a href=\"http:\/\/www2.unifap.br\/ead\/files\/2020\/03\/Edital_EaD_-_Coordenador_de_Curso_publicacao.pdf\">Edital para Coordena\u00e7\u00e3o de Cursos<\/a><\/li><\/ul><\/div>\n\t\t\t\t<\/div>\n\t\t\t\t\t\t\t\t<\/div>\n\t\t\t\t\t\t<\/div>\n\t\t\t\t<\/div>\n\t\t\t\t\t<\/div>\n\t\t<\/div>\n\t\t\t\t\t<\/div>\n\t\t<\/section>\n\t\t\t\t<\/div>\n\t\t","protected":false},"excerpt":{"rendered":"<p>Licenciatura em Sociologia Apresenta\u00e7\u00e3o do Curso Objetivo: Formar Licenciados em Sociologia habilitados para atuar no Ensino M\u00e9dio na rede p\u00fablica e privada. \u00a0Formar profissionais para a produ\u00e7\u00e3o e socializa\u00e7\u00e3o de&#8230;<\/p>\n","protected":false},"author":926,"featured_media":0,"parent":0,"menu_order":0,"comment_status":"closed","ping_status":"closed","template":"","meta":{"inline_featured_image":false,"ngg_post_thumbnail":0,"footnotes":""},"class_list":["post-24054","page","type-page","status-publish","hentry","entry"],"_links":{"self":[{"href":"https:\/\/www2.unifap.br\/ead\/wp-json\/wp\/v2\/pages\/24054","targetHints":{"allow":["GET"]}}],"collection":[{"href":"https:\/\/www2.unifap.br\/ead\/wp-json\/wp\/v2\/pages"}],"about":[{"href":"https:\/\/www2.unifap.br\/ead\/wp-json\/wp\/v2\/types\/page"}],"author":[{"embeddable":true,"href":"https:\/\/www2.unifap.br\/ead\/wp-json\/wp\/v2\/users\/926"}],"replies":[{"embeddable":true,"href":"https:\/\/www2.unifap.br\/ead\/wp-json\/wp\/v2\/comments?post=24054"}],"version-history":[{"count":5,"href":"https:\/\/www2.unifap.br\/ead\/wp-json\/wp\/v2\/pages\/24054\/revisions"}],"predecessor-version":[{"id":24059,"href":"https:\/\/www2.unifap.br\/ead\/wp-json\/wp\/v2\/pages\/24054\/revisions\/24059"}],"wp:attachment":[{"href":"https:\/\/www2.unifap.br\/ead\/wp-json\/wp\/v2\/media?parent=24054"}],"curies":[{"name":"wp","href":"https:\/\/api.w.org\/{rel}","templated":true}]}}