{"id":24162,"date":"2021-03-12T11:31:01","date_gmt":"2021-03-12T14:31:01","guid":{"rendered":"http:\/\/www2.unifap.br\/ead\/?page_id=24162"},"modified":"2021-03-12T11:33:19","modified_gmt":"2021-03-12T14:33:19","slug":"pos-defesa-e-seguranca-publica-no-amapa","status":"publish","type":"page","link":"https:\/\/www2.unifap.br\/ead\/pos-defesa-e-seguranca-publica-no-amapa\/","title":{"rendered":"P\u00f3s &#8211; Defesa e seguran\u00e7a p\u00fablica no Amap\u00e1"},"content":{"rendered":"\t\t<div data-elementor-type=\"wp-page\" data-elementor-id=\"24162\" class=\"elementor elementor-24162\">\n\t\t\t\t\t\t<section class=\"elementor-section elementor-top-section elementor-element elementor-element-a8f34dd elementor-section-content-middle elementor-section-boxed elementor-section-height-default elementor-section-height-default\" data-id=\"a8f34dd\" data-element_type=\"section\" data-e-type=\"section\" data-settings=\"{&quot;background_background&quot;:&quot;classic&quot;}\">\n\t\t\t\t\t\t<div class=\"elementor-container elementor-column-gap-no\">\n\t\t\t\t\t<div class=\"elementor-column elementor-col-50 elementor-top-column elementor-element elementor-element-c3df731\" data-id=\"c3df731\" data-element_type=\"column\" data-e-type=\"column\">\n\t\t\t<div class=\"elementor-widget-wrap elementor-element-populated\">\n\t\t\t\t\t\t<div class=\"elementor-element elementor-element-be016da elementor-widget elementor-widget-heading\" data-id=\"be016da\" data-element_type=\"widget\" data-e-type=\"widget\" data-widget_type=\"heading.default\">\n\t\t\t\t<div class=\"elementor-widget-container\">\n\t\t\t\t\t<h6 class=\"elementor-heading-title elementor-size-default\">P\u00f3s-gradua\u00e7\u00e3o em  <\/h6>\t\t\t\t<\/div>\n\t\t\t\t<\/div>\n\t\t\t\t<div class=\"elementor-element elementor-element-e35a573 elementor-widget elementor-widget-heading\" data-id=\"e35a573\" data-element_type=\"widget\" data-e-type=\"widget\" data-widget_type=\"heading.default\">\n\t\t\t\t<div class=\"elementor-widget-container\">\n\t\t\t\t\t<h5 class=\"elementor-heading-title elementor-size-default\">Gest\u00e3o em Sa\u00fade<\/h5>\t\t\t\t<\/div>\n\t\t\t\t<\/div>\n\t\t\t\t\t<\/div>\n\t\t<\/div>\n\t\t\t\t<div class=\"elementor-column elementor-col-50 elementor-top-column elementor-element elementor-element-a9f3cfe\" data-id=\"a9f3cfe\" data-element_type=\"column\" data-e-type=\"column\">\n\t\t\t<div class=\"elementor-widget-wrap elementor-element-populated\">\n\t\t\t\t\t\t<div class=\"elementor-element elementor-element-6e55c24 elementor-widget elementor-widget-heading\" data-id=\"6e55c24\" data-element_type=\"widget\" data-e-type=\"widget\" data-widget_type=\"heading.default\">\n\t\t\t\t<div class=\"elementor-widget-container\">\n\t\t\t\t\t<h2 class=\"elementor-heading-title elementor-size-default\">Apresenta\u00e7\u00e3o do Curso<\/h2>\t\t\t\t<\/div>\n\t\t\t\t<\/div>\n\t\t\t\t<div class=\"elementor-element elementor-element-d273a82 elementor-widget elementor-widget-text-editor\" data-id=\"d273a82\" data-element_type=\"widget\" data-e-type=\"widget\" data-widget_type=\"text-editor.default\">\n\t\t\t\t<div class=\"elementor-widget-container\">\n\t\t\t\t\t\t\t\t\t<section class=\"elementor-element elementor-element-330f91bd elementor-section-boxed elementor-section-height-default elementor-section-height-default elementor-section elementor-inner-section\" data-id=\"330f91bd\" data-element_type=\"section\"><div class=\"elementor-container elementor-column-gap-default\"><div class=\"elementor-row\"><div class=\"elementor-element elementor-element-162b0dce elementor-column elementor-col-100 elementor-inner-column\" data-id=\"162b0dce\" data-element_type=\"column\"><div class=\"elementor-column-wrap elementor-element-populated\"><div class=\"elementor-widget-wrap\"><div class=\"elementor-element elementor-element-289253e elementor-widget elementor-widget-text-editor\" data-id=\"289253e\" data-element_type=\"widget\" data-widget_type=\"text-editor.default\"><div class=\"elementor-widget-container\"><div class=\"elementor-text-editor elementor-clearfix\"><ul><li><span style=\"color: #000000;\"><strong>N\u00edvel:<\/strong>\u00a0P\u00f3s-gradua\u00e7\u00e3o<\/span><\/li><li><span style=\"color: #000000;\"><strong>Forma de Ingresso:\u00a0<\/strong>Processo Seletivo<\/span><\/li><\/ul><\/div><\/div><\/div><div class=\"elementor-element elementor-element-fe6d4c8 elementor-widget elementor-widget-heading\" data-id=\"fe6d4c8\" data-element_type=\"widget\" data-widget_type=\"heading.default\"><div class=\"elementor-widget-container\"><h3 class=\"elementor-heading-title elementor-size-default\"><span style=\"color: #000000;\">P\u00fablico alvo:<\/span><\/h3><\/div><\/div><div class=\"elementor-element elementor-element-946c9ee elementor-widget elementor-widget-text-editor\" data-id=\"946c9ee\" data-element_type=\"widget\" data-widget_type=\"text-editor.default\"><div class=\"elementor-widget-container\"><div class=\"elementor-text-editor elementor-clearfix\"><ul><li><span style=\"color: #000000;\">Ser\u00e3o destinat\u00e1rios das vagas fomentadas pela SENASP no curso de p\u00f3s-gradua\u00e7\u00e3o em\u00a0 comento, 50\u00a0 profissionais\u00a0 de\u00a0 seguran\u00e7a\u00a0 p\u00fablica, sendo:\u00a0 policiais\u00a0 civis,\u00a0 policiais militares, bombeiros militares, profissionais de per\u00edcia forense e guardas municipais, da ativa, nos termos da Portaria n\u00ba 1.251, de 25 de julho de 2014.<\/span><\/li><\/ul><\/div><\/div><\/div><div class=\"elementor-element elementor-element-470d0cd2 elementor-widget elementor-widget-heading\" data-id=\"470d0cd2\" data-element_type=\"widget\" data-widget_type=\"heading.default\"><div class=\"elementor-widget-container\"><h3 class=\"elementor-heading-title elementor-size-default\"><span style=\"color: #000000;\">Justificativa<\/span><\/h3><\/div><\/div><div class=\"elementor-element elementor-element-a636843 elementor-widget elementor-widget-text-editor\" data-id=\"a636843\" data-element_type=\"widget\" data-widget_type=\"text-editor.default\"><div class=\"elementor-widget-container\"><div class=\"elementor-text-editor elementor-clearfix\"><ul><li><span style=\"color: #000000;\">No cen\u00e1rio atual da seguran\u00e7a p\u00fablica, para que uma organiza\u00e7\u00e3o seja considerada eficaz em seus resultados, alguns fatores ocupam papel de singular import\u00e2ncia, destacando-se : a qualifica\u00e7\u00e3o, a compet\u00eancia e o comprometimento de seus profissionais . Em raz\u00e3o disso, a excel\u00eancia na.valoriza\u00e7\u00e3o profissional tem apresentado singular import\u00e2ncia no contexto da seguran\u00e7a p\u00fablica, pois a fim de que toda a conjuntura funcione de forma integrada, torna-se fundamental a aloca\u00e7\u00e3o de recursos para que seja poss\u00edvel realizar investimentos no aprimoramento no ambiente de ensino, bem como o aprimoramento do ensino, ou seja, tudo perpassa pelo contexto estrutural desses organismos, com o intuito de se conhecer as reais motiva\u00e7\u00f5es pelas quais as pessoas trabalham, buscando o est\u00edmulo e satisfa\u00e7\u00e3o n\u00e3o s\u00f3 na efic\u00e1cia, mas para que a efici\u00eancia e a efetividade das a\u00e7\u00f5es de seguran\u00e7a tornem-se cont\u00ednuas.<\/span><\/li><\/ul><\/div><\/div><\/div><\/div><\/div><\/div><\/div><\/div><\/section><div class=\"elementor-element elementor-element-b1519fa elementor-widget elementor-widget-heading\" data-id=\"b1519fa\" data-element_type=\"widget\" data-widget_type=\"heading.default\"><div class=\"elementor-widget-container\"><h3 class=\"elementor-heading-title elementor-size-default\"><span style=\"color: #000000;\">Anexos<\/span><\/h3><\/div><\/div><div class=\"elementor-element elementor-element-266329d elementor-widget elementor-widget-text-editor\" data-id=\"266329d\" data-element_type=\"widget\" data-widget_type=\"text-editor.default\"><div class=\"elementor-widget-container\"><div class=\"elementor-text-editor elementor-clearfix\"><ul><li><span style=\"color: #000000;\"><a style=\"color: #000000;\" href=\"http:\/\/www2.unifap.br\/ead\/files\/2017\/04\/RESOLU%C3%87%C3%83O-n%C2%BA-0322015-%E2%80%93-CONSUUNIFAP.pdf\">RESOLU\u00c7\u00c3O n\u00ba 0322015<\/a>\u00a0\u2013\u00a0Aprova o Curso de Especializa\u00e7\u00e3o em Defesa\u00a0e Seguran\u00e7a no Amap\u00e1.<\/span><\/li><li><span style=\"color: #000000;\"><a style=\"color: #000000;\" href=\"http:\/\/www2.unifap.br\/ead\/files\/2017\/04\/PLANO-DE-TRABALHO.pdf\">PLANO DE TRABALHO<\/a>\u00a0\u2013 2016<\/span><\/li><li><span style=\"color: #000000;\"><a style=\"color: #000000;\" href=\"http:\/\/www2.unifap.br\/ead\/files\/2017\/04\/CRONOGRAMA-DE-DESEMBOLSO.pdf\">CRONOGRAMA DE DESEMBOLSO<\/a>\u00a0\u2013 2016<\/span><\/li><li><span style=\"color: #000000;\"><a style=\"color: #000000;\" href=\"http:\/\/www2.unifap.br\/ead\/files\/2017\/04\/Defesa-e-Segura%C3%A7a-P%C3%BAblica-no-Amap%C3%A1.pdf\">PLANO DE TRABALHO \u2013 2017<\/a><\/span><\/li><li><span style=\"color: #000000;\"><a style=\"color: #000000;\" href=\"http:\/\/www2.unifap.br\/ead\/files\/2017\/04\/CRONOGRAMA-DE-DESEMBOLSO-Especializa%C3%A7%C3%A3o-em-Defesa-e-Seguran%C3%A7a-no-Amap%C3%A1.pdf\">CRONOGRAMA DE DESEMBOLSO \u2013 2<\/a>017<\/span><\/li><\/ul><\/div><\/div><\/div><div class=\"elementor-element elementor-element-721f4d51 elementor-widget elementor-widget-heading\" data-id=\"721f4d51\" data-element_type=\"widget\" data-widget_type=\"heading.default\"><div class=\"elementor-widget-container\"><h3 class=\"elementor-heading-title elementor-size-default\"><span style=\"color: #000000;\">Coordenador<\/span><\/h3><\/div><\/div><div class=\"elementor-element elementor-element-3d3697b8 elementor-widget elementor-widget-text-editor\" data-id=\"3d3697b8\" data-element_type=\"widget\" data-widget_type=\"text-editor.default\"><div class=\"elementor-widget-container\"><div class=\"elementor-text-editor elementor-clearfix\"><ul><li><span style=\"color: #000000;\"><a style=\"color: #000000;\" href=\"http:\/\/buscatextual.cnpq.br\/buscatextual\/visualizacv.do?id=K4759682U4\">Paulo Gustavo Pellegrino Correa<\/a>\u00a0\u00a0<\/span><\/li><\/ul><\/div><\/div><\/div>\t\t\t\t\t\t\t\t<\/div>\n\t\t\t\t<\/div>\n\t\t\t\t\t<\/div>\n\t\t<\/div>\n\t\t\t\t\t<\/div>\n\t\t<\/section>\n\t\t\t\t<\/div>\n\t\t","protected":false},"excerpt":{"rendered":"<p>P\u00f3s-gradua\u00e7\u00e3o em Gest\u00e3o em Sa\u00fade Apresenta\u00e7\u00e3o do Curso N\u00edvel:\u00a0P\u00f3s-gradua\u00e7\u00e3o Forma de Ingresso:\u00a0Processo Seletivo P\u00fablico alvo: Ser\u00e3o destinat\u00e1rios das vagas fomentadas pela SENASP no curso de p\u00f3s-gradua\u00e7\u00e3o em\u00a0 comento, 50\u00a0 profissionais\u00a0&#8230;<\/p>\n","protected":false},"author":926,"featured_media":0,"parent":0,"menu_order":0,"comment_status":"closed","ping_status":"closed","template":"","meta":{"inline_featured_image":false,"ngg_post_thumbnail":0,"footnotes":""},"class_list":["post-24162","page","type-page","status-publish","hentry","entry"],"_links":{"self":[{"href":"https:\/\/www2.unifap.br\/ead\/wp-json\/wp\/v2\/pages\/24162","targetHints":{"allow":["GET"]}}],"collection":[{"href":"https:\/\/www2.unifap.br\/ead\/wp-json\/wp\/v2\/pages"}],"about":[{"href":"https:\/\/www2.unifap.br\/ead\/wp-json\/wp\/v2\/types\/page"}],"author":[{"embeddable":true,"href":"https:\/\/www2.unifap.br\/ead\/wp-json\/wp\/v2\/users\/926"}],"replies":[{"embeddable":true,"href":"https:\/\/www2.unifap.br\/ead\/wp-json\/wp\/v2\/comments?post=24162"}],"version-history":[{"count":3,"href":"https:\/\/www2.unifap.br\/ead\/wp-json\/wp\/v2\/pages\/24162\/revisions"}],"predecessor-version":[{"id":24165,"href":"https:\/\/www2.unifap.br\/ead\/wp-json\/wp\/v2\/pages\/24162\/revisions\/24165"}],"wp:attachment":[{"href":"https:\/\/www2.unifap.br\/ead\/wp-json\/wp\/v2\/media?parent=24162"}],"curies":[{"name":"wp","href":"https:\/\/api.w.org\/{rel}","templated":true}]}}