{"id":26565,"date":"2022-12-28T16:08:01","date_gmt":"2022-12-28T19:08:01","guid":{"rendered":"https:\/\/www2.unifap.br\/ead\/?page_id=26565"},"modified":"2023-02-14T19:13:12","modified_gmt":"2023-02-14T22:13:12","slug":"ps2021","status":"publish","type":"page","link":"https:\/\/www2.unifap.br\/ead\/ps2021\/","title":{"rendered":"PS2021"},"content":{"rendered":"\t\t<div data-elementor-type=\"wp-page\" data-elementor-id=\"26565\" class=\"elementor elementor-26565\">\n\t\t\t\t\t\t<section class=\"elementor-section elementor-top-section elementor-element elementor-element-05e5a1a elementor-section-content-middle elementor-section-boxed elementor-section-height-default elementor-section-height-default\" data-id=\"05e5a1a\" data-element_type=\"section\" data-e-type=\"section\" data-settings=\"{&quot;background_background&quot;:&quot;classic&quot;}\">\n\t\t\t\t\t\t<div class=\"elementor-container elementor-column-gap-no\">\n\t\t\t\t\t<div class=\"elementor-column elementor-col-50 elementor-top-column elementor-element elementor-element-7d70d58\" data-id=\"7d70d58\" data-element_type=\"column\" data-e-type=\"column\">\n\t\t\t<div class=\"elementor-widget-wrap elementor-element-populated\">\n\t\t\t\t\t\t<div class=\"elementor-element elementor-element-a118488 elementor-widget elementor-widget-heading\" data-id=\"a118488\" data-element_type=\"widget\" data-e-type=\"widget\" data-widget_type=\"heading.default\">\n\t\t\t\t<div class=\"elementor-widget-container\">\n\t\t\t\t\t<h6 class=\"elementor-heading-title elementor-size-default\">Editais <\/h6>\t\t\t\t<\/div>\n\t\t\t\t<\/div>\n\t\t\t\t<div class=\"elementor-element elementor-element-e135e5f elementor-widget elementor-widget-heading\" data-id=\"e135e5f\" data-element_type=\"widget\" data-e-type=\"widget\" data-widget_type=\"heading.default\">\n\t\t\t\t<div class=\"elementor-widget-container\">\n\t\t\t\t\t<h5 class=\"elementor-heading-title elementor-size-default\">2021<\/h5>\t\t\t\t<\/div>\n\t\t\t\t<\/div>\n\t\t\t\t<div class=\"elementor-element elementor-element-f94e934 elementor-widget-divider--view-line elementor-widget elementor-widget-divider\" data-id=\"f94e934\" data-element_type=\"widget\" data-e-type=\"widget\" data-widget_type=\"divider.default\">\n\t\t\t\t<div class=\"elementor-widget-container\">\n\t\t\t\t\t\t\t<div class=\"elementor-divider\">\n\t\t\t<span class=\"elementor-divider-separator\">\n\t\t\t\t\t\t<\/span>\n\t\t<\/div>\n\t\t\t\t\t\t<\/div>\n\t\t\t\t<\/div>\n\t\t\t\t\t<\/div>\n\t\t<\/div>\n\t\t\t\t<div class=\"elementor-column elementor-col-50 elementor-top-column elementor-element elementor-element-1ae6e2b\" data-id=\"1ae6e2b\" data-element_type=\"column\" data-e-type=\"column\">\n\t\t\t<div class=\"elementor-widget-wrap elementor-element-populated\">\n\t\t\t\t\t\t<div class=\"elementor-element elementor-element-45f54fb elementor-widget elementor-widget-heading\" data-id=\"45f54fb\" data-element_type=\"widget\" data-e-type=\"widget\" data-widget_type=\"heading.default\">\n\t\t\t\t<div class=\"elementor-widget-container\">\n\t\t\t\t\t<h2 class=\"elementor-heading-title elementor-size-default\">Professor Formador <\/h2>\t\t\t\t<\/div>\n\t\t\t\t<\/div>\n\t\t\t\t<div class=\"elementor-element elementor-element-ce4d045 elementor-widget elementor-widget-toggle\" data-id=\"ce4d045\" data-element_type=\"widget\" data-e-type=\"widget\" data-widget_type=\"toggle.default\">\n\t\t\t\t<div class=\"elementor-widget-container\">\n\t\t\t\t\t\t\t<div class=\"elementor-toggle\">\n\t\t\t\t\t\t\t<div class=\"elementor-toggle-item\">\n\t\t\t\t\t<div id=\"elementor-tab-title-2161\" class=\"elementor-tab-title\" data-tab=\"1\" role=\"button\" aria-controls=\"elementor-tab-content-2161\" aria-expanded=\"false\">\n\t\t\t\t\t\t\t\t\t\t\t\t<span class=\"elementor-toggle-icon elementor-toggle-icon-left\" aria-hidden=\"true\">\n\t\t\t\t\t\t\t\t\t\t\t\t\t\t\t<span class=\"elementor-toggle-icon-closed\"><i class=\"fas fa-caret-right\"><\/i><\/span>\n\t\t\t\t\t\t\t\t<span class=\"elementor-toggle-icon-opened\"><i class=\"elementor-toggle-icon-opened fas fa-caret-up\"><\/i><\/span>\n\t\t\t\t\t\t\t\t\t\t\t\t\t<\/span>\n\t\t\t\t\t\t\t\t\t\t\t\t<a class=\"elementor-toggle-title\" tabindex=\"0\">Processo Seletivo - Professor Formador - 10\/2021<\/a>\n\t\t\t\t\t<\/div>\n\n\t\t\t\t\t<div id=\"elementor-tab-content-2161\" class=\"elementor-tab-content elementor-clearfix\" data-tab=\"1\" role=\"region\" aria-labelledby=\"elementor-tab-title-2161\"><ul><li><b><a href=\"http:\/\/www2.unifap.br\/ead\/files\/2022\/07\/CONVOCACAO-Edital-005_2021.docx.pdf\" target=\"_blank\" rel=\"noopener\">Convoca\u00e7\u00e3o de Professor (a) &#8211; 27\/07<\/a><\/b><\/li><li><b><a href=\"http:\/\/www2.unifap.br\/ead\/files\/2022\/07\/CONVOCACAO-FORMADOR-EDUCACAO-FISICA-EDITAL-005_2021.pdf\" target=\"_blank\" rel=\"noopener\">Convoca\u00e7\u00e3o de professor (a) &#8211; 26\/07<\/a><\/b><\/li><li><b><a href=\"http:\/\/www2.unifap.br\/ead\/files\/2022\/02\/CONVOCACAO-MIDIAS-1402.pdf\" target=\"_blank\" rel=\"noopener\">Convoca\u00e7\u00e3o de Professor (a) &#8211; 14\/02<\/a><\/b><\/li><li><b><a href=\"http:\/\/www2.unifap.br\/ead\/files\/2022\/01\/Convoca\u00e7\u00e3o-de-Professor-Formador-de-Matem\u00e1tica.pdf\" target=\"_blank\" rel=\"noopener\">Convoca\u00e7\u00e3o de Professor (a) &#8211; 03\/01<\/a><\/b><\/li><li><b><a href=\"http:\/\/www2.unifap.br\/ead\/files\/2021\/12\/CONVOCACAO-DE-PROFESSOR-FORMADOR-28-12.pdf\" target=\"_blank\" rel=\"noopener\">Convoca\u00e7\u00e3o de Professor (a) &#8211; 28\/12<\/a><\/b><\/li><li><b><a href=\"http:\/\/www2.unifap.br\/ead\/files\/2021\/12\/CONVOCACAO-DE-PROFESSOR-FORMADOR-EDUCA\u00c7\u00c3O-F\u00cdSICA.pdf\" target=\"_blank\" rel=\"noopener\">Convoca\u00e7\u00e3o de Professor (a) &#8211; 22\/12<\/a><\/b><\/li><li><b><a href=\"http:\/\/www2.unifap.br\/ead\/files\/2021\/12\/CONVOCACAO-DE-PROFESSOR-FORMADOR.pdf\" target=\"_blank\" rel=\"noopener\">Convoca\u00e7\u00e3o de Professor (a) &#8211; 18\/12<\/a><\/b><\/li><li><b><a href=\"http:\/\/www2.unifap.br\/ead\/files\/2022\/01\/1637698307408-Retifica\u00e7\u00e3o-01-Resultado-Professor-Formador-UAB_UNIFAP.pdf\" target=\"_blank\" rel=\"noopener\">Resultado Final &#8211; 21\/11<\/a><\/b><\/li><li><p style=\"text-align: justify\"><b><span style=\"font-size: 12.0pt;line-height: 107%\"><a href=\"http:\/\/www2.unifap.br\/ead\/files\/2021\/11\/1636154885893-analise-curricular-provisoria.pdf\" target=\"_blank\" rel=\"noopener\">Resultado Provis\u00f3rio da An\u00e1lise Curricular para Professor Formador &#8211; 09 de Novembro de 2021<\/a><\/span><\/b><\/p><\/li><li><p style=\"text-align: justify\"><b><a href=\"http:\/\/www2.unifap.br\/ead\/files\/2021\/10\/1635210898312-Processo-Seletivo-Interno-para-Professor-Formador-dos-Cursos-de-Gradua\u00e7\u00e3o-da-UNIFAP-_-UAB_-Modalidade-a-Dist\u00e2ncia-LISTA-PROVIS\u00d3RIA-DE-INSCRI\u00c7\u00d5ES-HOMOLOGADAS.pdf\" target=\"_blank\" rel=\"noopener\">Lista Provis\u00f3ria de Homologa\u00e7\u00e3o de Inscri\u00e7\u00f5es &#8211; 25 de Outubro de 2021<\/a><\/b><\/p><\/li><li><b><a href=\"http:\/\/www2.unifap.br\/ead\/files\/2021\/10\/1635210552435-RETIFICA\u00c7\u00c3O-DO-CRONOGRAMA-DO-EDITAL-005-EAD-UAB-UNIFAP.pdf\" target=\"_blank\" rel=\"noopener\">Retifica\u00e7\u00e3o do Cronograma &#8211; 25 de Outubro de 2021<\/a><\/b><\/li><li><p><b><a href=\"http:\/\/www2.unifap.br\/ead\/files\/2021\/10\/1633733857011-RETIFICA\u00c7\u00c3O-DO-EDITAL-DA-UAB-DOS-DISPOSITIVOS-2.3-14.1-Anexo1.pdf\" target=\"_blank\" rel=\"noopener\">Retifica\u00e7\u00e3o do edital da UAB &#8211; 08 de Outubro de 2021<\/a><\/b><\/p><\/li><li><p><b><a href=\"http:\/\/www2.unifap.br\/ead\/files\/2021\/10\/Edital-UAB-PROFESSOR-FORMADOR.pdf\" target=\"_blank\" rel=\"noopener\">Edital &#8211; Professor Formador &#8211; 01 de Outubro de 2021 <\/a><\/b><\/p><\/li><\/ul><\/div>\n\t\t\t\t<\/div>\n\t\t\t\t\t\t\t<div class=\"elementor-toggle-item\">\n\t\t\t\t\t<div id=\"elementor-tab-title-2162\" class=\"elementor-tab-title\" data-tab=\"2\" role=\"button\" aria-controls=\"elementor-tab-content-2162\" aria-expanded=\"false\">\n\t\t\t\t\t\t\t\t\t\t\t\t<span class=\"elementor-toggle-icon elementor-toggle-icon-left\" aria-hidden=\"true\">\n\t\t\t\t\t\t\t\t\t\t\t\t\t\t\t<span class=\"elementor-toggle-icon-closed\"><i class=\"fas fa-caret-right\"><\/i><\/span>\n\t\t\t\t\t\t\t\t<span class=\"elementor-toggle-icon-opened\"><i class=\"elementor-toggle-icon-opened fas fa-caret-up\"><\/i><\/span>\n\t\t\t\t\t\t\t\t\t\t\t\t\t<\/span>\n\t\t\t\t\t\t\t\t\t\t\t\t<a class=\"elementor-toggle-title\" tabindex=\"0\">Processo Seletivo da Equipe Multidisciplinar 01\/2021<\/a>\n\t\t\t\t\t<\/div>\n\n\t\t\t\t\t<div id=\"elementor-tab-content-2162\" class=\"elementor-tab-content elementor-clearfix\" data-tab=\"2\" role=\"region\" aria-labelledby=\"elementor-tab-title-2162\"><ul><li><strong><a href=\"http:\/\/www2.unifap.br\/ead\/files\/2023\/02\/CONVOCACAO-DE-Equipe-multidisciplinar_05.pdf\">Convoca\u00e7\u00e3o_05_ Suporte Pedag\u00f3gico 14\/02\/2023<\/a><\/strong><\/li><li><strong><a href=\"http:\/\/www2.unifap.br\/ead\/files\/2023\/02\/CONVOCACAO-DE-Equipe-multidisciplinar-1.pdf\">Convoca\u00e7\u00e3o Suporte Pedag\u00f3gico 14\/02\/2023 <\/a><\/strong><\/li><li><b><a href=\"http:\/\/www2.unifap.br\/ead\/files\/2022\/01\/CONVOCACAO-DE-Equipe-multidisciplinar-1.pdf\" target=\"_blank\" rel=\"noopener\">Convoca\u00e7\u00e3o de Web Designer &#8211; 12\/01<\/a><\/b><\/li><li><b><a href=\"http:\/\/www2.unifap.br\/ead\/files\/2021\/12\/CONVOCACAO-DE-Equipe-multidisciplinar.pdf\" target=\"_blank\" rel=\"noopener\">Convoca\u00e7\u00e3o da equipe multidisciplinar &#8211; 22\/12<\/a><\/b><\/li><li><span style=\"color: #000000\"><strong><a style=\"color: #000000\" href=\"http:\/\/www2.unifap.br\/ead\/files\/2021\/05\/CONVOCACAO-MULTIDISCIPLINAR-EAD.pdf\">Convoca\u00e7\u00e3o dos aprovados &#8211; Publicado em 12 de maio de 2021<\/a><\/strong><\/span><\/li><li><a href=\"http:\/\/www2.unifap.br\/ead\/files\/2021\/05\/resultado-final-apos-recurso-reclassificacao-publicar-1.pdf\"><span style=\"color: #000000\"><strong>Retifica\u00e7\u00e3o do resultado ap\u00f3s pedido de reclassifica\u00e7\u00e3o<\/strong><\/span><\/a><\/li><li><span style=\"color: #000000\"><strong><a style=\"color: #000000\" href=\"http:\/\/www2.unifap.br\/ead\/files\/2021\/04\/resultado-final-publicacao.pdf\">Resultado final do processo seletivo &#8211; Publicado em 27 de abril de 2021<\/a><\/strong><\/span><\/li><li><strong><a href=\"http:\/\/www2.unifap.br\/ead\/files\/2021\/04\/ANEXOS-D-RECURSO-resposta-ao-pedido-recurso.pdf\"><span style=\"color: #000000\">Resultado dos recursos &#8211; Publicado em 27 de abril de<\/span> 2021<\/a><\/strong><\/li><li><span style=\"color: #808080\"><a style=\"color: #808080\" href=\"https:\/\/www2.unifap.br\/ead\/pagina-de-recurso\/\">Formul\u00e1rio para recurso &#8211; Publicado em 19 abril de 2021<\/a><\/span><\/li><li><span style=\"color: #808080\"><a style=\"color: #808080\" href=\"http:\/\/www2.unifap.br\/ead\/files\/2021\/04\/resultado-preliminar-edital-equipemultidisciplinar-01-2021-ead-uab-publicacao.pdf\">Resultado preliminar &#8211; Publicado em 15 de abril de 2021<\/a><\/span><\/li><li><span style=\"color: #808080\">Formul\u00e1rio de inscri\u00e7\u00e3o &#8211; Publicado em 5 de abril de 2021<\/span><\/li><li><a href=\"http:\/\/www2.unifap.br\/ead\/files\/2021\/04\/RETIFICACAO-01-EDTAL-01-2021-EQUIPE-MULTIDISCIPLINAR-EAD-UAB.pdf\"><span style=\"color: #000000\"><span style=\"color: #808080\">Retifica\u00e7\u00e3o do Edital &#8211; Publicado em 6 de abril de 2021<\/span><\/span><\/a><\/li><li><span style=\"color: #808080\"><a style=\"color: #808080\" href=\"http:\/\/www2.unifap.br\/ead\/files\/2021\/04\/4-ANEXOS-D-RECURSO.pdf\">Anexos D &#8211; Recurso &#8211; Publicado em 5 de abril de 2021<\/a><\/span><\/li><li><span style=\"color: #808080\"><a style=\"color: #808080\" href=\"http:\/\/www2.unifap.br\/ead\/files\/2021\/04\/3-ANEXOS-C-AVALIACAO-DE-TITULOS.pdf\">Anexo C &#8211; Avalia\u00e7\u00e3o de t\u00edtulos &#8211; Publicado em 5 de abril de 2021<\/a><\/span><\/li><li><span style=\"color: #808080\"><a style=\"color: #808080\" href=\"http:\/\/www2.unifap.br\/ead\/files\/2021\/04\/2-ANEXOS-B-FICHA-DE-INSCRICAO.pdf\">Anexos B &#8211; Ficha de inscri\u00e7\u00e3o &#8211; Publicado em 5 de abril de 2021<\/a><\/span><\/li><li><span style=\"color: #808080\"><a style=\"color: #808080\" href=\"http:\/\/www2.unifap.br\/ead\/files\/2021\/04\/1-IFORME-SOBRE-IMPUGNACAO-DO-EDITAL.pdf\">Informa\u00e7\u00e3o sobre impugna\u00e7\u00e3o do edital &#8211; Publicado em 5 de abril de 2021<\/a><\/span><\/li><li><span style=\"color: #808080\">Formul\u00e1rio para recurso de impugna\u00e7\u00e3o do edital<\/span><\/li><li><span style=\"color: #333333\"><strong><a style=\"color: #333333\" href=\"http:\/\/www2.unifap.br\/ead\/files\/2021\/03\/EDITAL-MULTIDISCIPLINAR-2021-PUBLICACAO.pdf\">Edital de abertura &#8211; Publicado em 09 de mar\u00e7o de 2021<\/a><\/strong><\/span><\/li><\/ul><\/div>\n\t\t\t\t<\/div>\n\t\t\t\t\t\t\t\t<\/div>\n\t\t\t\t\t\t<\/div>\n\t\t\t\t<\/div>\n\t\t\t\t\t<\/div>\n\t\t<\/div>\n\t\t\t\t\t<\/div>\n\t\t<\/section>\n\t\t\t\t<\/div>\n\t\t","protected":false},"excerpt":{"rendered":"<p>Editais 2021 Professor Formador Processo Seletivo &#8211; Professor Formador &#8211; 10\/2021 Convoca\u00e7\u00e3o de Professor (a) &#8211; 27\/07 Convoca\u00e7\u00e3o de professor (a) &#8211; 26\/07 Convoca\u00e7\u00e3o de Professor (a) &#8211; 14\/02 Convoca\u00e7\u00e3o&#8230;<\/p>\n","protected":false},"author":3953,"featured_media":0,"parent":0,"menu_order":0,"comment_status":"closed","ping_status":"closed","template":"","meta":{"inline_featured_image":false,"ngg_post_thumbnail":0,"footnotes":""},"class_list":["post-26565","page","type-page","status-publish","hentry","entry"],"_links":{"self":[{"href":"https:\/\/www2.unifap.br\/ead\/wp-json\/wp\/v2\/pages\/26565","targetHints":{"allow":["GET"]}}],"collection":[{"href":"https:\/\/www2.unifap.br\/ead\/wp-json\/wp\/v2\/pages"}],"about":[{"href":"https:\/\/www2.unifap.br\/ead\/wp-json\/wp\/v2\/types\/page"}],"author":[{"embeddable":true,"href":"https:\/\/www2.unifap.br\/ead\/wp-json\/wp\/v2\/users\/3953"}],"replies":[{"embeddable":true,"href":"https:\/\/www2.unifap.br\/ead\/wp-json\/wp\/v2\/comments?post=26565"}],"version-history":[{"count":16,"href":"https:\/\/www2.unifap.br\/ead\/wp-json\/wp\/v2\/pages\/26565\/revisions"}],"predecessor-version":[{"id":27135,"href":"https:\/\/www2.unifap.br\/ead\/wp-json\/wp\/v2\/pages\/26565\/revisions\/27135"}],"wp:attachment":[{"href":"https:\/\/www2.unifap.br\/ead\/wp-json\/wp\/v2\/media?parent=26565"}],"curies":[{"name":"wp","href":"https:\/\/api.w.org\/{rel}","templated":true}]}}