{"id":28903,"date":"2024-07-11T00:38:30","date_gmt":"2024-07-11T03:38:30","guid":{"rendered":"https:\/\/www2.unifap.br\/ead\/?page_id=28903"},"modified":"2024-07-11T18:14:47","modified_gmt":"2024-07-11T21:14:47","slug":"capacitacaoetreinamento","status":"publish","type":"page","link":"https:\/\/www2.unifap.br\/ead\/capacitacaoetreinamento\/","title":{"rendered":"capacitacaoetreinamento"},"content":{"rendered":"\t\t<div data-elementor-type=\"wp-page\" data-elementor-id=\"28903\" class=\"elementor elementor-28903\">\n\t\t\t\t\t\t<section class=\"elementor-section elementor-top-section elementor-element elementor-element-51fe383 elementor-section-boxed elementor-section-height-default elementor-section-height-default\" data-id=\"51fe383\" data-element_type=\"section\" data-e-type=\"section\" data-settings=\"{&quot;background_background&quot;:&quot;classic&quot;}\">\n\t\t\t\t\t\t<div class=\"elementor-container elementor-column-gap-default\">\n\t\t\t\t\t<div class=\"elementor-column elementor-col-50 elementor-top-column elementor-element elementor-element-ba9642f\" data-id=\"ba9642f\" data-element_type=\"column\" data-e-type=\"column\">\n\t\t\t<div class=\"elementor-widget-wrap elementor-element-populated\">\n\t\t\t\t\t\t<div class=\"elementor-element elementor-element-6173d3d elementor-widget elementor-widget-heading\" data-id=\"6173d3d\" data-element_type=\"widget\" data-e-type=\"widget\" data-widget_type=\"heading.default\">\n\t\t\t\t<div class=\"elementor-widget-container\">\n\t\t\t\t\t<h6 class=\"elementor-heading-title elementor-size-default\"><br>Capacita\u00e7\u00e3o <\/h6>\t\t\t\t<\/div>\n\t\t\t\t<\/div>\n\t\t\t\t<div class=\"elementor-element elementor-element-28ed5bc elementor-widget elementor-widget-heading\" data-id=\"28ed5bc\" data-element_type=\"widget\" data-e-type=\"widget\" data-widget_type=\"heading.default\">\n\t\t\t\t<div class=\"elementor-widget-container\">\n\t\t\t\t\t<h5 class=\"elementor-heading-title elementor-size-default\">Capacita\u00e7\u00e3o de Professor Formador<\/h5>\t\t\t\t<\/div>\n\t\t\t\t<\/div>\n\t\t\t\t<div class=\"elementor-element elementor-element-d0946ca elementor-widget elementor-widget-heading\" data-id=\"d0946ca\" data-element_type=\"widget\" data-e-type=\"widget\" data-widget_type=\"heading.default\">\n\t\t\t\t<div class=\"elementor-widget-container\">\n\t\t\t\t\t<h6 class=\"elementor-heading-title elementor-size-default\"><br>INSCRI\u00c7\u00d5ES 11\/07\/2024 A 17\/07\/2024<\/h6>\t\t\t\t<\/div>\n\t\t\t\t<\/div>\n\t\t\t\t\t<\/div>\n\t\t<\/div>\n\t\t\t\t<div class=\"elementor-column elementor-col-50 elementor-top-column elementor-element elementor-element-c3a3488\" data-id=\"c3a3488\" data-element_type=\"column\" data-e-type=\"column\">\n\t\t\t<div class=\"elementor-widget-wrap elementor-element-populated\">\n\t\t\t\t\t\t<div class=\"elementor-element elementor-element-4ba6ced elementor-widget elementor-widget-toggle\" data-id=\"4ba6ced\" data-element_type=\"widget\" data-e-type=\"widget\" data-widget_type=\"toggle.default\">\n\t\t\t\t<div class=\"elementor-widget-container\">\n\t\t\t\t\t\t\t<div class=\"elementor-toggle\">\n\t\t\t\t\t\t\t<div class=\"elementor-toggle-item\">\n\t\t\t\t\t<div id=\"elementor-tab-title-7931\" class=\"elementor-tab-title\" data-tab=\"1\" role=\"button\" aria-controls=\"elementor-tab-content-7931\" aria-expanded=\"false\">\n\t\t\t\t\t\t\t\t\t\t\t\t<span class=\"elementor-toggle-icon elementor-toggle-icon-left\" aria-hidden=\"true\">\n\t\t\t\t\t\t\t\t\t\t\t\t\t\t\t<span class=\"elementor-toggle-icon-closed\"><i class=\"fas fa-caret-right\"><\/i><\/span>\n\t\t\t\t\t\t\t\t<span class=\"elementor-toggle-icon-opened\"><i class=\"elementor-toggle-icon-opened fas fa-caret-up\"><\/i><\/span>\n\t\t\t\t\t\t\t\t\t\t\t\t\t<\/span>\n\t\t\t\t\t\t\t\t\t\t\t\t<a class=\"elementor-toggle-title\" tabindex=\"0\">Capacita\u00e7\u00e3o de Professor Formador para o uso de ferramentas na plataforma Moodle (CCPFFPM)<\/a>\n\t\t\t\t\t<\/div>\n\n\t\t\t\t\t<div id=\"elementor-tab-content-7931\" class=\"elementor-tab-content elementor-clearfix\" data-tab=\"1\" role=\"region\" aria-labelledby=\"elementor-tab-title-7931\"><ul>\n<li><a href=\"https:\/\/forms.gle\/edukHggLW16QnSgc6\">Inscri\u00e7\u00f5es<\/a>&nbsp;<a href=\"http:\/\/www2.unifap.br\/quimica\/files\/2024\/02\/new-post.gif\"><img decoding=\"async\" class=\"wp-image-3682 alignnone\" src=\"http:\/\/www2.unifap.br\/quimica\/files\/2024\/02\/new-post.gif\" alt=\"\" width=\"69\" height=\"41\"><\/a><\/li>\n<li><a href=\"http:\/\/www2.unifap.br\/ead\/files\/2024\/07\/Plano-de-curso-CCPFFM2024.2-ATUALIZADO.pdf\"><strong>Plano de curso<\/strong><\/a><a href=\"http:\/\/www2.unifap.br\/quimica\/files\/2024\/02\/new-post.gif\"><img decoding=\"async\" src=\"http:\/\/www2.unifap.br\/quimica\/files\/2024\/02\/new-post.gif\" alt=\"\" width=\"69\" height=\"41\"><\/a><\/li>\n<\/ul><\/div>\n\t\t\t\t<\/div>\n\t\t\t\t\t\t\t\t<\/div>\n\t\t\t\t\t\t<\/div>\n\t\t\t\t<\/div>\n\t\t\t\t\t<\/div>\n\t\t<\/div>\n\t\t\t\t\t<\/div>\n\t\t<\/section>\n\t\t\t\t<\/div>\n\t\t","protected":false},"excerpt":{"rendered":"<p>Capacita\u00e7\u00e3o Capacita\u00e7\u00e3o de Professor Formador INSCRI\u00c7\u00d5ES 11\/07\/2024 A 17\/07\/2024 Capacita\u00e7\u00e3o de Professor Formador para o uso de ferramentas na plataforma Moodle (CCPFFPM) Inscri\u00e7\u00f5es&nbsp; Plano de curso<\/p>\n","protected":false},"author":3953,"featured_media":0,"parent":0,"menu_order":0,"comment_status":"closed","ping_status":"closed","template":"","meta":{"inline_featured_image":false,"ngg_post_thumbnail":0,"footnotes":""},"class_list":["post-28903","page","type-page","status-publish","hentry","entry"],"_links":{"self":[{"href":"https:\/\/www2.unifap.br\/ead\/wp-json\/wp\/v2\/pages\/28903","targetHints":{"allow":["GET"]}}],"collection":[{"href":"https:\/\/www2.unifap.br\/ead\/wp-json\/wp\/v2\/pages"}],"about":[{"href":"https:\/\/www2.unifap.br\/ead\/wp-json\/wp\/v2\/types\/page"}],"author":[{"embeddable":true,"href":"https:\/\/www2.unifap.br\/ead\/wp-json\/wp\/v2\/users\/3953"}],"replies":[{"embeddable":true,"href":"https:\/\/www2.unifap.br\/ead\/wp-json\/wp\/v2\/comments?post=28903"}],"version-history":[{"count":16,"href":"https:\/\/www2.unifap.br\/ead\/wp-json\/wp\/v2\/pages\/28903\/revisions"}],"predecessor-version":[{"id":28924,"href":"https:\/\/www2.unifap.br\/ead\/wp-json\/wp\/v2\/pages\/28903\/revisions\/28924"}],"wp:attachment":[{"href":"https:\/\/www2.unifap.br\/ead\/wp-json\/wp\/v2\/media?parent=28903"}],"curies":[{"name":"wp","href":"https:\/\/api.w.org\/{rel}","templated":true}]}}