{"id":4158,"date":"2013-08-29T11:05:59","date_gmt":"2013-08-29T14:05:59","guid":{"rendered":"http:\/\/www2.unifap.br\/ead\/?page_id=4158"},"modified":"2015-07-23T09:16:19","modified_gmt":"2015-07-23T12:16:19","slug":"vitoria-do-jari","status":"publish","type":"page","link":"https:\/\/www2.unifap.br\/ead\/vitoria-do-jari\/","title":{"rendered":"Vit\u00f3ria do Jari"},"content":{"rendered":"<p><em><strong>Coordenador do Polo: <\/strong>Cleocivan do Socorro Rodrigues da Silva<\/em><\/p>\n<p>Localiza\u00e7\u00e3o: Av. Jos\u00e9 Sarney, S\/N \u2013 Cidade Livre<\/p>\n<p>&nbsp;<\/p>\n","protected":false},"excerpt":{"rendered":"<p>Coordenador do Polo: Cleocivan do Socorro Rodrigues da Silva Localiza\u00e7\u00e3o: Av. Jos\u00e9 Sarney, S\/N \u2013 Cidade Livre &nbsp;<\/p>\n","protected":false},"author":435,"featured_media":0,"parent":0,"menu_order":3,"comment_status":"closed","ping_status":"open","template":"template-onecolumn.php","meta":{"inline_featured_image":false,"ngg_post_thumbnail":0,"footnotes":""},"class_list":["post-4158","page","type-page","status-publish","hentry","entry"],"_links":{"self":[{"href":"https:\/\/www2.unifap.br\/ead\/wp-json\/wp\/v2\/pages\/4158","targetHints":{"allow":["GET"]}}],"collection":[{"href":"https:\/\/www2.unifap.br\/ead\/wp-json\/wp\/v2\/pages"}],"about":[{"href":"https:\/\/www2.unifap.br\/ead\/wp-json\/wp\/v2\/types\/page"}],"author":[{"embeddable":true,"href":"https:\/\/www2.unifap.br\/ead\/wp-json\/wp\/v2\/users\/435"}],"replies":[{"embeddable":true,"href":"https:\/\/www2.unifap.br\/ead\/wp-json\/wp\/v2\/comments?post=4158"}],"version-history":[{"count":10,"href":"https:\/\/www2.unifap.br\/ead\/wp-json\/wp\/v2\/pages\/4158\/revisions"}],"predecessor-version":[{"id":16209,"href":"https:\/\/www2.unifap.br\/ead\/wp-json\/wp\/v2\/pages\/4158\/revisions\/16209"}],"wp:attachment":[{"href":"https:\/\/www2.unifap.br\/ead\/wp-json\/wp\/v2\/media?parent=4158"}],"curies":[{"name":"wp","href":"https:\/\/api.w.org\/{rel}","templated":true}]}}