{"id":525,"date":"2013-02-05T09:15:46","date_gmt":"2013-02-05T12:15:46","guid":{"rendered":"http:\/\/www2.unifap.br\/ead\/?page_id=525"},"modified":"2019-04-01T16:53:03","modified_gmt":"2019-04-01T19:53:03","slug":"documentos","status":"publish","type":"page","link":"https:\/\/www2.unifap.br\/ead\/documentos\/","title":{"rendered":"Documentos"},"content":{"rendered":"<p><strong>RELAT\u00d3RIO MENSAL DE TUTORIA<\/strong><\/p>\n<ul>\n<li><a href=\"http:\/\/www2.unifap.br\/ead\/files\/2013\/02\/Modelorelatorio1.docx\">MODELO DE <\/a><a href=\"http:\/\/www2.unifap.br\/ead\/files\/2013\/02\/RELAT\u00d3RIO-MENSAL-DE-TUTORIA.doc\">RELAT\u00d3RIO MENSAL DE TUTORIA<\/a><\/li>\n<\/ul>\n<p><strong>RELAT\u00d3RIO FINAL&nbsp; DE TUTORIA<\/strong><\/p>\n<ul>\n<li><a href=\"http:\/\/www2.unifap.br\/ead\/files\/2013\/02\/RELAT\u00d3RIO-FINAL-DE-TUTORIA.doc\">MODELO DE RELAT\u00d3RIO FINAL DE TUTORIA<\/a><\/li>\n<\/ul>\n<p><b>RELAT\u00d3RIO DE VIAGEM\/PRESTA\u00c7\u00c3O DE CONTAS&nbsp;<\/b><\/p>\n<ul>\n<li><a href=\"http:\/\/www2.unifap.br\/ead\/files\/2013\/02\/Modelo-Relat%C3%B3rio-Presta%C3%A7%C3%A3o-de-Contas.docx\">RELAT\u00d3RIO DE PRESTA\u00c7\u00c3O DE CONTAS<\/a>&nbsp;&#8211; (MODELO)<\/li>\n<\/ul>\n<p><strong>MATERIAL DO 1\u00ba SEMIN\u00c1RIO CIENT\u00cdFICO <\/strong><\/p>\n<ul>\n<li><a href=\"http:\/\/www2.unifap.br\/ead\/files\/2014\/11\/Slides-Desafios-da-Pesquisa-Cientifica-na-Educa\u00e7\u00e3o-Superor-2014.pdf\">SLIDES_APRESENTADOS<\/a><\/li>\n<li><a href=\"http:\/\/www2.unifap.br\/ead\/files\/2014\/11\/Documento-Desafios-da-Pesquisa-Cientifica-na-Educa\u00e7\u00e3o-Superor-2014.pdf\">DOCUMENTO_COMPLEMENTAR<\/a><\/li>\n<\/ul>\n<p><strong>MANUAL DE PROCEDIMENTOS<br \/>\n<\/strong><\/p>\n<ul>\n<li><a href=\"http:\/\/www2.unifap.br\/ead\/files\/2014\/10\/MANUAL-DE-PROCEDIMENTO-2.pdf\" target=\"_blank\" rel=\"noopener\">MANUAL DE PROCEDIMENTOS ADMINISTRATIVOS<\/a><\/li>\n<\/ul>\n<p><strong>FICHAS E TERMOS <\/strong><\/p>\n<ul>\n<li><a href=\"http:\/\/www2.unifap.br\/ead\/files\/2013\/02\/Ficha-Termo-Coordenador-de-Curso.docx\" target=\"_blank\" rel=\"noopener\">FICHA TERMO COORDENADOR DE CURSO<\/a><\/li>\n<li><a href=\"http:\/\/www2.unifap.br\/ead\/files\/2013\/02\/Ficha-Termo-Coordenador-de-Tutoria1.docx\">FICHA TERMO COORDENADOR DE TUTORIA<\/a><\/li>\n<li><a href=\"http:\/\/www2.unifap.br\/ead\/files\/2013\/02\/Ficha-Termo-Professor-Pesquisador-Conteudista1.docx\">FICHA TERMO PROFESSOR PESQUISADOR CONTEUDISTA<\/a><\/li>\n<li><a href=\"http:\/\/www2.unifap.br\/ead\/files\/2013\/02\/Ficha_Termo_Professor_Formador_atualizada-1.doc\">FICHA TERMO PROFESSOR FORMADOR<\/a><\/li>\n<li><a href=\"http:\/\/www2.unifap.br\/ead\/files\/2013\/02\/Ficha_Termo_Tutores_atualizada.doc\">FICHA TERMO TUTOR<\/a><\/li>\n<li><a href=\"http:\/\/www2.unifap.br\/ead\/files\/2013\/02\/DECLARACAO_ACUMULO1.doc\">Declara\u00e7\u00e3o de Pagamento de Bolsas UAB<\/a><\/li>\n<\/ul>\n<p><strong>RELAT\u00d3RIO DE SOLICITA\u00c7\u00c3O DE PAGAMENTO DE BOLSISTAS CAPES<\/strong><\/p>\n<ul>\n<li><a href=\"http:\/\/www2.unifap.br\/ead\/files\/2013\/02\/RELAT\u00d3RIO-DE-SOLICITA\u00c7\u00c3O-DE-PAGAMENTO-DE-BOLSISTAS-CAPES.docx\">RELAT\u00d3RIO DE SOLICITA\u00c7\u00c3O DE PAGAMENTO DE BOLSISTAS CAPES<\/a> (formato word 2010 &#8211; 12\/03\/2013)<\/li>\n<\/ul>\n<p class=\"MsoNormal\" style=\"margin-bottom: 6.0pt\"><b>Declara\u00e7\u00e3o de Pagamento de Bolsas UAB<\/b><\/p>\n","protected":false},"excerpt":{"rendered":"<p>RELAT\u00d3RIO MENSAL DE TUTORIA MODELO DE RELAT\u00d3RIO MENSAL DE TUTORIA RELAT\u00d3RIO FINAL&nbsp; DE TUTORIA MODELO DE RELAT\u00d3RIO FINAL DE TUTORIA RELAT\u00d3RIO DE VIAGEM\/PRESTA\u00c7\u00c3O DE CONTAS&nbsp; RELAT\u00d3RIO DE PRESTA\u00c7\u00c3O DE CONTAS&nbsp;&#8211;&#8230;<\/p>\n","protected":false},"author":435,"featured_media":0,"parent":0,"menu_order":6,"comment_status":"closed","ping_status":"closed","template":"fullwidth.php","meta":{"inline_featured_image":false,"ngg_post_thumbnail":0,"footnotes":""},"class_list":["post-525","page","type-page","status-publish","hentry","entry"],"_links":{"self":[{"href":"https:\/\/www2.unifap.br\/ead\/wp-json\/wp\/v2\/pages\/525","targetHints":{"allow":["GET"]}}],"collection":[{"href":"https:\/\/www2.unifap.br\/ead\/wp-json\/wp\/v2\/pages"}],"about":[{"href":"https:\/\/www2.unifap.br\/ead\/wp-json\/wp\/v2\/types\/page"}],"author":[{"embeddable":true,"href":"https:\/\/www2.unifap.br\/ead\/wp-json\/wp\/v2\/users\/435"}],"replies":[{"embeddable":true,"href":"https:\/\/www2.unifap.br\/ead\/wp-json\/wp\/v2\/comments?post=525"}],"version-history":[{"count":36,"href":"https:\/\/www2.unifap.br\/ead\/wp-json\/wp\/v2\/pages\/525\/revisions"}],"predecessor-version":[{"id":20675,"href":"https:\/\/www2.unifap.br\/ead\/wp-json\/wp\/v2\/pages\/525\/revisions\/20675"}],"wp:attachment":[{"href":"https:\/\/www2.unifap.br\/ead\/wp-json\/wp\/v2\/media?parent=525"}],"curies":[{"name":"wp","href":"https:\/\/api.w.org\/{rel}","templated":true}]}}