{"id":94,"date":"2012-08-29T15:15:09","date_gmt":"2012-08-29T18:15:09","guid":{"rendered":"http:\/\/www2.unifap.br\/ead\/?page_id=94"},"modified":"2017-08-03T10:38:01","modified_gmt":"2017-08-03T13:38:01","slug":"paginscricoes","status":"publish","type":"page","link":"https:\/\/www2.unifap.br\/ead\/paginscricoes\/","title":{"rendered":"Inscri\u00e7\u00f5es"},"content":{"rendered":"<h2>No momento n\u00e3o h\u00e1 inscri\u00e7\u00f5es abertas&#8230;<\/h2>\n","protected":false},"excerpt":{"rendered":"<p>No momento n\u00e3o h\u00e1 inscri\u00e7\u00f5es abertas&#8230;<\/p>\n","protected":false},"author":435,"featured_media":0,"parent":0,"menu_order":2,"comment_status":"closed","ping_status":"closed","template":"template-onecolumn.php","meta":{"inline_featured_image":false,"ngg_post_thumbnail":0,"footnotes":""},"class_list":["post-94","page","type-page","status-publish","hentry","entry"],"_links":{"self":[{"href":"https:\/\/www2.unifap.br\/ead\/wp-json\/wp\/v2\/pages\/94","targetHints":{"allow":["GET"]}}],"collection":[{"href":"https:\/\/www2.unifap.br\/ead\/wp-json\/wp\/v2\/pages"}],"about":[{"href":"https:\/\/www2.unifap.br\/ead\/wp-json\/wp\/v2\/types\/page"}],"author":[{"embeddable":true,"href":"https:\/\/www2.unifap.br\/ead\/wp-json\/wp\/v2\/users\/435"}],"replies":[{"embeddable":true,"href":"https:\/\/www2.unifap.br\/ead\/wp-json\/wp\/v2\/comments?post=94"}],"version-history":[{"count":26,"href":"https:\/\/www2.unifap.br\/ead\/wp-json\/wp\/v2\/pages\/94\/revisions"}],"predecessor-version":[{"id":17406,"href":"https:\/\/www2.unifap.br\/ead\/wp-json\/wp\/v2\/pages\/94\/revisions\/17406"}],"wp:attachment":[{"href":"https:\/\/www2.unifap.br\/ead\/wp-json\/wp\/v2\/media?parent=94"}],"curies":[{"name":"wp","href":"https:\/\/api.w.org\/{rel}","templated":true}]}}