{"id":172,"date":"2010-03-18T16:44:57","date_gmt":"2010-03-18T19:44:57","guid":{"rendered":"http:\/\/saojose.unifap.br\/ead\/?page_id=172"},"modified":"2010-03-18T16:44:57","modified_gmt":"2010-03-18T19:44:57","slug":"apresentacao","status":"publish","type":"page","link":"https:\/\/www2.unifap.br\/ead2\/apresentacao\/","title":{"rendered":"Apresenta\u00e7\u00e3o"},"content":{"rendered":"<p><strong><a href=\"http:\/\/localhost\/ead\/wp-content\/uploads\/2010\/02\/apresentacao.gif\"><img decoding=\"async\" class=\"alignnone size-full wp-image-208\" src=\"http:\/\/www2.unifap.br\/ead2\/files\/2010\/03\/apresentacao.png\" alt=\"apresentacao\" width=\"400\" height=\"80\" srcset=\"https:\/\/www2.unifap.br\/ead2\/files\/2010\/03\/apresentacao.png 400w, https:\/\/www2.unifap.br\/ead2\/files\/2010\/03\/apresentacao-300x60.png 300w\" sizes=\"(max-width: 400px) 100vw, 400px\" \/><br \/>\n<\/a><\/strong><\/p>\n<p align=\"justify\"><strong>\u00a0<\/strong><\/p>\n<p><strong>\u00a0<\/strong><strong>A Universidade Federal do Amap\u00e1 (UNIFAP) <\/strong>\u00e9 uma institui\u00e7\u00e3o de Ensino Superior mantida pela Funda\u00e7\u00e3o Universidade Federal do Amap\u00e1, criada pela Lei n\u00ba 7.530, de 29 de agosto de 1986, e institu\u00edda mediante o Decreto n\u00ba 98.977, de 2 de mar\u00e7o de 1990, com o que fica vincula ao Minist\u00e9rio da Educa\u00e7\u00e3o.<\/p>\n<p>\u00a0<\/p>\n<p>\u00a0<strong>A Educa\u00e7\u00e3o a Dist\u00e2ncia da UNIFAP<\/strong> iniciou suas atividades em fevereiro de 2002 com a nomea\u00e7\u00e3o de sua Coordenadora Profa. Elda Gomes Ara\u00fajo representando a institui\u00e7\u00e3o na UniRede \u2013 Universidade Virtual P\u00fablica do Brasil.<\/p>\n<p>\u00a0<\/p>\n<p align=\"justify\">A partir de ent\u00e3o, a UNIFAP deu inicio as atividades de ensino a dist\u00e2ncia por meio de programas desenvolvidos em colabora\u00e7\u00e3o com outras institui\u00e7\u00f5es do Governo Federal, como a Secretaria de Educa\u00e7\u00e3o a Dist\u00e2ncia (SEED\/MEC), Universidade Virtual P\u00fablica do Brasil (UniRede) e a Universidade Federal do Par\u00e1 (UFPA).<\/p>\n<p align=\"justify\">\u00a0<\/p>\n<p align=\"justify\">A UNIFAP \u00e9 participante do Sistema Universidade Aberta do Brasil (UAB), e a cada ano amplia a oferta de cursos\/programas seguindo uma tend\u00eancia mundial de EaD.<\/p>\n<p align=\"justify\">\u00a0<\/p>\n<p align=\"justify\">\u00a0<\/p>\n","protected":false},"excerpt":{"rendered":"<p>\u00a0 \u00a0A Universidade Federal do Amap\u00e1 (UNIFAP) \u00e9 uma institui\u00e7\u00e3o de Ensino Superior mantida pela Funda\u00e7\u00e3o Universidade Federal do Amap\u00e1, criada pela Lei n\u00ba 7.530, de 29 de agosto de 1986, e institu\u00edda mediante o Decreto n\u00ba 98.977, de 2 de mar\u00e7o de 1990, com o que fica vincula ao Minist\u00e9rio da Educa\u00e7\u00e3o. \u00a0 \u00a0A&#8230;<\/p>\n","protected":false},"author":1,"featured_media":0,"parent":0,"menu_order":0,"comment_status":"closed","ping_status":"closed","template":"","meta":{"inline_featured_image":false,"site-sidebar-layout":"default","site-content-layout":"","ast-site-content-layout":"default","site-content-style":"default","site-sidebar-style":"default","ast-global-header-display":"","ast-banner-title-visibility":"","ast-main-header-display":"","ast-hfb-above-header-display":"","ast-hfb-below-header-display":"","ast-hfb-mobile-header-display":"","site-post-title":"","ast-breadcrumbs-content":"","ast-featured-img":"","footer-sml-layout":"","theme-transparent-header-meta":"","adv-header-id-meta":"","stick-header-meta":"","header-above-stick-meta":"","header-main-stick-meta":"","header-below-stick-meta":"","astra-migrate-meta-layouts":"default","ast-page-background-enabled":"default","ast-page-background-meta":{"desktop":{"background-color":"var(--ast-global-color-4)","background-image":"","background-repeat":"repeat","background-position":"center center","background-size":"auto","background-attachment":"scroll","background-type":"","background-media":"","overlay-type":"","overlay-color":"","overlay-opacity":"","overlay-gradient":""},"tablet":{"background-color":"","background-image":"","background-repeat":"repeat","background-position":"center center","background-size":"auto","background-attachment":"scroll","background-type":"","background-media":"","overlay-type":"","overlay-color":"","overlay-opacity":"","overlay-gradient":""},"mobile":{"background-color":"","background-image":"","background-repeat":"repeat","background-position":"center center","background-size":"auto","background-attachment":"scroll","background-type":"","background-media":"","overlay-type":"","overlay-color":"","overlay-opacity":"","overlay-gradient":""}},"ast-content-background-meta":{"desktop":{"background-color":"var(--ast-global-color-5)","background-image":"","background-repeat":"repeat","background-position":"center center","background-size":"auto","background-attachment":"scroll","background-type":"","background-media":"","overlay-type":"","overlay-color":"","overlay-opacity":"","overlay-gradient":""},"tablet":{"background-color":"var(--ast-global-color-5)","background-image":"","background-repeat":"repeat","background-position":"center center","background-size":"auto","background-attachment":"scroll","background-type":"","background-media":"","overlay-type":"","overlay-color":"","overlay-opacity":"","overlay-gradient":""},"mobile":{"background-color":"var(--ast-global-color-5)","background-image":"","background-repeat":"repeat","background-position":"center center","background-size":"auto","background-attachment":"scroll","background-type":"","background-media":"","overlay-type":"","overlay-color":"","overlay-opacity":"","overlay-gradient":""}},"ngg_post_thumbnail":0,"footnotes":""},"class_list":["post-172","page","type-page","status-publish","hentry"],"_links":{"self":[{"href":"https:\/\/www2.unifap.br\/ead2\/wp-json\/wp\/v2\/pages\/172","targetHints":{"allow":["GET"]}}],"collection":[{"href":"https:\/\/www2.unifap.br\/ead2\/wp-json\/wp\/v2\/pages"}],"about":[{"href":"https:\/\/www2.unifap.br\/ead2\/wp-json\/wp\/v2\/types\/page"}],"author":[{"embeddable":true,"href":"https:\/\/www2.unifap.br\/ead2\/wp-json\/wp\/v2\/users\/1"}],"replies":[{"embeddable":true,"href":"https:\/\/www2.unifap.br\/ead2\/wp-json\/wp\/v2\/comments?post=172"}],"version-history":[{"count":0,"href":"https:\/\/www2.unifap.br\/ead2\/wp-json\/wp\/v2\/pages\/172\/revisions"}],"wp:attachment":[{"href":"https:\/\/www2.unifap.br\/ead2\/wp-json\/wp\/v2\/media?parent=172"}],"curies":[{"name":"wp","href":"https:\/\/api.w.org\/{rel}","templated":true}]}}