{"id":191,"date":"2010-03-18T18:07:56","date_gmt":"2010-03-18T21:07:56","guid":{"rendered":"http:\/\/saojose.unifap.br\/ead\/?page_id=191"},"modified":"2010-03-18T18:07:56","modified_gmt":"2010-03-18T21:07:56","slug":"polos","status":"publish","type":"page","link":"https:\/\/www2.unifap.br\/ead2\/polos\/","title":{"rendered":"Polos"},"content":{"rendered":"<p style=\"text-align: center\"><strong><a href=\"..\/ead\/files\/2010\/03\/polo_localizacao.gif\"><\/a><\/strong><\/p>\n<p><strong><a href=\"..\/ead\/files\/2010\/03\/polo_localizacao.gif\"><img fetchpriority=\"high\" decoding=\"async\" class=\"size-full wp-image-112 aligncenter\" src=\"..\/ead\/files\/2010\/03\/polo_localizacao.gif\" alt=\"\" width=\"404\" height=\"264\" \/><\/a><\/strong><\/p>\n<p><strong> <\/strong><\/p>\n<p><strong><br \/>\nPOLO UNIVERSIT\u00c1RIO EQUADOR (MACAPA\/AP)<br \/>\nChamada UAB:<\/strong> UAB II<br \/>\n<strong>Mantenedor do Polo:<\/strong> Secretaria de educa\u00e7\u00e3o do estado do Amap\u00e1<br \/>\n<strong>Coordenadora do Polo: <\/strong>Lucila de Nazar\u00e9 Rodrigues de Moraes<br \/>\n<strong>Endere\u00e7o:<\/strong> Av. FAB 091 Centro 68.900-073<br \/>\nDecreto 3781 de 15-10-2009 &#8211; SEED\/GEA<br \/>\n<strong>Telefone:<\/strong> (96) 3223-6572<br \/>\n(96) 3212-5397<br \/>\n(96) 9135-1089<br \/>\nEmail: <a href=\"mailto:luciramoraes@bol.com.br\">luciramoraes@bol.com.br<\/a><br \/>\n<a href=\"mailto:uabp52@gmail.com\">uabp52@gmail.com<\/a><br \/>\nSites: <a href=\"https:\/\/sites.google.com\/site\/poloequadormacapa\">https:\/\/sites.google.com\/site\/poloequadormacapa<\/a><br \/>\n<a href=\"http:\/\/twitter.com\/poloequador\">http:\/\/twitter.com\/poloequador<\/a><\/p>\n<p>================================<\/p>\n<p><strong>POLO UAB &#8211; SANTANA (SANTANA\/AP)<br \/>\nChamada UAB:<\/strong> UAB I<br \/>\n<strong>Mantenedor do Polo:<\/strong> Prefeitura Municipal de Santana<br \/>\n<strong>Coordenador do Polo:<\/strong> Raimundo Coelho Vasques<br \/>\n<strong> <\/strong><strong>Endere\u00e7o: <\/strong>Endere\u00e7o: Av. Antonio Nunes 1206. B. Nova Bras\u00edlia. Santana-AP 68.925-000<br \/>\nDecreto Municipal<br \/>\n<strong>Telefone:<\/strong> (96) 3283-3563<br \/>\n(96) 9971-4560<br \/>\nEmail: <a href=\"mailto:uab.polosantana@yahoo.com.br\">uab.polosantana@yahoo.com.br<\/a><\/p>\n<p>================================<\/p>\n<p><strong>POLO UNIVERSIT\u00c1RIO CAULIM DA AMAZ\u00d4NIA &#8211; VIT\u00d3RIA DO JAR\u00cd &#8211; UAB (VIT\u00d3RIA DO JAR\u00cd\/AP)<br \/>\nChamada UAB:<\/strong> UAB I<br \/>\n<strong>Mantenedor do Polo:<\/strong> Prefeitura Municipal de Vit\u00f3ria do Jar\u00ed<br \/>\n<strong>Coordenador do Polo:<\/strong> Cleocivan do Socorro Rodrigues da Silva<br \/>\n<strong>Endere\u00e7o: <\/strong>EMEF Francisca de Freitas Ara\u00fajo, Av. jos\u00e9 Sarney S\/N. Cidade Livre.<br \/>\nVit\u00f3ria do Jari-AP, CEP: 68.924-000<strong><br \/>\nTelefone:<\/strong> (96) 2622-1281<strong><br \/>\nEmail:<\/strong> <a href=\"mailto:polouabvjap@gmail.com\">polouabvjap@gmail.com<\/a><br \/>\n<a href=\"mailto:cleocivan@gmail\">cleocivan@gmail<\/a><\/p>\n<p>================================<\/p>\n<p><strong>POLO INTERCAMBIO &#8211; POLO DE APOIO PRESENCIAL UNIVERSIDADE ABERTA DO BRASIL OIAPOQUE<\/strong><\/p>\n<p><strong>Chamada UAB:<\/strong> UAB I<br \/>\n<strong>Mantenedor do Polo:<\/strong> GEA-UNIFAP\/UAB<br \/>\n<strong>Coordenador do Polo: <\/strong>Natalina do Ros\u00e1rio dos Santos Ribeiro<br \/>\n<strong>Endere\u00e7o: <\/strong>Escola Estadual Joaquim Nabuco, Rua L\u00e9li Silva, 710 &#8211; Centro.<\/p>\n<p><strong>Telefone: <\/strong>35212055<br \/>\n<strong>Email: <\/strong><a href=\"nataliaribeiro29@yahoo.com.br\">nataliaribeiro29@yahoo.com.br<\/a><\/p>\n","protected":false},"excerpt":{"rendered":"<p>POLO UNIVERSIT\u00c1RIO EQUADOR (MACAPA\/AP) Chamada UAB: UAB II Mantenedor do Polo: Secretaria de educa\u00e7\u00e3o do estado do Amap\u00e1 Coordenadora do Polo: Lucila de Nazar\u00e9 Rodrigues de Moraes Endere\u00e7o: Av. FAB 091 Centro 68.900-073 Decreto 3781 de 15-10-2009 &#8211; SEED\/GEA Telefone: (96) 3223-6572 (96) 3212-5397 (96) 9135-1089 Email: luciramoraes@bol.com.br uabp52@gmail.com Sites: https:\/\/sites.google.com\/site\/poloequadormacapa http:\/\/twitter.com\/poloequador ================================ POLO UAB&#8230;<\/p>\n","protected":false},"author":1,"featured_media":0,"parent":0,"menu_order":7,"comment_status":"closed","ping_status":"closed","template":"","meta":{"inline_featured_image":false,"site-sidebar-layout":"default","site-content-layout":"","ast-site-content-layout":"default","site-content-style":"default","site-sidebar-style":"default","ast-global-header-display":"","ast-banner-title-visibility":"","ast-main-header-display":"","ast-hfb-above-header-display":"","ast-hfb-below-header-display":"","ast-hfb-mobile-header-display":"","site-post-title":"","ast-breadcrumbs-content":"","ast-featured-img":"","footer-sml-layout":"","theme-transparent-header-meta":"","adv-header-id-meta":"","stick-header-meta":"","header-above-stick-meta":"","header-main-stick-meta":"","header-below-stick-meta":"","astra-migrate-meta-layouts":"default","ast-page-background-enabled":"default","ast-page-background-meta":{"desktop":{"background-color":"var(--ast-global-color-4)","background-image":"","background-repeat":"repeat","background-position":"center center","background-size":"auto","background-attachment":"scroll","background-type":"","background-media":"","overlay-type":"","overlay-color":"","overlay-opacity":"","overlay-gradient":""},"tablet":{"background-color":"","background-image":"","background-repeat":"repeat","background-position":"center center","background-size":"auto","background-attachment":"scroll","background-type":"","background-media":"","overlay-type":"","overlay-color":"","overlay-opacity":"","overlay-gradient":""},"mobile":{"background-color":"","background-image":"","background-repeat":"repeat","background-position":"center center","background-size":"auto","background-attachment":"scroll","background-type":"","background-media":"","overlay-type":"","overlay-color":"","overlay-opacity":"","overlay-gradient":""}},"ast-content-background-meta":{"desktop":{"background-color":"var(--ast-global-color-5)","background-image":"","background-repeat":"repeat","background-position":"center center","background-size":"auto","background-attachment":"scroll","background-type":"","background-media":"","overlay-type":"","overlay-color":"","overlay-opacity":"","overlay-gradient":""},"tablet":{"background-color":"var(--ast-global-color-5)","background-image":"","background-repeat":"repeat","background-position":"center center","background-size":"auto","background-attachment":"scroll","background-type":"","background-media":"","overlay-type":"","overlay-color":"","overlay-opacity":"","overlay-gradient":""},"mobile":{"background-color":"var(--ast-global-color-5)","background-image":"","background-repeat":"repeat","background-position":"center center","background-size":"auto","background-attachment":"scroll","background-type":"","background-media":"","overlay-type":"","overlay-color":"","overlay-opacity":"","overlay-gradient":""}},"ngg_post_thumbnail":0,"footnotes":""},"class_list":["post-191","page","type-page","status-publish","hentry"],"_links":{"self":[{"href":"https:\/\/www2.unifap.br\/ead2\/wp-json\/wp\/v2\/pages\/191","targetHints":{"allow":["GET"]}}],"collection":[{"href":"https:\/\/www2.unifap.br\/ead2\/wp-json\/wp\/v2\/pages"}],"about":[{"href":"https:\/\/www2.unifap.br\/ead2\/wp-json\/wp\/v2\/types\/page"}],"author":[{"embeddable":true,"href":"https:\/\/www2.unifap.br\/ead2\/wp-json\/wp\/v2\/users\/1"}],"replies":[{"embeddable":true,"href":"https:\/\/www2.unifap.br\/ead2\/wp-json\/wp\/v2\/comments?post=191"}],"version-history":[{"count":0,"href":"https:\/\/www2.unifap.br\/ead2\/wp-json\/wp\/v2\/pages\/191\/revisions"}],"wp:attachment":[{"href":"https:\/\/www2.unifap.br\/ead2\/wp-json\/wp\/v2\/media?parent=191"}],"curies":[{"name":"wp","href":"https:\/\/api.w.org\/{rel}","templated":true}]}}