{"id":197,"date":"2010-03-18T18:10:08","date_gmt":"2010-03-18T21:10:08","guid":{"rendered":"http:\/\/saojose.unifap.br\/ead\/?page_id=197"},"modified":"2010-03-18T18:10:08","modified_gmt":"2010-03-18T21:10:08","slug":"contatos-2","status":"publish","type":"page","link":"https:\/\/www2.unifap.br\/ead2\/contatos-2\/","title":{"rendered":"Contatos"},"content":{"rendered":"<p><img decoding=\"async\" class=\"alignnone size-full wp-image-279\" src=\"http:\/\/www2.unifap.br\/ead2\/files\/2010\/03\/contato.gif\" alt=\"contato\" width=\"400\" height=\"80\" srcset=\"https:\/\/www2.unifap.br\/ead2\/files\/2010\/03\/contato.gif 400w, https:\/\/www2.unifap.br\/ead2\/files\/2010\/03\/contato-300x60.gif 300w\" sizes=\"(max-width: 400px) 100vw, 400px\" \/><\/p>\n<p>Entre em contato com a EAD:<\/p>\n<p><!--cforms name=\"Formul\u00e1rio EAD\"--><\/p>\n<p style=\"text-align: center\"><strong>Minist\u00e9rio da Educa\u00e7\u00e3o<br \/>\nUniversidade Federal do Amap\u00e1<br \/>\n<\/strong>Pr\u00f3-Reitoria de Ensino de Gradua\u00e7\u00e3o<br \/>\nDepartamento de Educa\u00e7\u00e3o a Dist\u00e2ncia<br \/>\nEndere\u00e7o: Rodovia Juscelino Kubitsche, Km 2, Bloco &#8211; B, Sala B3<br \/>\nCEP: 68.902-280 &#8211; Macap\u00e1 &#8211; AP &#8211; Brasil<br \/>\nTelefone: (96) 33121765<br \/>\nemail: <a href=\"mailto:ead@unifap.br\">ead@unifap.br<\/a><\/p>\n","protected":false},"excerpt":{"rendered":"<p>Entre em contato com a EAD: Minist\u00e9rio da Educa\u00e7\u00e3o Universidade Federal do Amap\u00e1 Pr\u00f3-Reitoria de Ensino de Gradua\u00e7\u00e3o Departamento de Educa\u00e7\u00e3o a Dist\u00e2ncia Endere\u00e7o: Rodovia Juscelino Kubitsche, Km 2, Bloco &#8211; B, Sala B3 CEP: 68.902-280 &#8211; Macap\u00e1 &#8211; AP &#8211; Brasil Telefone: (96) 33121765 email: ead@unifap.br<\/p>\n","protected":false},"author":1,"featured_media":0,"parent":0,"menu_order":11,"comment_status":"closed","ping_status":"closed","template":"","meta":{"inline_featured_image":false,"site-sidebar-layout":"default","site-content-layout":"","ast-site-content-layout":"default","site-content-style":"default","site-sidebar-style":"default","ast-global-header-display":"","ast-banner-title-visibility":"","ast-main-header-display":"","ast-hfb-above-header-display":"","ast-hfb-below-header-display":"","ast-hfb-mobile-header-display":"","site-post-title":"","ast-breadcrumbs-content":"","ast-featured-img":"","footer-sml-layout":"","theme-transparent-header-meta":"","adv-header-id-meta":"","stick-header-meta":"","header-above-stick-meta":"","header-main-stick-meta":"","header-below-stick-meta":"","astra-migrate-meta-layouts":"default","ast-page-background-enabled":"default","ast-page-background-meta":{"desktop":{"background-color":"var(--ast-global-color-4)","background-image":"","background-repeat":"repeat","background-position":"center center","background-size":"auto","background-attachment":"scroll","background-type":"","background-media":"","overlay-type":"","overlay-color":"","overlay-opacity":"","overlay-gradient":""},"tablet":{"background-color":"","background-image":"","background-repeat":"repeat","background-position":"center center","background-size":"auto","background-attachment":"scroll","background-type":"","background-media":"","overlay-type":"","overlay-color":"","overlay-opacity":"","overlay-gradient":""},"mobile":{"background-color":"","background-image":"","background-repeat":"repeat","background-position":"center center","background-size":"auto","background-attachment":"scroll","background-type":"","background-media":"","overlay-type":"","overlay-color":"","overlay-opacity":"","overlay-gradient":""}},"ast-content-background-meta":{"desktop":{"background-color":"var(--ast-global-color-5)","background-image":"","background-repeat":"repeat","background-position":"center center","background-size":"auto","background-attachment":"scroll","background-type":"","background-media":"","overlay-type":"","overlay-color":"","overlay-opacity":"","overlay-gradient":""},"tablet":{"background-color":"var(--ast-global-color-5)","background-image":"","background-repeat":"repeat","background-position":"center center","background-size":"auto","background-attachment":"scroll","background-type":"","background-media":"","overlay-type":"","overlay-color":"","overlay-opacity":"","overlay-gradient":""},"mobile":{"background-color":"var(--ast-global-color-5)","background-image":"","background-repeat":"repeat","background-position":"center center","background-size":"auto","background-attachment":"scroll","background-type":"","background-media":"","overlay-type":"","overlay-color":"","overlay-opacity":"","overlay-gradient":""}},"ngg_post_thumbnail":0,"footnotes":""},"class_list":["post-197","page","type-page","status-publish","hentry"],"_links":{"self":[{"href":"https:\/\/www2.unifap.br\/ead2\/wp-json\/wp\/v2\/pages\/197","targetHints":{"allow":["GET"]}}],"collection":[{"href":"https:\/\/www2.unifap.br\/ead2\/wp-json\/wp\/v2\/pages"}],"about":[{"href":"https:\/\/www2.unifap.br\/ead2\/wp-json\/wp\/v2\/types\/page"}],"author":[{"embeddable":true,"href":"https:\/\/www2.unifap.br\/ead2\/wp-json\/wp\/v2\/users\/1"}],"replies":[{"embeddable":true,"href":"https:\/\/www2.unifap.br\/ead2\/wp-json\/wp\/v2\/comments?post=197"}],"version-history":[{"count":0,"href":"https:\/\/www2.unifap.br\/ead2\/wp-json\/wp\/v2\/pages\/197\/revisions"}],"wp:attachment":[{"href":"https:\/\/www2.unifap.br\/ead2\/wp-json\/wp\/v2\/media?parent=197"}],"curies":[{"name":"wp","href":"https:\/\/api.w.org\/{rel}","templated":true}]}}