{"id":10107,"date":"2018-10-24T14:00:23","date_gmt":"2018-10-24T14:00:23","guid":{"rendered":"http:\/\/www2.unifap.br\/edfisica\/?page_id=10107"},"modified":"2018-12-04T14:26:30","modified_gmt":"2018-12-04T14:26:30","slug":"proespol_comunidad_2018","status":"publish","type":"page","link":"https:\/\/www2.unifap.br\/edfisica\/extensao_ccef\/extensao\/proesport\/proespol_comunidad_2018\/","title":{"rendered":"PROESPOL \u2013 Comunidade 24 a 25\/10\/18."},"content":{"rendered":"<div id=\"nav-above\" style=\"text-align: center\"><span style=\"color: #000000;font-size: 2.4em;line-height: 1.5em\">Edital de Abertura: Inscri\u00e7\u00f5es PROESPOL \u2013 Comunidade (Edital 50\/2018- PROEAC), Inscri\u00e7\u00f5es Presenciais na Quadra UNIFAP, hor\u00e1rio das 14h \u00e0s 16h.\u00a0<\/span><\/div>\n<div id=\"post-97\">\n<div><\/div>\n<div>\n<h4>EDITAL DO PROCESSO SELETIVO PARA SELE\u00c7\u00c3O DE BENEFICI\u00c1RIOS DO PROGRAMA DE ESPORTE E LAZER DA UNIFAP 2018.<\/h4>\n<h4><img fetchpriority=\"high\" decoding=\"async\" class=\"aligncenter\" alt=\"logo_PROESPOL_2017\" src=\"http:\/\/www2.unifap.br\/desport\/files\/2018\/10\/logo_PROESPOL_2017.jpg\" width=\"466\" height=\"162\" \/><\/h4>\n<div>\n<p>&nbsp;<\/p>\n<p>A Pr\u00f3-Reitoria de Extens\u00e3o e A\u00e7\u00f5es Comunit\u00e1rias (PROEAC) da Universidade Federal do Amap\u00e1 (UNIFAP), atrav\u00e9s do Departamento de Extens\u00e3o (DEX), no \u00e2mbito de sua compet\u00eancia, torna p\u00fablico processo seletivo para sele\u00e7\u00e3o de benefici\u00e1rios do Programa de Esporte e Lazer da UNIFAP, de acordo com as disposi\u00e7\u00f5es legais e regulamentares vigentes e as normas contidas neste Edital e seus anexos, conforme segue<\/p>\n<p><a title=\"Informa\u00e7\u00f5es  \" href=\"http:\/\/www.inscricoes.hol.es\/form_cadproespol_comunid18\" target=\"_blank\"><img decoding=\"async\" class=\"aligncenter\" alt=\"acesso-restrito\" src=\"http:\/\/www2.unifap.br\/desport\/files\/2018\/10\/acesso-restrito.jpg\" width=\"228\" height=\"109\" \/><\/a><\/p>\n<\/div>\n<table>\n<tbody>\n<tr>\n<td>Data<\/td>\n<td>Arquivo<\/td>\n<td>Tamanho<\/td>\n<\/tr>\n<tr>\n<td>11\/10\/2018<\/td>\n<td><a title=\"Acesso ao Edtital Comunidade PROESPOL 2018\" href=\"http:\/\/www2.unifap.br\/desport\/files\/2018\/10\/EDITAL_50-2018_PROESPOL-ESPORTE-E-LAZER-2018.pdf\" target=\"_blank\">EDITAL 50\/2018 PROESPOL<\/a><\/td>\n<td><a title=\"Acesso ao Edtital Comunidade PROESPOL 2018\" href=\"http:\/\/www2.unifap.br\/desport\/files\/2018\/10\/EDITAL_50-2018_PROESPOL-ESPORTE-E-LAZER-2018.pdf\" target=\"_blank\">420.25 KBytes<\/a><\/td>\n<\/tr>\n<\/tbody>\n<\/table>\n<div>Total de Arquivos: 1<\/div>\n<\/div>\n<\/div>\n","protected":false},"excerpt":{"rendered":"<p>Edital de Abertura: Inscri\u00e7\u00f5es PROESPOL \u2013 Comunidade (Edital 50\/2018- PROEAC), Inscri\u00e7\u00f5es Presenciais na Quadra UNIFAP, hor\u00e1rio das 14h \u00e0s 16h.\u00a0 EDITAL DO&#8230;<\/p>\n","protected":false},"author":205,"featured_media":0,"parent":300,"menu_order":1,"comment_status":"open","ping_status":"open","template":"","meta":{"inline_featured_image":false,"ngg_post_thumbnail":0,"footnotes":""},"class_list":["post-10107","page","type-page","status-publish","hentry"],"_links":{"self":[{"href":"https:\/\/www2.unifap.br\/edfisica\/wp-json\/wp\/v2\/pages\/10107","targetHints":{"allow":["GET"]}}],"collection":[{"href":"https:\/\/www2.unifap.br\/edfisica\/wp-json\/wp\/v2\/pages"}],"about":[{"href":"https:\/\/www2.unifap.br\/edfisica\/wp-json\/wp\/v2\/types\/page"}],"author":[{"embeddable":true,"href":"https:\/\/www2.unifap.br\/edfisica\/wp-json\/wp\/v2\/users\/205"}],"replies":[{"embeddable":true,"href":"https:\/\/www2.unifap.br\/edfisica\/wp-json\/wp\/v2\/comments?post=10107"}],"version-history":[{"count":2,"href":"https:\/\/www2.unifap.br\/edfisica\/wp-json\/wp\/v2\/pages\/10107\/revisions"}],"predecessor-version":[{"id":10157,"href":"https:\/\/www2.unifap.br\/edfisica\/wp-json\/wp\/v2\/pages\/10107\/revisions\/10157"}],"up":[{"embeddable":true,"href":"https:\/\/www2.unifap.br\/edfisica\/wp-json\/wp\/v2\/pages\/300"}],"wp:attachment":[{"href":"https:\/\/www2.unifap.br\/edfisica\/wp-json\/wp\/v2\/media?parent=10107"}],"curies":[{"name":"wp","href":"https:\/\/api.w.org\/{rel}","templated":true}]}}