{"id":10219,"date":"2018-12-06T14:06:34","date_gmt":"2018-12-06T14:06:34","guid":{"rendered":"http:\/\/www2.unifap.br\/edfisica\/?page_id=10219"},"modified":"2018-12-06T14:06:34","modified_gmt":"2018-12-06T14:06:34","slug":"atletica","status":"publish","type":"page","link":"https:\/\/www2.unifap.br\/edfisica\/centro-academico\/atletica\/","title":{"rendered":"Atl\u00e9tica"},"content":{"rendered":"<p>&#8230;em constru\u00e7\u00e3o<\/p>\n","protected":false},"excerpt":{"rendered":"<p>&#8230;em constru\u00e7\u00e3o<\/p>\n","protected":false},"author":535,"featured_media":0,"parent":10139,"menu_order":0,"comment_status":"open","ping_status":"open","template":"","meta":{"inline_featured_image":false,"ngg_post_thumbnail":0,"footnotes":""},"class_list":["post-10219","page","type-page","status-publish","hentry"],"_links":{"self":[{"href":"https:\/\/www2.unifap.br\/edfisica\/wp-json\/wp\/v2\/pages\/10219","targetHints":{"allow":["GET"]}}],"collection":[{"href":"https:\/\/www2.unifap.br\/edfisica\/wp-json\/wp\/v2\/pages"}],"about":[{"href":"https:\/\/www2.unifap.br\/edfisica\/wp-json\/wp\/v2\/types\/page"}],"author":[{"embeddable":true,"href":"https:\/\/www2.unifap.br\/edfisica\/wp-json\/wp\/v2\/users\/535"}],"replies":[{"embeddable":true,"href":"https:\/\/www2.unifap.br\/edfisica\/wp-json\/wp\/v2\/comments?post=10219"}],"version-history":[{"count":1,"href":"https:\/\/www2.unifap.br\/edfisica\/wp-json\/wp\/v2\/pages\/10219\/revisions"}],"predecessor-version":[{"id":10220,"href":"https:\/\/www2.unifap.br\/edfisica\/wp-json\/wp\/v2\/pages\/10219\/revisions\/10220"}],"up":[{"embeddable":true,"href":"https:\/\/www2.unifap.br\/edfisica\/wp-json\/wp\/v2\/pages\/10139"}],"wp:attachment":[{"href":"https:\/\/www2.unifap.br\/edfisica\/wp-json\/wp\/v2\/media?parent=10219"}],"curies":[{"name":"wp","href":"https:\/\/api.w.org\/{rel}","templated":true}]}}