{"id":10611,"date":"2020-10-07T11:45:30","date_gmt":"2020-10-07T11:45:30","guid":{"rendered":"http:\/\/www2.unifap.br\/edfisica\/?page_id=10611"},"modified":"2020-10-07T11:46:34","modified_gmt":"2020-10-07T11:46:34","slug":"nucleo-de-estudo-e-pesquisa-em-educacao-fisica-esporte-e-lazer-nepefel","status":"publish","type":"page","link":"https:\/\/www2.unifap.br\/edfisica\/nucleos\/nucleo-de-estudo-e-pesquisa-em-educacao-fisica-esporte-e-lazer-nepefel\/","title":{"rendered":"N\u00facleo de Estudo e Pesquisa em Educa\u00e7\u00e3o F\u00edsica, Esporte e Lazer (NEPEFEL)"},"content":{"rendered":"<p>teste<\/p>\n","protected":false},"excerpt":{"rendered":"<p>teste<\/p>\n","protected":false},"author":535,"featured_media":0,"parent":305,"menu_order":0,"comment_status":"closed","ping_status":"closed","template":"","meta":{"inline_featured_image":false,"ngg_post_thumbnail":0,"footnotes":""},"class_list":["post-10611","page","type-page","status-publish","hentry"],"_links":{"self":[{"href":"https:\/\/www2.unifap.br\/edfisica\/wp-json\/wp\/v2\/pages\/10611","targetHints":{"allow":["GET"]}}],"collection":[{"href":"https:\/\/www2.unifap.br\/edfisica\/wp-json\/wp\/v2\/pages"}],"about":[{"href":"https:\/\/www2.unifap.br\/edfisica\/wp-json\/wp\/v2\/types\/page"}],"author":[{"embeddable":true,"href":"https:\/\/www2.unifap.br\/edfisica\/wp-json\/wp\/v2\/users\/535"}],"replies":[{"embeddable":true,"href":"https:\/\/www2.unifap.br\/edfisica\/wp-json\/wp\/v2\/comments?post=10611"}],"version-history":[{"count":3,"href":"https:\/\/www2.unifap.br\/edfisica\/wp-json\/wp\/v2\/pages\/10611\/revisions"}],"predecessor-version":[{"id":10615,"href":"https:\/\/www2.unifap.br\/edfisica\/wp-json\/wp\/v2\/pages\/10611\/revisions\/10615"}],"up":[{"embeddable":true,"href":"https:\/\/www2.unifap.br\/edfisica\/wp-json\/wp\/v2\/pages\/305"}],"wp:attachment":[{"href":"https:\/\/www2.unifap.br\/edfisica\/wp-json\/wp\/v2\/media?parent=10611"}],"curies":[{"name":"wp","href":"https:\/\/api.w.org\/{rel}","templated":true}]}}