{"id":10642,"date":"2020-10-07T12:51:17","date_gmt":"2020-10-07T12:51:17","guid":{"rendered":"http:\/\/www2.unifap.br\/edfisica\/?page_id=10642"},"modified":"2020-10-07T12:51:17","modified_gmt":"2020-10-07T12:51:17","slug":"membros","status":"publish","type":"page","link":"https:\/\/www2.unifap.br\/edfisica\/nucleos\/nde\/membros\/","title":{"rendered":"Membros"},"content":{"rendered":"<p><span style=\"color: #000000\">Dr. <a style=\"color: #000000\" href=\"http:\/\/lattes.cnpq.br\/1859810558116994\" target=\"_blank\" rel=\"noopener noreferrer\">Agripino Alves Luz Junior<\/a> (DE)<\/span><\/p>\n<p><span style=\"color: #000000\">Ms. <a style=\"color: #000000\" href=\"http:\/\/buscatextual.cnpq.br\/buscatextual\/visualizacv.do?id=K4184006D6\" target=\"_blank\" rel=\"noopener noreferrer\">Alexandre Magno Guimar\u00e3es(DE)<\/a><\/span><\/p>\n<p><span style=\"color: #000000\">Dr. <a style=\"color: #000000\" title=\"ACESSO AO LATTES \" href=\"http:\/\/lattes.cnpq.br\/7210340301020395\" target=\"_blank\" rel=\"noopener noreferrer\">Alisson Vieira Costa(DE)<\/a> <\/span><\/p>\n<p><span style=\"color: #000000\">Dr. <a style=\"color: #000000\" href=\"http:\/\/lattes.cnpq.br\/2887769567729209\" target=\"_blank\" rel=\"noopener noreferrer\">\u00c1lvaro Adolfo Duarte Alberto(<\/a>DE)<\/span><\/p>\n<p><span style=\"color: #000000\">Dra. <a style=\"color: #000000\" href=\"http:\/\/buscatextual.cnpq.br\/buscatextual\/visualizacv.do?metodo=apresentar&amp;id=K4709076J7\" target=\"_blank\" rel=\"noopener noreferrer\">C\u00e1ssia Hack<\/a> (DE)<\/span><\/p>\n<p><span style=\"color: #000000\">Ms. <a style=\"color: #000000\" title=\"Curr\u00edculo Lattes\" href=\"http:\/\/buscatextual.cnpq.br\/buscatextual\/visualizacv.do?id=K4452284U6\" target=\"_blank\" rel=\"noopener noreferrer\">Carlos Wagner Ferreira Farias(DE)<\/a><\/span><\/p>\n<p><span style=\"color: #000000\">Ms. <a style=\"color: #000000\" title=\"Curr\u00edculo Lattes\" href=\"http:\/\/lattes.cnpq.br\/8061993896550599\" target=\"_blank\" rel=\"noopener noreferrer\">C\u00e9lio Roberto Santos de Souza(DE)<\/a><\/span><\/p>\n<p><span style=\"color: #000000\">Dr. <a style=\"color: #000000\" title=\"Curr\u00edculo Lattes\" href=\"http:\/\/lattes.cnpq.br\/9446157967930367\" target=\"_blank\" rel=\"noopener noreferrer\">Demilto Yamaguchida Pureza(DE<\/a><\/span><\/p>\n<p><span style=\"color: #000000\">Dr. <a style=\"color: #000000\" title=\"Curr\u00edculo Lattes\" href=\"http:\/\/lattes.cnpq.br\/7710248185538676\" target=\"_blank\" rel=\"noopener noreferrer\">Dilson Rodrigues Belfort(DE)<\/a><\/span><\/p>\n<p><span style=\"color: #000000\">Dr. <a style=\"color: #000000\" title=\"Curr\u00edculo Lattes\" href=\"http:\/\/lattes.cnpq.br\/9623409607452966\" target=\"_blank\" rel=\"noopener noreferrer\">Gustavo Maneschy Montenegro(DE)<\/a><\/span><\/p>\n<p><span style=\"color: #000000\">Ms. <a style=\"color: #000000\" title=\"Curr\u00edculo Lattes 2015\" href=\"http:\/\/buscatextual.cnpq.br\/buscatextual\/visualizacv.do?id=K4235331J6\" target=\"_blank\" rel=\"noopener noreferrer\">Jos\u00e9 Alex Cantu\u00e1ria(DE)<\/a><\/span><\/p>\n<p><span style=\"color: #000000\">Ms. <a style=\"color: #000000\" title=\"Curr\u00edculo Lattes\" href=\"http:\/\/lattes.cnpq.br\/7925621584392917\" target=\"_blank\" rel=\"noopener noreferrer\">Let\u00edcia de Carvalho Ferreira(DE)<\/a><\/span><\/p>\n<p><span style=\"color: #000000\"><a style=\"color: #000000\" href=\"http:\/\/lattes.cnpq.br\/6220772243792472\">Dra. Ron\u00e9dia Monteiro Bosque (DE)<\/a><\/span><\/p>\n<p><span style=\"color: #000000\">Dr. <a style=\"color: #000000\" title=\"Informa\u00e7\u00f5es \" href=\"http:\/\/buscatextual.cnpq.br\/buscatextual\/visualizacv.do?id=K4431206Y6\" target=\"_blank\" rel=\"noopener noreferrer\">Wollner Materko(DE)<\/a><\/span><\/p>\n","protected":false},"excerpt":{"rendered":"<p>Dr. Agripino Alves Luz Junior (DE) Ms. Alexandre Magno Guimar\u00e3es(DE) Dr. Alisson Vieira Costa(DE) Dr. \u00c1lvaro Adolfo Duarte Alberto(DE) Dra. C\u00e1ssia Hack&#8230;<\/p>\n","protected":false},"author":535,"featured_media":0,"parent":320,"menu_order":0,"comment_status":"closed","ping_status":"closed","template":"","meta":{"inline_featured_image":false,"ngg_post_thumbnail":0,"footnotes":""},"class_list":["post-10642","page","type-page","status-publish","hentry"],"_links":{"self":[{"href":"https:\/\/www2.unifap.br\/edfisica\/wp-json\/wp\/v2\/pages\/10642","targetHints":{"allow":["GET"]}}],"collection":[{"href":"https:\/\/www2.unifap.br\/edfisica\/wp-json\/wp\/v2\/pages"}],"about":[{"href":"https:\/\/www2.unifap.br\/edfisica\/wp-json\/wp\/v2\/types\/page"}],"author":[{"embeddable":true,"href":"https:\/\/www2.unifap.br\/edfisica\/wp-json\/wp\/v2\/users\/535"}],"replies":[{"embeddable":true,"href":"https:\/\/www2.unifap.br\/edfisica\/wp-json\/wp\/v2\/comments?post=10642"}],"version-history":[{"count":1,"href":"https:\/\/www2.unifap.br\/edfisica\/wp-json\/wp\/v2\/pages\/10642\/revisions"}],"predecessor-version":[{"id":10643,"href":"https:\/\/www2.unifap.br\/edfisica\/wp-json\/wp\/v2\/pages\/10642\/revisions\/10643"}],"up":[{"embeddable":true,"href":"https:\/\/www2.unifap.br\/edfisica\/wp-json\/wp\/v2\/pages\/320"}],"wp:attachment":[{"href":"https:\/\/www2.unifap.br\/edfisica\/wp-json\/wp\/v2\/media?parent=10642"}],"curies":[{"name":"wp","href":"https:\/\/api.w.org\/{rel}","templated":true}]}}