{"id":10663,"date":"2020-10-07T13:02:26","date_gmt":"2020-10-07T13:02:26","guid":{"rendered":"http:\/\/www2.unifap.br\/edfisica\/?page_id=10663"},"modified":"2022-09-27T12:07:46","modified_gmt":"2022-09-27T12:07:46","slug":"pibid","status":"publish","type":"page","link":"https:\/\/www2.unifap.br\/edfisica\/extensao_ccef\/pibid\/","title":{"rendered":"PIBID"},"content":{"rendered":"<p align=\"justify\"><span style=\"color: #222222\"><span style=\"font-family: Liberation Serif, serif\"><span style=\"font-size: medium\"><b>Programa Institucional de Bolsas de Inicia\u00e7\u00e3o \u00e0 Doc\u00eancia (PIBID) da Coordena\u00e7\u00e3o de Aperfei\u00e7oamento de Pessoal do Ensino Superior (CAPES)<\/b><\/span><\/span><\/span><\/p>\n<p align=\"justify\"><a href=\"http:\/\/www2.unifap.br\/edfisica\/files\/2022\/09\/pibid.jpeg\"><img decoding=\"async\" class=\"wp-image-47488 alignleft\" src=\"http:\/\/www2.unifap.br\/edfisica\/files\/2022\/09\/pibid.jpeg\" alt=\"\" width=\"175\" height=\"98\"><\/a><\/p>\n<p align=\"justify\">&nbsp;<\/p>\n<p align=\"justify\"><span style=\"color: #222222\"><span style=\"font-family: Liberation Serif, serif\"><span style=\"font-size: medium\">O Curso de Educa\u00e7\u00e3o F\u00edsica participou\/participa das edi\u00e7\u00f5es do Programa Institucional de Bolsas de Inicia\u00e7\u00e3o \u00e0 Doc\u00eancia (PIBID) da Coordena\u00e7\u00e3o de Aperfei\u00e7oamento de Pessoal do Ensino Superior (CAPES) desde a segunda edi\u00e7\u00e3o em que a Universidade Federal do Amap\u00e1 (UNIFAP) concorreu com projeto institucional nos anos de 2010-2014; 2018-2020; 2020-2022; 2022-2024 tendo como Coordenadora da \u00c1rea de Educa\u00e7\u00e3o F\u00edsica a professora C\u00e1ssia Hack.<\/span><\/span><\/span><\/p>\n<p align=\"justify\"><span style=\"color: #222222\"><span style=\"font-family: Liberation Serif, serif\"><span style=\"font-size: medium\">O PIBID consiste em uma pol\u00edtica nacional de forma\u00e7\u00e3o de professores e professoras com o intuito de aproximar a Universidade da Escola B\u00e1sica e a Escola B\u00e1sica da Universidade no sentido de oportunizar conhecimento no ch\u00e3o da escola para estudantes dos Cursos de Licenciatura<\/span><\/span><\/span><span style=\"font-family: Calibri Light, serif\"><span style=\"font-size: large\">. <\/span><\/span><\/p>\n<p align=\"justify\"><span style=\"color: #222222\"><span style=\"font-family: Liberation Serif, serif\"><span style=\"font-size: medium\">A formata\u00e7\u00e3o e financiamento deste Programa foi sendo alterado em cada edi\u00e7\u00e3o. No atual edital da CAPES, a UNIFAP conquistou a 19\u00aa posi\u00e7\u00e3o dentre as 250 vagas sendo a 1\u00aa Universidade no Norte do pa\u00eds. Em breve, teremos edital interno na UNIFAP em que a Educa\u00e7\u00e3o F\u00edsica estar\u00e1 presente, contribuindo na forma\u00e7\u00e3o de professores\/as.<\/span><\/span><\/span><\/p>\n<p align=\"justify\"><span style=\"color: #222222\"><span style=\"font-family: Liberation Serif, serif\"><span style=\"font-size: medium\"><b>Coordenadora da \u00c1rea de Educa\u00e7\u00e3o F\u00edsica: <\/b>Profa. Dra. C\u00e1ssia Hack<\/span><\/span><\/span><\/p>\n<p align=\"justify\"><span style=\"color: #222222\"><span style=\"font-family: Liberation Serif, serif\"><span style=\"font-size: medium\"><b>Contato: <\/b><span style=\"color: #0563c1\"><u><a href=\"mailto:pibid.ef.unifap@gmail.com\"><b>pibid.ef.unifap@gmail.com<\/b><\/a><\/u><\/span><b> <\/b><\/span><\/span><\/span><\/p>\n","protected":false},"excerpt":{"rendered":"<p>Programa Institucional de Bolsas de Inicia\u00e7\u00e3o \u00e0 Doc\u00eancia (PIBID) da Coordena\u00e7\u00e3o de Aperfei\u00e7oamento de Pessoal do Ensino Superior (CAPES) &nbsp; O Curso&#8230;<\/p>\n","protected":false},"author":535,"featured_media":0,"parent":3353,"menu_order":0,"comment_status":"closed","ping_status":"closed","template":"","meta":{"inline_featured_image":false,"ngg_post_thumbnail":0,"footnotes":""},"class_list":["post-10663","page","type-page","status-publish","hentry"],"_links":{"self":[{"href":"https:\/\/www2.unifap.br\/edfisica\/wp-json\/wp\/v2\/pages\/10663","targetHints":{"allow":["GET"]}}],"collection":[{"href":"https:\/\/www2.unifap.br\/edfisica\/wp-json\/wp\/v2\/pages"}],"about":[{"href":"https:\/\/www2.unifap.br\/edfisica\/wp-json\/wp\/v2\/types\/page"}],"author":[{"embeddable":true,"href":"https:\/\/www2.unifap.br\/edfisica\/wp-json\/wp\/v2\/users\/535"}],"replies":[{"embeddable":true,"href":"https:\/\/www2.unifap.br\/edfisica\/wp-json\/wp\/v2\/comments?post=10663"}],"version-history":[{"count":3,"href":"https:\/\/www2.unifap.br\/edfisica\/wp-json\/wp\/v2\/pages\/10663\/revisions"}],"predecessor-version":[{"id":47443,"href":"https:\/\/www2.unifap.br\/edfisica\/wp-json\/wp\/v2\/pages\/10663\/revisions\/47443"}],"up":[{"embeddable":true,"href":"https:\/\/www2.unifap.br\/edfisica\/wp-json\/wp\/v2\/pages\/3353"}],"wp:attachment":[{"href":"https:\/\/www2.unifap.br\/edfisica\/wp-json\/wp\/v2\/media?parent=10663"}],"curies":[{"name":"wp","href":"https:\/\/api.w.org\/{rel}","templated":true}]}}