{"id":273,"date":"2011-03-24T11:00:09","date_gmt":"2011-03-24T11:00:09","guid":{"rendered":"http:\/\/pororoca.unifap.br\/edfisica\/"},"modified":"2016-09-03T03:57:41","modified_gmt":"2016-09-03T03:57:41","slug":"pet","status":"publish","type":"page","link":"https:\/\/www2.unifap.br\/edfisica\/extensao_ccef\/pet\/","title":{"rendered":"PET"},"content":{"rendered":"<p>O Programa de educa\u00e7\u00e3o tutorial-PET, tem como objetivo propiciar os acad\u00eamicos do curso de licenciatura em educa\u00e7\u00e3o f\u00edsica da Universidade federal do Amap\u00e1 &#8211; UNIFAP \u2013 a pratica da tr\u00edade universit\u00e1ria \u2013 extens\u00e3o, ensino e pesquisa acad\u00eamica, procurando elaborar e difundir o conhecimento e incentivar a divulga\u00e7\u00e3o da produ\u00e7\u00e3o sobre o trato pedag\u00f3gico do componente curricular educa\u00e7\u00e3o f\u00edsica no cotidiano das escolas no Amap\u00e1 bem como a cultura de movimento no que tange os lazeres amapaenses, estreitando os diferentes conhecimentos dos agentes envolvidos da gradua\u00e7\u00e3o, bem como os professores das redes de ensino do amap\u00e1 e comunidade do entorno da universidade e outros grupos sociais minorit\u00e1rios. O m\u00e9todo adotado para este programa adv\u00e9m de uma perspectiva do cotidiano e envolve trabalhos coletivos e individuais, a partir dos encontros semanais estabelecendo a agenda, sendo articulados por interm\u00e9dio de diferentes a\u00e7\u00f5es metodol\u00f3gicas no intuito de contribuir, conforme a filosofia do curso e da universidade com a forma\u00e7\u00e3o dos acad\u00eamicos, estimulando para que os mesmos operem na perspectiva a\u00e7\u00e3o-reflex\u00e3o-a\u00e7\u00e3o no contexto que atuam e que possam vim atuar, de forma critica, participativa e coletiva, favorecendo o enfrentamento das situa\u00e7\u00f5es cotidianas nas perspectivas<a name=\"_GoBack\"><\/a> de uma sociedade igualit\u00e1ria e emancipada da regi\u00e3o amaz\u00f4nica.<\/p>\n<p>O PETEF tem um <a href=\"http:\/\/www.petedfisica.blogspot.com\/\">blog<\/a>, acesse para saber das a\u00e7\u00f5es e programa\u00e7\u00f5es do grupo.<\/p>\n","protected":false},"excerpt":{"rendered":"<p>O Programa de educa\u00e7\u00e3o tutorial-PET, tem como objetivo propiciar os acad\u00eamicos do curso de licenciatura em educa\u00e7\u00e3o f\u00edsica da Universidade federal do&#8230;<\/p>\n","protected":false},"author":205,"featured_media":0,"parent":3353,"menu_order":4,"comment_status":"closed","ping_status":"closed","template":"","meta":{"inline_featured_image":false,"ngg_post_thumbnail":0,"footnotes":""},"class_list":["post-273","page","type-page","status-publish","hentry"],"_links":{"self":[{"href":"https:\/\/www2.unifap.br\/edfisica\/wp-json\/wp\/v2\/pages\/273","targetHints":{"allow":["GET"]}}],"collection":[{"href":"https:\/\/www2.unifap.br\/edfisica\/wp-json\/wp\/v2\/pages"}],"about":[{"href":"https:\/\/www2.unifap.br\/edfisica\/wp-json\/wp\/v2\/types\/page"}],"author":[{"embeddable":true,"href":"https:\/\/www2.unifap.br\/edfisica\/wp-json\/wp\/v2\/users\/205"}],"replies":[{"embeddable":true,"href":"https:\/\/www2.unifap.br\/edfisica\/wp-json\/wp\/v2\/comments?post=273"}],"version-history":[{"count":1,"href":"https:\/\/www2.unifap.br\/edfisica\/wp-json\/wp\/v2\/pages\/273\/revisions"}],"predecessor-version":[{"id":856,"href":"https:\/\/www2.unifap.br\/edfisica\/wp-json\/wp\/v2\/pages\/273\/revisions\/856"}],"up":[{"embeddable":true,"href":"https:\/\/www2.unifap.br\/edfisica\/wp-json\/wp\/v2\/pages\/3353"}],"wp:attachment":[{"href":"https:\/\/www2.unifap.br\/edfisica\/wp-json\/wp\/v2\/media?parent=273"}],"curies":[{"name":"wp","href":"https:\/\/api.w.org\/{rel}","templated":true}]}}