{"id":2992,"date":"2014-12-01T10:46:42","date_gmt":"2014-12-01T10:46:42","guid":{"rendered":"http:\/\/www2.unifap.br\/edfisica\/?page_id=2992"},"modified":"2025-08-20T18:31:49","modified_gmt":"2025-08-20T18:31:49","slug":"fluxograma","status":"publish","type":"page","link":"https:\/\/www2.unifap.br\/edfisica\/coordenacao\/fluxograma\/","title":{"rendered":"Fluxograma"},"content":{"rendered":"<p><span style=\"color: #000000\">Para melhor conhecimento do discente segue abaixo o fluxograma do Curso de Educa\u00e7\u00e3o F\u00edsica<\/span><\/p>\n<p>ARQUIVOS<\/p>\n<p><!--more--><\/p>\n<ol>\n<li><span style=\"color: #000000\"><a title=\"Acesse os pr\u00e9 Requezitos das disciplinas \" href=\"http:\/\/www2.unifap.br\/edfisica\/files\/2014\/12\/Fluxograma-EF.pdf\" target=\"_blank\" rel=\"noopener\"><span style=\"color: #000000\">01\/12\/2014 10:54:13 Fluxograma EF (pdf)<\/span><\/a><img decoding=\"async\" src=\"http:\/\/depsec.unifap.br\/novo.gif\" alt=\"\"><\/span><\/li>\n<li><span style=\"color: #000000\"><a title=\"Acesse os Pr\u00e9 Requezitos edit\u00e1vel \" href=\"http:\/\/www2.unifap.br\/edfisica\/files\/2014\/12\/Fluxograma-EF.ppt\" target=\"_blank\" rel=\"noopener\"><span style=\"color: #000000\">01\/12\/2014 10:51:25 Fluxograma EF (ppt)<\/span><\/a><\/span><\/li>\n<\/ol>\n","protected":false},"excerpt":{"rendered":"<p>Para melhor conhecimento do discente segue abaixo o fluxograma do Curso de Educa\u00e7\u00e3o F\u00edsica ARQUIVOS<\/p>\n","protected":false},"author":205,"featured_media":0,"parent":523,"menu_order":5,"comment_status":"closed","ping_status":"closed","template":"","meta":{"inline_featured_image":false,"ngg_post_thumbnail":0,"footnotes":""},"class_list":["post-2992","page","type-page","status-publish","hentry"],"_links":{"self":[{"href":"https:\/\/www2.unifap.br\/edfisica\/wp-json\/wp\/v2\/pages\/2992","targetHints":{"allow":["GET"]}}],"collection":[{"href":"https:\/\/www2.unifap.br\/edfisica\/wp-json\/wp\/v2\/pages"}],"about":[{"href":"https:\/\/www2.unifap.br\/edfisica\/wp-json\/wp\/v2\/types\/page"}],"author":[{"embeddable":true,"href":"https:\/\/www2.unifap.br\/edfisica\/wp-json\/wp\/v2\/users\/205"}],"replies":[{"embeddable":true,"href":"https:\/\/www2.unifap.br\/edfisica\/wp-json\/wp\/v2\/comments?post=2992"}],"version-history":[{"count":4,"href":"https:\/\/www2.unifap.br\/edfisica\/wp-json\/wp\/v2\/pages\/2992\/revisions"}],"predecessor-version":[{"id":137322,"href":"https:\/\/www2.unifap.br\/edfisica\/wp-json\/wp\/v2\/pages\/2992\/revisions\/137322"}],"up":[{"embeddable":true,"href":"https:\/\/www2.unifap.br\/edfisica\/wp-json\/wp\/v2\/pages\/523"}],"wp:attachment":[{"href":"https:\/\/www2.unifap.br\/edfisica\/wp-json\/wp\/v2\/media?parent=2992"}],"curies":[{"name":"wp","href":"https:\/\/api.w.org\/{rel}","templated":true}]}}