{"id":300,"date":"2011-03-28T19:45:34","date_gmt":"2011-03-28T19:45:34","guid":{"rendered":"http:\/\/pororoca.unifap.br\/edfisica\/"},"modified":"2020-10-07T13:06:50","modified_gmt":"2020-10-07T13:06:50","slug":"proesport","status":"publish","type":"page","link":"https:\/\/www2.unifap.br\/edfisica\/extensao_ccef\/extensao\/proesport\/","title":{"rendered":"PROESPOL"},"content":{"rendered":"<p style=\"text-align: center\"><strong><span style=\"color: #ff0000\">Pr\u00f3-estudante Esporte e Lazer &#8211; PROESPOL<\/span><\/strong><\/p>\n<p><span style=\"color: #000000\">O projeto visa oferecer atividades f\u00edsicas e esportivas para a comunidade unifapiana em geral, de forma sistematizada e prazerosa. Essas a\u00e7\u00f5es ser\u00e3o oferecidas no per\u00edodo vespertino e noturno com as seguintes modalidades coletivas (handebol, futsal, futebol de campo, basquete e voleibol) e individuais (nata\u00e7\u00e3o, hidrogin\u00e1stica, capoeira, dan\u00e7a, atletismo, gin\u00e1stica e caminhada).<\/span><\/p>\n<p><span style=\"color: #000000\">Coordenador geral atual: Professor\u00a0\u00a0Demilto Yamaguchi<\/span><\/p>\n<p><span style=\"color: #000000\">Fundador do Projeto: Professor Flavius Augusto Pinto Cunha<\/span><\/p>\n<p><span style=\"color: #000000\"><!--more--><\/span><\/p>\n<h1><span style=\"color: #000000\">Objetivos do projeto<\/span><\/h1>\n<div>\n<h5><span style=\"color: #000000\">Objetivo Geral:<\/span><\/h5>\n<ul>\n<li><span style=\"color: #000000\">Proporcionar pr\u00e1tica consciente de atividades da cultura corporal de movimento \u00e0 comunidade universit\u00e1ria (discentes, docentes, servidores e a comunidade em geral), buscando articular o aprendizado e aperfei\u00e7oamento de diferentes esportes, entendendo o significado da alteridade, do conceito de sa\u00fade positiva (OMS \u2013 2010) e da ado\u00e7\u00e3o de um estilo de vida priorizando a qualidade de vida.<\/span><\/li>\n<\/ul>\n<h5><span style=\"color: #000000\">Objetivos espec\u00edficos:<\/span><\/h5>\n<ul>\n<li><span style=\"color: #000000\"><strong>Contribuir com o cumprimento dos objetivos e fun\u00e7\u00f5es da universidade\/UNIFAP no tocante ao desenvolvimento do esporte universit\u00e1rio;<\/strong><\/span><\/li>\n<li><span style=\"color: #000000\"><strong>Propiciar \u00e0 comunidade universit\u00e1ria, discentes, a pr\u00e1tica sistem\u00e1tica de atividades da cultura corporal de movimento \u2013 esportes e atividades f\u00edsicas e de lazer \u2013 atrav\u00e9s da aprendizagem e aperfei\u00e7oamento de t\u00e9cnicas e t\u00e1ticas esportivas;<\/strong><\/span><\/li>\n<li><span style=\"color: #000000\"><strong>Vivenciar nas diferentes atividades esportivas, momentos de auto-conhecimento, intera\u00e7\u00e3o, socializa\u00e7\u00e3o e descontra\u00e7\u00e3o;<\/strong><\/span><\/li>\n<li><span style=\"color: #000000\">Constituir, por meio de um processo de participa\u00e7\u00e3o dos discentes da UNIFAP, equipes de diferentes esportes para representar a institui\u00e7\u00e3o em eventos esportivos: locais, regionais e nacionais.<\/span><\/li>\n<\/ul>\n<\/div>\n","protected":false},"excerpt":{"rendered":"<p>Pr\u00f3-estudante Esporte e Lazer &#8211; PROESPOL O projeto visa oferecer atividades f\u00edsicas e esportivas para a comunidade unifapiana em geral, de forma&#8230;<\/p>\n","protected":false},"author":205,"featured_media":0,"parent":10659,"menu_order":3,"comment_status":"closed","ping_status":"closed","template":"","meta":{"inline_featured_image":false,"ngg_post_thumbnail":0,"footnotes":""},"class_list":["post-300","page","type-page","status-publish","hentry"],"_links":{"self":[{"href":"https:\/\/www2.unifap.br\/edfisica\/wp-json\/wp\/v2\/pages\/300","targetHints":{"allow":["GET"]}}],"collection":[{"href":"https:\/\/www2.unifap.br\/edfisica\/wp-json\/wp\/v2\/pages"}],"about":[{"href":"https:\/\/www2.unifap.br\/edfisica\/wp-json\/wp\/v2\/types\/page"}],"author":[{"embeddable":true,"href":"https:\/\/www2.unifap.br\/edfisica\/wp-json\/wp\/v2\/users\/205"}],"replies":[{"embeddable":true,"href":"https:\/\/www2.unifap.br\/edfisica\/wp-json\/wp\/v2\/comments?post=300"}],"version-history":[{"count":5,"href":"https:\/\/www2.unifap.br\/edfisica\/wp-json\/wp\/v2\/pages\/300\/revisions"}],"predecessor-version":[{"id":9745,"href":"https:\/\/www2.unifap.br\/edfisica\/wp-json\/wp\/v2\/pages\/300\/revisions\/9745"}],"up":[{"embeddable":true,"href":"https:\/\/www2.unifap.br\/edfisica\/wp-json\/wp\/v2\/pages\/10659"}],"wp:attachment":[{"href":"https:\/\/www2.unifap.br\/edfisica\/wp-json\/wp\/v2\/media?parent=300"}],"curies":[{"name":"wp","href":"https:\/\/api.w.org\/{rel}","templated":true}]}}