{"id":3001,"date":"2014-12-03T09:19:59","date_gmt":"2014-12-03T09:19:59","guid":{"rendered":"http:\/\/www2.unifap.br\/edfisica\/?page_id=3001"},"modified":"2014-12-03T12:36:39","modified_gmt":"2014-12-03T12:36:39","slug":"calendario_cronograma","status":"publish","type":"page","link":"https:\/\/www2.unifap.br\/edfisica\/e-book\/eventos-2\/calendario_cronograma\/","title":{"rendered":"Calend\u00e1rio Acad\u00eamico e  Cronograma 2014"},"content":{"rendered":"<div>\n<h2>Calend\u00e1rio Acad\u00eamico 2014 &#8211; Cronograma de Matr\u00edculas da Gradua\u00e7\u00e3o para o 2\u00ba semestre de 2014<\/h2>\n<p>A <a href=\"http:\/\/www.unifap.br\/public\/index\/view\/id\/3033\" target=\"_blank\">Dire\u00e7\u00e3o do Departamento de Registro e Controle Acad\u00eamico &#8211; DERCA<\/a> no uso de suas atribui\u00e7\u00f5es legais e estatut\u00e1rias, torna p\u00fablico o CRONOGRAMA DE MATR\u00cdCULAS DE 2014\/2.<\/p>\n<\/div>\n<table>\n<tbody>\n<tr>\n<td><strong><span style=\"color: #0000ff\">Data<\/span><\/strong><\/td>\n<td><strong><span style=\"color: #0000ff\">Arquivo<\/span><\/strong><\/td>\n<td><strong><span style=\"color: #0000ff\">Tamanho<\/span><\/strong><\/td>\n<\/tr>\n<tr>\n<td><span style=\"color: #000000\"><a title=\"Cronogra de Matr\u00edcula para o 1\u00ba sem\/2012\" href=\"http:\/\/www.unifap.br\/public\/index\/download\/id\/4965\" target=\"_blank\"><span style=\"color: #000000\">24\/11\/2011<\/span><\/a><\/span><\/td>\n<td><span style=\"color: #000000\"><a title=\"Cronogra de Matr\u00edcula para o 1\u00ba sem\/2012\" href=\"http:\/\/www.unifap.br\/public\/index\/download\/id\/4965\"><span style=\"color: #000000\">Cronogra de Matr\u00edcula para o 1\u00ba sem\/2012<\/span><\/a><\/span><\/td>\n<td><span style=\"color: #000000\"><a title=\"Cronogra de Matr\u00edcula para o 1\u00ba sem\/2012\" href=\"http:\/\/www.unifap.br\/public\/index\/download\/id\/4965\"><span style=\"color: #000000\">374.18 KBytes<\/span><\/a><\/span><\/td>\n<\/tr>\n<tr>\n<td><span style=\"color: #000000\"><a title=\"Cronograma de Matr\u00edcula para 2\u00basem\/2012\" href=\"http:\/\/www.unifap.br\/public\/index\/download\/id\/4966\" target=\"_blank\"><span style=\"color: #000000\">24\/11\/2011<\/span><\/a><\/span><\/td>\n<td><span style=\"color: #000000\"><a title=\"Cronograma de Matr\u00edcula para 2\u00basem\/2012\" href=\"http:\/\/www.unifap.br\/public\/index\/download\/id\/4966\"><span style=\"color: #000000\">Cronograma de Matr\u00edcula para 2\u00basem\/2012<\/span><\/a><\/span><\/td>\n<td><span style=\"color: #000000\"><a title=\"Cronograma de Matr\u00edcula para 2\u00basem\/2012\" href=\"http:\/\/www.unifap.br\/public\/index\/download\/id\/4966\"><span style=\"color: #000000\">373.23 KBytes<\/span><\/a><\/span><\/td>\n<\/tr>\n<tr>\n<td><span style=\"color: #000000\"><a title=\"Calend\u00e1rio Acad\u00eamico 2012\" href=\"http:\/\/www.unifap.br\/public\/index\/download\/id\/4967\" target=\"_blank\"><span style=\"color: #000000\">24\/11\/2011<\/span><\/a><\/span><\/td>\n<td><span style=\"color: #000000\"><a title=\"Calend\u00e1rio Acad\u00eamico 2012\" href=\"http:\/\/www.unifap.br\/public\/index\/download\/id\/4967\"><span style=\"color: #000000\">Calend\u00e1rio Acad\u00eamico 2012<\/span><\/a><\/span><\/td>\n<td><span style=\"color: #000000\"><a title=\"Calend\u00e1rio Acad\u00eamico 2012\" href=\"http:\/\/www.unifap.br\/public\/index\/download\/id\/4967\"><span style=\"color: #000000\">278.98 KBytes<\/span><\/a><\/span><\/td>\n<\/tr>\n<tr>\n<td><span style=\"color: #000000\"><a title=\"CALEND\u00c1RIO ACAD\u00caMICO 2012 - P\u00d3S GREVE\" href=\"http:\/\/www.unifap.br\/public\/index\/download\/id\/31756\" target=\"_blank\"><span style=\"color: #000000\">08\/10\/2012<\/span><\/a><\/span><\/td>\n<td><span style=\"color: #000000\"><a title=\"CALEND\u00c1RIO ACAD\u00caMICO 2012 - P\u00d3S GREVE\" href=\"http:\/\/www.unifap.br\/public\/index\/download\/id\/31756\"><span style=\"color: #000000\">CALEND\u00c1RIO ACAD\u00caMICO 2012 &#8211; P\u00d3S GREVE<\/span><\/a><\/span><\/td>\n<td><span style=\"color: #000000\"><a title=\"CALEND\u00c1RIO ACAD\u00caMICO 2012 - P\u00d3S GREVE\" href=\"http:\/\/www.unifap.br\/public\/index\/download\/id\/31756\"><span style=\"color: #000000\">356.03 KBytes<\/span><\/a><\/span><\/td>\n<\/tr>\n<tr>\n<td><span style=\"color: #000000\"><a title=\"CRONOGRAMA DE MATR\u00cdCULA 2012\/2 - P\u00d3S GREVE\" href=\"http:\/\/www.unifap.br\/public\/index\/download\/id\/31757\" target=\"_blank\"><span style=\"color: #000000\">08\/10\/2012<\/span><\/a><\/span><\/td>\n<td><span style=\"color: #000000\"><a title=\"CRONOGRAMA DE MATR\u00cdCULA 2012\/2 - P\u00d3S GREVE\" href=\"http:\/\/www.unifap.br\/public\/index\/download\/id\/31757\"><span style=\"color: #000000\">CRONOGRAMA DE MATR\u00cdCULA 2012\/2 &#8211; P\u00d3S GREVE<\/span><\/a><\/span><\/td>\n<td><span style=\"color: #000000\"><a title=\"CRONOGRAMA DE MATR\u00cdCULA 2012\/2 - P\u00d3S GREVE\" href=\"http:\/\/www.unifap.br\/public\/index\/download\/id\/31757\"><span style=\"color: #000000\">378.84 KBytes<\/span><\/a><\/span><\/td>\n<\/tr>\n<tr>\n<td><span style=\"color: #000000\"><a title=\"Resolu\u00e7\u00e3o n\u00ba 08\/2013-CONSU - Altera os calend\u00e1rios 2012 e 2013\" href=\"http:\/\/www.unifap.br\/public\/index\/download\/id\/48715\" target=\"_blank\"><span style=\"color: #000000\">18\/03\/2013<\/span><\/a><\/span><\/td>\n<td><span style=\"color: #000000\"><a title=\"Resolu\u00e7\u00e3o n\u00ba 08\/2013-CONSU - Altera os calend\u00e1rios 2012 e 2013\" href=\"http:\/\/www.unifap.br\/public\/index\/download\/id\/48715\"><span style=\"color: #000000\">Resolu\u00e7\u00e3o n\u00ba 08\/2013-CONSU &#8211; Altera os calend\u00e1rios 2012 e 2013<\/span><\/a><\/span><\/td>\n<td><span style=\"color: #000000\"><a title=\"Resolu\u00e7\u00e3o n\u00ba 08\/2013-CONSU - Altera os calend\u00e1rios 2012 e 2013\" href=\"http:\/\/www.unifap.br\/public\/index\/download\/id\/48715\"><span style=\"color: #000000\">137.31 KBytes<\/span><\/a><\/span><\/td>\n<\/tr>\n<tr>\n<td><span style=\"color: #000000\"><a title=\"Calend\u00e1rio Acad\u00eamico 2012 - Atualizado\" href=\"http:\/\/www.unifap.br\/public\/index\/download\/id\/48734\" target=\"_blank\"><span style=\"color: #000000\">18\/03\/2013<\/span><\/a><\/span><\/td>\n<td><span style=\"color: #000000\"><a title=\"Calend\u00e1rio Acad\u00eamico 2012 - Atualizado\" href=\"http:\/\/www.unifap.br\/public\/index\/download\/id\/48734\"><span style=\"color: #000000\">Calend\u00e1rio Acad\u00eamico 2012 &#8211; Atualizado<\/span><\/a><\/span><\/td>\n<td><span style=\"color: #000000\"><a title=\"Calend\u00e1rio Acad\u00eamico 2012 - Atualizado\" href=\"http:\/\/www.unifap.br\/public\/index\/download\/id\/48734\"><span style=\"color: #000000\">528.73 KBytes<\/span><\/a><\/span><\/td>\n<\/tr>\n<tr>\n<td><span style=\"color: #000000\"><a title=\"Calend\u00e1rio Acad\u00eamico 2013 - Atualizado\" href=\"http:\/\/www.unifap.br\/public\/index\/download\/id\/48735\" target=\"_blank\"><span style=\"color: #000000\">18\/03\/2013<\/span><\/a><\/span><\/td>\n<td><span style=\"color: #000000\"><a title=\"Calend\u00e1rio Acad\u00eamico 2013 - Atualizado\" href=\"http:\/\/www.unifap.br\/public\/index\/download\/id\/48735\"><span style=\"color: #000000\">Calend\u00e1rio Acad\u00eamico 2013 &#8211; Atualizado<\/span><\/a><\/span><\/td>\n<td><span style=\"color: #000000\"><a title=\"Calend\u00e1rio Acad\u00eamico 2013 - Atualizado\" href=\"http:\/\/www.unifap.br\/public\/index\/download\/id\/48735\"><span style=\"color: #000000\">271.22 KBytes<\/span><\/a><\/span><\/td>\n<\/tr>\n<tr>\n<td><span style=\"color: #000000\"><a title=\"CRONOGRAMA DE MATR\u00cdCULAS 2013\/1\" href=\"http:\/\/www.unifap.br\/public\/index\/download\/id\/50484\" target=\"_blank\"><span style=\"color: #000000\">02\/04\/2013<\/span><\/a><\/span><\/td>\n<td><span style=\"color: #000000\"><a title=\"CRONOGRAMA DE MATR\u00cdCULAS 2013\/1\" href=\"http:\/\/www.unifap.br\/public\/index\/download\/id\/50484\"><span style=\"color: #000000\">CRONOGRAMA DE MATR\u00cdCULAS 2013\/1<\/span><\/a><\/span><\/td>\n<td><span style=\"color: #000000\"><a title=\"CRONOGRAMA DE MATR\u00cdCULAS 2013\/1\" href=\"http:\/\/www.unifap.br\/public\/index\/download\/id\/50484\"><span style=\"color: #000000\">627.21 KBytes<\/span><\/a><\/span><\/td>\n<\/tr>\n<tr>\n<td><span style=\"color: #000000\"><a title=\"CRONOGRAMA DE MATR\u00cdCULA DA GRADUA\u00c7\u00c3O 2013\/2\" href=\"http:\/\/www.unifap.br\/public\/index\/download\/id\/72203\" target=\"_blank\"><span style=\"color: #000000\">18\/09\/2013<\/span><\/a><\/span><\/td>\n<td><span style=\"color: #000000\"><a title=\"CRONOGRAMA DE MATR\u00cdCULA DA GRADUA\u00c7\u00c3O 2013\/2\" href=\"http:\/\/www.unifap.br\/public\/index\/download\/id\/72203\"><span style=\"color: #000000\">CRONOGRAMA DE MATR\u00cdCULA DA GRADUA\u00c7\u00c3O 2013\/2<\/span><\/a><\/span><\/td>\n<td><span style=\"color: #000000\"><a title=\"CRONOGRAMA DE MATR\u00cdCULA DA GRADUA\u00c7\u00c3O 2013\/2\" href=\"http:\/\/www.unifap.br\/public\/index\/download\/id\/72203\"><span style=\"color: #000000\">627.14 KBytes<\/span><\/a><\/span><\/td>\n<\/tr>\n<tr>\n<td><span style=\"color: #000000\"><a title=\"Prorroga\u00e7\u00e3o das solicita\u00e7\u00f5es de Matr\u00edcula em Depend\u00eancia e Cest\u00e3o\" href=\"http:\/\/www.unifap.br\/public\/index\/download\/id\/76010\" target=\"_blank\"><span style=\"color: #000000\">16\/10\/2013<\/span><\/a><\/span><\/td>\n<td><span style=\"color: #000000\"><a title=\"Prorroga\u00e7\u00e3o das solicita\u00e7\u00f5es de Matr\u00edcula em Depend\u00eancia e Cest\u00e3o\" href=\"http:\/\/www.unifap.br\/public\/index\/download\/id\/76010\"><span style=\"color: #000000\">Prorroga\u00e7\u00e3o das solicita\u00e7\u00f5es de Matr\u00edcula em Depend\u00eancia e Cest\u00e3o<\/span><\/a><\/span><\/td>\n<td><span style=\"color: #000000\"><a title=\"Prorroga\u00e7\u00e3o das solicita\u00e7\u00f5es de Matr\u00edcula em Depend\u00eancia e Cest\u00e3o\" href=\"http:\/\/www.unifap.br\/public\/index\/download\/id\/76010\"><span style=\"color: #000000\">638.31 KBytes<\/span><\/a><\/span><\/td>\n<\/tr>\n<tr>\n<td><a href=\"http:\/\/www2.unifap.br\/edfisica\/files\/2014\/12\/20140212_Cronograma-de-Matr\u00edculas-da-Gradua\u00e7\u00e3o-para-o-1\u00ba-semestre-de-2014.pdf\" target=\"_blank\"><span style=\"color: #000000\"><span style=\"color: #000000\">12\/02\/2014<\/span><\/span><\/a><\/td>\n<td><a href=\"http:\/\/www2.unifap.br\/edfisica\/files\/2014\/12\/20140212_Cronograma-de-Matr\u00edculas-da-Gradua\u00e7\u00e3o-para-o-1\u00ba-semestre-de-2014.pdf\" target=\"_blank\"><span style=\"color: #000000\"><span style=\"color: #000000\">Cronograma de Matr\u00edculas da Gradua\u00e7\u00e3o para o 1\u00ba semestre de 2014<\/span><\/span><\/a><\/td>\n<td><a href=\"http:\/\/www2.unifap.br\/edfisica\/files\/2014\/12\/20140212_Cronograma-de-Matr\u00edculas-da-Gradua\u00e7\u00e3o-para-o-1\u00ba-semestre-de-2014.pdf\" target=\"_blank\"><span style=\"color: #000000\"><span style=\"color: #000000\">554.53 KBytes<\/span><\/span><\/a><\/td>\n<\/tr>\n<tr>\n<td><a href=\"http:\/\/www2.unifap.br\/edfisica\/files\/2014\/12\/20140722_Calend\u00e1rio-Acad\u00eamico-2014.pdf\" target=\"_blank\"><span style=\"color: #000000\"><span style=\"color: #000000\">22\/07\/2014<\/span><\/span><\/a><\/td>\n<td><a href=\"http:\/\/www2.unifap.br\/edfisica\/files\/2014\/12\/20140722_Calend\u00e1rio-Acad\u00eamico-2014.pdf\" target=\"_blank\"><span style=\"color: #000000\"><span style=\"color: #000000\">Calend\u00e1rio Acad\u00eamico 2014<\/span><\/span><\/a><\/td>\n<td><a href=\"http:\/\/www2.unifap.br\/edfisica\/files\/2014\/12\/20140722_Calend\u00e1rio-Acad\u00eamico-2014.pdf\" target=\"_blank\"><span style=\"color: #000000\"><span style=\"color: #000000\">277.57 KBytes<\/span><\/span><\/a><\/td>\n<\/tr>\n<tr>\n<td><a title=\"Acesso Adaptado em  03\/12\/2014\" href=\"http:\/\/www2.unifap.br\/edfisica\/files\/2014\/12\/20140724_CRONOGRAMA-DE-MATR\u00cdCULA-2014-2.pdf\" target=\"_blank\"><span style=\"color: #000000\"><span style=\"color: #000000\">24\/07\/2014<\/span><\/span><\/a><\/td>\n<td><a title=\"Acesso Adaptado em  03\/12\/2014\" href=\"http:\/\/www2.unifap.br\/edfisica\/files\/2014\/12\/20140724_CRONOGRAMA-DE-MATR\u00cdCULA-2014-2.pdf\" target=\"_blank\"><span style=\"color: #000000\"><span style=\"color: #000000\">CRONOGRAMA DE MATR\u00cdCULA 2014\/2<\/span><\/span><\/a><\/td>\n<td><a title=\"Acesso Adaptado em  03\/12\/2014\" href=\"http:\/\/www2.unifap.br\/edfisica\/files\/2014\/12\/20140724_CRONOGRAMA-DE-MATR\u00cdCULA-2014-2.pdf\" target=\"_blank\"><span style=\"color: #000000\"><span style=\"color: #000000\">613.81 KBytes<\/span><\/span><\/a><\/td>\n<\/tr>\n<\/tbody>\n<\/table>\n<div style=\"text-align: right\"><span style=\"color: #000000\">Total de Arquivos: 14<\/span><\/div>\n","protected":false},"excerpt":{"rendered":"<p>Calend\u00e1rio Acad\u00eamico 2014 &#8211; Cronograma de Matr\u00edculas da Gradua\u00e7\u00e3o para o 2\u00ba semestre de 2014 A Dire\u00e7\u00e3o do Departamento de Registro e&#8230;<\/p>\n","protected":false},"author":205,"featured_media":2933,"parent":47,"menu_order":1,"comment_status":"closed","ping_status":"closed","template":"template-onecolumn.php","meta":{"inline_featured_image":false,"ngg_post_thumbnail":0,"footnotes":""},"class_list":["post-3001","page","type-page","status-publish","has-post-thumbnail","hentry"],"_links":{"self":[{"href":"https:\/\/www2.unifap.br\/edfisica\/wp-json\/wp\/v2\/pages\/3001","targetHints":{"allow":["GET"]}}],"collection":[{"href":"https:\/\/www2.unifap.br\/edfisica\/wp-json\/wp\/v2\/pages"}],"about":[{"href":"https:\/\/www2.unifap.br\/edfisica\/wp-json\/wp\/v2\/types\/page"}],"author":[{"embeddable":true,"href":"https:\/\/www2.unifap.br\/edfisica\/wp-json\/wp\/v2\/users\/205"}],"replies":[{"embeddable":true,"href":"https:\/\/www2.unifap.br\/edfisica\/wp-json\/wp\/v2\/comments?post=3001"}],"version-history":[{"count":2,"href":"https:\/\/www2.unifap.br\/edfisica\/wp-json\/wp\/v2\/pages\/3001\/revisions"}],"predecessor-version":[{"id":3006,"href":"https:\/\/www2.unifap.br\/edfisica\/wp-json\/wp\/v2\/pages\/3001\/revisions\/3006"}],"up":[{"embeddable":true,"href":"https:\/\/www2.unifap.br\/edfisica\/wp-json\/wp\/v2\/pages\/47"}],"wp:featuredmedia":[{"embeddable":true,"href":"https:\/\/www2.unifap.br\/edfisica\/wp-json\/wp\/v2\/media\/2933"}],"wp:attachment":[{"href":"https:\/\/www2.unifap.br\/edfisica\/wp-json\/wp\/v2\/media?parent=3001"}],"curies":[{"name":"wp","href":"https:\/\/api.w.org\/{rel}","templated":true}]}}