{"id":3058,"date":"2014-12-09T08:37:21","date_gmt":"2014-12-09T08:37:21","guid":{"rendered":"http:\/\/www2.unifap.br\/edfisica\/?page_id=3058"},"modified":"2014-12-15T16:58:08","modified_gmt":"2014-12-15T16:58:08","slug":"tcc2014","status":"publish","type":"page","link":"https:\/\/www2.unifap.br\/edfisica\/e-book\/eventos-2\/tcc2014\/","title":{"rendered":"Ciclo de Defesa de TCCs  2014.2"},"content":{"rendered":"<p><a title=\"Aviso aos Alunos do Curso\" href=\"http:\/\/www2.unifap.br\/edfisica\/2014\/12\/08\/ciclo_defesa_tcc2014\/\" target=\"_blank\"><strong>Ciclo de Defesa de TCCs \u00a02014.2 &#8211; de 16 a 18 de Dezembro de 2014<img decoding=\"async\" alt=\"\" src=\"http:\/\/depsec.unifap.br\/novo.gif\" \/><\/strong><\/a><\/p>\n<ol>\n<li><a href=\"http:\/\/www2.unifap.br\/edfisica\/files\/2014\/12\/AVISO-\u2013-Retificado-01_COMUNICADO_ciclo_tcc_educ_Fisica_ok.pdf\" target=\"_blank\">Publicado em:\u00a08 de dezembro de 2014 \u00e0s 8:37\u00a0PROGRAMA\u00c7\u00c3O<\/a><a title=\"Aviso aos Alunos do Curso\" href=\"http:\/\/www2.unifap.br\/edfisica\/2014\/12\/08\/ciclo_defesa_tcc2014\/\" target=\"_blank\"><strong><img decoding=\"async\" alt=\"\" src=\"http:\/\/depsec.unifap.br\/novo.gif\" \/><\/strong><\/a><\/li>\n<li><a title=\"VEJA SEU NOME ALUNO\" href=\"http:\/\/www2.unifap.br\/edfisica\/files\/2014\/12\/ALUNO.pdf\" target=\"_blank\">Publicado em:\u00a08 de dezembro de 2014 \u00e0s 8:37\u00a0PROGRAMA\u00c7\u00c3O E RELA\u00c7\u00c3O DE ALUNOS<\/a>\u00a0<a title=\"Aviso aos Alunos do Curso\" href=\"http:\/\/www2.unifap.br\/edfisica\/2014\/12\/08\/ciclo_defesa_tcc2014\/\" target=\"_blank\"><strong><img decoding=\"async\" alt=\"\" src=\"http:\/\/depsec.unifap.br\/novo.gif\" \/><\/strong><\/a><\/li>\n<\/ol>\n<p align=\"center\"><a href=\"http:\/\/www2.unifap.br\/edfisica\/files\/2014\/12\/logo4.gif\"><img decoding=\"async\" alt=\"logo4\" src=\"http:\/\/www2.unifap.br\/edfisica\/files\/2014\/12\/logo4.gif\" width=\"66\" height=\"120\" \/><\/a><\/p>\n<p align=\"center\"><b>AVISO<\/b><\/p>\n<p>A Coordena\u00e7\u00e3o do Curso de Educa\u00e7\u00e3o F\u00edsica, estar\u00e1 realizando no per\u00edodo de\u00a0<b>\u00a014 de Dezembro a 18 de Dezembro de 2014,<\/b>\u00a0o ciclo de defesa de TCCs.<\/p>\n<p align=\"right\"><b>Macap\u00e1 (AP),<\/b>\u00a0<b>08\/12\/2014<\/b><b><\/b><\/p>\n<p><b><i>Atenciosamente,<\/i><\/b><\/p>\n<p align=\"right\">A Coordena\u00e7\u00e3o<\/p>\n<p align=\"right\"><!--more--><\/p>\n<p align=\"center\"><span style=\"color: #ff0000\"><b>Sala 01<\/b><\/span><\/p>\n<p align=\"center\"><span style=\"color: #ff0000\"><b>Data: 16\/12\/2014<\/b><\/span><\/p>\n<table width=\"943\" border=\"1\" cellspacing=\"0\" cellpadding=\"0\" align=\"left\">\n<tbody>\n<tr>\n<td valign=\"top\" width=\"148\">\n<p align=\"center\"><b>ALUNO(a)<\/b><\/p>\n<\/td>\n<td valign=\"top\" width=\"180\">\n<p align=\"center\"><b>ORIENTADOR(a)<\/b><\/p>\n<\/td>\n<td valign=\"top\" width=\"416\">\n<p align=\"center\"><b>T\u00cdTULO<\/b><\/p>\n<\/td>\n<td valign=\"top\" width=\"132\">\n<p align=\"center\"><b>BANCA<\/b><\/p>\n<\/td>\n<td valign=\"top\" width=\"66\">\n<p align=\"center\"><b>Hor\u00e1rio<\/b><\/p>\n<\/td>\n<\/tr>\n<tr>\n<td valign=\"top\" width=\"148\">\n<p align=\"center\">Cityan J\u00e9ssica Oliveira de Melo<\/p>\n<\/td>\n<td valign=\"top\" width=\"180\">\n<p align=\"center\">Demilto Yamaguchi da Pureza<\/p>\n<\/td>\n<td valign=\"top\" width=\"416\">\n<p align=\"center\">PERCEP\u00c7\u00c3O DE SA\u00daDE E O N\u00cdVEL DE ATIVIDADE F\u00cdSICA EM UM PROJETO DE EXTENS\u00c3O COM IDOSOS DA UNIVERSIDADE FEDERAL DO AMAP\u00c1 \u2013 UNIFAP<\/p>\n<\/td>\n<td valign=\"top\" width=\"132\">\n<p align=\"center\">&#8211; Alisson Vieira Costa<\/p>\n<p align=\"center\">&#8211; C\u00e9lio Roberto de Souza<\/p>\n<\/td>\n<td valign=\"top\" width=\"66\">\n<p align=\"center\">14:00<\/p>\n<\/td>\n<\/tr>\n<tr>\n<td valign=\"top\" width=\"148\">\n<p align=\"center\">Jaqueline Barbosa Campos<\/p>\n<\/td>\n<td valign=\"top\" width=\"180\">\n<p align=\"center\">Demilto Yamaguchi da Pureza<\/p>\n<\/td>\n<td valign=\"top\" width=\"416\">\n<p align=\"center\">PERFIL DOS PRATICANTES DE ATIVIDADES F\u00cdSICAS NA ORLA DO MUNIC\u00cdPIO DE MACAP\u00c1<\/p>\n<\/td>\n<td valign=\"top\" width=\"132\">\n<p align=\"center\">&#8211; Alisson Vieira Costa<\/p>\n<p align=\"center\">&#8211; C\u00e9lio Roberto de Souza<\/p>\n<\/td>\n<td valign=\"top\" width=\"66\">\n<p align=\"center\">15:00<\/p>\n<\/td>\n<\/tr>\n<tr>\n<td valign=\"top\" width=\"148\">\n<p align=\"center\">Renan Negr\u00e3o da Silva<\/p>\n<\/td>\n<td valign=\"top\" width=\"180\">\n<p align=\"center\">Demilto Yamaguchi da Pureza<\/p>\n<\/td>\n<td valign=\"top\" width=\"416\">\n<p align=\"center\">PERFIL DOS PRATICANTES DE ATIVIDADES F\u00cdSICAS DA ACADEMIA DA PRA\u00c7A JARDIM FELICIDADE DO MUNIC\u00cdPIO DE MACAP\u00c1<\/p>\n<\/td>\n<td valign=\"top\" width=\"132\">\n<p align=\"center\">&#8211; \u00a0Jos\u00e9 Alex Cantu\u00e1ria Queiroz<\/p>\n<p align=\"center\">&#8211; Celio Roberto de Souza<\/p>\n<\/td>\n<td valign=\"top\" width=\"66\">\n<p align=\"center\">16:00<\/p>\n<\/td>\n<\/tr>\n<tr>\n<td valign=\"top\" width=\"148\">\n<p align=\"center\">Mylena Rodrigues de Ara\u00fajo<\/p>\n<\/td>\n<td valign=\"top\" width=\"180\">\n<p align=\"center\">Demilto Yamaguchi da Pureza<\/p>\n<\/td>\n<td valign=\"top\" width=\"416\">\n<p align=\"center\">PERCEP\u00c7\u00c3O CORPORAL POR PRATICANTES DE ACADEMIA DE MACAP\u00c1-AP<\/p>\n<\/td>\n<td valign=\"top\" width=\"132\">\n<p align=\"center\">&#8211; Dilson Rodrigues Belfort<\/p>\n<p align=\"center\">&#8211; \u00a0Jos\u00e9 Alex Cantu\u00e1ria Queiroz<\/p>\n<\/td>\n<td valign=\"top\" width=\"66\">\n<p align=\"center\">17:00<\/p>\n<\/td>\n<\/tr>\n<tr>\n<td valign=\"top\" width=\"148\">\n<p align=\"center\">Jos\u00e9 Handerson<\/p>\n<\/td>\n<td valign=\"top\" width=\"180\">\n<p align=\"center\">Demilto Yamaguchi da Pureza<\/p>\n<\/td>\n<td valign=\"top\" width=\"416\">\n<p align=\"center\">\u00cdNDICE DE REPROVA\u00c7\u00c3O NO TESTE DE AVALIA\u00c7\u00c3O E APTID\u00c3O F\u00cdSICA (TAAF) EM INGRESSOS DA POL\u00cdCIA MILITAR DO ESTADO DO AMAP\u00c1<\/p>\n<\/td>\n<td valign=\"top\" width=\"132\">\n<p align=\"center\">&#8211; Dilson Rodrigues Belfort<\/p>\n<p align=\"center\">&#8211; \u00a0Jos\u00e9 Alex Cantu\u00e1ria Queiroz<\/p>\n<\/td>\n<td valign=\"top\" width=\"66\">\n<p align=\"center\">18:00<\/p>\n<\/td>\n<\/tr>\n<\/tbody>\n<\/table>\n<p align=\"center\"><b>Sala 02<\/b><\/p>\n<p align=\"center\"><b>Data: 16\/12\/2014<\/b><\/p>\n<table width=\"943\" border=\"1\" cellspacing=\"0\" cellpadding=\"0\" align=\"left\">\n<tbody>\n<tr>\n<td valign=\"top\" width=\"148\">\n<p align=\"center\"><b>ALUNO(a)<\/b><\/p>\n<\/td>\n<td valign=\"top\" width=\"199\">\n<p align=\"center\"><b>ORIENTADOR(a)<\/b><\/p>\n<\/td>\n<td valign=\"top\" width=\"378\">\n<p align=\"center\"><b>T\u00cdTULO<\/b><\/p>\n<\/td>\n<td valign=\"top\" width=\"132\">\n<p align=\"center\"><b>BANCA<\/b><\/p>\n<\/td>\n<td valign=\"top\" width=\"85\">\n<p align=\"center\">Hor\u00e1rio<\/p>\n<\/td>\n<\/tr>\n<tr>\n<td valign=\"top\" width=\"148\">\n<p align=\"center\">Anna Tain\u00e1 Gomes<\/p>\n<\/td>\n<td valign=\"top\" width=\"199\">\n<p align=\"center\">Alexandre Magno Guimar\u00e3es<\/p>\n<\/td>\n<td valign=\"top\" width=\"378\">\n<p align=\"center\"><b>EDUCA\u00c7\u00c3O F\u00cdSICA ESCOLAR:\u00a0<\/b>O tema sa\u00fade nos planos de ensino dos professores de Educa\u00e7\u00e3o F\u00edsica de Macap\u00e1<\/p>\n<\/td>\n<td valign=\"top\" width=\"132\">\n<p align=\"center\">&#8211; \u00a0Jos\u00e9 Alex Cantu\u00e1ria Queiroz<\/p>\n<p align=\"center\">&#8211; Nat\u00e1lia Macedo Nunes<\/p>\n<\/td>\n<td valign=\"top\" width=\"85\">\n<p align=\"center\">14:00<\/p>\n<\/td>\n<\/tr>\n<tr>\n<td valign=\"top\" width=\"148\">\n<p align=\"center\">Tainara da Silva Leal<\/p>\n<\/td>\n<td valign=\"top\" width=\"199\">\n<p align=\"center\">Alvaro Adolfo Duarte Alberto<\/p>\n<\/td>\n<td valign=\"top\" width=\"378\">\n<p align=\"center\"><b>A EXPERI\u00caNCIA DA DAN\u00c7A COM IDOSOS: AN\u00c1LISE DE PRODU\u00c7\u00d5ES CIENT\u00cdFICAS DA RBCE E RBEFE (2008-2013)<\/b><\/p>\n<\/td>\n<td valign=\"top\" width=\"132\">\n<p align=\"center\">&#8211; Alexandre Magno Guimar\u00e3es<\/p>\n<p align=\"center\">&#8211; Gustavo Maneschy Montenegro<\/p>\n<\/td>\n<td valign=\"top\" width=\"85\">\n<p align=\"center\">15:00<\/p>\n<\/td>\n<\/tr>\n<tr>\n<td valign=\"top\" width=\"148\">\n<p align=\"center\">Karine dos Santos Rocha<\/p>\n<\/td>\n<td valign=\"top\" width=\"199\">\n<p align=\"center\">Alisson Vieira Costa<\/p>\n<\/td>\n<td valign=\"top\" width=\"378\">\n<p align=\"center\"><b>O ENSINO DA DAN\u00c7A NA ESCOLA:\u00a0<\/b>Das metodologias aplicadas ao conhecimento constru\u00eddo<\/p>\n<\/td>\n<td valign=\"top\" width=\"132\">\n<p align=\"center\">&#8211; \u00a0Nat\u00e1lia Macedo Nunes<\/p>\n<p align=\"center\">&#8211; Alexandre Magno Guimar\u00e3es<\/p>\n<\/td>\n<td valign=\"top\" width=\"85\">\n<p align=\"center\">16:00<\/p>\n<\/td>\n<\/tr>\n<tr>\n<td valign=\"top\" width=\"148\">\n<p align=\"center\">Elton John<\/p>\n<\/td>\n<td valign=\"top\" width=\"199\">\n<p align=\"center\">Alisson Vieira Costa<\/p>\n<\/td>\n<td valign=\"top\" width=\"378\">\n<p align=\"center\"><b>FLEXIBILIDADE DE QUADRIL DOS PARTICIPANTES DO PROJETO PR\u00d3-ESTUDANTE ESPORTE E LAZER NA MODALIDADE NATA\u00c7\u00c3O<\/b><\/p>\n<\/td>\n<td valign=\"top\" width=\"132\">\n<p align=\"center\">&#8211; Alexandre Magno Guimar\u00e3es<\/p>\n<p align=\"center\">&#8211; C\u00e9lio Roberto de Souza<\/p>\n<\/td>\n<td valign=\"top\" width=\"85\">\n<p align=\"center\">17:00<\/p>\n<\/td>\n<\/tr>\n<tr>\n<td valign=\"top\" width=\"148\">\n<p align=\"center\">Derivan Guimar\u00e3es Alves<\/p>\n<\/td>\n<td valign=\"top\" width=\"199\">\n<p align=\"center\">Gustavo Maneschy Montenegro<\/p>\n<\/td>\n<td valign=\"top\" width=\"378\">\n<p align=\"center\"><b>HANDEBOL COMO POSSIBILIDADE PEDAGOGIA A PARTIR DE UMA PROPOSTA CR\u00cdTICO-EMANCIPAT\u00d3RIA<\/b><\/p>\n<\/td>\n<td valign=\"top\" width=\"132\">\n<p align=\"center\">&#8211; Alvaro Adolfo Duarte Alberto<\/p>\n<p align=\"center\">&#8211; C\u00e9lio Roberto de Souza<\/p>\n<\/td>\n<td valign=\"top\" width=\"85\">\n<p align=\"center\">18:00<\/p>\n<\/td>\n<\/tr>\n<\/tbody>\n<\/table>\n<p align=\"center\"><span style=\"color: #ff0000\"><b>Sala 01<\/b><\/span><\/p>\n<p align=\"center\"><span style=\"color: #ff0000\"><b>Data: 17\/12\/2014<\/b><\/span><\/p>\n<table width=\"943\" border=\"1\" cellspacing=\"0\" cellpadding=\"0\" align=\"left\">\n<tbody>\n<tr>\n<td valign=\"top\" width=\"148\">\n<p align=\"center\"><b>ALUNO(a)<\/b><\/p>\n<\/td>\n<td valign=\"top\" width=\"180\">\n<p align=\"center\"><b>ORIENTADOR(a)<\/b><\/p>\n<\/td>\n<td valign=\"top\" width=\"415\">\n<p align=\"center\"><b>T\u00cdTULO<\/b><\/p>\n<\/td>\n<td valign=\"top\" width=\"133\">\n<p align=\"center\"><b>BANCA<\/b><\/p>\n<\/td>\n<td valign=\"top\" width=\"66\">\n<p align=\"center\">Hor\u00e1rio<\/p>\n<\/td>\n<\/tr>\n<tr>\n<td valign=\"top\" width=\"148\">\n<p align=\"center\">Ernande Pires Correia<\/p>\n<\/td>\n<td valign=\"top\" width=\"180\">\n<p align=\"center\">Demilto Yamaguchi da Pureza<\/p>\n<\/td>\n<td valign=\"top\" width=\"415\">\n<p align=\"center\"><b>EDUCA\u00c7\u00c3O F\u00cdSICA ESCOLAR: a percep\u00e7\u00e3o dos alunos do 3\u00ba ano do Ensino M\u00e9dio na Escola Estadual Tiradentes<\/b><\/p>\n<\/td>\n<td valign=\"top\" width=\"133\">\n<p align=\"center\">&#8211; Agripino Luz Junior<\/p>\n<p align=\"center\">-Gustavo Maneschy<\/p>\n<\/td>\n<td valign=\"top\" width=\"66\">\n<p align=\"center\">14:00<\/p>\n<\/td>\n<\/tr>\n<tr>\n<td valign=\"top\" width=\"148\">\n<p align=\"center\">Pablo Valente Teixeira Bandeira<\/p>\n<\/td>\n<td valign=\"top\" width=\"180\">\n<p align=\"center\">Demilto Yamaguchi da Pureza<\/p>\n<\/td>\n<td valign=\"top\" width=\"415\">\n<p align=\"center\"><b>PERFIL DOS \u00c1RBITROS DE FUTEBOL PROFISSIONAL DA FEDERA\u00c7\u00c3O AMAPAENSE DE FUTEBOL \u2013 FAF<\/b><\/p>\n<p align=\"center\"><b>\u00a0<\/b><\/p>\n<\/td>\n<td valign=\"top\" width=\"133\">\n<p align=\"center\">Alexandre Magno Guimar\u00e3es<\/p>\n<p align=\"center\">Dilson Belfort<\/p>\n<\/td>\n<td valign=\"top\" width=\"66\">\n<p align=\"center\">15:00<\/p>\n<\/td>\n<\/tr>\n<tr>\n<td valign=\"top\" width=\"148\">\n<p align=\"center\">Marcione Gomes Dias<\/p>\n<\/td>\n<td valign=\"top\" width=\"180\">\n<p align=\"center\">Demilto Yamaguchi da Pureza<\/p>\n<\/td>\n<td valign=\"top\" width=\"415\">\n<p align=\"center\"><b>N\u00cdVEL DE ATIVIDADE F\u00cdSICA E QUALIDADE DE VIDA EM IDOSOS COM DIABETES MELLITUS TIPO II PARTICIPANTES DE PROGRAMAS SOCIAIS NO MUNICIPIO DE SANTANA<\/b><\/p>\n<\/td>\n<td valign=\"top\" width=\"133\">\n<p align=\"center\">&#8211; \u00a0Jos\u00e9 Alex Cantu\u00e1ria Queiroz<\/p>\n<p align=\"center\">&#8211; Agripino Luz Junior<\/p>\n<\/td>\n<td valign=\"top\" width=\"66\">\n<p align=\"center\">16:00<\/p>\n<\/td>\n<\/tr>\n<tr>\n<td valign=\"top\" width=\"148\">\n<p align=\"center\">Suellen Dayanne Quaresma<\/p>\n<\/td>\n<td valign=\"top\" width=\"180\">\n<p align=\"center\">C\u00e9lio Roberto de Souza<\/p>\n<\/td>\n<td valign=\"top\" width=\"415\">\n<p align=\"center\"><b>DESVENDANDO O MIST\u00c9RIO DA GRAVIDEZ NA ADOLESC\u00caNCIA<\/b><\/p>\n<\/td>\n<td valign=\"top\" width=\"133\">\n<p align=\"center\">&#8211; Alexandre Magno Guimar\u00e3es<\/p>\n<p align=\"center\">&#8211; Demilto Yamaguchi da Pureza<\/p>\n<\/td>\n<td valign=\"top\" width=\"66\">\n<p align=\"center\">17:00<\/p>\n<\/td>\n<\/tr>\n<tr>\n<td valign=\"top\" width=\"148\">\n<p align=\"center\">Jamerson Deleon Soares Gatinho<\/p>\n<\/td>\n<td valign=\"top\" width=\"180\">\n<p align=\"center\">C\u00e9lio Roberto de Souza<\/p>\n<\/td>\n<td valign=\"top\" width=\"415\">\n<p align=\"center\"><b>EFEITOS DO TREINAMENTO DE VELOCIDADE, AGILIDADE, FOR\u00c7A\/RESIST\u00caNCIA ABDOMINAL EM JOGADORES DE FUTSAL DO PROJETO ESPORTE E LAZER DA UNIFAP<\/b><\/p>\n<\/td>\n<td valign=\"top\" width=\"133\">\n<p align=\"center\">&#8211; Demilto Yamaguchi da Pureza<\/p>\n<p align=\"center\">&#8211; \u00a0Jos\u00e9 Alex Cantu\u00e1ria Queiroz<\/p>\n<\/td>\n<td valign=\"top\" width=\"66\">\n<p align=\"center\">18:00<\/p>\n<\/td>\n<\/tr>\n<\/tbody>\n<\/table>\n<p align=\"center\"><span style=\"color: #ff0000\"><b>Sala 02<\/b><\/span><\/p>\n<p align=\"center\"><span style=\"color: #ff0000\"><b>Data: 17\/12\/2014<\/b><\/span><\/p>\n<table width=\"943\" border=\"1\" cellspacing=\"0\" cellpadding=\"0\" align=\"left\">\n<tbody>\n<tr>\n<td valign=\"top\" width=\"148\">\n<p align=\"center\"><b>ALUNO(a)<\/b><\/p>\n<\/td>\n<td valign=\"top\" width=\"218\">\n<p align=\"center\"><b>ORIENTADOR(a)<\/b><\/p>\n<\/td>\n<td valign=\"top\" width=\"359\">\n<p align=\"center\"><b>T\u00cdTULO<\/b><\/p>\n<\/td>\n<td valign=\"top\" width=\"132\">\n<p align=\"center\"><b>BANCA<\/b><\/p>\n<\/td>\n<td valign=\"top\" width=\"85\">\n<p align=\"center\">Hor\u00e1rio<\/p>\n<\/td>\n<\/tr>\n<tr>\n<td valign=\"top\" width=\"148\">\n<p align=\"center\">Ivanice Silva Oliveira<\/p>\n<\/td>\n<td valign=\"top\" width=\"218\">\n<p align=\"center\">C\u00e9lio Roberto Santos<\/p>\n<\/td>\n<td valign=\"top\" width=\"359\">\n<p align=\"center\"><b>BRINQUEDO E MATERIAIS PEDAG\u00d3GICOS NAS AULAS DA EDUCA\u00c7\u00c3O INFANTIL<\/b><\/p>\n<\/td>\n<td valign=\"top\" width=\"132\">\n<p align=\"center\">&#8211; Gustavo Maneschy<\/p>\n<p align=\"center\">&#8211; Let\u00edcia Ferreira<\/p>\n<\/td>\n<td valign=\"top\" width=\"85\">\n<p align=\"center\">15:00<\/p>\n<\/td>\n<\/tr>\n<tr>\n<td valign=\"top\" width=\"148\">\n<p align=\"center\">Fabr\u00edcio Veigas Nunes<\/p>\n<\/td>\n<td valign=\"top\" width=\"218\">\n<p align=\"center\">Gustavo Maneschy Montenegro<\/p>\n<\/td>\n<td valign=\"top\" width=\"359\">\n<p align=\"center\"><b>O L\u00daDICO EM UMA COMUNIDADE DE RESSACA: PALCO, CEN\u00c1RIOS E SUJEITOS NO BAIRRO PROVEDOR<\/b><\/p>\n<\/td>\n<td valign=\"top\" width=\"132\">\n<p align=\"center\">&#8211; Alisson Vieira Costa<\/p>\n<p align=\"center\">&#8211; Alexandre Magno<\/p>\n<\/td>\n<td valign=\"top\" width=\"85\">\n<p align=\"center\">16:00<\/p>\n<\/td>\n<\/tr>\n<tr>\n<td valign=\"top\" width=\"148\">\n<p align=\"center\">Ingrid Rayana da Silva Lima<\/p>\n<\/td>\n<td valign=\"top\" width=\"218\">\n<p align=\"center\">Gustavo Maneschy Montenegro<\/p>\n<\/td>\n<td valign=\"top\" width=\"359\">\n<p align=\"center\"><b>MULHER:\u00a0<\/b>Corpo, Sexualidade e Mercado<\/p>\n<\/td>\n<td valign=\"top\" width=\"132\">\n<p align=\"center\">Agripino<\/p>\n<p align=\"center\">&#8211; Alvaro Adolfo Duarte Alberto<\/p>\n<\/td>\n<td valign=\"top\" width=\"85\">\n<p align=\"center\">17:00<\/p>\n<\/td>\n<\/tr>\n<tr>\n<td valign=\"top\" width=\"148\">\n<p align=\"center\">Marison Omar Bastos Campos<\/p>\n<\/td>\n<td valign=\"top\" width=\"218\">\n<p align=\"center\">Dilson Rodrigues Belfort<\/p>\n<\/td>\n<td valign=\"top\" width=\"359\">\n<p align=\"center\"><b>EDUCA\u00c7\u00c3O F\u00cdSICA INCLUSICA:\u00a0<\/b>Desafios e possibilidades para inclus\u00e3o de deficientes f\u00edsicos durantes a pr\u00e1tica docente na Escola estadual Almirante Barroso.<\/p>\n<\/td>\n<td valign=\"top\" width=\"132\">\n<p align=\"center\">-Gustavo Maneschy<\/p>\n<p align=\"center\">&#8211; Alisson Vieira Costa<\/p>\n<\/td>\n<td valign=\"top\" width=\"85\">\n<p align=\"center\">18:00<\/p>\n<\/td>\n<\/tr>\n<\/tbody>\n<\/table>\n<p align=\"center\"><span style=\"color: #ff0000\"><b>Sala 01<\/b><\/span><\/p>\n<p align=\"center\"><span style=\"color: #ff0000\"><b>Data: 18\/12\/2014<\/b><\/span><\/p>\n<table width=\"943\" border=\"1\" cellspacing=\"0\" cellpadding=\"0\" align=\"left\">\n<tbody>\n<tr>\n<td valign=\"top\" width=\"148\">\n<p align=\"center\"><b>ALUNO(a)<\/b><\/p>\n<\/td>\n<td valign=\"top\" width=\"180\">\n<p align=\"center\"><b>ORIENTADOR(a)<\/b><\/p>\n<\/td>\n<td valign=\"top\" width=\"416\">\n<p align=\"center\"><b>T\u00cdTULO<\/b><\/p>\n<\/td>\n<td valign=\"top\" width=\"132\">\n<p align=\"center\"><b>BANCA<\/b><\/p>\n<\/td>\n<td valign=\"top\" width=\"66\">\n<p align=\"center\">Hor\u00e1rio<\/p>\n<\/td>\n<\/tr>\n<tr>\n<td valign=\"top\" width=\"148\">\n<p align=\"center\">Edinete Guerra Almeida<\/p>\n<\/td>\n<td valign=\"top\" width=\"180\">\n<p align=\"center\">Alisson Vieira Costa<\/p>\n<\/td>\n<td valign=\"top\" width=\"416\">\n<p align=\"center\"><b>PROJETO VIDA FELIZ:\u00a0<\/b>Um estudo sobre a motiva\u00e7\u00e3o com idosos<\/p>\n<\/td>\n<td valign=\"top\" width=\"132\">\n<p align=\"center\">&#8211; Demilto Yamaguchi da Pureza<\/p>\n<p align=\"center\">-Gustavo Maneschy<\/p>\n<\/td>\n<td valign=\"top\" width=\"66\">\n<p align=\"center\">14:00<\/p>\n<\/td>\n<\/tr>\n<tr>\n<td valign=\"top\" width=\"148\">\n<p align=\"center\">Suzana Guimar\u00e3es Barbosa<\/p>\n<\/td>\n<td valign=\"top\" width=\"180\">\n<p align=\"center\">Alisson Vieira Costa<\/p>\n<\/td>\n<td valign=\"top\" width=\"416\">\n<p align=\"center\"><b>A HIST\u00d3RIA DO TAEKWOND\u00d4 EM MACAP\u00c1<\/b><\/p>\n<\/td>\n<td valign=\"top\" width=\"132\">\n<p align=\"center\">&#8211; \u00a0Nat\u00e1lia Macedo Nunes<\/p>\n<p align=\"center\">&#8211; \u00a0Demilto Yamaguchi da Pureza<\/p>\n<\/td>\n<td valign=\"top\" width=\"66\">\n<p align=\"center\">15:00<\/p>\n<\/td>\n<\/tr>\n<tr>\n<td valign=\"top\" width=\"148\">\n<p align=\"center\">Tainara Luziane Machado Santos<\/p>\n<\/td>\n<td valign=\"top\" width=\"180\">\n<p align=\"center\">Dilson Belfort<\/p>\n<\/td>\n<td valign=\"top\" width=\"416\">\n<p align=\"center\"><b>A PR\u00c1TICA CONT\u00cdNUA DE JOGOS RECREATIVOS POR ALUNOS COM S\u00cdNDROME DE DOWN NA APAE MACAP\u00c1:\u00a0<\/b>Interven\u00e7\u00f5es no quadro cl\u00ednico dos alunos\/pacientes<\/p>\n<\/td>\n<td valign=\"top\" width=\"132\">\n<p align=\"center\">&#8211; C\u00e9lio Roberto<\/p>\n<p align=\"center\">&#8211; Demilto Yamaguchi da Pureza<\/p>\n<\/td>\n<td valign=\"top\" width=\"66\">\n<p align=\"center\">16:00<\/p>\n<\/td>\n<\/tr>\n<tr>\n<td valign=\"top\" width=\"148\">\n<p align=\"center\">Roseline Maria Amaral de Carvalho<\/p>\n<\/td>\n<td valign=\"top\" width=\"180\">\n<p align=\"center\">C\u00e9lio Roberto Santos<\/p>\n<\/td>\n<td valign=\"top\" width=\"416\">\n<p align=\"center\"><b>INSER\u00c7\u00c3O DA MULHER NO ESPORTE:\u00a0<\/b>Uma vis\u00e3o acerca do futebol feminino no Brasil<\/p>\n<\/td>\n<td valign=\"top\" width=\"132\">\n<p align=\"center\">&#8211; \u00a0Dilson Belfort<\/p>\n<p align=\"center\">&#8211; Alisson Vieira Costa<\/p>\n<\/td>\n<td valign=\"top\" width=\"66\">\n<p align=\"center\">17:00<\/p>\n<\/td>\n<\/tr>\n<tr>\n<td valign=\"top\" width=\"148\">\n<p align=\"center\">Deive Vilhena<\/p>\n<\/td>\n<td valign=\"top\" width=\"180\">\n<p align=\"center\">Dilson Belfort<\/p>\n<\/td>\n<td valign=\"top\" width=\"416\">\n<p align=\"center\"><b>TRABALO X SA\u00daDE:\u00a0<\/b>An\u00e1lise a partir do centro de distribui\u00e7\u00e3o domiciliar marco zero<\/p>\n<\/td>\n<td valign=\"top\" width=\"132\">\n<p align=\"center\">&#8211; Demilto Yamaguchi da Pureza<\/p>\n<p align=\"center\">&#8211; Alexandre Magno<\/p>\n<\/td>\n<td valign=\"top\" width=\"66\">\n<p align=\"center\">18:00<\/p>\n<\/td>\n<\/tr>\n<\/tbody>\n<\/table>\n<p align=\"center\"><span style=\"color: #ff0000\"><b>Sala 02<\/b><\/span><\/p>\n<p align=\"center\"><span style=\"color: #ff0000\"><b>Data: 18\/12\/2014<\/b><\/span><\/p>\n<table width=\"943\" border=\"1\" cellspacing=\"0\" cellpadding=\"0\" align=\"left\">\n<tbody>\n<tr>\n<td valign=\"top\" width=\"148\">\n<p align=\"center\"><b>ALUNO(a)<\/b><\/p>\n<\/td>\n<td valign=\"top\" width=\"180\">\n<p align=\"center\"><b>ORIENTADOR(a)<\/b><\/p>\n<\/td>\n<td valign=\"top\" width=\"416\">\n<p align=\"center\"><b>T\u00cdTULO<\/b><\/p>\n<\/td>\n<td valign=\"top\" width=\"132\">\n<p align=\"center\"><b>BANCA<\/b><\/p>\n<\/td>\n<td valign=\"top\" width=\"66\">\n<p align=\"center\">Hor\u00e1rio<\/p>\n<\/td>\n<\/tr>\n<tr>\n<td valign=\"top\" width=\"148\">\n<p align=\"center\">Katiane Coelho de Freitas<\/p>\n<\/td>\n<td valign=\"top\" width=\"180\">\n<p align=\"center\">Alisson Vieira Costa<\/p>\n<\/td>\n<td valign=\"top\" width=\"416\">\n<p align=\"center\"><b>QUALIDADE DE VIDA EM IDOSOS:\u00a0<\/b>Um estudo na UMAP<\/p>\n<\/td>\n<td valign=\"top\" width=\"132\">\n<p align=\"center\">-Gustavo Maneschy Montenegro<\/p>\n<p align=\"center\">&#8211; Alexandre Magno<\/p>\n<\/td>\n<td valign=\"top\" width=\"66\">\n<p align=\"center\">16:00<\/p>\n<\/td>\n<\/tr>\n<tr>\n<td valign=\"top\" width=\"148\">\n<p align=\"center\">Alessandra Salom\u00e9 Lopes Chagas<\/p>\n<\/td>\n<td valign=\"top\" width=\"180\">\n<p align=\"center\">Alexandre Magno Guimar\u00e3es<\/p>\n<\/td>\n<td valign=\"top\" width=\"416\">\n<p align=\"center\"><b>A EDUCA\u00c7\u00c3O F\u00cdSICA NA ESCOLA IND\u00cdGENA:<\/b>\u00a0forma\u00e7\u00e3o de professores ind\u00edgenas<\/p>\n<\/td>\n<td valign=\"top\" width=\"132\">\n<p align=\"center\">&#8211; Jos\u00e9 Alex Cantu\u00e1ria Queiroz<\/p>\n<p align=\"center\">&#8211; Nat\u00e1lia Macedo Nunes<\/p>\n<\/td>\n<td valign=\"top\" width=\"66\">\n<p align=\"center\">17:00<\/p>\n<\/td>\n<\/tr>\n<\/tbody>\n<\/table>\n","protected":false},"excerpt":{"rendered":"<p>Ciclo de Defesa de TCCs \u00a02014.2 &#8211; de 16 a 18 de Dezembro de 2014 Publicado em:\u00a08 de dezembro de 2014 \u00e0s&#8230;<\/p>\n","protected":false},"author":205,"featured_media":3059,"parent":47,"menu_order":1,"comment_status":"open","ping_status":"open","template":"template-onecolumn.php","meta":{"inline_featured_image":false,"ngg_post_thumbnail":0,"footnotes":""},"class_list":["post-3058","page","type-page","status-publish","has-post-thumbnail","hentry"],"_links":{"self":[{"href":"https:\/\/www2.unifap.br\/edfisica\/wp-json\/wp\/v2\/pages\/3058","targetHints":{"allow":["GET"]}}],"collection":[{"href":"https:\/\/www2.unifap.br\/edfisica\/wp-json\/wp\/v2\/pages"}],"about":[{"href":"https:\/\/www2.unifap.br\/edfisica\/wp-json\/wp\/v2\/types\/page"}],"author":[{"embeddable":true,"href":"https:\/\/www2.unifap.br\/edfisica\/wp-json\/wp\/v2\/users\/205"}],"replies":[{"embeddable":true,"href":"https:\/\/www2.unifap.br\/edfisica\/wp-json\/wp\/v2\/comments?post=3058"}],"version-history":[{"count":7,"href":"https:\/\/www2.unifap.br\/edfisica\/wp-json\/wp\/v2\/pages\/3058\/revisions"}],"predecessor-version":[{"id":3087,"href":"https:\/\/www2.unifap.br\/edfisica\/wp-json\/wp\/v2\/pages\/3058\/revisions\/3087"}],"up":[{"embeddable":true,"href":"https:\/\/www2.unifap.br\/edfisica\/wp-json\/wp\/v2\/pages\/47"}],"wp:featuredmedia":[{"embeddable":true,"href":"https:\/\/www2.unifap.br\/edfisica\/wp-json\/wp\/v2\/media\/3059"}],"wp:attachment":[{"href":"https:\/\/www2.unifap.br\/edfisica\/wp-json\/wp\/v2\/media?parent=3058"}],"curies":[{"name":"wp","href":"https:\/\/api.w.org\/{rel}","templated":true}]}}