{"id":308,"date":"2011-03-28T19:54:19","date_gmt":"2011-03-28T22:54:19","guid":{"rendered":"http:\/\/pororoca.unifap.br\/edfisica\/"},"modified":"2020-10-07T12:29:43","modified_gmt":"2020-10-07T12:29:43","slug":"artigos-e-monografias-2006","status":"publish","type":"page","link":"https:\/\/www2.unifap.br\/edfisica\/e-book\/tccs\/artigos-e-monografias-2006\/","title":{"rendered":"2006"},"content":{"rendered":"<p><a href=\"https:\/\/docs.google.com\/viewer?a=v&amp;pid=explorer&amp;chrome=true&amp;srcid=0B3aqiHri9ewpNDYxMzg2NzYtNTU4Zi00ZTc2LTlmNzEtYWIwZmYwMmJlYTJl&amp;hl=en\"><strong>PERFIS de ESCOLAS de FUTEBOL da ZONA SUL de MACAP\u00c1<\/strong><\/a><\/p>\n<p>Adriany de Jesus Dias Gama,\u00a0M\u00e1rcia Kelly Fonseca da Costa,\u00a0Siane dos Santos Abreu<\/p>\n<p><a href=\"https:\/\/docs.google.com\/viewer?a=v&amp;pid=explorer&amp;chrome=true&amp;srcid=0B3aqiHri9ewpNDZlYzU0ZDYtOTk4ZS00NzI4LTg5OTAtYmQ0ODljMWVkNzk1&amp;hl=en\"><strong>A PR\u00c1TICA PEDAG\u00d3GICA da EDUCA\u00c7\u00c3O F\u00cdSICA NO ENSINO M\u00c9DIO de\u00a0UMA ESCOLA P\u00daBLICA DE\u00a0Macap\u00e1-AP: uma an\u00e1lise da realidade<\/strong><\/a><\/p>\n<p>Joanderson Olimpio Greg\u00f3rio,\u00a0Elder Maur\u00edcio Santos Ribeiro,\u00a0Erick Carlo da Silva<\/p>\n<p><a href=\"https:\/\/docs.google.com\/viewer?a=v&amp;pid=explorer&amp;chrome=true&amp;srcid=0B3aqiHri9ewpMWQ0M2ZjNDUtYTI4Ni00NWNiLTg1MGQtYjNlNjVkYTA0NjFm&amp;hl=en\"><strong>FORMA\u00c7\u00c3O PROFISSIONAL em EDUCA\u00c7\u00c3O F\u00cdSICA: representa\u00e7\u00f5es curriculares nas Institui\u00e7\u00f5es de Ensino Superior de Macap\u00e1<\/strong><\/a><\/p>\n<p>Cleyton Pinheiro Monteiro,\u00a0Elisane Menezes de Melo,\u00a0Paulo Magalh\u00e3es Monard Nascimento<\/p>\n<p><a href=\"https:\/\/docs.google.com\/viewer?a=v&amp;pid=explorer&amp;chrome=true&amp;srcid=0B3aqiHri9ewpMTVlODlkY2YtM2Q3Ni00MGRlLWE0MDMtN2VkOTRkZDc0Y2Iz&amp;hl=en\"><strong>AN\u00c1LISE DA CAPACIDADE FUNCIONAL DE IDOSAS PRATICANTES DE\u00a0HIDROGIN\u00c1STICA NA CIDADE DE MACAP\u00c1<\/strong><\/a><\/p>\n<p>Kaio Oliveira da Gra\u00e7a,\u00a0Gracimara Cristina Dias Pessoa,\u00a0Ubaldo Fabr\u00edcio Assun\u00e7\u00e3o de Abreu<\/p>\n<p><a href=\"https:\/\/docs.google.com\/viewer?a=v&amp;pid=explorer&amp;chrome=true&amp;srcid=0B3aqiHri9ewpNGZjY2Y0NmUtNzFkZC00NTcxLWE0NjctNmUzNjhhMDlhYTk0&amp;hl=en\"><strong>AN\u00c1LISE DO DESEMPENHO MOTOR E N\u00cdVEL DE ATIVIDADE F\u00cdSICA EM\u00a0ADOLESCENTES ENTRE 15 A 17 ANOS ESTUDANTES DAS REDES P\u00daBLICA E\u00a0PARTICULAR DA CIDADE DE MACAP\u00c1<\/strong><\/a><\/p>\n<p>N\u00e1dia dos Santos<\/p>\n<p><a href=\"https:\/\/docs.google.com\/viewer?a=v&amp;pid=explorer&amp;chrome=true&amp;srcid=0B3aqiHri9ewpM2U0MGY5MjgtZmE3MS00ZWU1LWE4ZGMtZDNmNGQyYjljNzBm&amp;hl=en\"><strong>PEDAGOGIA DA NATA\u00c7\u00c3O NA CIDADE DE MACAP\u00c1<\/strong><\/a><\/p>\n<p>Autores:\u00a0Sandro Ney Amorim Rodrigues,\u00a0Paulo Ricardo Monteiro Santos,\u00a0Vagner Soares Correa<\/p>\n<p><a href=\"https:\/\/docs.google.com\/viewer?a=v&amp;pid=explorer&amp;chrome=true&amp;srcid=0B3aqiHri9ewpYTc2YmRhNjItMDg2OS00MGIyLTkyMDEtMzM2MWQ1Nzc0NTk0&amp;hl=en\"><strong>EFEITOS DE UM PROGRAMA DE ATIVIDADES RECREATIVAS EM MULHERES DE 57 A 90 ANOS DE IDADE DO CLUBE DA PAZ DE MACAP\u00c1-AP<\/strong><\/a><\/p>\n<p>Tarine Barbosa Pedroso,\u00a0Jacqueline de Souza da Silva,\u00a0Janeth Silva Freitas<\/p>\n","protected":false},"excerpt":{"rendered":"<p>PERFIS de ESCOLAS de FUTEBOL da ZONA SUL de MACAP\u00c1 Adriany de Jesus Dias Gama,\u00a0M\u00e1rcia Kelly Fonseca da Costa,\u00a0Siane dos Santos Abreu&#8230;<\/p>\n","protected":false},"author":64,"featured_media":0,"parent":10626,"menu_order":3,"comment_status":"closed","ping_status":"closed","template":"","meta":{"inline_featured_image":false,"ngg_post_thumbnail":0,"footnotes":""},"class_list":["post-308","page","type-page","status-publish","hentry"],"_links":{"self":[{"href":"https:\/\/www2.unifap.br\/edfisica\/wp-json\/wp\/v2\/pages\/308","targetHints":{"allow":["GET"]}}],"collection":[{"href":"https:\/\/www2.unifap.br\/edfisica\/wp-json\/wp\/v2\/pages"}],"about":[{"href":"https:\/\/www2.unifap.br\/edfisica\/wp-json\/wp\/v2\/types\/page"}],"author":[{"embeddable":true,"href":"https:\/\/www2.unifap.br\/edfisica\/wp-json\/wp\/v2\/users\/64"}],"replies":[{"embeddable":true,"href":"https:\/\/www2.unifap.br\/edfisica\/wp-json\/wp\/v2\/comments?post=308"}],"version-history":[{"count":1,"href":"https:\/\/www2.unifap.br\/edfisica\/wp-json\/wp\/v2\/pages\/308\/revisions"}],"predecessor-version":[{"id":854,"href":"https:\/\/www2.unifap.br\/edfisica\/wp-json\/wp\/v2\/pages\/308\/revisions\/854"}],"up":[{"embeddable":true,"href":"https:\/\/www2.unifap.br\/edfisica\/wp-json\/wp\/v2\/pages\/10626"}],"wp:attachment":[{"href":"https:\/\/www2.unifap.br\/edfisica\/wp-json\/wp\/v2\/media?parent=308"}],"curies":[{"name":"wp","href":"https:\/\/api.w.org\/{rel}","templated":true}]}}